{"id":14674,"date":"2024-12-17T10:45:12","date_gmt":"2024-12-17T02:45:12","guid":{"rendered":"https:\/\/shop.yipinqian.com\/beautiful-pendant-crafted-with-scenery-on-natural-type-a-jadeite-jade-certificate-weigh-7-06-grams-measurement-44-2-16-1-5-3-mm-pendant383\/"},"modified":"2025-02-24T00:49:45","modified_gmt":"2025-02-23T16:49:45","slug":"beautiful-pendant-crafted-with-scenery-on-natural-type-a-jadeite-jade-certificate-weigh-7-06-grams-measurement-44-2-16-1-5-3-mm-pendant383","status":"publish","type":"product","link":"https:\/\/shop.yipinqian.com\/pt\/produto\/beautiful-pendant-crafted-with-scenery-on-natural-type-a-jadeite-jade-certificate-weigh-7-06-grams-measurement-44-2-16-1-5-3-mm-pendant383\/","title":{"rendered":"Lindo pingente de jade\u00edta feito com cen\u00e1rio em jade\u00edta natural tipo A. O certificado pesa 7,06 gramas, medindo 44,2 * 16,1 * 5,3 mm (pendant383)"},"content":{"rendered":"<p><iframe title=\"Green Jaedeite Scenery Pendant\" src=\"https:\/\/youtube.com\/embed\/ZwR8N6VYoJI\" width=\"330\" height=\"300\"><\/iframe><\/p>\n<p>Descubra a eleg\u00e2ncia do nosso lindo pingente, habilmente trabalhado com um design c\u00eanico em Jade\u00edte Natural Tipo A. Esta pe\u00e7a requintada pesa 7,06 gramas e mede 44,2 * 16,1 * 5,3 mm.<\/p>\n<p>\u00a0<\/p>\n<p>N\u00fameros de certificado: GD2204H002686<\/p>\n<p><img fetchpriority=\"high\" decoding=\"async\" src=\"https:\/\/shop.yipinqian.com\/wp-content\/uploads\/2024\/12\/e21887559325401e8d1be1e13244de83tplv-aphluv4xwc-origin-jpeg.jpeg?dr=15568&amp;nonce=50835&amp;refresh_token=fcff0f2113b8f6dc8152d093aeb4514a&amp;from=476444299&amp;idc=my2&amp;ps=933b5bde&amp;shcp=9b759fb9&amp;shp=1c65f68b&amp;t=555f072d\" width=\"1080\" height=\"1080\" \/><\/p>\n<ul>\n<li><strong>Qualidade Certificada:<\/strong> Vem com um certificado confirmando sua autenticidade.<\/li>\n<li><strong>Origem:<\/strong> Proveniente de Mianmar, conhecida por sua jade\u00edta de alta qualidade.<\/li>\n<li><strong>Ocasi\u00e3o auspiciosa:<\/strong> Perfeito para eventos e celebra\u00e7\u00f5es auspiciosas.<\/li>\n<li><strong>Estilo personalizado:<\/strong> Um estilo de colar casual adequado para qualquer g\u00eanero.<\/li>\n<\/ul>\n<p><img decoding=\"async\" src=\"https:\/\/shop.yipinqian.com\/wp-content\/uploads\/2024\/12\/23dff063cd5d4cce91559cdc9cd84fb7tplv-aphluv4xwc-origin-jpeg.jpeg?dr=15568&amp;nonce=53392&amp;refresh_token=afb411437a3fa5395044e8e3aefefaa8&amp;from=476444299&amp;idc=my2&amp;ps=933b5bde&amp;shcp=9b759fb9&amp;shp=1c65f68b&amp;t=555f072d\" width=\"1080\" height=\"1080\" \/><img decoding=\"async\" src=\"https:\/\/shop.yipinqian.com\/wp-content\/uploads\/2024\/12\/066f5a8ef8a74955b3a7039ff75c6689tplv-aphluv4xwc-origin-jpeg.jpeg?dr=15568&amp;nonce=75909&amp;refresh_token=6c07bebb213b55eabf4a35f200add5bc&amp;from=476444299&amp;idc=my2&amp;ps=933b5bde&amp;shcp=9b759fb9&amp;shp=1c65f68b&amp;t=555f072d\" width=\"1536\" height=\"2048\" \/><\/p>\n<p>Este lindo pingente de jade n\u00e3o \u00e9 apenas um acess\u00f3rio \u00fanico, mas tamb\u00e9m carrega significado cultural, tornando-o uma adi\u00e7\u00e3o significativa \u00e0 sua cole\u00e7\u00e3o de joias.<\/p>\n<p>\u00a0<\/p>\n<p>Yi Pin Qian \u2013 Um negociante de pedras preciosas e metais preciosos em Cingapura \u2013 N\u00famero de licen\u00e7a PS20190000031<\/p>\n<p>\u00a0<\/p>\n<p>*Todos os Jadeites comprados de Yi Pin Qian em Cingapura, os clientes podem reservar hor\u00e1rios para polimento ou pequenos reparos por manuseio incorreto - taxas se aplicam e somente para clientes de Yi Pin Qian em Cingapura*<\/p>\n<p>\u00a0<\/p>\n<p><strong>**Tipos de Certificados**<\/strong><\/p>\n<p>\u00a0<\/p>\n<p><strong>NGI (Nan Yang Gemol\u00f3gico)<\/strong><\/p>\n<p>ou <strong>Certificados no exterior <\/strong>(Yi Pin Qian usa apenas certificados aut\u00eanticos de laborat\u00f3rios estrangeiros e tamb\u00e9m controla a qualidade de cada um dos nossos produtos antes de coloc\u00e1-los \u00e0 venda em Cingapura)<\/p>\n<p>\u00a0<\/p>\n<p>Cada produto ter\u00e1 o tipo de certificado fornecido indicado na descri\u00e7\u00e3o. Para qualquer cliente que deseje enviar seu pedido para NGI Singapore, <strong>As solicita\u00e7\u00f5es de relat\u00f3rios de pedras preciosas da NGI precisam ser feitas por mensagem.<\/strong> Obrigado, <strong><u>taxas extras se aplicam<\/u><\/strong> \u2013 $90 para jade\u00edta \/ $150 para jade\u00edta com ouro 18k \u2013 n\u00e3o \u00e9 obrigat\u00f3rio, pois a maioria dos nossos produtos j\u00e1 veio com certificado internacional ou relat\u00f3rio NGI.<\/p>\n<p>\u00a0<\/p>\n<p>(Para mais detalhes ou solicita\u00e7\u00e3o adicional: <strong>Por favor, envie-nos uma mensagem se desejar enviar o item adquirido para teste de laborat\u00f3rio NGI<\/strong>)<\/p>\n<p>\u00a0<\/p>\n<p><strong>A jade\u00edta natural n\u00e3o \u00e9 perfeita, apenas um lembrete gentil, nossa jade\u00edta natural, como todas as coisas bonitas da natureza, vem com suas caracter\u00edsticas e varia\u00e7\u00f5es \u00fanicas. Convidamos nossos valiosos clientes a abra\u00e7ar essas varia\u00e7\u00f5es naturais. Boas compras!<\/strong><\/p>\n<p>\u00a0<\/p>\n<p><strong><u>Nenhuma das fotos e filmagens de v\u00eddeo foram filtradas. Incentivamos nossos clientes a tamb\u00e9m assistirem aos v\u00eddeos que os acompanham para uma vis\u00e3o mais abrangente de nossos produtos<\/u><\/strong><\/p>\n<p>\u00a0<\/p>\n<ul>\n<li>Diferentes plataformas s\u00f3 podem visualizar v\u00eddeos por meio do Desktop<\/li>\n<\/ul>","protected":false},"excerpt":{"rendered":"<p>Discover the elegance of our Beautiful Pendant, expertly crafted with a scenic design on Natural Type A Jadeite Jade. This exquisite piece weighs 7.06 grams and measures 44.2 * 16.1 * 5.3 mm. \u00a0 Certificate numbers: GD2204H002686 Certified Quality: Comes with a certificate confirming its authenticity. Origin: Sourced from Myanmar, known for its high-quality jadeite. [&hellip;]<\/p>","protected":false},"featured_media":14745,"comment_status":"open","ping_status":"closed","template":"","meta":[],"product_brand":[],"product_cat":[194],"product_tag":[52,79,65,58,73,75,60,61,62],"class_list":{"0":"post-14674","1":"product","2":"type-product","3":"status-publish","4":"has-post-thumbnail","6":"product_cat-value-picks","7":"product_tag-certified","8":"product_tag-green-hue","9":"product_tag-high-quality","10":"product_tag-new-arrivals","11":"product_tag-pendant","12":"product_tag-traditional","13":"product_tag-type-a-jadeite","14":"product_tag-unisex","15":"product_tag-yi-pin-qian-exclusive","17":"first","18":"instock","19":"sale","20":"shipping-taxable","21":"purchasable","22":"product-type-simple"},"_links":{"self":[{"href":"https:\/\/shop.yipinqian.com\/pt\/wp-json\/wp\/v2\/product\/14674","targetHints":{"allow":["GET"]}}],"collection":[{"href":"https:\/\/shop.yipinqian.com\/pt\/wp-json\/wp\/v2\/product"}],"about":[{"href":"https:\/\/shop.yipinqian.com\/pt\/wp-json\/wp\/v2\/types\/product"}],"replies":[{"embeddable":true,"href":"https:\/\/shop.yipinqian.com\/pt\/wp-json\/wp\/v2\/comments?post=14674"}],"version-history":[{"count":0,"href":"https:\/\/shop.yipinqian.com\/pt\/wp-json\/wp\/v2\/product\/14674\/revisions"}],"wp:featuredmedia":[{"embeddable":true,"href":"https:\/\/shop.yipinqian.com\/pt\/wp-json\/wp\/v2\/media\/14745"}],"wp:attachment":[{"href":"https:\/\/shop.yipinqian.com\/pt\/wp-json\/wp\/v2\/media?parent=14674"}],"wp:term":[{"taxonomy":"product_brand","embeddable":true,"href":"https:\/\/shop.yipinqian.com\/pt\/wp-json\/wp\/v2\/product_brand?post=14674"},{"taxonomy":"product_cat","embeddable":true,"href":"https:\/\/shop.yipinqian.com\/pt\/wp-json\/wp\/v2\/product_cat?post=14674"},{"taxonomy":"product_tag","embeddable":true,"href":"https:\/\/shop.yipinqian.com\/pt\/wp-json\/wp\/v2\/product_tag?post=14674"}],"curies":[{"name":"wp","href":"https:\/\/api.w.org\/{rel}","templated":true}]}}