{"id":14672,"date":"2024-12-17T10:45:08","date_gmt":"2024-12-17T02:45:08","guid":{"rendered":"https:\/\/shop.yipinqian.com\/apple-green-quality-translucent-drop-shape-cabochon-on-natural-type-a-jadeite-jade-set-on-s925-as-pendant-certificate-weighs-3-12-grams-measurement-16-3-9-2-4-mm-s925p3\/"},"modified":"2025-02-24T00:49:45","modified_gmt":"2025-02-23T16:49:45","slug":"apple-green-quality-translucent-drop-shape-cabochon-on-natural-type-a-jadeite-jade-set-on-s925-as-pendant-certificate-weighs-3-12-grams-measurement-16-3-9-2-4-mm-s925p3","status":"publish","type":"product","link":"https:\/\/shop.yipinqian.com\/pt\/produto\/apple-green-quality-translucent-drop-shape-cabochon-on-natural-type-a-jadeite-jade-set-on-s925-as-pendant-certificate-weighs-3-12-grams-measurement-16-3-9-2-4-mm-s925p3\/","title":{"rendered":"Caboch\u00f5es verde-ma\u00e7\u00e3 Caboch\u00e3o transl\u00facido de qualidade em formato de gota em jade\u00edta natural tipo A, conjunto em S925 como pingente, certificado pesa 3,12 gramas, medida 16,3 * 9,2 * 4 mm (s925p3)"},"content":{"rendered":"<p><iframe title=\"Apple Green Cabochons S925 Pendant\" src=\"https:\/\/youtube.com\/embed\/6XyrB2HJ0gs\" width=\"330\" height=\"300\"><\/iframe><\/p>\n<p>This exquisite pendant features a stunning <strong>apple green translucent drop shape cabochon<\/strong> crafted from natural Type A jadeite jade, elegantly set on S925 silver.<\/p>\n<p><\/p>\n<p>These two cabochons were sent to design as a pendant with S925 Silver &#8211; for interested buyer, these cabochons are good for future 18k gold settings<\/p>\n<p><\/p>\n<p>Certificate numbers: GD2201H010164<\/p>\n<p>Weight: 3.12 grams<\/p>\n<p>measurement: 16.3 * 9.2 * 4 mm and 4 * 3.6 * 1.8 mm<\/p>\n<p>S925 Weighs: 1.91 grams<\/p>\n<p><img fetchpriority=\"high\" decoding=\"async\" src=\"https:\/\/shop.yipinqian.com\/wp-content\/uploads\/2024\/12\/e6575401c1a04510a97bc430ba7c3fe6tplv-aphluv4xwc-origin-jpeg-1.jpeg?dr=15568&#038;nonce=27847&#038;refresh_token=d0d815d18eae9429484ea8e181fecddd&#038;from=476444299&#038;idc=my&#038;ps=933b5bde&#038;shcp=9b759fb9&#038;shp=1c65f68b&#038;t=555f072d\" width=\"1080\" height=\"1080\"><\/p>\n<ul>\n<li>\n<strong>Material de qualidade:<\/strong> Made from natural Type A jadeite and S925 silver.<\/li>\n<li>\n<strong>Design elegante:<\/strong> Drop shape cabochon for a unique look.<\/li>\n<li>\n<strong>Ocasi\u00e3o:<\/strong> Perfect for daily wear, suitable for casual styles.<\/li>\n<li>\n<strong>Certificado inclu\u00eddo:<\/strong> Vem com um certificado de autenticidade.<\/li>\n<\/ul>\n<p><img decoding=\"async\" src=\"https:\/\/shop.yipinqian.com\/wp-content\/uploads\/2024\/12\/91e976bb947a4c528ba883f5a8c84375tplv-aphluv4xwc-origin-jpeg-1.jpeg?dr=15568&#038;nonce=8800&#038;refresh_token=14a0fc6bb3e35eb575719d5ac867ddce&#038;from=476444299&#038;idc=my&#038;ps=933b5bde&#038;shcp=9b759fb9&#038;shp=1c65f68b&#038;t=555f072d\" width=\"1080\" height=\"1080\"><img decoding=\"async\" src=\"https:\/\/shop.yipinqian.com\/wp-content\/uploads\/2024\/12\/c1f134be953d442186b8ffbd7d07edc5tplv-aphluv4xwc-origin-jpeg-1.jpeg?dr=15568&#038;nonce=28335&#038;refresh_token=5ea649460213e4cbbd746e15dd922dff&#038;from=476444299&#038;idc=my&#038;ps=933b5bde&#038;shcp=9b759fb9&#038;shp=1c65f68b&#038;t=555f072d\" width=\"1200\" height=\"1600\"><\/p>\n<p>This pendant is designed specifically for women and adds an elegant touch to any outfit without the need for warranty considerations.<\/p>\n<p><\/p>\n<p>Yi Pin Qian \u2013 Um negociante de pedras preciosas e metais preciosos em Cingapura \u2013 N\u00famero de licen\u00e7a PS20190000031<\/p>\n<p><\/p>\n<p>*Todos os Jadeites comprados de Yi Pin Qian em Cingapura, os clientes podem reservar hor\u00e1rios para polimento ou pequenos reparos por manuseio incorreto - taxas se aplicam e somente para clientes de Yi Pin Qian em Cingapura*<\/p>\n<p><\/p>\n<p><strong>**Tipos de Certificados**<\/strong><\/p>\n<p><\/p>\n<p><strong>NGI (Nan Yang Gemol\u00f3gico)<\/strong><\/p>\n<p>ou <strong>Certificados no exterior <\/strong>(Yi Pin Qian usa apenas certificados aut\u00eanticos de laborat\u00f3rios estrangeiros e tamb\u00e9m controla a qualidade de cada um dos nossos produtos antes de coloc\u00e1-los \u00e0 venda em Cingapura)<\/p>\n<p><\/p>\n<p>Cada produto ter\u00e1 o tipo de certificado fornecido indicado na descri\u00e7\u00e3o. Para qualquer cliente que deseje enviar seu pedido para NGI Singapore, <strong>As solicita\u00e7\u00f5es de relat\u00f3rios de pedras preciosas da NGI precisam ser feitas por mensagem.<\/strong> Obrigado, <strong><u>taxas extras se aplicam<\/u><\/strong> \u2013 $90 para jade\u00edta \/ $150 para jade\u00edta com ouro 18k \u2013 n\u00e3o \u00e9 obrigat\u00f3rio, pois a maioria dos nossos produtos j\u00e1 veio com certificado internacional ou relat\u00f3rio NGI.<\/p>\n<p><\/p>\n<p>(Para mais detalhes ou solicita\u00e7\u00e3o adicional: <strong>Por favor, envie-nos uma mensagem se desejar enviar o item adquirido para teste de laborat\u00f3rio NGI<\/strong>)<\/p>\n<p><\/p>\n<p><strong>A jade\u00edta natural n\u00e3o \u00e9 perfeita, apenas um lembrete gentil, nossa jade\u00edta natural, como todas as coisas bonitas da natureza, vem com suas caracter\u00edsticas e varia\u00e7\u00f5es \u00fanicas. Convidamos nossos valiosos clientes a abra\u00e7ar essas varia\u00e7\u00f5es naturais. Boas compras!<\/strong><\/p>\n<p><\/p>\n<p><strong><u>Nenhuma das fotos e filmagens de v\u00eddeo foram filtradas. Incentivamos nossos clientes a tamb\u00e9m assistirem aos v\u00eddeos que os acompanham para uma vis\u00e3o mais abrangente de nossos produtos<\/u><\/strong><\/p>\n<p><\/p>\n<ul>\n<li>Diferentes plataformas s\u00f3 podem visualizar v\u00eddeos por meio do Desktop<\/li>\n<\/ul>","protected":false},"excerpt":{"rendered":"<p>Este requintado pingente apresenta um deslumbrante caboch\u00e3o verde-ma\u00e7\u00e3 transl\u00facido em forma de gota, feito de jade\u00edte natural Tipo A, elegantemente engastado em prata S925. Esses dois caboch\u00f5es foram enviados para serem projetados como um pingente com prata S925 \u2013 para compradores interessados, esses caboch\u00f5es s\u00e3o bons para futuras configura\u00e7\u00f5es de ouro 18k N\u00fameros de certificado: GD2201H010164 Peso: 3,12 [\u2026]<\/p>","protected":false},"featured_media":14729,"comment_status":"open","ping_status":"closed","template":"","meta":[],"product_brand":[],"product_cat":[194],"product_tag":[179,64,52,65,55,82,56,58,73,59,60,62],"class_list":{"0":"post-14672","1":"product","2":"type-product","3":"status-publish","4":"has-post-thumbnail","6":"product_cat-value-picks","7":"product_tag-apple-green","8":"product_tag-cabochon","9":"product_tag-certified","10":"product_tag-high-quality","11":"product_tag-jadeite","12":"product_tag-light-green","13":"product_tag-limited-editions","14":"product_tag-new-arrivals","15":"product_tag-pendant","16":"product_tag-translucent","17":"product_tag-type-a-jadeite","18":"product_tag-yi-pin-qian-exclusive","20":"first","21":"instock","22":"sale","23":"shipping-taxable","24":"purchasable","25":"product-type-simple"},"_links":{"self":[{"href":"https:\/\/shop.yipinqian.com\/pt\/wp-json\/wp\/v2\/product\/14672","targetHints":{"allow":["GET"]}}],"collection":[{"href":"https:\/\/shop.yipinqian.com\/pt\/wp-json\/wp\/v2\/product"}],"about":[{"href":"https:\/\/shop.yipinqian.com\/pt\/wp-json\/wp\/v2\/types\/product"}],"replies":[{"embeddable":true,"href":"https:\/\/shop.yipinqian.com\/pt\/wp-json\/wp\/v2\/comments?post=14672"}],"version-history":[{"count":0,"href":"https:\/\/shop.yipinqian.com\/pt\/wp-json\/wp\/v2\/product\/14672\/revisions"}],"wp:featuredmedia":[{"embeddable":true,"href":"https:\/\/shop.yipinqian.com\/pt\/wp-json\/wp\/v2\/media\/14729"}],"wp:attachment":[{"href":"https:\/\/shop.yipinqian.com\/pt\/wp-json\/wp\/v2\/media?parent=14672"}],"wp:term":[{"taxonomy":"product_brand","embeddable":true,"href":"https:\/\/shop.yipinqian.com\/pt\/wp-json\/wp\/v2\/product_brand?post=14672"},{"taxonomy":"product_cat","embeddable":true,"href":"https:\/\/shop.yipinqian.com\/pt\/wp-json\/wp\/v2\/product_cat?post=14672"},{"taxonomy":"product_tag","embeddable":true,"href":"https:\/\/shop.yipinqian.com\/pt\/wp-json\/wp\/v2\/product_tag?post=14672"}],"curies":[{"name":"wp","href":"https:\/\/api.w.org\/{rel}","templated":true}]}}