{"id":1467,"date":"2024-10-24T23:19:24","date_gmt":"2024-10-24T15:19:24","guid":{"rendered":"https:\/\/shop.yipinqian.com\/product\/highly-translucent-premium-icy-natural-type-a-jadeite-pendant-necklace-crafted-as-milo-buddha-with-certificate-weigh-14-78-grams-55-24-50-6-60-mm-symbols-of-wealth-luck-prosperity-optimism-and-hope-su\/"},"modified":"2025-02-24T01:34:19","modified_gmt":"2025-02-23T17:34:19","slug":"highly-translucent-premium-icy-natural-type-a-jadeite-pendant-necklace-crafted-as-milo-buddha-with-certificate-weigh-14-78-grams-55-24-50-6-60-mm-symbols-of-wealth-luck-prosperity-optimism-and-hope-su","status":"publish","type":"product","link":"https:\/\/shop.yipinqian.com\/pt\/produto\/highly-translucent-premium-icy-natural-type-a-jadeite-pendant-necklace-crafted-as-milo-buddha-with-certificate-weigh-14-78-grams-55-24-50-6-60-mm-symbols-of-wealth-luck-prosperity-optimism-and-hope-su\/","title":{"rendered":"Highly Translucent Premium Icy Natural Type A Jadeite Pendant Necklace crafted as Milo Buddha with certificate, weigh 14.78 grams, 55 * 24.50 * 6.60 mm, symbols of Wealth, luck, prosperity, optimism, and hope, suitable for collections (pendant55)"},"content":{"rendered":"<p>Bring home a symbol of wealth, luck, prosperity, optimism, and hope with our Highly Translucent Premium Icy Natural Type A Jadeite Pendant Necklace.<\/p>\n<ul>\n<li>Crafted as Milo Buddha<\/li>\n<li>Weighs 14.78 grams<\/li>\n<li>55 * 24.50 * 6.60 mm in size<\/li>\n<\/ul>\n<p>This elegant necklace is made of Jadeite and comes with a certificate to ensure its authenticity.<\/p>\n<ul>\n<li>Certificado: Sim<\/li>\n<\/ul>\n<p><strong>Certificate numbers: GD2112H014158<\/strong><\/p>\n<p><img fetchpriority=\"high\" decoding=\"async\" height=\"1080\" src=\"https:\/\/shop.yipinqian.com\/wp-content\/uploads\/2024\/10\/e17666ac27798449013e4386fb90a2a6.jpg?from=476444299\" width=\"1080\"><\/p>\n<ul>\n<li>Country Of Origin: Myanmar\/li &gt;<\/li>\n<li>Jade Type: Jadeite\/li &gt;Neklace Style: Elegant &gt;<\/li>\n<\/ul>\n<p><img decoding=\"async\" height=\"1080\" src=\"https:\/\/shop.yipinqian.com\/wp-content\/uploads\/2024\/10\/cbdbf6122a55796b824211abfa4ea580.jpg?from=476444299\" width=\"1080\"><\/p>\n<p>Suitable for daily wear or collections, this pendant necklace is perfect for anyone looking to add some style and spirituality to their outfits.<\/p>\n<ul>\n<li>Ocassion : Auspicious<\/li>\n<\/ul>\n<p>The unisex design makes it an ideal gift for someone special or as an addition to your own jewelry collection.<\/p>\n<ul>\n<li>warranty : No<\/li>\n<\/ul>\n<p>Add some positivity into your life with our Highly Translucent Premium Icy Natural Type A Jadeite Pendant Necklace crafted as Milo Buddha!<\/p>\n<p>\u00a0<\/p>\n<p>Yi Pin Qian \u2013 Um negociante de pedras preciosas e metais preciosos em Cingapura \u2013 N\u00famero de licen\u00e7a PS20190000031<\/p>\n<p>\u00a0<\/p>\n<p>*Todos os Jadeites comprados de Yi Pin Qian em Cingapura, os clientes podem reservar hor\u00e1rios para polimento ou pequenos reparos por manuseio incorreto - taxas se aplicam e somente para clientes de Yi Pin Qian em Cingapura*<\/p>\n<p>\u00a0<\/p>\n<p><strong>**Tipos de Certificados**<\/strong><\/p>\n<p>\u00a0<\/p>\n<p><strong>NGI (Nan Yang Gemol\u00f3gico)<\/strong><\/p>\n<p>ou <strong>Certificados no exterior <\/strong>(Yi Pin Qian usa apenas certificados aut\u00eanticos de laborat\u00f3rios estrangeiros e tamb\u00e9m controla a qualidade de cada um dos nossos produtos antes de coloc\u00e1-los \u00e0 venda em Cingapura)<\/p>\n<p>\u00a0<\/p>\n<p>Cada produto no TikTok ter\u00e1 o tipo de certificado fornecido indicado na descri\u00e7\u00e3o. Para qualquer cliente que deseje enviar seu pedido para a NGI Singapore, haver\u00e1 um tempo de espera para entrega do pedido estimado em torno de 4 semanas para receber seu pedido. <strong>As solicita\u00e7\u00f5es de relat\u00f3rios da NGI Gemstone precisam ser feitas por mensagem para a loja Yi Pin Qian TikTok.<\/strong> Obrigado, <strong><u>taxas extras se aplicam<\/u><\/strong>.<\/p>\n<p>\u00a0<\/p>\n<p><strong>A jade\u00edta natural n\u00e3o \u00e9 perfeita, apenas um lembrete gentil, nossa jade\u00edta natural, como todas as coisas bonitas da natureza, vem com suas caracter\u00edsticas e varia\u00e7\u00f5es \u00fanicas. Convidamos nossos valiosos clientes a abra\u00e7ar essas varia\u00e7\u00f5es naturais. Boas compras!<\/strong><\/p>\n<p>\u00a0<\/p>\n<p><strong><u>Nenhuma das fotos e filmagens de v\u00eddeo foram filtradas. Incentivamos nossos clientes a tamb\u00e9m assistirem aos v\u00eddeos que os acompanham para uma vis\u00e3o mais abrangente de nossos produtos<\/u><\/strong><\/p>","protected":false},"excerpt":{"rendered":"<p>Bring home a symbol of wealth, luck, prosperity, optimism, and hope with our Highly Translucent Premium Icy Natural Type A Jadeite Pendant Necklace. Crafted as Milo Buddha Weighs 14.78 grams 55 * 24.50 * 6.60 mm in size This elegant necklace is made of Jadeite and comes with a certificate to ensure its authenticity. Certificate: [&hellip;]<\/p>","protected":false},"featured_media":5043,"comment_status":"open","ping_status":"closed","template":"","meta":[],"product_brand":[],"product_cat":[196],"product_tag":[],"class_list":{"0":"post-1467","1":"product","2":"type-product","3":"status-publish","4":"has-post-thumbnail","6":"product_cat-vault-collection","8":"first","9":"instock","10":"sale","11":"shipping-taxable","12":"purchasable","13":"product-type-simple"},"_links":{"self":[{"href":"https:\/\/shop.yipinqian.com\/pt\/wp-json\/wp\/v2\/product\/1467","targetHints":{"allow":["GET"]}}],"collection":[{"href":"https:\/\/shop.yipinqian.com\/pt\/wp-json\/wp\/v2\/product"}],"about":[{"href":"https:\/\/shop.yipinqian.com\/pt\/wp-json\/wp\/v2\/types\/product"}],"replies":[{"embeddable":true,"href":"https:\/\/shop.yipinqian.com\/pt\/wp-json\/wp\/v2\/comments?post=1467"}],"version-history":[{"count":0,"href":"https:\/\/shop.yipinqian.com\/pt\/wp-json\/wp\/v2\/product\/1467\/revisions"}],"wp:featuredmedia":[{"embeddable":true,"href":"https:\/\/shop.yipinqian.com\/pt\/wp-json\/wp\/v2\/media\/5043"}],"wp:attachment":[{"href":"https:\/\/shop.yipinqian.com\/pt\/wp-json\/wp\/v2\/media?parent=1467"}],"wp:term":[{"taxonomy":"product_brand","embeddable":true,"href":"https:\/\/shop.yipinqian.com\/pt\/wp-json\/wp\/v2\/product_brand?post=1467"},{"taxonomy":"product_cat","embeddable":true,"href":"https:\/\/shop.yipinqian.com\/pt\/wp-json\/wp\/v2\/product_cat?post=1467"},{"taxonomy":"product_tag","embeddable":true,"href":"https:\/\/shop.yipinqian.com\/pt\/wp-json\/wp\/v2\/product_tag?post=1467"}],"curies":[{"name":"wp","href":"https:\/\/api.w.org\/{rel}","templated":true}]}}