{"id":14667,"date":"2024-12-17T10:44:57","date_gmt":"2024-12-17T02:44:57","guid":{"rendered":"https:\/\/shop.yipinqian.com\/108-6mm-beads-natural-type-a-jadeite-jade-as-bracelet-necklace-certificate-weighs-39-93-grams-bracelet37\/"},"modified":"2025-01-28T06:30:29","modified_gmt":"2025-01-27T22:30:29","slug":"108-6mm-beads-natural-type-a-jadeite-jade-as-bracelet-necklace-certificate-weighs-39-93-grams-bracelet37","status":"publish","type":"product","link":"https:\/\/shop.yipinqian.com\/pt\/produto\/108-6mm-beads-natural-type-a-jadeite-jade-as-bracelet-necklace-certificate-weighs-39-93-grams-bracelet37\/","title":{"rendered":"108 * 6mm Contas de jade\u00edta Colar Natural Tipo A Jade\u00edta Jade como pulseira \/ colar, certificado pesa 39,93 gramas (bracelet37)"},"content":{"rendered":"<p><iframe title=\"108 beads light green bracelet \/ necklace\" src=\"https:\/\/youtube.com\/embed\/P0plzcRPw9I\" width=\"330\" height=\"300\"><\/iframe><\/p>\n<p>Esta requintada pulseira de 108 contas \u00e9 feita de jade natural tipo A, perfeita tanto para uso di\u00e1rio quanto para ocasi\u00f5es especiais.<\/p>\n<p><\/p>\n<p>N\u00fameros de certificado: GD2111H001262 <\/p>\n<p><img fetchpriority=\"high\" decoding=\"async\" src=\"https:\/\/shop.yipinqian.com\/wp-content\/uploads\/2024\/12\/2904a98c944a47518ef79eec527645d7tplv-aphluv4xwc-origin-jpeg-1.jpeg?dr=15568&#038;nonce=49733&#038;refresh_token=08e66cb20cd9d540b3cb08bc68375cd8&#038;from=476444299&#038;idc=my2&#038;ps=933b5bde&#038;shcp=9b759fb9&#038;shp=1c65f68b&#038;t=555f072d\" width=\"1536\" height=\"2048\"><\/p>\n<ul>\n<li>\n<strong>Material de alta qualidade:<\/strong> Feito de Jade\u00edta Natural Tipo A.<\/li>\n<li>\n<strong>Tamanho:<\/strong> 108 contas, cada uma medindo 6 mm.<\/li>\n<li>\n<strong>Peso:<\/strong> Peso certificado de 39,93 gramas (bracelet37).<\/li>\n<li>\n<strong>Origem cultural:<\/strong> Proveniente de Mianmar.<\/li>\n<li><strong>Nenhuma garantia dispon\u00edvel<\/strong><\/li>\n<\/ul>\n<p><img decoding=\"async\" src=\"https:\/\/shop.yipinqian.com\/wp-content\/uploads\/2024\/12\/1a68a7ff5ceb44b1ac9f87abbc7057e3tplv-aphluv4xwc-origin-jpeg-1.jpeg?dr=15568&#038;nonce=10251&#038;refresh_token=28eb51acad0fb07a24d26858d014a9d7&#038;from=476444299&#038;idc=my2&#038;ps=933b5bde&#038;shcp=9b759fb9&#038;shp=1c65f68b&#038;t=555f072d\" width=\"1080\" height=\"1080\"><\/p>\n<p>Esta pulseira unissex tamb\u00e9m pode ser usada como colar, adicionando versatilidade \u00e0 sua cole\u00e7\u00e3o de joias.<\/p>\n<p><\/p>\n<p>Yi Pin Qian \u2013 Um negociante de pedras preciosas e metais preciosos em Cingapura \u2013 N\u00famero de licen\u00e7a PS20190000031<\/p>\n<p><\/p>\n<p>*Todos os Jadeites comprados de Yi Pin Qian em Cingapura, os clientes podem reservar hor\u00e1rios para polimento ou pequenos reparos por manuseio incorreto - taxas se aplicam e somente para clientes de Yi Pin Qian em Cingapura*<\/p>\n<p><\/p>\n<p><strong>**Tipos de Certificados**<\/strong><\/p>\n<p><\/p>\n<p><strong>NGI (Nan Yang Gemol\u00f3gico)<\/strong><\/p>\n<p>ou <strong>Certificados no exterior <\/strong>(Yi Pin Qian usa apenas certificados aut\u00eanticos de laborat\u00f3rios estrangeiros e tamb\u00e9m controla a qualidade de cada um dos nossos produtos antes de coloc\u00e1-los \u00e0 venda em Cingapura)<\/p>\n<p><\/p>\n<p>Cada produto ter\u00e1 o tipo de certificado fornecido indicado na descri\u00e7\u00e3o. Para qualquer cliente que deseje enviar seu pedido para NGI Singapore, <strong>As solicita\u00e7\u00f5es de relat\u00f3rios de pedras preciosas da NGI precisam ser feitas por mensagem.<\/strong> Obrigado, <strong><u>taxas extras se aplicam<\/u><\/strong> \u2013 $90 para jade\u00edta \/ $150 para jade\u00edta com ouro 18k \u2013 n\u00e3o \u00e9 obrigat\u00f3rio, pois a maioria dos nossos produtos j\u00e1 veio com certificado internacional ou relat\u00f3rio NGI.<\/p>\n<p><\/p>\n<p>(Para mais detalhes ou solicita\u00e7\u00e3o adicional: <strong>Por favor, envie-nos uma mensagem se desejar enviar o item adquirido para teste de laborat\u00f3rio NGI<\/strong>)<\/p>\n<p><\/p>\n<p><strong>A jade\u00edta natural n\u00e3o \u00e9 perfeita, apenas um lembrete gentil, nossa jade\u00edta natural, como todas as coisas bonitas da natureza, vem com suas caracter\u00edsticas e varia\u00e7\u00f5es \u00fanicas. Convidamos nossos valiosos clientes a abra\u00e7ar essas varia\u00e7\u00f5es naturais. Boas compras!<\/strong><\/p>\n<p><\/p>\n<p><strong><u>Nenhuma das fotos e filmagens de v\u00eddeo foram filtradas. Incentivamos nossos clientes a tamb\u00e9m assistirem aos v\u00eddeos que os acompanham para uma vis\u00e3o mais abrangente de nossos produtos<\/u><\/strong><\/p>\n<p><\/p>\n<ul>\n<li>Diferentes plataformas s\u00f3 podem visualizar v\u00eddeos por meio do Desktop<\/li>\n<\/ul>","protected":false},"excerpt":{"rendered":"<p>Esta requintada pulseira de 108 contas \u00e9 feita de Jade\u00edta Natural Tipo A, perfeita tanto para uso di\u00e1rio quanto para ocasi\u00f5es especiais. N\u00fameros de certificado: GD2111H001262 Material de alta qualidade: Feito de Jade\u00edta Natural Tipo A. Tamanho: 108 contas, cada uma medindo 6 mm. Peso: Peso certificado de 39,93 gramas (bracelet37). Origem cultural: Proveniente de Mianmar. Nenhuma garantia dispon\u00edvel Este unissex [\u2026]<\/p>","protected":false},"featured_media":14691,"comment_status":"open","ping_status":"closed","template":"","meta":[],"product_brand":[],"product_cat":[121,87,126],"product_tag":[102,52,55,82,58,60,61],"class_list":{"0":"post-14667","1":"product","2":"type-product","3":"status-publish","4":"has-post-thumbnail","6":"product_cat-bracelets-bangles","7":"product_cat-jade-bracelets-anklets","8":"product_cat-new-arrivals","9":"product_tag-bracelet","10":"product_tag-certified","11":"product_tag-jadeite","12":"product_tag-light-green","13":"product_tag-new-arrivals","14":"product_tag-type-a-jadeite","15":"product_tag-unisex","17":"first","18":"instock","19":"sale","20":"shipping-taxable","21":"purchasable","22":"product-type-simple"},"_links":{"self":[{"href":"https:\/\/shop.yipinqian.com\/pt\/wp-json\/wp\/v2\/product\/14667","targetHints":{"allow":["GET"]}}],"collection":[{"href":"https:\/\/shop.yipinqian.com\/pt\/wp-json\/wp\/v2\/product"}],"about":[{"href":"https:\/\/shop.yipinqian.com\/pt\/wp-json\/wp\/v2\/types\/product"}],"replies":[{"embeddable":true,"href":"https:\/\/shop.yipinqian.com\/pt\/wp-json\/wp\/v2\/comments?post=14667"}],"version-history":[{"count":0,"href":"https:\/\/shop.yipinqian.com\/pt\/wp-json\/wp\/v2\/product\/14667\/revisions"}],"wp:featuredmedia":[{"embeddable":true,"href":"https:\/\/shop.yipinqian.com\/pt\/wp-json\/wp\/v2\/media\/14691"}],"wp:attachment":[{"href":"https:\/\/shop.yipinqian.com\/pt\/wp-json\/wp\/v2\/media?parent=14667"}],"wp:term":[{"taxonomy":"product_brand","embeddable":true,"href":"https:\/\/shop.yipinqian.com\/pt\/wp-json\/wp\/v2\/product_brand?post=14667"},{"taxonomy":"product_cat","embeddable":true,"href":"https:\/\/shop.yipinqian.com\/pt\/wp-json\/wp\/v2\/product_cat?post=14667"},{"taxonomy":"product_tag","embeddable":true,"href":"https:\/\/shop.yipinqian.com\/pt\/wp-json\/wp\/v2\/product_tag?post=14667"}],"curies":[{"name":"wp","href":"https:\/\/api.w.org\/{rel}","templated":true}]}}