{"id":14665,"date":"2024-12-17T10:44:54","date_gmt":"2024-12-17T02:44:54","guid":{"rendered":"https:\/\/shop.yipinqian.com\/108-6-3-mm-round-beads-98-perfect-on-hight-quality-natural-type-a-jadeite-jade-as-bracelet-necklace-certificate-weighs-50-76-grams-bracelet28\/"},"modified":"2025-01-26T00:00:48","modified_gmt":"2025-01-25T16:00:48","slug":"108-6-3-mm-round-beads-98-perfect-on-hight-quality-natural-type-a-jadeite-jade-as-bracelet-necklace-certificate-weighs-50-76-grams-bracelet28","status":"publish","type":"product","link":"https:\/\/shop.yipinqian.com\/pt\/produto\/108-6-3-mm-round-beads-98-perfect-on-hight-quality-natural-type-a-jadeite-jade-as-bracelet-necklace-certificate-weighs-50-76-grams-bracelet28\/","title":{"rendered":"6,3 mm * 108 contas redondas Pulseira \u2013 98% Perfeito \u2013 em Jade\u00edta Natural Tipo A de Alta Qualidade Jade como pulseira, certificado de colar pesa 50,76 gramas (bracelet35)"},"content":{"rendered":"<p>Descubra a eleg\u00e2ncia com nossa requintada pulseira de jade, com 108 contas redondas feitas de Jade\u00edta Natural Tipo A de alta qualidade. Esta pe\u00e7a deslumbrante \u00e9 perfeita para uso di\u00e1rio, combinando beleza e versatilidade.<\/p>\n<p><\/p>\n<p>N\u00fameros de certificado: GD2110H009240<\/p>\n<p><\/p>\n<p>108 contas medem 6,3 mm com perfei\u00e7\u00e3o 98% \u00e9 considerada uma propor\u00e7\u00e3o muito boa - pulseira longa ou colar pode ser usado como tr\u00eas a quatro voltas ao redor do pulso ou usado com \/ sem um pingente como colar <\/p>\n<p><img fetchpriority=\"high\" decoding=\"async\" src=\"https:\/\/shop.yipinqian.com\/wp-content\/uploads\/2024\/12\/04292da9ac0c441c9fcf810ee25a7423tplv-aphluv4xwc-origin-jpeg-1.jpeg?dr=15568&#038;nonce=93504&#038;refresh_token=deb5dbb1b043ee88b199818b37a3e2f2&#038;from=476444299&#038;idc=my&#038;ps=933b5bde&#038;shcp=9b759fb9&#038;shp=1c65f68b&#038;t=555f072d\" width=\"1536\" height=\"2048\"><\/p>\n<ul>\n<li>\n<strong>Qualidade Premium:<\/strong> Contas redondas perfeitas 98% medindo 6,3 mm.<\/li>\n<li>\n<strong>Autenticidade Certificada:<\/strong> Vem com um certificado de autenticidade.<\/li>\n<li>\n<strong>Origem cultural:<\/strong> Proveniente de Mianmar, conhecido pela qualidade excepcional do seu jade.<\/li>\n<li>\n<strong>Adequado para todos:<\/strong> Design unissex ideal para qualquer ocasi\u00e3o.<\/li>\n<\/ul>\n<p><img decoding=\"async\" src=\"https:\/\/shop.yipinqian.com\/wp-content\/uploads\/2024\/12\/6022ccecba1543d18241d9ef2c5fd8b6tplv-aphluv4xwc-origin-jpeg-1.jpeg?dr=15568&#038;nonce=1774&#038;refresh_token=f9fa97bfe9ef35b956e6078223a45717&#038;from=476444299&#038;idc=my&#038;ps=933b5bde&#038;shcp=9b759fb9&#038;shp=1c65f68b&#038;t=555f072d\" width=\"1080\" height=\"1080\"><\/p>\n<p>Esta pulseira pesa um total de 50,76 gramas e \u00e9 um item essencial para sua cole\u00e7\u00e3o de joias!<\/p>\n<p><\/p>\n<p>Yi Pin Qian \u2013 Um negociante de pedras preciosas e metais preciosos em Cingapura \u2013 N\u00famero de licen\u00e7a PS20190000031<\/p>\n<p><\/p>\n<p>*Todos os Jadeites comprados de Yi Pin Qian em Cingapura, os clientes podem reservar hor\u00e1rios para polimento ou pequenos reparos por manuseio incorreto - taxas se aplicam e somente para clientes de Yi Pin Qian em Cingapura*<\/p>\n<p><\/p>\n<p><strong>**Tipos de Certificados**<\/strong><\/p>\n<p><\/p>\n<p><strong>NGI (Nan Yang Gemol\u00f3gico)<\/strong><\/p>\n<p>ou <strong>Certificados no exterior <\/strong>(Yi Pin Qian usa apenas certificados aut\u00eanticos de laborat\u00f3rios estrangeiros e tamb\u00e9m controla a qualidade de cada um dos nossos produtos antes de coloc\u00e1-los \u00e0 venda em Cingapura)<\/p>\n<p><\/p>\n<p>Cada produto ter\u00e1 o tipo de certificado fornecido indicado na descri\u00e7\u00e3o. Para qualquer cliente que deseje enviar seu pedido para NGI Singapore, <strong>As solicita\u00e7\u00f5es de relat\u00f3rios de pedras preciosas da NGI precisam ser feitas por mensagem.<\/strong> Obrigado, <strong><u>taxas extras se aplicam<\/u><\/strong> \u2013 $90 para jade\u00edta \/ $150 para jade\u00edta com ouro 18k \u2013 n\u00e3o \u00e9 obrigat\u00f3rio, pois a maioria dos nossos produtos j\u00e1 veio com certificado internacional ou relat\u00f3rio NGI.<\/p>\n<p><\/p>\n<p>(Para mais detalhes ou solicita\u00e7\u00e3o adicional: <strong>Por favor, envie-nos uma mensagem se desejar enviar o item adquirido para teste de laborat\u00f3rio NGI<\/strong>)<\/p>\n<p><\/p>\n<p><strong>A jade\u00edta natural n\u00e3o \u00e9 perfeita, apenas um lembrete gentil, nossa jade\u00edta natural, como todas as coisas bonitas da natureza, vem com suas caracter\u00edsticas e varia\u00e7\u00f5es \u00fanicas. Convidamos nossos valiosos clientes a abra\u00e7ar essas varia\u00e7\u00f5es naturais. Boas compras!<\/strong><\/p>\n<p><\/p>\n<p><strong><u>Nenhuma das fotos e filmagens de v\u00eddeo foram filtradas. Incentivamos nossos clientes a tamb\u00e9m assistirem aos v\u00eddeos que os acompanham para uma vis\u00e3o mais abrangente de nossos produtos<\/u><\/strong><\/p>\n<p><\/p>\n<ul>\n<li>Diferentes plataformas s\u00f3 podem visualizar v\u00eddeos por meio do Desktop<\/li>\n<\/ul>","protected":false},"excerpt":{"rendered":"<p>Descubra a eleg\u00e2ncia com nossa requintada pulseira de jade, com 108 contas redondas feitas de Jade\u00edta Natural Tipo A de alta qualidade. Esta pe\u00e7a deslumbrante \u00e9 perfeita para uso di\u00e1rio, combinando beleza e versatilidade. N\u00fameros de certificado: GD2110H009240 108 contas medem 6,3 mm com perfei\u00e7\u00e3o 98% \u00e9 considerada uma propor\u00e7\u00e3o muito boa \u2013 pulseira longa ou colar podem ser usados [\u2026]<\/p>","protected":false},"featured_media":14673,"comment_status":"open","ping_status":"closed","template":"","meta":[],"product_brand":[],"product_cat":[121,87,126],"product_tag":[102,52,65,55,56,98,58,59,60,61,62],"class_list":{"0":"post-14665","1":"product","2":"type-product","3":"status-publish","4":"has-post-thumbnail","6":"product_cat-bracelets-bangles","7":"product_cat-jade-bracelets-anklets","8":"product_cat-new-arrivals","9":"product_tag-bracelet","10":"product_tag-certified","11":"product_tag-high-quality","12":"product_tag-jadeite","13":"product_tag-limited-editions","14":"product_tag-necklace","15":"product_tag-new-arrivals","16":"product_tag-translucent","17":"product_tag-type-a-jadeite","18":"product_tag-unisex","19":"product_tag-yi-pin-qian-exclusive","21":"first","22":"instock","23":"sale","24":"shipping-taxable","25":"purchasable","26":"product-type-simple"},"_links":{"self":[{"href":"https:\/\/shop.yipinqian.com\/pt\/wp-json\/wp\/v2\/product\/14665","targetHints":{"allow":["GET"]}}],"collection":[{"href":"https:\/\/shop.yipinqian.com\/pt\/wp-json\/wp\/v2\/product"}],"about":[{"href":"https:\/\/shop.yipinqian.com\/pt\/wp-json\/wp\/v2\/types\/product"}],"replies":[{"embeddable":true,"href":"https:\/\/shop.yipinqian.com\/pt\/wp-json\/wp\/v2\/comments?post=14665"}],"version-history":[{"count":0,"href":"https:\/\/shop.yipinqian.com\/pt\/wp-json\/wp\/v2\/product\/14665\/revisions"}],"wp:featuredmedia":[{"embeddable":true,"href":"https:\/\/shop.yipinqian.com\/pt\/wp-json\/wp\/v2\/media\/14673"}],"wp:attachment":[{"href":"https:\/\/shop.yipinqian.com\/pt\/wp-json\/wp\/v2\/media?parent=14665"}],"wp:term":[{"taxonomy":"product_brand","embeddable":true,"href":"https:\/\/shop.yipinqian.com\/pt\/wp-json\/wp\/v2\/product_brand?post=14665"},{"taxonomy":"product_cat","embeddable":true,"href":"https:\/\/shop.yipinqian.com\/pt\/wp-json\/wp\/v2\/product_cat?post=14665"},{"taxonomy":"product_tag","embeddable":true,"href":"https:\/\/shop.yipinqian.com\/pt\/wp-json\/wp\/v2\/product_tag?post=14665"}],"curies":[{"name":"wp","href":"https:\/\/api.w.org\/{rel}","templated":true}]}}