{"id":1463,"date":"2024-10-24T23:19:23","date_gmt":"2024-10-24T15:19:23","guid":{"rendered":"https:\/\/shop.yipinqian.com\/product\/highly-translucent-icy-natural-type-a-jadeite-pendant-carved-with-cranes-pine-trees-and-bamboo-meaning-endurance-perseverance-and-never-fading-with-longevity-certificate-included-weighs-28-38-grams-52\/"},"modified":"2025-02-24T01:34:19","modified_gmt":"2025-02-23T17:34:19","slug":"highly-translucent-icy-natural-type-a-jadeite-pendant-carved-with-cranes-pine-trees-and-bamboo-meaning-endurance-perseverance-and-never-fading-with-longevity-certificate-included-weighs-28-38-grams-52","status":"publish","type":"product","link":"https:\/\/shop.yipinqian.com\/pt\/produto\/highly-translucent-icy-natural-type-a-jadeite-pendant-carved-with-cranes-pine-trees-and-bamboo-meaning-endurance-perseverance-and-never-fading-with-longevity-certificate-included-weighs-28-38-grams-52\/","title":{"rendered":"Pingente de jade\u00edta natural gelada altamente transl\u00facido tipo A esculpido com guindastes, pinheiros e bambu, significando resist\u00eancia, perseveran\u00e7a e nunca desbotamento com longevidade, certificado inclu\u00eddo pesa 28,38 gramas, 52,5 * 52,5 * 6,1 mm, para cole\u00e7\u00e3o (pendant90)"},"content":{"rendered":"<p>Este pingente de jade\u00edta natural gelada altamente transl\u00facida tipo A \u00e9 uma verdadeira obra-prima de arte. \u00c9 esculpido com desenhos intrincados de guindastes, pinheiros e bambu, simbolizando resist\u00eancia, perseveran\u00e7a e longevidade.<\/p>\n<ul>\n<li>\n<strong>Design requintado:<\/strong> A escultura detalhada no pingente mostra o incr\u00edvel trabalho artesanal do artista.<\/li>\n<li>\n<strong>Jade Puro:<\/strong> Feito de jade\u00edta natural Tipo A, este pingente \u00e9 altamente transl\u00facido com uma linda apar\u00eancia gelada.<\/li>\n<li>\n<strong>Certificado inclu\u00eddo:<\/strong> Voc\u00ea pode ter certeza de que est\u00e1 adquirindo jade genu\u00edno, pois este pingente vem com um certificado.<\/li>\n<\/ul>\n<p><strong>N\u00fameros de certificado: GD2110H007657<\/strong><\/p>\n<p><img fetchpriority=\"high\" decoding=\"async\" height=\"1080\" src=\"https:\/\/shop.yipinqian.com\/wp-content\/uploads\/2024\/10\/2f8a9c87b8f828895c067e0aea294833.jpg?from=476444299\" width=\"1080\"><\/p>\n<ul>\n<li>\n<strong>Adequado para cole\u00e7\u00e3o:<\/strong> Com seu estilo de colar elegante e design exclusivo, este pingente \u00e9 perfeito para colecionadores ou qualquer pessoa que aprecie joias finas.<\/li>\n<\/ul>\n<p><img decoding=\"async\" height=\"1080\" src=\"https:\/\/shop.yipinqian.com\/wp-content\/uploads\/2024\/10\/b893f2966a083af8a979f818ff157586.jpg?from=476444299\" width=\"1080\"><\/p>\n<p>Esta linda pe\u00e7a pesa 28,38 gramas e mede 52,5 * 52,5 * 6,1 mm, o que a torna um tamanho ideal para usar ou exibir em sua cole\u00e7\u00e3o.<\/p>\n<ul>\n<li>\n<strong>Feito em Mianmar: <\/strong>Esta bela pe\u00e7a vem de Mianmar, onde alguns dos melhores jades s\u00e3o encontrados<\/li>\n<li>.<\/li>\n<li>\n<strong>Uso di\u00e1rio: <\/strong>O design elegante o torna perfeito para usar no dia a dia, seja no trabalho ou em qualquer outra ocasi\u00e3o<\/li>\n<li>.<\/li>\n<li>O pingente de jade\u00edta natural gelada tipo A altamente transl\u00facido esculpido com guindastes, pinheiros e bambu ser\u00e1 um presente inesquec\u00edvel para voc\u00ea ou algu\u00e9m especial.<\/li>\n<\/ul>\n<p>Yi Pin Qian \u2013 Um negociante de pedras preciosas e metais preciosos em Cingapura \u2013 N\u00famero de licen\u00e7a PS20190000031<\/p>\n<p>\u00a0<\/p>\n<p>*Todos os Jadeites comprados de Yi Pin Qian em Cingapura, os clientes podem reservar hor\u00e1rios para polimento ou pequenos reparos por manuseio incorreto - taxas se aplicam e somente para clientes de Yi Pin Qian em Cingapura*<\/p>\n<p>\u00a0<\/p>\n<p><strong>**Tipos de Certificados**<\/strong><\/p>\n<p>\u00a0<\/p>\n<p><strong>NGI (Nan Yang Gemol\u00f3gico)<\/strong><\/p>\n<p>ou <strong>Certificados no exterior <\/strong>(Yi Pin Qian usa apenas certificados aut\u00eanticos de laborat\u00f3rios estrangeiros e tamb\u00e9m controla a qualidade de cada um dos nossos produtos antes de coloc\u00e1-los \u00e0 venda em Cingapura)<\/p>\n<p>\u00a0<\/p>\n<p>Cada produto no TikTok ter\u00e1 o tipo de certificado fornecido indicado na descri\u00e7\u00e3o. Para qualquer cliente que deseje enviar seu pedido para a NGI Singapore, haver\u00e1 um tempo de espera para entrega do pedido estimado em torno de 4 semanas para receber seu pedido. <strong>As solicita\u00e7\u00f5es de relat\u00f3rios da NGI Gemstone precisam ser feitas por mensagem para a loja Yi Pin Qian TikTok.<\/strong> Obrigado, <strong><u>taxas extras se aplicam<\/u><\/strong>.<\/p>\n<p>\u00a0<\/p>\n<p>.<\/p>","protected":false},"excerpt":{"rendered":"<p>This Highly Translucent Icy Natural Type A Jadeite Pendant is a true masterpiece of art. It is carved with intricate designs of cranes, pine trees and bamboo, symbolizing endurance, perseverance and longevity. Exquisite Design: The detailed carving on the pendant showcases the incredible craftsmanship of the artist. Pure Jade: Made from natural Type A jadeite, [&hellip;]<\/p>","protected":false},"featured_media":5011,"comment_status":"open","ping_status":"closed","template":"","meta":[],"product_brand":[],"product_cat":[196],"product_tag":[],"class_list":{"0":"post-1463","1":"product","2":"type-product","3":"status-publish","4":"has-post-thumbnail","6":"product_cat-vault-collection","8":"first","9":"instock","10":"sale","11":"shipping-taxable","12":"purchasable","13":"product-type-simple"},"_links":{"self":[{"href":"https:\/\/shop.yipinqian.com\/pt\/wp-json\/wp\/v2\/product\/1463","targetHints":{"allow":["GET"]}}],"collection":[{"href":"https:\/\/shop.yipinqian.com\/pt\/wp-json\/wp\/v2\/product"}],"about":[{"href":"https:\/\/shop.yipinqian.com\/pt\/wp-json\/wp\/v2\/types\/product"}],"replies":[{"embeddable":true,"href":"https:\/\/shop.yipinqian.com\/pt\/wp-json\/wp\/v2\/comments?post=1463"}],"version-history":[{"count":0,"href":"https:\/\/shop.yipinqian.com\/pt\/wp-json\/wp\/v2\/product\/1463\/revisions"}],"wp:featuredmedia":[{"embeddable":true,"href":"https:\/\/shop.yipinqian.com\/pt\/wp-json\/wp\/v2\/media\/5011"}],"wp:attachment":[{"href":"https:\/\/shop.yipinqian.com\/pt\/wp-json\/wp\/v2\/media?parent=1463"}],"wp:term":[{"taxonomy":"product_brand","embeddable":true,"href":"https:\/\/shop.yipinqian.com\/pt\/wp-json\/wp\/v2\/product_brand?post=1463"},{"taxonomy":"product_cat","embeddable":true,"href":"https:\/\/shop.yipinqian.com\/pt\/wp-json\/wp\/v2\/product_cat?post=1463"},{"taxonomy":"product_tag","embeddable":true,"href":"https:\/\/shop.yipinqian.com\/pt\/wp-json\/wp\/v2\/product_tag?post=1463"}],"curies":[{"name":"wp","href":"https:\/\/api.w.org\/{rel}","templated":true}]}}