{"id":14597,"date":"2024-12-08T12:35:49","date_gmt":"2024-12-08T04:35:49","guid":{"rendered":"https:\/\/shop.yipinqian.com\/semi-icy-crafted-as-parrot-on-oil-green-natural-type-a-jadeite-jade-certificate-weighs-6-19-grams-measurement-29-8-16-2-8-mm-pendant377\/"},"modified":"2025-02-24T00:49:45","modified_gmt":"2025-02-23T16:49:45","slug":"semi-icy-crafted-as-parrot-on-oil-green-natural-type-a-jadeite-jade-certificate-weighs-6-19-grams-measurement-29-8-16-2-8-mm-pendant377","status":"publish","type":"product","link":"https:\/\/shop.yipinqian.com\/pt\/produto\/semi-icy-crafted-as-parrot-on-oil-green-natural-type-a-jadeite-jade-certificate-weighs-6-19-grams-measurement-29-8-16-2-8-mm-pendant377\/","title":{"rendered":"#Sold \u2013 Semi Icy Crafted as Parrot on Oil Green Natural Type A Jadeite Jade certificado pesa 6,19 gramas, medindo 29,8 * 16,2 * 8 mm (pendant377)"},"content":{"rendered":"<p>Descubra a eleg\u00e2ncia do Semi Icy Crafted Parrot Pendant feito de Oil Green Natural Type A Jadeite. Esta pe\u00e7a requintada, pesando 6,19 gramas e medindo 29,8 * 16,2 * 8 mm, \u00e9 uma adi\u00e7\u00e3o \u00fanica a qualquer cole\u00e7\u00e3o de joias.<\/p>\n<p>&nbsp;<\/p>\n<p>N\u00fameros de certificado: GD2106H016353<\/p>\n<p><img fetchpriority=\"high\" decoding=\"async\" src=\"https:\/\/shop.yipinqian.com\/wp-content\/uploads\/2024\/12\/98774a6b5451446d88e7a90542359bd4tplv-aphluv4xwc-origin-jpeg.jpeg?dr=15568&amp;nonce=96380&amp;refresh_token=6cf2b969b5976f9588bf830b2033e7c4&amp;from=476444299&amp;idc=my&amp;ps=933b5bde&amp;shcp=9b759fb9&amp;shp=1c65f68b&amp;t=555f072d\" width=\"1080\" height=\"1080\" \/><\/p>\n<ul>\n<li><strong>Qualidade Certificada:<\/strong> Vem com um certificado que garante autenticidade.<\/li>\n<li><strong>Origem:<\/strong> Proveniente de Mianmar, reflete uma rica heran\u00e7a cultural.<\/li>\n<li><strong>Estilo causal:<\/strong> Perfeito para uso di\u00e1rio e vers\u00e1til o suficiente para qualquer ocasi\u00e3o.<\/li>\n<li><strong>Apelo unissex:<\/strong> Adequado para todos, o que o torna uma \u00f3tima op\u00e7\u00e3o de presente.<\/li>\n<\/ul>\n<p><img decoding=\"async\" class=\"alignnone\" src=\"https:\/\/shop.yipinqian.com\/wp-content\/uploads\/2024\/12\/dc70d1106bdf45d7be2ba57e99c1ae4atplv-aphluv4xwc-origin-jpeg.jpeg?dr=15568&amp;nonce=78307&amp;refresh_token=f63d3f40889a1cbff39ca463e0a25020&amp;from=476444299&amp;idc=my&amp;ps=933b5bde&amp;shcp=9b759fb9&amp;shp=1c65f68b&amp;t=555f072d\" alt=\"Icy Crafted as Parrot - Sold - This is a Icy Parrot with green\" width=\"1080\" height=\"1080\" \/><\/p>\n<p>Este deslumbrante pingente de jade n\u00e3o \u00e9 apenas um acess\u00f3rio; \u00e9 uma pe\u00e7a marcante que incorpora a beleza e o artesanato da natureza.<\/p>\n<p>&nbsp;<\/p>\n<p><strong>A jade\u00edta natural n\u00e3o \u00e9 perfeita, apenas um lembrete gentil, nossa jade\u00edta natural, como todas as coisas bonitas da natureza, vem com suas caracter\u00edsticas e varia\u00e7\u00f5es \u00fanicas. Convidamos nossos valiosos clientes a abra\u00e7ar essas varia\u00e7\u00f5es naturais. Boas compras!<\/strong><\/p>\n<p>&nbsp;<\/p>\n<p><strong><u>Nenhuma das fotos e filmagens de v\u00eddeo foram filtradas. Incentivamos nossos clientes a tamb\u00e9m assistirem aos v\u00eddeos que os acompanham para uma vis\u00e3o mais abrangente de nossos produtos<\/u><\/strong><\/p>\n<p>&nbsp;<\/p>\n<ul>\n<li>Diferentes plataformas s\u00f3 podem visualizar v\u00eddeos por meio do Desktop<\/li>\n<\/ul>","protected":false},"excerpt":{"rendered":"<p>Icy Crafted as Parrot &#8211; Sold &#8211; This is a Icy Parrot with green<\/p>","protected":false},"featured_media":14602,"comment_status":"open","ping_status":"closed","template":"","meta":[],"product_brand":[],"product_cat":[194],"product_tag":[52,55,58,73,59,60,61],"class_list":{"0":"post-14597","1":"product","2":"type-product","3":"status-publish","4":"has-post-thumbnail","6":"product_cat-value-picks","7":"product_tag-certified","8":"product_tag-jadeite","9":"product_tag-new-arrivals","10":"product_tag-pendant","11":"product_tag-translucent","12":"product_tag-type-a-jadeite","13":"product_tag-unisex","15":"first","16":"outofstock","17":"sale","18":"shipping-taxable","19":"purchasable","20":"product-type-simple"},"_links":{"self":[{"href":"https:\/\/shop.yipinqian.com\/pt\/wp-json\/wp\/v2\/product\/14597","targetHints":{"allow":["GET"]}}],"collection":[{"href":"https:\/\/shop.yipinqian.com\/pt\/wp-json\/wp\/v2\/product"}],"about":[{"href":"https:\/\/shop.yipinqian.com\/pt\/wp-json\/wp\/v2\/types\/product"}],"replies":[{"embeddable":true,"href":"https:\/\/shop.yipinqian.com\/pt\/wp-json\/wp\/v2\/comments?post=14597"}],"version-history":[{"count":0,"href":"https:\/\/shop.yipinqian.com\/pt\/wp-json\/wp\/v2\/product\/14597\/revisions"}],"wp:featuredmedia":[{"embeddable":true,"href":"https:\/\/shop.yipinqian.com\/pt\/wp-json\/wp\/v2\/media\/14602"}],"wp:attachment":[{"href":"https:\/\/shop.yipinqian.com\/pt\/wp-json\/wp\/v2\/media?parent=14597"}],"wp:term":[{"taxonomy":"product_brand","embeddable":true,"href":"https:\/\/shop.yipinqian.com\/pt\/wp-json\/wp\/v2\/product_brand?post=14597"},{"taxonomy":"product_cat","embeddable":true,"href":"https:\/\/shop.yipinqian.com\/pt\/wp-json\/wp\/v2\/product_cat?post=14597"},{"taxonomy":"product_tag","embeddable":true,"href":"https:\/\/shop.yipinqian.com\/pt\/wp-json\/wp\/v2\/product_tag?post=14597"}],"curies":[{"name":"wp","href":"https:\/\/api.w.org\/{rel}","templated":true}]}}