{"id":1456,"date":"2024-10-24T23:19:20","date_gmt":"2024-10-24T15:19:20","guid":{"rendered":"https:\/\/shop.yipinqian.com\/product\/high-quality-yellow-with-light-green-natural-type-a-jadeite-jade-crafted-with-buddha-and-monk-as-pendant-certificate-weigh-54-87-grams-measurement-71-6-35-6-9-5-mm-pendant262\/"},"modified":"2025-02-24T01:17:30","modified_gmt":"2025-02-23T17:17:30","slug":"high-quality-yellow-with-light-green-natural-type-a-jadeite-jade-crafted-with-buddha-and-monk-as-pendant-certificate-weigh-54-87-grams-measurement-71-6-35-6-9-5-mm-pendant262","status":"publish","type":"product","link":"https:\/\/shop.yipinqian.com\/pt\/produto\/high-quality-yellow-with-light-green-natural-type-a-jadeite-jade-crafted-with-buddha-and-monk-as-pendant-certificate-weigh-54-87-grams-measurement-71-6-35-6-9-5-mm-pendant262\/","title":{"rendered":"High Quality Yellow with Light Green Natural Type A Jadeite Jade crafted with Buddha and Monk as Pendant, certificate weigh 54.87 grams, measurement 71.6 * 35.6 * 9.5 mm (pendant262)"},"content":{"rendered":"<p><span><\/span><\/p>\n<p><span>This High Quality Yellow with Light Green Natural Type A Jadeite Jade necklace features a beautifully crafted pendant depicting Buddha and Monk, exuding a serene and spiritual aura.<\/span><\/p>\n<p><span><\/span><\/p>\n<p><span>Certificate numbers: ZSJ12205051934<\/span><\/p>\n<p><span><\/span><\/p>\n<p><img fetchpriority=\"high\" decoding=\"async\" height=\"1080\" src=\"https:\/\/shop.yipinqian.com\/wp-content\/uploads\/2024\/10\/5b9cd9c7725e6223040ffbb07f3d5f93.jpg?from=476444299\" width=\"1080\"><\/p>\n<ul>\n<li>Com Certificado: Sim<\/li>\n<li>Pa\u00eds de origem: Mianmar<\/li>\n<li>Ocasi\u00e3o: Auspicioso<\/li>\n<li>Tipo de garantia: N\u00e3o<\/li>\n<li>G\u00eanero: Unissex<\/li>\n<li>Tipo de Jade: Jade\u00edta<\/li>\n<li>Estilo de colar: Casual<\/li>\n<\/ul>\n<p><span>The pendant weighs 54.87 grams and has dimensions of 71.6 * 35.6 * 9.5 mm (pendant262), making it a substantial yet elegant piece of jewelry.<\/span><\/p>\n<p><span>Add a touch of tranquility and style to your look with this exquisite jade necklace, perfect for both daily wear or special occasions.<\/span><\/p>\n<p><span><\/span><\/p>\n<p><span>Yi Pin Qian \u2013 Um negociante de pedras preciosas e metais preciosos em Cingapura \u2013 N\u00famero de licen\u00e7a PS20190000031<\/span><\/p>\n<p><span><\/span><\/p>\n<p><span>*Todos os Jadeites comprados de Yi Pin Qian em Cingapura, os clientes podem reservar hor\u00e1rios para polimento ou pequenos reparos por manuseio incorreto - taxas se aplicam e somente para clientes de Yi Pin Qian em Cingapura*<\/span><\/p>\n<p><span><\/span><\/p>\n<p><span><strong>**Tipos de Certificados**<\/strong><\/span><\/p>\n<p><span><\/span><\/p>\n<p><span><strong>NGI (Nan Yang Gemol\u00f3gico)<\/strong><\/span><\/p>\n<p><span>ou <strong>Certificados no exterior <\/strong>(Yi Pin Qian usa apenas certificados aut\u00eanticos de laborat\u00f3rios estrangeiros e tamb\u00e9m controla a qualidade de cada um dos nossos produtos antes de coloc\u00e1-los \u00e0 venda em Cingapura)<\/span><\/p>\n<p><span><\/span><\/p>\n<p><span>Cada produto no TikTok ter\u00e1 o tipo de certificado fornecido indicado na descri\u00e7\u00e3o. Para qualquer cliente que deseje enviar seu pedido para a NGI Singapore, haver\u00e1 um tempo de espera para entrega do pedido estimado em torno de 4 semanas para receber seu pedido. <strong>As solicita\u00e7\u00f5es de relat\u00f3rios da NGI Gemstone precisam ser feitas por mensagem para a loja Yi Pin Qian TikTok.<\/strong> Obrigado, <strong><u>taxas extras se aplicam<\/u><\/strong>.<\/span><\/p>\n<p><span><\/span><\/p>\n<p><span><strong>A jade\u00edta natural n\u00e3o \u00e9 perfeita, apenas um lembrete gentil, nossa jade\u00edta natural, como todas as coisas bonitas da natureza, vem com suas caracter\u00edsticas e varia\u00e7\u00f5es \u00fanicas. Convidamos nossos valiosos clientes a abra\u00e7ar essas varia\u00e7\u00f5es naturais. Boas compras!<\/strong><\/span><\/p>\n<p><span><\/span><\/p>\n<p><span><strong><u>Nenhuma das fotos e filmagens de v\u00eddeo foram filtradas. Incentivamos nossos clientes a tamb\u00e9m assistirem aos v\u00eddeos que os acompanham para uma vis\u00e3o mais abrangente de nossos produtos<\/u><\/strong><\/span><\/p>\n<p><span><\/span><\/p>\n<p><span><\/span><\/p>","protected":false},"excerpt":{"rendered":"<p>This High Quality Yellow with Light Green Natural Type A Jadeite Jade necklace features a beautifully crafted pendant depicting Buddha and Monk, exuding a serene and spiritual aura. Certificate numbers: ZSJ12205051934 With Certificate: Yes Country of Origin: Myanmar Occasion: Auspicious Warranty Type: No Gender: Unisex Jade Type: Jadeite Necklace Style: Casual The pendant weighs 54.87 [&hellip;]<\/p>","protected":false},"featured_media":4931,"comment_status":"open","ping_status":"closed","template":"","meta":[],"product_brand":[],"product_cat":[195],"product_tag":[],"class_list":{"0":"post-1456","1":"product","2":"type-product","3":"status-publish","4":"has-post-thumbnail","6":"product_cat-heirloom-grade","8":"first","9":"instock","10":"sale","11":"shipping-taxable","12":"purchasable","13":"product-type-simple"},"_links":{"self":[{"href":"https:\/\/shop.yipinqian.com\/pt\/wp-json\/wp\/v2\/product\/1456","targetHints":{"allow":["GET"]}}],"collection":[{"href":"https:\/\/shop.yipinqian.com\/pt\/wp-json\/wp\/v2\/product"}],"about":[{"href":"https:\/\/shop.yipinqian.com\/pt\/wp-json\/wp\/v2\/types\/product"}],"replies":[{"embeddable":true,"href":"https:\/\/shop.yipinqian.com\/pt\/wp-json\/wp\/v2\/comments?post=1456"}],"version-history":[{"count":0,"href":"https:\/\/shop.yipinqian.com\/pt\/wp-json\/wp\/v2\/product\/1456\/revisions"}],"wp:featuredmedia":[{"embeddable":true,"href":"https:\/\/shop.yipinqian.com\/pt\/wp-json\/wp\/v2\/media\/4931"}],"wp:attachment":[{"href":"https:\/\/shop.yipinqian.com\/pt\/wp-json\/wp\/v2\/media?parent=1456"}],"wp:term":[{"taxonomy":"product_brand","embeddable":true,"href":"https:\/\/shop.yipinqian.com\/pt\/wp-json\/wp\/v2\/product_brand?post=1456"},{"taxonomy":"product_cat","embeddable":true,"href":"https:\/\/shop.yipinqian.com\/pt\/wp-json\/wp\/v2\/product_cat?post=1456"},{"taxonomy":"product_tag","embeddable":true,"href":"https:\/\/shop.yipinqian.com\/pt\/wp-json\/wp\/v2\/product_tag?post=1456"}],"curies":[{"name":"wp","href":"https:\/\/api.w.org\/{rel}","templated":true}]}}