{"id":1450,"date":"2024-10-24T23:19:17","date_gmt":"2024-10-24T15:19:17","guid":{"rendered":"https:\/\/shop.yipinqian.com\/product\/high-quality-premium-collectible-natural-type-a-jadeite-jade-pendant-necklace-crafted-as-dragon-with-certificate-included-weigh-59-65-grams-measurement-69-3-36-5-18-3-mm-pendant186\/"},"modified":"2025-02-24T01:34:19","modified_gmt":"2025-02-23T17:34:19","slug":"high-quality-premium-collectible-natural-type-a-jadeite-jade-pendant-necklace-crafted-as-dragon-with-certificate-included-weigh-59-65-grams-measurement-69-3-36-5-18-3-mm-pendant186","status":"publish","type":"product","link":"https:\/\/shop.yipinqian.com\/pt\/produto\/high-quality-premium-collectible-natural-type-a-jadeite-jade-pendant-necklace-crafted-as-dragon-with-certificate-included-weigh-59-65-grams-measurement-69-3-36-5-18-3-mm-pendant186\/","title":{"rendered":"High Quality Premium Collectible Natural Type A Jadeite Jade Pendant Necklace crafted as Dragon with certificate included weigh 59.65 grams, measurement 69.3 * 36.5 * 18.3 mm (pendant186)"},"content":{"rendered":"<p>Elevate your jewelry collection with this stunning High Quality Premium Collectible Natural Type A Jadeite Jade Pendant Necklace. Crafted in the shape of a dragon, this exquisite piece weighs 59.65 grams and measures 69.3 * 36.5 * 18.3 mm (pendant186), making it a true statement piece.<\/p>\n<p><\/p>\n<p><strong>Certificate numbers: SZ21253000<\/strong><\/p>\n<ul>\n<li>\n<strong>Jade\u00edta natural tipo A:<\/strong> Made from natural type A jadeite, this pendant necklace is of the highest quality and sure to impress.<\/li>\n<li>\n<strong>Com Certificado:<\/strong> Comes with a certificate of authenticity to ensure its quality and value.<\/li>\n<li>\n<strong>Estilo de colar elegante:<\/strong> The elegant necklace style makes it perfect for daily wear or special occasions.<\/li>\n<\/ul>\n<p>Hailing from Myanmar, also known as Burma, this stunning pendant necklace is perfect for both men and women due to its unisex design &#8211; making it an ideal gift for anyone in your life who loves high-quality jewelry pieces that are sure to make an impression.<\/p>\n<ul>\n<li>\n<strong>OCASI\u00c3O:<\/strong>Desgaste di\u00e1rio<\/li>\n<\/ul>\n<p>Please note that while there is no warranty associated with this product, you can rest assured knowing you are getting a high-quality piece that will stand the test of time thanks to its expert craftsmanship using only premium materials &#8211; like natural type A jadeite &#8211; throughout every step of production process!<\/p>\n<p><\/p>\n<p>Yi Pin Qian \u2013 Um negociante de pedras preciosas e metais preciosos em Cingapura \u2013 N\u00famero de licen\u00e7a PS20190000031<\/p>\n<p><\/p>\n<p>*Todos os Jadeites comprados de Yi Pin Qian em Cingapura, os clientes podem reservar hor\u00e1rios para polimento ou pequenos reparos por manuseio incorreto - taxas se aplicam e somente para clientes de Yi Pin Qian em Cingapura*<\/p>\n<p><\/p>\n<p><strong>**Tipos de Certificados**<\/strong><\/p>\n<p><\/p>\n<p><strong>NGI (Nan Yang Gemol\u00f3gico)<\/strong><\/p>\n<p>ou <strong>Certificados no exterior <\/strong>(Yi Pin Qian usa apenas certificados aut\u00eanticos de laborat\u00f3rios estrangeiros e tamb\u00e9m controla a qualidade de cada um dos nossos produtos antes de coloc\u00e1-los \u00e0 venda em Cingapura)<\/p>\n<p><\/p>\n<p>Cada produto no TikTok ter\u00e1 o tipo de certificado fornecido indicado na descri\u00e7\u00e3o. Para qualquer cliente que deseje enviar seu pedido para a NGI Singapore, haver\u00e1 um tempo de espera para entrega do pedido estimado em torno de 4 semanas para receber seu pedido. <strong>As solicita\u00e7\u00f5es de relat\u00f3rios da NGI Gemstone precisam ser feitas por mensagem para a loja Yi Pin Qian TikTok.<\/strong> Obrigado, <strong><u>taxas extras se aplicam<\/u><\/strong>.<\/p>\n<p><\/p>\n<p><strong>A jade\u00edta natural n\u00e3o \u00e9 perfeita, apenas um lembrete gentil, nossa jade\u00edta natural, como todas as coisas bonitas da natureza, vem com suas caracter\u00edsticas e varia\u00e7\u00f5es \u00fanicas. Convidamos nossos valiosos clientes a abra\u00e7ar essas varia\u00e7\u00f5es naturais. Boas compras!<\/strong><\/p>\n<p><\/p>\n<p><strong><u>Nenhuma das fotos e filmagens de v\u00eddeo foram filtradas. Incentivamos nossos clientes a tamb\u00e9m assistirem aos v\u00eddeos que os acompanham para uma vis\u00e3o mais abrangente de nossos produtos<\/u><\/strong><\/p>","protected":false},"excerpt":{"rendered":"<p>Elevate your jewelry collection with this stunning High Quality Premium Collectible Natural Type A Jadeite Jade Pendant Necklace. Crafted in the shape of a dragon, this exquisite piece weighs 59.65 grams and measures 69.3 * 36.5 * 18.3 mm (pendant186), making it a true statement piece. Certificate numbers: SZ21253000 Natural Type A Jadeite: Made from [&hellip;]<\/p>","protected":false},"featured_media":4857,"comment_status":"open","ping_status":"closed","template":"","meta":[],"product_brand":[],"product_cat":[196],"product_tag":[],"class_list":{"0":"post-1450","1":"product","2":"type-product","3":"status-publish","4":"has-post-thumbnail","6":"product_cat-vault-collection","8":"first","9":"instock","10":"sale","11":"shipping-taxable","12":"purchasable","13":"product-type-simple"},"_links":{"self":[{"href":"https:\/\/shop.yipinqian.com\/pt\/wp-json\/wp\/v2\/product\/1450","targetHints":{"allow":["GET"]}}],"collection":[{"href":"https:\/\/shop.yipinqian.com\/pt\/wp-json\/wp\/v2\/product"}],"about":[{"href":"https:\/\/shop.yipinqian.com\/pt\/wp-json\/wp\/v2\/types\/product"}],"replies":[{"embeddable":true,"href":"https:\/\/shop.yipinqian.com\/pt\/wp-json\/wp\/v2\/comments?post=1450"}],"version-history":[{"count":0,"href":"https:\/\/shop.yipinqian.com\/pt\/wp-json\/wp\/v2\/product\/1450\/revisions"}],"wp:featuredmedia":[{"embeddable":true,"href":"https:\/\/shop.yipinqian.com\/pt\/wp-json\/wp\/v2\/media\/4857"}],"wp:attachment":[{"href":"https:\/\/shop.yipinqian.com\/pt\/wp-json\/wp\/v2\/media?parent=1450"}],"wp:term":[{"taxonomy":"product_brand","embeddable":true,"href":"https:\/\/shop.yipinqian.com\/pt\/wp-json\/wp\/v2\/product_brand?post=1450"},{"taxonomy":"product_cat","embeddable":true,"href":"https:\/\/shop.yipinqian.com\/pt\/wp-json\/wp\/v2\/product_cat?post=1450"},{"taxonomy":"product_tag","embeddable":true,"href":"https:\/\/shop.yipinqian.com\/pt\/wp-json\/wp\/v2\/product_tag?post=1450"}],"curies":[{"name":"wp","href":"https:\/\/api.w.org\/{rel}","templated":true}]}}