{"id":1441,"date":"2024-10-24T23:19:13","date_gmt":"2024-10-24T15:19:13","guid":{"rendered":"https:\/\/shop.yipinqian.com\/product\/high-quality-light-lavender-natural-type-a-jadeite-jade-crafted-as-guanyin-set-with-18k-gold-clasp-as-pendant-certificate-weighs-14-87-grams-measurement-46-6-28-2-6-5-mm-18kp58\/"},"modified":"2025-02-24T01:17:30","modified_gmt":"2025-02-23T17:17:30","slug":"high-quality-light-lavender-natural-type-a-jadeite-jade-crafted-as-guanyin-set-with-18k-gold-clasp-as-pendant-certificate-weighs-14-87-grams-measurement-46-6-28-2-6-5-mm-18kp58","status":"publish","type":"product","link":"https:\/\/shop.yipinqian.com\/pt\/produto\/high-quality-light-lavender-natural-type-a-jadeite-jade-crafted-as-guanyin-set-with-18k-gold-clasp-as-pendant-certificate-weighs-14-87-grams-measurement-46-6-28-2-6-5-mm-18kp58\/","title":{"rendered":"Jade\u00edte natural tipo A de lavanda clara de alta qualidade, trabalhada como Guanyin, com fecho de ouro 18k como pingente, o certificado pesa 14,87 gramas, medindo 46,6 * 28,2 * 6,5 mm (18kp58)"},"content":{"rendered":"<p>This exquisite pendant feature high-quality light lavender natural Type A Jadeite Jade crafted as Guanyin, set with an 18k gold clasp. A symbol of elegance and spirituality.<\/p>\n<p><\/p>\n<p>Certificate numbers: GD2111H006108<\/p>\n<p>18k Gold Clasp: 0.43 grams<\/p>\n<ul>\n<li>\n<strong>Material:<\/strong> PT\/Ouro Quilate<\/li>\n<li>\n<strong>Tipo de Jade:<\/strong> Jade\u00edta<\/li>\n<li>\n<strong>Estilo de colar:<\/strong> Casual<\/li>\n<li>\n<strong>Certificado inclu\u00eddo:<\/strong> Sim<\/li>\n<\/ul>\n<p>Weighing 14.87 grams and measuring at 46.6 x 28.2 x 6.5 mm, this pendant is a unique piece perfect for auspicious occasions.<\/p>\n<p>Add a touch of sophistication to your jewelry collection with this stunning jade pendant that exudes both beauty and cultural significance.<\/p>\n<p><\/p>\n<p>Yi Pin Qian \u2013 Um negociante de pedras preciosas e metais preciosos em Cingapura \u2013 N\u00famero de licen\u00e7a PS20190000031<\/p>\n<p><\/p>\n<p>*Todos os Jadeites comprados de Yi Pin Qian em Cingapura, os clientes podem reservar hor\u00e1rios para polimento ou pequenos reparos por manuseio incorreto - taxas se aplicam e somente para clientes de Yi Pin Qian em Cingapura*<\/p>\n<p><\/p>\n<p><strong>**Tipos de Certificados**<\/strong><\/p>\n<p><\/p>\n<p><strong>NGI (Nan Yang Gemol\u00f3gico)<\/strong><\/p>\n<p>ou <strong>Certificados no exterior <\/strong>(Yi Pin Qian usa apenas certificados aut\u00eanticos de laborat\u00f3rios estrangeiros e tamb\u00e9m controla a qualidade de cada um dos nossos produtos antes de coloc\u00e1-los \u00e0 venda em Cingapura)<\/p>\n<p><\/p>\n<p>Cada produto no TikTok ter\u00e1 o tipo de certificado fornecido indicado na descri\u00e7\u00e3o. Para qualquer cliente que deseje enviar seu pedido para a NGI Singapore, haver\u00e1 um tempo de espera para entrega do pedido estimado em torno de 4 semanas para receber seu pedido. <strong>As solicita\u00e7\u00f5es de relat\u00f3rios da NGI Gemstone precisam ser feitas por mensagem para a loja Yi Pin Qian TikTok.<\/strong> Obrigado, <strong><u>taxas extras se aplicam<\/u><\/strong>.<\/p>\n<p><\/p>\n<p><strong>A jade\u00edta natural n\u00e3o \u00e9 perfeita, apenas um lembrete gentil, nossa jade\u00edta natural, como todas as coisas bonitas da natureza, vem com suas caracter\u00edsticas e varia\u00e7\u00f5es \u00fanicas. Convidamos nossos valiosos clientes a abra\u00e7ar essas varia\u00e7\u00f5es naturais. Boas compras!<\/strong><\/p>\n<p><\/p>\n<p><strong><u>Nenhuma das fotos e filmagens de v\u00eddeo foram filtradas. Incentivamos nossos clientes a tamb\u00e9m assistirem aos v\u00eddeos que os acompanham para uma vis\u00e3o mais abrangente de nossos produtos<\/u><\/strong><\/p>","protected":false},"excerpt":{"rendered":"<p>This exquisite pendant feature high-quality light lavender natural Type A Jadeite Jade crafted as Guanyin, set with an 18k gold clasp. A symbol of elegance and spirituality. Certificate numbers: GD2111H006108 18k Gold Clasp: 0.43 grams Material: PT\/Carat Gold Jade Type: Jadeite Necklace Style: Casual Certificate Included: Yes Weighing 14.87 grams and measuring at 46.6 x [&hellip;]<\/p>","protected":false},"featured_media":4733,"comment_status":"open","ping_status":"closed","template":"","meta":[],"product_brand":[],"product_cat":[195],"product_tag":[50,52,69,53,107,55,77,56,73,75,60,62],"class_list":{"0":"post-1441","1":"product","2":"type-product","3":"status-publish","4":"has-post-thumbnail","6":"product_cat-heirloom-grade","7":"product_tag-18k-gold","8":"product_tag-certified","9":"product_tag-clasp","10":"product_tag-fine-quality","11":"product_tag-guanyin","12":"product_tag-jadeite","13":"product_tag-lavender","14":"product_tag-limited-editions","15":"product_tag-pendant","16":"product_tag-traditional","17":"product_tag-type-a-jadeite","18":"product_tag-yi-pin-qian-exclusive","20":"first","21":"instock","22":"sale","23":"shipping-taxable","24":"purchasable","25":"product-type-simple"},"_links":{"self":[{"href":"https:\/\/shop.yipinqian.com\/pt\/wp-json\/wp\/v2\/product\/1441","targetHints":{"allow":["GET"]}}],"collection":[{"href":"https:\/\/shop.yipinqian.com\/pt\/wp-json\/wp\/v2\/product"}],"about":[{"href":"https:\/\/shop.yipinqian.com\/pt\/wp-json\/wp\/v2\/types\/product"}],"replies":[{"embeddable":true,"href":"https:\/\/shop.yipinqian.com\/pt\/wp-json\/wp\/v2\/comments?post=1441"}],"version-history":[{"count":0,"href":"https:\/\/shop.yipinqian.com\/pt\/wp-json\/wp\/v2\/product\/1441\/revisions"}],"wp:featuredmedia":[{"embeddable":true,"href":"https:\/\/shop.yipinqian.com\/pt\/wp-json\/wp\/v2\/media\/4733"}],"wp:attachment":[{"href":"https:\/\/shop.yipinqian.com\/pt\/wp-json\/wp\/v2\/media?parent=1441"}],"wp:term":[{"taxonomy":"product_brand","embeddable":true,"href":"https:\/\/shop.yipinqian.com\/pt\/wp-json\/wp\/v2\/product_brand?post=1441"},{"taxonomy":"product_cat","embeddable":true,"href":"https:\/\/shop.yipinqian.com\/pt\/wp-json\/wp\/v2\/product_cat?post=1441"},{"taxonomy":"product_tag","embeddable":true,"href":"https:\/\/shop.yipinqian.com\/pt\/wp-json\/wp\/v2\/product_tag?post=1441"}],"curies":[{"name":"wp","href":"https:\/\/api.w.org\/{rel}","templated":true}]}}