{"id":14404,"date":"2024-12-07T09:35:03","date_gmt":"2024-12-07T01:35:03","guid":{"rendered":"https:\/\/shop.yipinqian.com\/crafted-as-dragon-pendant-on-high-quality-natural-type-a-jadeite-jade-certificate-weighs-52-19-grams-measurement-52-8-36-9-22-5-mm-pendant372\/"},"modified":"2025-01-26T00:00:49","modified_gmt":"2025-01-25T16:00:49","slug":"crafted-as-dragon-pendant-on-high-quality-natural-type-a-jadeite-jade-certificate-weighs-52-19-grams-measurement-52-8-36-9-22-5-mm-pendant372","status":"publish","type":"product","link":"https:\/\/shop.yipinqian.com\/pt\/produto\/crafted-as-dragon-pendant-on-high-quality-natural-type-a-jadeite-jade-certificate-weighs-52-19-grams-measurement-52-8-36-9-22-5-mm-pendant372\/","title":{"rendered":"Feito como pingente de drag\u00e3o amarelo em jade\u00edte natural tipo A de alta qualidade, o certificado pesa 52,19 gramas, medindo 52,8 * 36,9 * 22,5 mm (pendant372)"},"content":{"rendered":"<p>Este deslumbrante Pingente de Drag\u00e3o \u00e9 feito de Jade\u00edta Tipo A natural de alta qualidade, origin\u00e1ria de Mianmar. O pingente pesa 52,19 gramas e mede 52,8 * 36,9 * 22,5 mm.<\/p>\n<p><\/p>\n<p>N\u00fameros de certificado: GD2112H009363<\/p>\n<p><img fetchpriority=\"high\" decoding=\"async\" src=\"https:\/\/shop.yipinqian.com\/wp-content\/uploads\/2024\/12\/febfa5c7a33844e6ae6fe06cfc19a93ctplv-aphluv4xwc-origin-jpeg.jpeg?dr=15568&#038;nonce=73658&#038;refresh_token=72bda8d46044e56d227f78ca8e6f77d5&#038;from=476444299&#038;idc=my2&#038;ps=933b5bde&#038;shcp=9b759fb9&#038;shp=1c65f68b&#038;t=555f072d\" width=\"1536\" height=\"2048\"><\/p>\n<ul>\n<li>\n<strong>Com Certificado:<\/strong> Sim<\/li>\n<li>\n<strong>Ocasi\u00e3o:<\/strong> Di\u00e1rio<\/li>\n<li>\n<strong>G\u00eanero:<\/strong> Unissex<\/li>\n<li>\n<strong>Tipo de Jade:<\/strong> Jade\u00edta<\/li>\n<li><strong>Estilo de colar: Adicione um toque de eleg\u00e2ncia e simbolismo ao seu visual di\u00e1rio com este requintado Pingente de Drag\u00e3o, simbolizando poder, for\u00e7a e boa sorte. Sem garantia.<\/strong><\/li>\n<\/ul>\n<p><img decoding=\"async\" src=\"https:\/\/shop.yipinqian.com\/wp-content\/uploads\/2024\/12\/2b7ddb45ca2843f5a19b71df42edbc72tplv-aphluv4xwc-origin-jpeg.jpeg?dr=15568&#038;nonce=51286&#038;refresh_token=594f46ffaa8d8120f53565ef50f08c69&#038;from=476444299&#038;idc=my2&#038;ps=933b5bde&#038;shcp=9b759fb9&#038;shp=1c65f68b&#038;t=555f072d\" width=\"1080\" height=\"1080\"><\/p>\n<p>Yi Pin Qian \u2013 Um negociante de pedras preciosas e metais preciosos em Cingapura \u2013 N\u00famero de licen\u00e7a PS20190000031<\/p>\n<p><\/p>\n<p>*Todos os Jadeites comprados de Yi Pin Qian em Cingapura, os clientes podem reservar hor\u00e1rios para polimento ou pequenos reparos por manuseio incorreto - taxas se aplicam e somente para clientes de Yi Pin Qian em Cingapura*<\/p>\n<p><\/p>\n<p><strong>**Tipos de Certificados**<\/strong><\/p>\n<p><\/p>\n<p><strong>NGI (Nan Yang Gemol\u00f3gico)<\/strong><\/p>\n<p>ou <strong>Certificados no exterior <\/strong>(Yi Pin Qian usa apenas certificados aut\u00eanticos de laborat\u00f3rios estrangeiros e tamb\u00e9m controla a qualidade de cada um dos nossos produtos antes de coloc\u00e1-los \u00e0 venda em Cingapura)<\/p>\n<p><\/p>\n<p>Cada produto ter\u00e1 o tipo de certificado fornecido indicado na descri\u00e7\u00e3o. Para qualquer cliente que deseje enviar seu pedido para NGI Singapore, <strong>As solicita\u00e7\u00f5es de relat\u00f3rios de pedras preciosas da NGI precisam ser feitas por mensagem.<\/strong> Obrigado, <strong><u>taxas extras se aplicam<\/u><\/strong> \u2013 $90 para jade\u00edta \/ $150 para jade\u00edta com ouro 18k \u2013 n\u00e3o \u00e9 obrigat\u00f3rio, pois a maioria dos nossos produtos j\u00e1 veio com certificado internacional ou relat\u00f3rio NGI. <\/p>\n<p><\/p>\n<p>(Para mais detalhes ou solicita\u00e7\u00e3o adicional: <strong>Por favor, envie-nos uma mensagem no TikTok se desejar enviar o item adquirido para teste no laborat\u00f3rio NGI<\/strong>)<\/p>\n<p><\/p>\n<p><strong>A jade\u00edta natural n\u00e3o \u00e9 perfeita, apenas um lembrete gentil, nossa jade\u00edta natural, como todas as coisas bonitas da natureza, vem com suas caracter\u00edsticas e varia\u00e7\u00f5es \u00fanicas. Convidamos nossos valiosos clientes a abra\u00e7ar essas varia\u00e7\u00f5es naturais. Boas compras!<\/strong><\/p>\n<p><\/p>\n<p><strong><u>Nenhuma das fotos e filmagens de v\u00eddeo foram filtradas. Incentivamos nossos clientes a tamb\u00e9m assistirem aos v\u00eddeos que os acompanham para uma vis\u00e3o mais abrangente de nossos produtos<\/u><\/strong><\/p>\n<p><\/p>\n<ul>\n<li>Diferentes plataformas s\u00f3 podem visualizar v\u00eddeos por meio do Desktop<\/li>\n<\/ul>","protected":false},"excerpt":{"rendered":"<p>This stunning Dragon Pendant is crafted from high-quality natural Type A Jadeite Jade, originating from Myanmar. The pendant weighs 52.19 grams and measures 52.8 * 36.9 * 22.5 mm. Certificate numbers: GD2112H009363 With Certificate: Yes Occasion: Daily Gender: Unisex Jade Type: Jadeite Necklace Style:Add a touch of elegance and symbolism to your daily look with [&hellip;]<\/p>","protected":false},"featured_media":14438,"comment_status":"open","ping_status":"closed","template":"","meta":[],"product_brand":[],"product_cat":[83,126,48],"product_tag":[139,52,78,65,55,56,58,73,91,75,60,61,68,62],"class_list":{"0":"post-14404","1":"product","2":"type-product","3":"status-publish","4":"has-post-thumbnail","6":"product_cat-jade-necklaces-pendants","7":"product_cat-new-arrivals","8":"product_cat-pendants","9":"product_tag-brown","10":"product_tag-certified","11":"product_tag-dragon","12":"product_tag-high-quality","13":"product_tag-jadeite","14":"product_tag-limited-editions","15":"product_tag-new-arrivals","16":"product_tag-pendant","17":"product_tag-red-patches","18":"product_tag-traditional","19":"product_tag-type-a-jadeite","20":"product_tag-unisex","21":"product_tag-yellow","22":"product_tag-yi-pin-qian-exclusive","24":"first","25":"instock","26":"sale","27":"shipping-taxable","28":"purchasable","29":"product-type-simple"},"_links":{"self":[{"href":"https:\/\/shop.yipinqian.com\/pt\/wp-json\/wp\/v2\/product\/14404","targetHints":{"allow":["GET"]}}],"collection":[{"href":"https:\/\/shop.yipinqian.com\/pt\/wp-json\/wp\/v2\/product"}],"about":[{"href":"https:\/\/shop.yipinqian.com\/pt\/wp-json\/wp\/v2\/types\/product"}],"replies":[{"embeddable":true,"href":"https:\/\/shop.yipinqian.com\/pt\/wp-json\/wp\/v2\/comments?post=14404"}],"version-history":[{"count":0,"href":"https:\/\/shop.yipinqian.com\/pt\/wp-json\/wp\/v2\/product\/14404\/revisions"}],"wp:featuredmedia":[{"embeddable":true,"href":"https:\/\/shop.yipinqian.com\/pt\/wp-json\/wp\/v2\/media\/14438"}],"wp:attachment":[{"href":"https:\/\/shop.yipinqian.com\/pt\/wp-json\/wp\/v2\/media?parent=14404"}],"wp:term":[{"taxonomy":"product_brand","embeddable":true,"href":"https:\/\/shop.yipinqian.com\/pt\/wp-json\/wp\/v2\/product_brand?post=14404"},{"taxonomy":"product_cat","embeddable":true,"href":"https:\/\/shop.yipinqian.com\/pt\/wp-json\/wp\/v2\/product_cat?post=14404"},{"taxonomy":"product_tag","embeddable":true,"href":"https:\/\/shop.yipinqian.com\/pt\/wp-json\/wp\/v2\/product_tag?post=14404"}],"curies":[{"name":"wp","href":"https:\/\/api.w.org\/{rel}","templated":true}]}}