{"id":1440,"date":"2024-10-24T23:19:13","date_gmt":"2024-10-24T15:19:13","guid":{"rendered":"https:\/\/shop.yipinqian.com\/product\/high-quality-light-green-with-yellow-natural-type-a-jadeite-jade-crafted-with-sceneries-as-pendant-certificate-weighs-78-02-grams-measurement-66-1-40-5-13-3-mm-pendant280\/"},"modified":"2025-02-24T01:17:30","modified_gmt":"2025-02-23T17:17:30","slug":"high-quality-light-green-with-yellow-natural-type-a-jadeite-jade-crafted-with-sceneries-as-pendant-certificate-weighs-78-02-grams-measurement-66-1-40-5-13-3-mm-pendant280","status":"publish","type":"product","link":"https:\/\/shop.yipinqian.com\/pt\/produto\/high-quality-light-green-with-yellow-natural-type-a-jadeite-jade-crafted-with-sceneries-as-pendant-certificate-weighs-78-02-grams-measurement-66-1-40-5-13-3-mm-pendant280\/","title":{"rendered":"High Quality Light Green with Yellow Natural Type A Jadeite Jade crafted with sceneries as Pendant, certificate weighs 78.02 grams, measurement 66.1 * 40.5 * 13.3 mm (pendant280)"},"content":{"rendered":"<p>This exquisite pendant features high-quality Light Green with Yellow Natural Type A Jadeite Jade, meticulously crafted with beautiful sceneries.<\/p>\n<p>\u00a0<\/p>\n<p>Certificate numbers: GD2110H008982<\/p>\n<p><img fetchpriority=\"high\" decoding=\"async\" height=\"1080\" src=\"https:\/\/shop.yipinqian.com\/wp-content\/uploads\/2024\/10\/97748fe60590583008bd83c756cb4338.jpg?from=476444299\" width=\"1080\"><\/p>\n<ul>\n<li>High-Quality Craftsmanship<\/li>\n<li>Natural Type A Jadeite Material<\/li>\n<li>Unique Scenery Design<\/li>\n<li>The pendant comes with a certificate verifying its authenticity and quality.<\/li>\n<\/ul>\n<p><img decoding=\"async\" height=\"1080\" src=\"https:\/\/shop.yipinqian.com\/wp-content\/uploads\/2024\/10\/dc6d2b8dcf2c114d9632be2fe74656c9.jpg?from=476444299\" width=\"1080\"><\/p>\n<p>Weighing 78.02 grams and measuring 66.1 * 40.5 * 13.3 mm, this pendant is a stunning piece of jewelry that is sure to stand out.<\/p>\n<ul>\n<li>The country of origin for this exquisite piece is Myanmar.<\/li>\n<li>Suitable for daily wear, this pendant is versatile and can complement any outfit effortlessly.<\/li>\n<li>The necklace style adds an element of casual elegance to any look, making it perfect for both men and women alike.<\/li>\n<\/ul>\n<p>Yi Pin Qian \u2013 Um negociante de pedras preciosas e metais preciosos em Cingapura \u2013 N\u00famero de licen\u00e7a PS20190000031<\/p>\n<p>\u00a0<\/p>\n<p>*Todos os Jadeites comprados de Yi Pin Qian em Cingapura, os clientes podem reservar hor\u00e1rios para polimento ou pequenos reparos por manuseio incorreto - taxas se aplicam e somente para clientes de Yi Pin Qian em Cingapura*<\/p>\n<p>\u00a0<\/p>\n<p><strong>**Tipos de Certificados**<\/strong><\/p>\n<p>\u00a0<\/p>\n<p><strong>NGI (Nan Yang Gemol\u00f3gico)<\/strong><\/p>\n<p>ou <strong>Certificados no exterior <\/strong>(Yi Pin Qian usa apenas certificados aut\u00eanticos de laborat\u00f3rios estrangeiros e tamb\u00e9m controla a qualidade de cada um dos nossos produtos antes de coloc\u00e1-los \u00e0 venda em Cingapura)<\/p>\n<p>\u00a0<\/p>\n<p>Cada produto no TikTok ter\u00e1 o tipo de certificado fornecido indicado na descri\u00e7\u00e3o. Para qualquer cliente que deseje enviar seu pedido para a NGI Singapore, haver\u00e1 um tempo de espera para entrega do pedido estimado em torno de 4 semanas para receber seu pedido. <strong>As solicita\u00e7\u00f5es de relat\u00f3rios da NGI Gemstone precisam ser feitas por mensagem para a loja Yi Pin Qian TikTok.<\/strong> Obrigado, <strong><u>taxas extras se aplicam<\/u><\/strong>.<\/p>\n<p>\u00a0<\/p>\n<p><strong>A jade\u00edta natural n\u00e3o \u00e9 perfeita, apenas um lembrete gentil, nossa jade\u00edta natural, como todas as coisas bonitas da natureza, vem com suas caracter\u00edsticas e varia\u00e7\u00f5es \u00fanicas. Convidamos nossos valiosos clientes a abra\u00e7ar essas varia\u00e7\u00f5es naturais. Boas compras!<\/strong><\/p>\n<p>\u00a0<\/p>\n<p><strong><u>Nenhuma das fotos e filmagens de v\u00eddeo foram filtradas. Incentivamos nossos clientes a tamb\u00e9m assistirem aos v\u00eddeos que os acompanham para uma vis\u00e3o mais abrangente de nossos produtos<\/u><\/strong><\/p>\n<p>\u00a0<\/p>\n<ul>\n<li>Diferentes plataformas s\u00f3 podem visualizar v\u00eddeos por meio do Desktop<\/li>\n<\/ul>","protected":false},"excerpt":{"rendered":"<p>This exquisite pendant features high-quality Light Green with Yellow Natural Type A Jadeite Jade, meticulously crafted with beautiful sceneries. \u00a0 Certificate numbers: GD2110H008982 High-Quality Craftsmanship Natural Type A Jadeite Material Unique Scenery Design The pendant comes with a certificate verifying its authenticity and quality. Weighing 78.02 grams and measuring 66.1 * 40.5 * 13.3 mm, [&hellip;]<\/p>","protected":false},"featured_media":4714,"comment_status":"open","ping_status":"closed","template":"","meta":[],"product_brand":[],"product_cat":[195],"product_tag":[],"class_list":{"0":"post-1440","1":"product","2":"type-product","3":"status-publish","4":"has-post-thumbnail","6":"product_cat-heirloom-grade","8":"first","9":"instock","10":"sale","11":"shipping-taxable","12":"purchasable","13":"product-type-simple"},"_links":{"self":[{"href":"https:\/\/shop.yipinqian.com\/pt\/wp-json\/wp\/v2\/product\/1440","targetHints":{"allow":["GET"]}}],"collection":[{"href":"https:\/\/shop.yipinqian.com\/pt\/wp-json\/wp\/v2\/product"}],"about":[{"href":"https:\/\/shop.yipinqian.com\/pt\/wp-json\/wp\/v2\/types\/product"}],"replies":[{"embeddable":true,"href":"https:\/\/shop.yipinqian.com\/pt\/wp-json\/wp\/v2\/comments?post=1440"}],"version-history":[{"count":0,"href":"https:\/\/shop.yipinqian.com\/pt\/wp-json\/wp\/v2\/product\/1440\/revisions"}],"wp:featuredmedia":[{"embeddable":true,"href":"https:\/\/shop.yipinqian.com\/pt\/wp-json\/wp\/v2\/media\/4714"}],"wp:attachment":[{"href":"https:\/\/shop.yipinqian.com\/pt\/wp-json\/wp\/v2\/media?parent=1440"}],"wp:term":[{"taxonomy":"product_brand","embeddable":true,"href":"https:\/\/shop.yipinqian.com\/pt\/wp-json\/wp\/v2\/product_brand?post=1440"},{"taxonomy":"product_cat","embeddable":true,"href":"https:\/\/shop.yipinqian.com\/pt\/wp-json\/wp\/v2\/product_cat?post=1440"},{"taxonomy":"product_tag","embeddable":true,"href":"https:\/\/shop.yipinqian.com\/pt\/wp-json\/wp\/v2\/product_tag?post=1440"}],"curies":[{"name":"wp","href":"https:\/\/api.w.org\/{rel}","templated":true}]}}