{"id":14399,"date":"2024-12-07T09:34:45","date_gmt":"2024-12-07T01:34:45","guid":{"rendered":"https:\/\/shop.yipinqian.com\/187-beads-6-1-mm-natural-type-a-jadeite-green-bracelet-certificate-weighs-51-72-grams\/"},"modified":"2025-02-24T01:17:23","modified_gmt":"2025-02-23T17:17:23","slug":"187-beads-6-1-mm-natural-type-a-jadeite-green-bracelet-certificate-weighs-51-72-grams","status":"publish","type":"product","link":"https:\/\/shop.yipinqian.com\/pt\/produto\/187-beads-6-1-mm-natural-type-a-jadeite-green-bracelet-certificate-weighs-51-72-grams\/","title":{"rendered":"Colar ou pulseira de 187 contas * 6,1 mm \u2013 Pulseira Jade\u00edta Verde Natural Tipo A \u2013 certificado pesa 51,72 gramas"},"content":{"rendered":"<p>Esta pulseira Natural Tipo A Verde de 6,2 mm \u00e9 uma joia deslumbrante que adicionar\u00e1 um toque de eleg\u00e2ncia ao seu visual di\u00e1rio. (&gt;85% perfei\u00e7\u00e3o)<\/p>\n<p><\/p>\n<p>N\u00fameros de certificado: 920660041691<\/p>\n<p><img fetchpriority=\"high\" decoding=\"async\" src=\"https:\/\/shop.yipinqian.com\/wp-content\/uploads\/2024\/12\/d46f0ffb0b7e48209ad9201de89e070ftplv-aphluv4xwc-origin-jpeg.jpeg?dr=15568&#038;nonce=36998&#038;refresh_token=bfe10a29bb332406df13166af9b46937&#038;from=476444299&#038;idc=my&#038;ps=933b5bde&#038;shcp=9b759fb9&#038;shp=1c65f68b&#038;t=555f072d\" width=\"1200\" height=\"1600\"><\/p>\n<ul>\n<li>\n<strong>Material:<\/strong> Feito com pedras semipreciosas naturais verdes tipo A e o material secund\u00e1rio \u00e9 Jade.<\/li>\n<li>\n<strong>Certificado:<\/strong> Vem com um certificado de autenticidade e garantia de qualidade.<\/li>\n<li>\n<strong>Ocasi\u00e3o:<\/strong> Perfeita para uso di\u00e1rio, esta pulseira complementa qualquer roupa, seja ela casual ou elegante.<\/li>\n<li>\n<strong>Tipo:<\/strong> Esta pulseira foi criada como uma pe\u00e7a unissex que pode ser apreciada por todos os g\u00eaneros.<\/li>\n<\/ul>\n<p><img decoding=\"async\" src=\"https:\/\/shop.yipinqian.com\/wp-content\/uploads\/2024\/12\/67720a8f3d764389874a48132dcd89b8tplv-aphluv4xwc-origin-jpeg.jpeg?dr=15568&#038;nonce=38594&#038;refresh_token=e790b79f27155fcc0e1f313bdf06ca55&#038;from=476444299&#038;idc=my&#038;ps=933b5bde&#038;shcp=9b759fb9&#038;shp=1c65f68b&#038;t=555f072d\" width=\"1200\" height=\"1600\"><\/p>\n<p>As pedras verdes naturais foram cuidadosamente selecionadas para garantir a mais alta qualidade, criando uma pe\u00e7a elegante que voc\u00ea vai valorizar por muitos anos. O tamanho de 6,1 mm d\u00e1 \u00e0 pulseira um visual discreto, ao mesmo tempo em que a torna percept\u00edvel no seu pulso.<\/p>\n<p><\/p>\n<p>Esta pulseira verde natural tipo A de 6,1 mm tamb\u00e9m \u00e9 uma excelente op\u00e7\u00e3o de presente!<\/p>\n<p>Yi Pin Qian \u2013 Um negociante de pedras preciosas e metais preciosos em Cingapura \u2013 N\u00famero de licen\u00e7a PS20190000031<\/p>\n<p><\/p>\n<p>*Todos os Jadeites comprados de Yi Pin Qian em Cingapura, os clientes podem reservar hor\u00e1rios para polimento ou pequenos reparos por manuseio incorreto - taxas se aplicam e somente para clientes de Yi Pin Qian em Cingapura*<\/p>\n<p><\/p>\n<p><strong>**Tipos de Certificados**<\/strong><\/p>\n<p><\/p>\n<p><strong>NGI (Nan Yang Gemol\u00f3gico)<\/strong><\/p>\n<p>ou <strong>Certificados no exterior <\/strong>(Yi Pin Qian usa apenas certificados aut\u00eanticos de laborat\u00f3rios estrangeiros e tamb\u00e9m controla a qualidade de cada um dos nossos produtos antes de coloc\u00e1-los \u00e0 venda em Cingapura)<\/p>\n<p><\/p>\n<p>Cada produto ter\u00e1 o tipo de certificado fornecido indicado na descri\u00e7\u00e3o. Para qualquer cliente que deseje enviar seu pedido para NGI Singapore, <strong>As solicita\u00e7\u00f5es de relat\u00f3rios de pedras preciosas da NGI precisam ser feitas por mensagem.<\/strong> Obrigado, <strong><u>taxas extras se aplicam<\/u><\/strong> \u2013 $90 para jade\u00edta \/ $150 para jade\u00edta com ouro 18k \u2013 n\u00e3o \u00e9 obrigat\u00f3rio, pois a maioria dos nossos produtos j\u00e1 veio com certificado internacional ou relat\u00f3rio NGI.<\/p>\n<p><\/p>\n<p>(Para mais detalhes ou solicita\u00e7\u00e3o adicional: <strong>Por favor, envie-nos uma mensagem se desejar enviar o item adquirido para teste de laborat\u00f3rio NGI<\/strong>)<\/p>\n<p><\/p>\n<p><strong>A jade\u00edta natural n\u00e3o \u00e9 perfeita, apenas um lembrete gentil, nossa jade\u00edta natural, como todas as coisas bonitas da natureza, vem com suas caracter\u00edsticas e varia\u00e7\u00f5es \u00fanicas. Convidamos nossos valiosos clientes a abra\u00e7ar essas varia\u00e7\u00f5es naturais. Boas compras!<\/strong><\/p>\n<p><\/p>\n<p><strong><u>Nenhuma das fotos e filmagens de v\u00eddeo foram filtradas. Incentivamos nossos clientes a tamb\u00e9m assistirem aos v\u00eddeos que os acompanham para uma vis\u00e3o mais abrangente de nossos produtos<\/u><\/strong><\/p>\n<p><\/p>\n<ul>\n<li>Diferentes plataformas s\u00f3 podem visualizar v\u00eddeos por meio do Desktop<\/li>\n<\/ul>","protected":false},"excerpt":{"rendered":"<p>This Natural Type A Green bracelet 6.2mm is a stunning piece of jewelry that will add a touch of elegance to your daily look. (>85% perfection) Certificate numbers: 920660041691 Material: Made with natural Type A Green semiprecious stones and secondary material is Jade. Certificate: Comes with a certificate for authenticity and quality assurance. Ocassion: Perfect [&hellip;]<\/p>","protected":false},"featured_media":14421,"comment_status":"open","ping_status":"closed","template":"","meta":[],"product_brand":[],"product_cat":[195],"product_tag":[102,70,79,65,55,98,58,60,61,62],"class_list":{"0":"post-14399","1":"product","2":"type-product","3":"status-publish","4":"has-post-thumbnail","6":"product_cat-heirloom-grade","7":"product_tag-bracelet","8":"product_tag-green","9":"product_tag-green-hue","10":"product_tag-high-quality","11":"product_tag-jadeite","12":"product_tag-necklace","13":"product_tag-new-arrivals","14":"product_tag-type-a-jadeite","15":"product_tag-unisex","16":"product_tag-yi-pin-qian-exclusive","18":"first","19":"instock","20":"sale","21":"shipping-taxable","22":"purchasable","23":"product-type-simple"},"_links":{"self":[{"href":"https:\/\/shop.yipinqian.com\/pt\/wp-json\/wp\/v2\/product\/14399","targetHints":{"allow":["GET"]}}],"collection":[{"href":"https:\/\/shop.yipinqian.com\/pt\/wp-json\/wp\/v2\/product"}],"about":[{"href":"https:\/\/shop.yipinqian.com\/pt\/wp-json\/wp\/v2\/types\/product"}],"replies":[{"embeddable":true,"href":"https:\/\/shop.yipinqian.com\/pt\/wp-json\/wp\/v2\/comments?post=14399"}],"version-history":[{"count":0,"href":"https:\/\/shop.yipinqian.com\/pt\/wp-json\/wp\/v2\/product\/14399\/revisions"}],"wp:featuredmedia":[{"embeddable":true,"href":"https:\/\/shop.yipinqian.com\/pt\/wp-json\/wp\/v2\/media\/14421"}],"wp:attachment":[{"href":"https:\/\/shop.yipinqian.com\/pt\/wp-json\/wp\/v2\/media?parent=14399"}],"wp:term":[{"taxonomy":"product_brand","embeddable":true,"href":"https:\/\/shop.yipinqian.com\/pt\/wp-json\/wp\/v2\/product_brand?post=14399"},{"taxonomy":"product_cat","embeddable":true,"href":"https:\/\/shop.yipinqian.com\/pt\/wp-json\/wp\/v2\/product_cat?post=14399"},{"taxonomy":"product_tag","embeddable":true,"href":"https:\/\/shop.yipinqian.com\/pt\/wp-json\/wp\/v2\/product_tag?post=14399"}],"curies":[{"name":"wp","href":"https:\/\/api.w.org\/{rel}","templated":true}]}}