{"id":1439,"date":"2024-10-24T23:19:12","date_gmt":"2024-10-24T15:19:12","guid":{"rendered":"https:\/\/shop.yipinqian.com\/product\/high-quality-light-green-with-green-natural-type-a-jadeite-jade-crafted-with-shape-of-ginseng-as-pendant-certificate-weighs-7-63-grams-measurement-48-2-12-7-7-1-mm-pendant277\/"},"modified":"2025-02-24T00:49:55","modified_gmt":"2025-02-23T16:49:55","slug":"high-quality-light-green-with-green-natural-type-a-jadeite-jade-crafted-with-shape-of-ginseng-as-pendant-certificate-weighs-7-63-grams-measurement-48-2-12-7-7-1-mm-pendant277","status":"publish","type":"product","link":"https:\/\/shop.yipinqian.com\/pt\/produto\/high-quality-light-green-with-green-natural-type-a-jadeite-jade-crafted-with-shape-of-ginseng-as-pendant-certificate-weighs-7-63-grams-measurement-48-2-12-7-7-1-mm-pendant277\/","title":{"rendered":"High Quality Light Green with Green Natural Type A Jadeite Jade crafted with shape of Ginseng as Pendant, certificate weighs 7.63 grams, measurement 48.2 * 12.7 * 7.1 mm (pendant277)"},"content":{"rendered":"<p>This High-Quality Light Green with Green Natural Type A Jadeite Jade pendant is expertly crafted in the shape of Ginseng, symbolizing vitality and good fortune.<\/p>\n<p>\u00a0<\/p>\n<p>Certificate numbers: GD2112H004543<\/p>\n<p><img fetchpriority=\"high\" decoding=\"async\" height=\"1080\" src=\"https:\/\/shop.yipinqian.com\/wp-content\/uploads\/2024\/10\/4f864a0ec1171c9c99c228382578c4c6.jpg?from=476444299\" width=\"1080\"><\/p>\n<ul>\n<li>\n<strong>Especifica\u00e7\u00f5es:<\/strong> Weighs 7.63 grams Measurements: 48.2 * 12.7 * 7.1 mm Pendant number: pendant277<\/li>\n<\/ul>\n<p>Perfect for an Anniversary gift, this exquisite piece comes with a Certificate of Authenticity from Myanmar, ensuring its quality and origin.<\/p>\n<ul>\n<li><strong>Atributos do produto:<\/strong><\/li>\n<\/ul>\n<ul>\n<li>The With Certificate of this product is\/are Yes.<\/li>\n<li>The Country of Origin of this product is\/are Myanmar. The Occasion of this product is\/are Auspicious. The Warranty Type oof this product is No. <em>This unisex necklace style exudes elegance for casual wear and showcases the beauty and uniqueness that jadeite offers.<\/em>\n<\/li>\n<\/ul>\n<p><strong>A jade\u00edta natural n\u00e3o \u00e9 perfeita, apenas um lembrete gentil, nossa jade\u00edta natural, como todas as coisas bonitas da natureza, vem com suas caracter\u00edsticas e varia\u00e7\u00f5es \u00fanicas. Convidamos nossos valiosos clientes a abra\u00e7ar essas varia\u00e7\u00f5es naturais. Boas compras!<\/strong><\/p>\n<p>\u00a0<\/p>\n<p><strong><u>Nenhuma das fotos e filmagens de v\u00eddeo foram filtradas. Incentivamos nossos clientes a tamb\u00e9m assistirem aos v\u00eddeos que os acompanham para uma vis\u00e3o mais abrangente de nossos produtos<\/u><\/strong><\/p>","protected":false},"excerpt":{"rendered":"<p>This High-Quality Light Green with Green Natural Type A Jadeite Jade pendant is expertly crafted in the shape of Ginseng, symbolizing vitality and good fortune. \u00a0 Certificate numbers: GD2112H004543 Specifications: Weighs 7.63 grams Measurements: 48.2 * 12.7 * 7.1 mm Pendant number: pendant277 Perfect for an Anniversary gift, this exquisite piece comes with a Certificate [&hellip;]<\/p>","protected":false},"featured_media":4692,"comment_status":"open","ping_status":"closed","template":"","meta":[],"product_brand":[],"product_cat":[194],"product_tag":[],"class_list":{"0":"post-1439","1":"product","2":"type-product","3":"status-publish","4":"has-post-thumbnail","6":"product_cat-value-picks","8":"first","9":"instock","10":"sale","11":"shipping-taxable","12":"purchasable","13":"product-type-simple"},"_links":{"self":[{"href":"https:\/\/shop.yipinqian.com\/pt\/wp-json\/wp\/v2\/product\/1439","targetHints":{"allow":["GET"]}}],"collection":[{"href":"https:\/\/shop.yipinqian.com\/pt\/wp-json\/wp\/v2\/product"}],"about":[{"href":"https:\/\/shop.yipinqian.com\/pt\/wp-json\/wp\/v2\/types\/product"}],"replies":[{"embeddable":true,"href":"https:\/\/shop.yipinqian.com\/pt\/wp-json\/wp\/v2\/comments?post=1439"}],"version-history":[{"count":0,"href":"https:\/\/shop.yipinqian.com\/pt\/wp-json\/wp\/v2\/product\/1439\/revisions"}],"wp:featuredmedia":[{"embeddable":true,"href":"https:\/\/shop.yipinqian.com\/pt\/wp-json\/wp\/v2\/media\/4692"}],"wp:attachment":[{"href":"https:\/\/shop.yipinqian.com\/pt\/wp-json\/wp\/v2\/media?parent=1439"}],"wp:term":[{"taxonomy":"product_brand","embeddable":true,"href":"https:\/\/shop.yipinqian.com\/pt\/wp-json\/wp\/v2\/product_brand?post=1439"},{"taxonomy":"product_cat","embeddable":true,"href":"https:\/\/shop.yipinqian.com\/pt\/wp-json\/wp\/v2\/product_cat?post=1439"},{"taxonomy":"product_tag","embeddable":true,"href":"https:\/\/shop.yipinqian.com\/pt\/wp-json\/wp\/v2\/product_tag?post=1439"}],"curies":[{"name":"wp","href":"https:\/\/api.w.org\/{rel}","templated":true}]}}