{"id":1437,"date":"2024-10-24T23:19:12","date_gmt":"2024-10-24T15:19:12","guid":{"rendered":"https:\/\/shop.yipinqian.com\/product\/high-quality-light-green-hue-with-green-patches-natural-type-a-jadeite-jade-crafted-as-squirrel-as-pendant-certificate-weighs-11-1-grams-measurement-22-7-22-8-14-mm-pendant298\/"},"modified":"2025-02-24T00:49:55","modified_gmt":"2025-02-23T16:49:55","slug":"high-quality-light-green-hue-with-green-patches-natural-type-a-jadeite-jade-crafted-as-squirrel-as-pendant-certificate-weighs-11-1-grams-measurement-22-7-22-8-14-mm-pendant298","status":"publish","type":"product","link":"https:\/\/shop.yipinqian.com\/pt\/produto\/high-quality-light-green-hue-with-green-patches-natural-type-a-jadeite-jade-crafted-as-squirrel-as-pendant-certificate-weighs-11-1-grams-measurement-22-7-22-8-14-mm-pendant298\/","title":{"rendered":"Jade\u00edte de alta qualidade em tom verde claro com manchas verdes, jade natural tipo A, trabalhada como esquilo como pingente, o certificado pesa 11,1 gramas, medindo 22,7 * 22,8 * 14 mm (pendant298)"},"content":{"rendered":"<p>This exquisite pendant feature high-quality light green hue with green patches natural type A jadeite jade, crafted in the shape of a squirrel. The pendant has been approved with a certificate to authenticate its quality.<\/p>\n<p><\/p>\n<p>Certificate numbers: ZJ23020812704<\/p>\n<ul>\n<li>Weighs 11.1 grams<\/li>\n<li>Measurements: 22.7 * 22.8 * 14 mm<\/li>\n<li>Estilo de colar: Casual<\/li>\n<\/ul>\n<p>This unique piece of jewelry originates from Myanmar and is suitable for daily wear, making it perfect for both men and women.<\/p>\n<p><\/p>\n<p>Yi Pin Qian \u2013 Um negociante de pedras preciosas e metais preciosos em Cingapura \u2013 N\u00famero de licen\u00e7a PS20190000031<\/p>\n<p><\/p>\n<p>*Todos os Jadeites comprados de Yi Pin Qian em Cingapura, os clientes podem reservar hor\u00e1rios para polimento ou pequenos reparos por manuseio incorreto - taxas se aplicam e somente para clientes de Yi Pin Qian em Cingapura*<\/p>\n<p><\/p>\n<p><strong>**Tipos de Certificados**<\/strong><\/p>\n<p><\/p>\n<p><strong>NGI (Nan Yang Gemol\u00f3gico)<\/strong><\/p>\n<p>ou <strong>Certificados no exterior <\/strong>(Yi Pin Qian usa apenas certificados aut\u00eanticos de laborat\u00f3rios estrangeiros e tamb\u00e9m controla a qualidade de cada um dos nossos produtos antes de coloc\u00e1-los \u00e0 venda em Cingapura)<\/p>\n<p><\/p>\n<p>Cada produto no TikTok ter\u00e1 o tipo de certificado fornecido indicado na descri\u00e7\u00e3o. Para qualquer cliente que deseje enviar seu pedido para a NGI Singapore, haver\u00e1 um tempo de espera para entrega do pedido estimado em torno de 4 semanas para receber seu pedido. <strong>As solicita\u00e7\u00f5es de relat\u00f3rios de pedras preciosas da NGI precisam ser feitas por mensagem.<\/strong> Obrigado, <strong><u>taxas extras se aplicam<\/u><\/strong>.<\/p>\n<p><\/p>\n<p><strong>A jade\u00edta natural n\u00e3o \u00e9 perfeita, apenas um lembrete gentil, nossa jade\u00edta natural, como todas as coisas bonitas da natureza, vem com suas caracter\u00edsticas e varia\u00e7\u00f5es \u00fanicas. Convidamos nossos valiosos clientes a abra\u00e7ar essas varia\u00e7\u00f5es naturais. Boas compras!<\/strong><\/p>\n<p><\/p>\n<p><strong><u>Nenhuma das fotos e filmagens de v\u00eddeo foram filtradas. Incentivamos nossos clientes a tamb\u00e9m assistirem aos v\u00eddeos que os acompanham para uma vis\u00e3o mais abrangente de nossos produtos<\/u><\/strong><\/p>\n<p><\/p>\n<ul>\n<li>Diferentes plataformas s\u00f3 podem visualizar v\u00eddeos por meio do Desktop<\/li>\n<\/ul>","protected":false},"excerpt":{"rendered":"<p>Este requintado pingente apresenta um tom verde claro de alta qualidade com manchas verdes de jade\u00edte natural tipo A, trabalhado no formato de um esquilo. O pingente foi aprovado com um certificado para autenticar sua qualidade. N\u00fameros do certificado: ZJ23020812704 Pesa 11,1 gramas Medidas: 22,7 * 22,8 * 14 mm Estilo do colar: Casual Esta pe\u00e7a \u00fanica de [\u2026]<\/p>","protected":false},"featured_media":4681,"comment_status":"open","ping_status":"closed","template":"","meta":[],"product_brand":[],"product_cat":[194],"product_tag":[52,105,65,55,56,58,73,106,59,60,61,62],"class_list":{"0":"post-1437","1":"product","2":"type-product","3":"status-publish","4":"has-post-thumbnail","6":"product_cat-value-picks","7":"product_tag-certified","8":"product_tag-cute","9":"product_tag-high-quality","10":"product_tag-jadeite","11":"product_tag-limited-editions","12":"product_tag-new-arrivals","13":"product_tag-pendant","14":"product_tag-squirrel","15":"product_tag-translucent","16":"product_tag-type-a-jadeite","17":"product_tag-unisex","18":"product_tag-yi-pin-qian-exclusive","20":"first","21":"instock","22":"sale","23":"shipping-taxable","24":"purchasable","25":"product-type-simple"},"_links":{"self":[{"href":"https:\/\/shop.yipinqian.com\/pt\/wp-json\/wp\/v2\/product\/1437","targetHints":{"allow":["GET"]}}],"collection":[{"href":"https:\/\/shop.yipinqian.com\/pt\/wp-json\/wp\/v2\/product"}],"about":[{"href":"https:\/\/shop.yipinqian.com\/pt\/wp-json\/wp\/v2\/types\/product"}],"replies":[{"embeddable":true,"href":"https:\/\/shop.yipinqian.com\/pt\/wp-json\/wp\/v2\/comments?post=1437"}],"version-history":[{"count":0,"href":"https:\/\/shop.yipinqian.com\/pt\/wp-json\/wp\/v2\/product\/1437\/revisions"}],"wp:featuredmedia":[{"embeddable":true,"href":"https:\/\/shop.yipinqian.com\/pt\/wp-json\/wp\/v2\/media\/4681"}],"wp:attachment":[{"href":"https:\/\/shop.yipinqian.com\/pt\/wp-json\/wp\/v2\/media?parent=1437"}],"wp:term":[{"taxonomy":"product_brand","embeddable":true,"href":"https:\/\/shop.yipinqian.com\/pt\/wp-json\/wp\/v2\/product_brand?post=1437"},{"taxonomy":"product_cat","embeddable":true,"href":"https:\/\/shop.yipinqian.com\/pt\/wp-json\/wp\/v2\/product_cat?post=1437"},{"taxonomy":"product_tag","embeddable":true,"href":"https:\/\/shop.yipinqian.com\/pt\/wp-json\/wp\/v2\/product_tag?post=1437"}],"curies":[{"name":"wp","href":"https:\/\/api.w.org\/{rel}","templated":true}]}}