{"id":1435,"date":"2024-10-24T23:19:11","date_gmt":"2024-10-24T15:19:11","guid":{"rendered":"https:\/\/shop.yipinqian.com\/product\/high-quality-light-green-hue-natural-type-a-jadeite-jade-crafted-with-ksitigarbha-bodhisattva-as-pendant-certificate-weighs-70-75-grams-measurement-54-6-54-6-12-6-mm-pendant232\/"},"modified":"2025-02-17T00:02:14","modified_gmt":"2025-02-16T16:02:14","slug":"high-quality-light-green-hue-natural-type-a-jadeite-jade-crafted-with-ksitigarbha-bodhisattva-as-pendant-certificate-weighs-70-75-grams-measurement-54-6-54-6-12-6-mm-pendant232","status":"publish","type":"product","link":"https:\/\/shop.yipinqian.com\/pt\/produto\/high-quality-light-green-hue-natural-type-a-jadeite-jade-crafted-with-ksitigarbha-bodhisattva-as-pendant-certificate-weighs-70-75-grams-measurement-54-6-54-6-12-6-mm-pendant232\/","title":{"rendered":"Jade\u00edta natural tipo A de alta qualidade em tom verde claro, trabalhada com o Bodhisattva Ksitigarbha como pingente, o certificado pesa 70,75 gramas, medindo 54,6 * 54,6 * 12,6 mm (pendant232)"},"content":{"rendered":"<p>This High-Quality Light Green Hue Natural Type A Jadeite Jade pendant features a beautifully crafted Ksitigarbha Bodhisattva design, making it a unique and meaningful piece of jewelry.<\/p>\n<p><\/p>\n<p>Certificate numbers: GD2110H021236<\/p>\n<ul>\n<li>\n<strong>Material:<\/strong> Tipo A Jade\u00edta Jade<\/li>\n<li>\n<strong>Peso:<\/strong> 70.75 grams<\/li>\n<li>\n<strong>Medi\u00e7\u00e3o:<\/strong> 54.6 x 54.6 x 12.6 mm<\/li>\n<li>\n<strong>Certificado:<\/strong> Sim<\/li>\n<\/ul>\n<p><\/p>\n<ul>\n<li>This exquisite pendant originates from Myanmar, known for its high-quality jade craftsmanship, making it perfect for auspicious occasions.<\/li>\n<li>The unisex design and casual necklace style of this piece make it versatile for everyday wear or special events.<\/li>\n<\/ul>\n<p>Yi Pin Qian \u2013 Um negociante de pedras preciosas e metais preciosos em Cingapura \u2013 N\u00famero de licen\u00e7a PS20190000031<\/p>\n<p><\/p>\n<p>*Todos os Jadeites comprados de Yi Pin Qian em Cingapura, os clientes podem reservar hor\u00e1rios para polimento ou pequenos reparos por manuseio incorreto - taxas se aplicam e somente para clientes de Yi Pin Qian em Cingapura*<\/p>\n<p><\/p>\n<p><strong>**Tipos de Certificados**<\/strong><\/p>\n<p><\/p>\n<p><strong>NGI (Nan Yang Gemol\u00f3gico)<\/strong><\/p>\n<p>ou <strong>Certificados no exterior <\/strong>(Yi Pin Qian usa apenas certificados aut\u00eanticos de laborat\u00f3rios estrangeiros e tamb\u00e9m controla a qualidade de cada um dos nossos produtos antes de coloc\u00e1-los \u00e0 venda em Cingapura)<\/p>\n<p><\/p>\n<p>Cada produto no TikTok ter\u00e1 o tipo de certificado fornecido indicado na descri\u00e7\u00e3o. Para qualquer cliente que deseje enviar seu pedido para a NGI Singapore, haver\u00e1 um tempo de espera para entrega do pedido estimado em torno de 4 semanas para receber seu pedido. <strong>As solicita\u00e7\u00f5es de relat\u00f3rios da NGI Gemstone precisam ser feitas por mensagem para a loja Yi Pin Qian TikTok.<\/strong> Obrigado, <strong><u>taxas extras se aplicam<\/u><\/strong>.<\/p>\n<p><\/p>\n<p><strong>A jade\u00edta natural n\u00e3o \u00e9 perfeita, apenas um lembrete gentil, nossa jade\u00edta natural, como todas as coisas bonitas da natureza, vem com suas caracter\u00edsticas e varia\u00e7\u00f5es \u00fanicas. Convidamos nossos valiosos clientes a abra\u00e7ar essas varia\u00e7\u00f5es naturais. Boas compras!<\/strong><\/p>\n<p><\/p>\n<p><strong><u>Nenhuma das fotos e filmagens de v\u00eddeo foram filtradas. Incentivamos nossos clientes a tamb\u00e9m assistirem aos v\u00eddeos que os acompanham para uma vis\u00e3o mais abrangente de nossos produtos<\/u><\/strong><\/p>","protected":false},"excerpt":{"rendered":"<p>Este pingente de jade\u00edta natural tipo A de alta qualidade em tom verde claro apresenta um design Ksitigarbha Bodhisattva lindamente trabalhado, tornando-o uma pe\u00e7a de joalheria \u00fanica e significativa. N\u00fameros de certificado: GD2110H021236 Material: Jade\u00edta tipo A Peso: 70,75 gramas Medida: 54,6 x 54,6 x 12,6 mm Certificado: Sim Este pingente requintado \u00e9 origin\u00e1rio de Mianmar, conhecido por [\u2026]<\/p>","protected":false},"featured_media":4652,"comment_status":"open","ping_status":"closed","template":"","meta":[],"product_brand":[],"product_cat":[48],"product_tag":[],"class_list":{"0":"post-1435","1":"product","2":"type-product","3":"status-publish","4":"has-post-thumbnail","6":"product_cat-pendants","8":"first","9":"instock","10":"sale","11":"shipping-taxable","12":"purchasable","13":"product-type-simple"},"_links":{"self":[{"href":"https:\/\/shop.yipinqian.com\/pt\/wp-json\/wp\/v2\/product\/1435","targetHints":{"allow":["GET"]}}],"collection":[{"href":"https:\/\/shop.yipinqian.com\/pt\/wp-json\/wp\/v2\/product"}],"about":[{"href":"https:\/\/shop.yipinqian.com\/pt\/wp-json\/wp\/v2\/types\/product"}],"replies":[{"embeddable":true,"href":"https:\/\/shop.yipinqian.com\/pt\/wp-json\/wp\/v2\/comments?post=1435"}],"version-history":[{"count":0,"href":"https:\/\/shop.yipinqian.com\/pt\/wp-json\/wp\/v2\/product\/1435\/revisions"}],"wp:featuredmedia":[{"embeddable":true,"href":"https:\/\/shop.yipinqian.com\/pt\/wp-json\/wp\/v2\/media\/4652"}],"wp:attachment":[{"href":"https:\/\/shop.yipinqian.com\/pt\/wp-json\/wp\/v2\/media?parent=1435"}],"wp:term":[{"taxonomy":"product_brand","embeddable":true,"href":"https:\/\/shop.yipinqian.com\/pt\/wp-json\/wp\/v2\/product_brand?post=1435"},{"taxonomy":"product_cat","embeddable":true,"href":"https:\/\/shop.yipinqian.com\/pt\/wp-json\/wp\/v2\/product_cat?post=1435"},{"taxonomy":"product_tag","embeddable":true,"href":"https:\/\/shop.yipinqian.com\/pt\/wp-json\/wp\/v2\/product_tag?post=1435"}],"curies":[{"name":"wp","href":"https:\/\/api.w.org\/{rel}","templated":true}]}}