{"id":1430,"date":"2024-10-24T23:19:09","date_gmt":"2024-10-24T15:19:09","guid":{"rendered":"https:\/\/shop.yipinqian.com\/product\/high-quality-light-green-floating-flower-natural-type-a-jadeite-jade-crafted-as-bodhisattva-as-pendant-certificate-weighs-19-12-grams-measurement-58-2-27-7-3-mm-pendant276\/"},"modified":"2025-02-17T00:01:43","modified_gmt":"2025-02-16T16:01:43","slug":"high-quality-light-green-floating-flower-natural-type-a-jadeite-jade-crafted-as-bodhisattva-as-pendant-certificate-weighs-19-12-grams-measurement-58-2-27-7-3-mm-pendant276","status":"publish","type":"product","link":"https:\/\/shop.yipinqian.com\/pt\/produto\/high-quality-light-green-floating-flower-natural-type-a-jadeite-jade-crafted-as-bodhisattva-as-pendant-certificate-weighs-19-12-grams-measurement-58-2-27-7-3-mm-pendant276\/","title":{"rendered":"High Quality Light Green Floating Flower Natural Type A Jadeite Jade Crafted as Bodhisattva as Pendant, certificate weighs 19.12 grams, measurement 58.2 * 27 * 7.3 mm (pendant276)"},"content":{"rendered":"<p>This exquisite pendant features a High Quality Light Green Floating Flower Natural Type A Jadeite Jade, expertly crafted as a Bodhisattva. The stunning pendant is accompanied by a certificate and weighs 19.12 grams.<\/p>\n<p>\u00a0<\/p>\n<p>Certificate numbers: ZGDSM051108<\/p>\n<p><img fetchpriority=\"high\" decoding=\"async\" height=\"1080\" src=\"https:\/\/shop.yipinqian.com\/wp-content\/uploads\/2024\/10\/f03fc742e5b07b8e73e5407afeb0075b.jpg?from=476444299\" width=\"1080\"><\/p>\n<ul>\n<li>\n<strong>Material:<\/strong> Tipo A Jade\u00edta Jade<\/li>\n<li>\n<strong>Cor:<\/strong> Light Green Floating Flower<\/li>\n<li>\n<strong>Medi\u00e7\u00e3o:<\/strong> 58.2 x 27 x 7.3 mm<\/li>\n<li>\n<strong>Tipo de Jade:<\/strong> Jade\u00edta<\/li>\n<li>Certificado inclu\u00eddo: Sim<\/li>\n<li>Made in: Myanmar, Unisex Design Suitable for Any Occasion.<\/li>\n<li>Emanating an aura of auspiciousness, this pendant is ideal for casual wear and adds an elegant touch to any outfit. The intricate design and high-quality craftsmanship make it a unique piece of jewelry that stands out. Luminous with natural beauty, this jade pendant exudes charm and sophistication while symbolizing protection and good fortune with its Bodhisattva design.<\/li>\n<\/ul>\n<p>Yi Pin Qian \u2013 Um negociante de pedras preciosas e metais preciosos em Cingapura \u2013 N\u00famero de licen\u00e7a PS20190000031<\/p>\n<p>\u00a0<\/p>\n<p>*Todos os Jadeites comprados de Yi Pin Qian em Cingapura, os clientes podem reservar hor\u00e1rios para polimento ou pequenos reparos por manuseio incorreto - taxas se aplicam e somente para clientes de Yi Pin Qian em Cingapura*<\/p>\n<p>\u00a0<\/p>\n<p><strong>**Tipos de Certificados**<\/strong><\/p>\n<p>\u00a0<\/p>\n<p><strong>NGI (Nan Yang Gemol\u00f3gico)<\/strong><\/p>\n<p>ou <strong>Certificados no exterior <\/strong>(Yi Pin Qian usa apenas certificados aut\u00eanticos de laborat\u00f3rios estrangeiros e tamb\u00e9m controla a qualidade de cada um dos nossos produtos antes de coloc\u00e1-los \u00e0 venda em Cingapura)<\/p>\n<p>\u00a0<\/p>\n<p>Cada produto no TikTok ter\u00e1 o tipo de certificado fornecido indicado na descri\u00e7\u00e3o. Para qualquer cliente que deseje enviar seu pedido para a NGI Singapore, haver\u00e1 um tempo de espera para entrega do pedido estimado em torno de 4 semanas para receber seu pedido. <strong>As solicita\u00e7\u00f5es de relat\u00f3rios da NGI Gemstone precisam ser feitas por mensagem para a loja Yi Pin Qian TikTok.<\/strong> Obrigado, <strong><u>taxas extras se aplicam<\/u><\/strong>.<\/p>\n<p>\u00a0<\/p>\n<p><strong>A jade\u00edta natural n\u00e3o \u00e9 perfeita, apenas um lembrete gentil, nossa jade\u00edta natural, como todas as coisas bonitas da natureza, vem com suas caracter\u00edsticas e varia\u00e7\u00f5es \u00fanicas. Convidamos nossos valiosos clientes a abra\u00e7ar essas varia\u00e7\u00f5es naturais. Boas compras!<\/strong><\/p>\n<p>\u00a0<\/p>\n<p><strong><u>Nenhuma das fotos e filmagens de v\u00eddeo foram filtradas. Incentivamos nossos clientes a tamb\u00e9m assistirem aos v\u00eddeos que os acompanham para uma vis\u00e3o mais abrangente de nossos produtos<\/u><\/strong><\/p>","protected":false},"excerpt":{"rendered":"<p>This exquisite pendant features a High Quality Light Green Floating Flower Natural Type A Jadeite Jade, expertly crafted as a Bodhisattva. The stunning pendant is accompanied by a certificate and weighs 19.12 grams. \u00a0 Certificate numbers: ZGDSM051108 Material: Type A Jadeite Jade Color: Light Green Floating Flower Measurement: 58.2 x 27 x 7.3 mm Jade [&hellip;]<\/p>","protected":false},"featured_media":4580,"comment_status":"open","ping_status":"closed","template":"","meta":[],"product_brand":[],"product_cat":[48],"product_tag":[],"class_list":{"0":"post-1430","1":"product","2":"type-product","3":"status-publish","4":"has-post-thumbnail","6":"product_cat-pendants","8":"first","9":"instock","10":"sale","11":"shipping-taxable","12":"purchasable","13":"product-type-simple"},"_links":{"self":[{"href":"https:\/\/shop.yipinqian.com\/pt\/wp-json\/wp\/v2\/product\/1430","targetHints":{"allow":["GET"]}}],"collection":[{"href":"https:\/\/shop.yipinqian.com\/pt\/wp-json\/wp\/v2\/product"}],"about":[{"href":"https:\/\/shop.yipinqian.com\/pt\/wp-json\/wp\/v2\/types\/product"}],"replies":[{"embeddable":true,"href":"https:\/\/shop.yipinqian.com\/pt\/wp-json\/wp\/v2\/comments?post=1430"}],"version-history":[{"count":0,"href":"https:\/\/shop.yipinqian.com\/pt\/wp-json\/wp\/v2\/product\/1430\/revisions"}],"wp:featuredmedia":[{"embeddable":true,"href":"https:\/\/shop.yipinqian.com\/pt\/wp-json\/wp\/v2\/media\/4580"}],"wp:attachment":[{"href":"https:\/\/shop.yipinqian.com\/pt\/wp-json\/wp\/v2\/media?parent=1430"}],"wp:term":[{"taxonomy":"product_brand","embeddable":true,"href":"https:\/\/shop.yipinqian.com\/pt\/wp-json\/wp\/v2\/product_brand?post=1430"},{"taxonomy":"product_cat","embeddable":true,"href":"https:\/\/shop.yipinqian.com\/pt\/wp-json\/wp\/v2\/product_cat?post=1430"},{"taxonomy":"product_tag","embeddable":true,"href":"https:\/\/shop.yipinqian.com\/pt\/wp-json\/wp\/v2\/product_tag?post=1430"}],"curies":[{"name":"wp","href":"https:\/\/api.w.org\/{rel}","templated":true}]}}