{"id":1429,"date":"2024-10-24T23:19:09","date_gmt":"2024-10-24T15:19:09","guid":{"rendered":"https:\/\/shop.yipinqian.com\/product\/high-quality-light-green-and-green-cabochon-icy-translucent-natural-type-a-jadeite-jade-crafted-as-guan-gong-set-on-18k-gold-as-pendant-certificate-weighs-8-07-grams-measurement-57-2-22-7-5-8-mm-18kp4\/"},"modified":"2025-02-24T01:17:31","modified_gmt":"2025-02-23T17:17:31","slug":"high-quality-light-green-and-green-cabochon-icy-translucent-natural-type-a-jadeite-jade-crafted-as-guan-gong-set-on-18k-gold-as-pendant-certificate-weighs-8-07-grams-measurement-57-2-22-7-5-8-mm-18kp4","status":"publish","type":"product","link":"https:\/\/shop.yipinqian.com\/pt\/produto\/high-quality-light-green-and-green-cabochon-icy-translucent-natural-type-a-jadeite-jade-crafted-as-guan-gong-set-on-18k-gold-as-pendant-certificate-weighs-8-07-grams-measurement-57-2-22-7-5-8-mm-18kp4\/","title":{"rendered":"Jade\u00edte natural transl\u00facida e verde caboch\u00e3o de alta qualidade, tipo A, trabalhada como Guan Gong em ouro 18k como pingente, o certificado pesa 8,07 gramas, medindo 57,2 * 22,7 * 5,8 mm (18kp46)"},"content":{"rendered":"<p>\u00a0<\/p>\n<p><span>This exquisite pendant features a high-quality light green and green cabochon icy translucent natural Type A Jadeite Jade, expertly crafted as Guan Gong and set on 18k Gold.<\/span><\/p>\n<p>\u00a0<\/p>\n<p><span>Certificate numbers: GD2204H006101<\/span><\/p>\n<p>\u00a0<\/p>\n<p><span>18k gold weighs 2.67 grams<\/span><\/p>\n<p><span>Diamonds: 5 * 0.008, 23 * 0.003 &#8211; Total = 0.109 Carats<\/span><\/p>\n<p><span>Green Cabochon: 4.9 * 4.6 * 2 mm<\/span><\/p>\n<p><span>Jadeite: 44.8 * 17.8 * 4.2 mm<\/span><\/p>\n<p><span>Overall size: 57.2 * 22.7 * 5.8 mm<\/span><\/p>\n<p>\u00a0<\/p>\n<p><img fetchpriority=\"high\" decoding=\"async\" width=\"1080\" src=\"https:\/\/shop.yipinqian.com\/wp-content\/uploads\/2024\/10\/6e3363f892bd9cc4382c737c9ff6c0a7.jpg?from=476444299\" height=\"1080\"><\/p>\n<ul>\n<li>\n<strong>Material:<\/strong> Jadeite Jade, 18k Gold<\/li>\n<li>\n<strong>Peso:<\/strong> 8.07 grams<\/li>\n<li>\n<strong>Certificado:<\/strong> Sim<\/li>\n<\/ul>\n<p><span>The pendant showcases intricate details and measures at a delicate size of 57.2 * 22.7 *5.8 mm, making it a unique and striking piece of jewelry.<\/span><\/p>\n<ul>\n<li>\n<strong>Tipo de Jade:<\/strong> Type A Jadeite<\/li>\n<\/ul>\n<p><span>This pendant is perfect for both men and women, adding an auspicious touch to any outfit or occasion with its symbolic design.<\/span><\/p>\n<ul>\n<li>The Secondary Material is Diamond The Setting Material is PT\/Carat Gold The Country of Origin is Myanmar No Warranty Provided Casual Necklace Style<\/li>\n<\/ul>\n<p><span>Yi Pin Qian \u2013 Um negociante de pedras preciosas e metais preciosos em Cingapura \u2013 N\u00famero de licen\u00e7a PS20190000031<\/span><\/p>\n<p>\u00a0<\/p>\n<p><span>*Todos os Jadeites comprados de Yi Pin Qian em Cingapura, os clientes podem reservar hor\u00e1rios para polimento ou pequenos reparos por manuseio incorreto - taxas se aplicam e somente para clientes de Yi Pin Qian em Cingapura*<\/span><\/p>\n<p>\u00a0<\/p>\n<p><span><strong>**Tipos de Certificados**<\/strong><\/span><\/p>\n<p>\u00a0<\/p>\n<p><span><strong>NGI (Nan Yang Gemol\u00f3gico)<\/strong><\/span><\/p>\n<p><span>ou <strong>Certificados no exterior <\/strong>(Yi Pin Qian usa apenas certificados aut\u00eanticos de laborat\u00f3rios estrangeiros e tamb\u00e9m controla a qualidade de cada um dos nossos produtos antes de coloc\u00e1-los \u00e0 venda em Cingapura)<\/span><\/p>\n<p>\u00a0<\/p>\n<p><span>Cada produto no TikTok ter\u00e1 o tipo de certificado fornecido indicado na descri\u00e7\u00e3o. Para qualquer cliente que deseje enviar seu pedido para a NGI Singapore, haver\u00e1 um tempo de espera para entrega do pedido estimado em torno de 4 semanas para receber seu pedido. <strong>As solicita\u00e7\u00f5es de relat\u00f3rios da NGI Gemstone precisam ser feitas por mensagem para a loja Yi Pin Qian TikTok.<\/strong> Obrigado, <strong><u>taxas extras se aplicam<\/u><\/strong>.<\/span><\/p>\n<p>\u00a0<\/p>\n<p><span><strong>A jade\u00edta natural n\u00e3o \u00e9 perfeita, apenas um lembrete gentil, nossa jade\u00edta natural, como todas as coisas bonitas da natureza, vem com suas caracter\u00edsticas e varia\u00e7\u00f5es \u00fanicas. Convidamos nossos valiosos clientes a abra\u00e7ar essas varia\u00e7\u00f5es naturais. Boas compras!<\/strong><\/span><\/p>\n<p>\u00a0<\/p>\n<p><span><strong><u>Nenhuma das fotos e filmagens de v\u00eddeo foram filtradas. Incentivamos nossos clientes a tamb\u00e9m assistirem aos v\u00eddeos que os acompanham para uma vis\u00e3o mais abrangente de nossos produtos<\/u><\/strong><\/span><\/p>\n<p>\u00a0<\/p>","protected":false},"excerpt":{"rendered":"<p>\u00a0 This exquisite pendant features a high-quality light green and green cabochon icy translucent natural Type A Jadeite Jade, expertly crafted as Guan Gong and set on 18k Gold. \u00a0 Certificate numbers: GD2204H006101 \u00a0 18k gold weighs 2.67 grams Diamonds: 5 * 0.008, 23 * 0.003 &#8211; Total = 0.109 Carats Green Cabochon: 4.9 * [&hellip;]<\/p>","protected":false},"featured_media":4560,"comment_status":"open","ping_status":"closed","template":"","meta":[],"product_brand":[],"product_cat":[195],"product_tag":[50,52,88,53,70,54,55,56,73,59,60,61,62],"class_list":{"0":"post-1429","1":"product","2":"type-product","3":"status-publish","4":"has-post-thumbnail","6":"product_cat-heirloom-grade","7":"product_tag-18k-gold","8":"product_tag-certified","9":"product_tag-diamonds","10":"product_tag-fine-quality","11":"product_tag-green","12":"product_tag-icy","13":"product_tag-jadeite","14":"product_tag-limited-editions","15":"product_tag-pendant","16":"product_tag-translucent","17":"product_tag-type-a-jadeite","18":"product_tag-unisex","19":"product_tag-yi-pin-qian-exclusive","21":"first","22":"instock","23":"sale","24":"shipping-taxable","25":"purchasable","26":"product-type-simple"},"_links":{"self":[{"href":"https:\/\/shop.yipinqian.com\/pt\/wp-json\/wp\/v2\/product\/1429","targetHints":{"allow":["GET"]}}],"collection":[{"href":"https:\/\/shop.yipinqian.com\/pt\/wp-json\/wp\/v2\/product"}],"about":[{"href":"https:\/\/shop.yipinqian.com\/pt\/wp-json\/wp\/v2\/types\/product"}],"replies":[{"embeddable":true,"href":"https:\/\/shop.yipinqian.com\/pt\/wp-json\/wp\/v2\/comments?post=1429"}],"version-history":[{"count":0,"href":"https:\/\/shop.yipinqian.com\/pt\/wp-json\/wp\/v2\/product\/1429\/revisions"}],"wp:featuredmedia":[{"embeddable":true,"href":"https:\/\/shop.yipinqian.com\/pt\/wp-json\/wp\/v2\/media\/4560"}],"wp:attachment":[{"href":"https:\/\/shop.yipinqian.com\/pt\/wp-json\/wp\/v2\/media?parent=1429"}],"wp:term":[{"taxonomy":"product_brand","embeddable":true,"href":"https:\/\/shop.yipinqian.com\/pt\/wp-json\/wp\/v2\/product_brand?post=1429"},{"taxonomy":"product_cat","embeddable":true,"href":"https:\/\/shop.yipinqian.com\/pt\/wp-json\/wp\/v2\/product_cat?post=1429"},{"taxonomy":"product_tag","embeddable":true,"href":"https:\/\/shop.yipinqian.com\/pt\/wp-json\/wp\/v2\/product_tag?post=1429"}],"curies":[{"name":"wp","href":"https:\/\/api.w.org\/{rel}","templated":true}]}}