{"id":1428,"date":"2024-10-24T23:19:08","date_gmt":"2024-10-24T15:19:08","guid":{"rendered":"https:\/\/shop.yipinqian.com\/product\/high-quality-ligh-pinkish-lavender-natural-type-a-jadeite-jade-crafted-with-ruyi-dragon-as-pendant-certificate-weighs-17-85-grams-measurement-45-22-9-12-3-mm-pendant271\/"},"modified":"2025-02-17T00:01:42","modified_gmt":"2025-02-16T16:01:42","slug":"high-quality-ligh-pinkish-lavender-natural-type-a-jadeite-jade-crafted-with-ruyi-dragon-as-pendant-certificate-weighs-17-85-grams-measurement-45-22-9-12-3-mm-pendant271","status":"publish","type":"product","link":"https:\/\/shop.yipinqian.com\/pt\/produto\/high-quality-ligh-pinkish-lavender-natural-type-a-jadeite-jade-crafted-with-ruyi-dragon-as-pendant-certificate-weighs-17-85-grams-measurement-45-22-9-12-3-mm-pendant271\/","title":{"rendered":"Jade\u00edta natural tipo A de lavanda rosa claro de alta qualidade trabalhada com drag\u00e3o Ruyi como pingente, certificado pesa 17,85 gramas, medida 45 * 22,9 * 12,3 mm (pendant271)"},"content":{"rendered":"<p>Este pingente de jade\u00edta natural tipo A de alta qualidade e cor lavanda clara apresenta um design de drag\u00e3o Ruyi lindamente trabalhado, exalando eleg\u00e2ncia e charme.<\/p>\n<p>\u00a0<\/p>\n<p>N\u00fameros de certificado: GD2202H006845<\/p>\n<p><img fetchpriority=\"high\" decoding=\"async\" height=\"1080\" src=\"https:\/\/shop.yipinqian.com\/wp-content\/uploads\/2024\/10\/6df38c4c975f865b0d9c6dd4102a6be2.jpg?from=476444299\" width=\"1080\"><\/p>\n<ul>\n<li>\n<strong>Pesa:<\/strong> 17,85 gramas<\/li>\n<li>\n<strong>Medidas:<\/strong> 45 * 22,9 * 12,3 mil\u00edmetros<\/li>\n<li>\n<strong>Tipo de Jade:<\/strong> Jade\u00edta<\/li>\n<li>\n<strong>Certificado:<\/strong> Sim<\/li>\n<li><strong>Pa\u00eds de Origem: Este pingente requintado \u00e9 perfeito para uso di\u00e1rio, adicionando um toque de sofistica\u00e7\u00e3o a qualquer roupa. O estilo casual do colar o torna vers\u00e1til para v\u00e1rias ocasi\u00f5es, tornando-o um acess\u00f3rio essencial para qualquer um que aprecie a beleza das joias de jade.<\/strong><\/li>\n<\/ul>\n<p>Yi Pin Qian \u2013 Um negociante de pedras preciosas e metais preciosos em Cingapura \u2013 N\u00famero de licen\u00e7a PS20190000031<\/p>\n<p>\u00a0<\/p>\n<p>*Todos os Jadeites comprados de Yi Pin Qian em Cingapura, os clientes podem reservar hor\u00e1rios para polimento ou pequenos reparos por manuseio incorreto - taxas se aplicam e somente para clientes de Yi Pin Qian em Cingapura*<\/p>\n<p>\u00a0<\/p>\n<p><strong>**Tipos de Certificados**<\/strong><\/p>\n<p>\u00a0<\/p>\n<p><strong>NGI (Nan Yang Gemol\u00f3gico)<\/strong><\/p>\n<p>ou <strong>Certificados no exterior <\/strong>(Yi Pin Qian usa apenas certificados aut\u00eanticos de laborat\u00f3rios estrangeiros e tamb\u00e9m controla a qualidade de cada um dos nossos produtos antes de coloc\u00e1-los \u00e0 venda em Cingapura)<\/p>\n<p>\u00a0<\/p>\n<p>Cada produto no TikTok ter\u00e1 o tipo de certificado fornecido indicado na descri\u00e7\u00e3o. Para qualquer cliente que deseje enviar seu pedido para a NGI Singapore, haver\u00e1 um tempo de espera para entrega do pedido estimado em torno de 4 semanas para receber seu pedido. <strong>As solicita\u00e7\u00f5es de relat\u00f3rios da NGI Gemstone precisam ser feitas por mensagem para a loja Yi Pin Qian TikTok.<\/strong> Obrigado, <strong><u>taxas extras se aplicam<\/u><\/strong>.<\/p>\n<p>\u00a0<\/p>\n<p><strong>A jade\u00edta natural n\u00e3o \u00e9 perfeita, apenas um lembrete gentil, nossa jade\u00edta natural, como todas as coisas bonitas da natureza, vem com suas caracter\u00edsticas e varia\u00e7\u00f5es \u00fanicas. Convidamos nossos valiosos clientes a abra\u00e7ar essas varia\u00e7\u00f5es naturais. Boas compras!<\/strong><\/p>\n<p>\u00a0<\/p>\n<p><strong><u>Nenhuma das fotos e filmagens de v\u00eddeo foram filtradas. Incentivamos nossos clientes a tamb\u00e9m assistirem aos v\u00eddeos que os acompanham para uma vis\u00e3o mais abrangente de nossos produtos<\/u><\/strong><\/p>","protected":false},"excerpt":{"rendered":"<p>This High-Quality Light Lavender Natural Type A Jadeite Jade pendant features a beautifully crafted Ruyi Dragon design, exuding elegance and charm. \u00a0 Certificate numbers: GD2202H006845 Weighs: 17.85 grams Measurements: 45 * 22.9 * 12.3 mm Jade Type: Jadeite Certificate: Yes Country of Origin: This exquisite pendant is perfect for daily wear, adding a touch of [&hellip;]<\/p>","protected":false},"featured_media":4540,"comment_status":"open","ping_status":"closed","template":"","meta":[],"product_brand":[],"product_cat":[48],"product_tag":[],"class_list":{"0":"post-1428","1":"product","2":"type-product","3":"status-publish","4":"has-post-thumbnail","6":"product_cat-pendants","8":"first","9":"instock","10":"sale","11":"shipping-taxable","12":"purchasable","13":"product-type-simple"},"_links":{"self":[{"href":"https:\/\/shop.yipinqian.com\/pt\/wp-json\/wp\/v2\/product\/1428","targetHints":{"allow":["GET"]}}],"collection":[{"href":"https:\/\/shop.yipinqian.com\/pt\/wp-json\/wp\/v2\/product"}],"about":[{"href":"https:\/\/shop.yipinqian.com\/pt\/wp-json\/wp\/v2\/types\/product"}],"replies":[{"embeddable":true,"href":"https:\/\/shop.yipinqian.com\/pt\/wp-json\/wp\/v2\/comments?post=1428"}],"version-history":[{"count":0,"href":"https:\/\/shop.yipinqian.com\/pt\/wp-json\/wp\/v2\/product\/1428\/revisions"}],"wp:featuredmedia":[{"embeddable":true,"href":"https:\/\/shop.yipinqian.com\/pt\/wp-json\/wp\/v2\/media\/4540"}],"wp:attachment":[{"href":"https:\/\/shop.yipinqian.com\/pt\/wp-json\/wp\/v2\/media?parent=1428"}],"wp:term":[{"taxonomy":"product_brand","embeddable":true,"href":"https:\/\/shop.yipinqian.com\/pt\/wp-json\/wp\/v2\/product_brand?post=1428"},{"taxonomy":"product_cat","embeddable":true,"href":"https:\/\/shop.yipinqian.com\/pt\/wp-json\/wp\/v2\/product_cat?post=1428"},{"taxonomy":"product_tag","embeddable":true,"href":"https:\/\/shop.yipinqian.com\/pt\/wp-json\/wp\/v2\/product_tag?post=1428"}],"curies":[{"name":"wp","href":"https:\/\/api.w.org\/{rel}","templated":true}]}}