{"id":14221,"date":"2024-12-01T14:04:03","date_gmt":"2024-12-01T06:04:03","guid":{"rendered":"https:\/\/shop.yipinqian.com\/ngi-singapore-certification-for-one-item\/"},"modified":"2025-02-17T00:04:20","modified_gmt":"2025-02-16T16:04:20","slug":"ngi-singapore-certification-for-one-item","status":"publish","type":"product","link":"https:\/\/shop.yipinqian.com\/pt\/produto\/ngi-singapore-certification-for-one-item\/","title":{"rendered":"Certifica\u00e7\u00e3o NGI Singapura \u2013 Para apenas um item"},"content":{"rendered":"<p>NGI Singapore Certification ~ A reputable Singapore Lab &#8211; trusted by many in Singapore<\/p>\n<h4 class=\"elementor-heading-title elementor-size-default\">Instituto Gemol\u00f3gico Nan Yang<\/h4>\n<ul>\n<li>Para jade\u00edta com ouro 18k, o cliente pode escolher apenas o teste de jade\u00edta ou ambos \u2013 pre\u00e7o diferente<\/li>\n<\/ul>\n<p><strong>Observa\u00e7\u00e3o: este item precisa de um dia adicional + 3 a 5 dias para entrega para sua compra de jade\u00edta.<\/strong><\/p>\n<p>Se o cliente desejar obter um relat\u00f3rio de laborat\u00f3rio da NGI, adicione este produto junto com o item comprado e prossiga para o pagamento. O produto ser\u00e1 enviado ao laborat\u00f3rio no mesmo dia ou no m\u00e1ximo no dia seguinte para teste imediato.<\/p>\n<p><strong>Esta certifica\u00e7\u00e3o s\u00f3 ser\u00e1 reembols\u00e1vel se o produto adquirido tiver sido testado e tratado. Todos os outros cancelamentos por qualquer motivo n\u00e3o ser\u00e3o aceitos. Observe que este \u00e9 um servi\u00e7o extra fornecido pela Yi Pin Qian para economizar o tempo de viagem do cliente. Obrigado pela compreens\u00e3o.<\/strong><\/p>\n<p>Adicional: Esta Certifica\u00e7\u00e3o de Laborat\u00f3rio da NGI n\u00e3o \u00e9 obrigat\u00f3ria, pois 99% de nossos produtos s\u00e3o certificados por laborat\u00f3rios no exterior ou pela NGI. Por favor, envie uma mensagem para nosso servi\u00e7o de atendimento ao cliente para saber mais, obrigado.<\/p>\n<p>&nbsp;<\/p>","protected":false},"excerpt":{"rendered":"<p><img fetchpriority=\"high\" decoding=\"async\" class=\"alignnone wp-image-14387 size-medium\" src=\"https:\/\/shop.yipinqian.com\/wp-content\/uploads\/2024\/12\/WhatsApp-Image-2024-12-01-at-14.06.11_e00f250c-206x300.jpg\" alt=\"NGI Singapore Certification\" width=\"206\" height=\"300\" srcset=\"https:\/\/shop.yipinqian.com\/wp-content\/uploads\/2024\/12\/WhatsApp-Image-2024-12-01-at-14.06.11_e00f250c-206x300.jpg 206w, https:\/\/shop.yipinqian.com\/wp-content\/uploads\/2024\/12\/WhatsApp-Image-2024-12-01-at-14.06.11_e00f250c-704x1024.jpg 704w, https:\/\/shop.yipinqian.com\/wp-content\/uploads\/2024\/12\/WhatsApp-Image-2024-12-01-at-14.06.11_e00f250c-768x1116.jpg 768w, https:\/\/shop.yipinqian.com\/wp-content\/uploads\/2024\/12\/WhatsApp-Image-2024-12-01-at-14.06.11_e00f250c-1057x1536.jpg 1057w, https:\/\/shop.yipinqian.com\/wp-content\/uploads\/2024\/12\/WhatsApp-Image-2024-12-01-at-14.06.11_e00f250c-55x80.jpg 55w, https:\/\/shop.yipinqian.com\/wp-content\/uploads\/2024\/12\/WhatsApp-Image-2024-12-01-at-14.06.11_e00f250c-500x727.jpg 500w, https:\/\/shop.yipinqian.com\/wp-content\/uploads\/2024\/12\/WhatsApp-Image-2024-12-01-at-14.06.11_e00f250c.jpg 1109w\" sizes=\"(max-width: 206px) 100vw, 206px\" \/>NGI Singapore Certification<\/p>","protected":false},"featured_media":14387,"comment_status":"open","ping_status":"closed","template":"","meta":[],"product_brand":[],"product_cat":[178,177,126],"product_tag":[176,58],"class_list":{"0":"post-14221","1":"product","2":"type-product","3":"status-publish","4":"has-post-thumbnail","6":"product_cat-certification","7":"product_cat-lab-certificate","8":"product_cat-new-arrivals","9":"product_tag-lab-certificate","10":"product_tag-new-arrivals","12":"first","13":"instock","14":"sale","15":"shipping-taxable","16":"purchasable","17":"product-type-variable"},"_links":{"self":[{"href":"https:\/\/shop.yipinqian.com\/pt\/wp-json\/wp\/v2\/product\/14221","targetHints":{"allow":["GET"]}}],"collection":[{"href":"https:\/\/shop.yipinqian.com\/pt\/wp-json\/wp\/v2\/product"}],"about":[{"href":"https:\/\/shop.yipinqian.com\/pt\/wp-json\/wp\/v2\/types\/product"}],"replies":[{"embeddable":true,"href":"https:\/\/shop.yipinqian.com\/pt\/wp-json\/wp\/v2\/comments?post=14221"}],"version-history":[{"count":0,"href":"https:\/\/shop.yipinqian.com\/pt\/wp-json\/wp\/v2\/product\/14221\/revisions"}],"wp:featuredmedia":[{"embeddable":true,"href":"https:\/\/shop.yipinqian.com\/pt\/wp-json\/wp\/v2\/media\/14387"}],"wp:attachment":[{"href":"https:\/\/shop.yipinqian.com\/pt\/wp-json\/wp\/v2\/media?parent=14221"}],"wp:term":[{"taxonomy":"product_brand","embeddable":true,"href":"https:\/\/shop.yipinqian.com\/pt\/wp-json\/wp\/v2\/product_brand?post=14221"},{"taxonomy":"product_cat","embeddable":true,"href":"https:\/\/shop.yipinqian.com\/pt\/wp-json\/wp\/v2\/product_cat?post=14221"},{"taxonomy":"product_tag","embeddable":true,"href":"https:\/\/shop.yipinqian.com\/pt\/wp-json\/wp\/v2\/product_tag?post=14221"}],"curies":[{"name":"wp","href":"https:\/\/api.w.org\/{rel}","templated":true}]}}