{"id":1422,"date":"2024-10-24T23:19:06","date_gmt":"2024-10-24T15:19:06","guid":{"rendered":"https:\/\/shop.yipinqian.com\/product\/high-quality-icy-translucent-natural-type-a-jadeite-jade-crafted-with-god-of-fortune-as-pendant-certificate-weighs-24-19-grams-measurement-48-8-27-3-10-mm-pendant274\/"},"modified":"2025-02-24T01:17:31","modified_gmt":"2025-02-23T17:17:31","slug":"high-quality-icy-translucent-natural-type-a-jadeite-jade-crafted-with-god-of-fortune-as-pendant-certificate-weighs-24-19-grams-measurement-48-8-27-3-10-mm-pendant274","status":"publish","type":"product","link":"https:\/\/shop.yipinqian.com\/pt\/produto\/high-quality-icy-translucent-natural-type-a-jadeite-jade-crafted-with-god-of-fortune-as-pendant-certificate-weighs-24-19-grams-measurement-48-8-27-3-10-mm-pendant274\/","title":{"rendered":"High Quality Icy Translucent Natural Type A Jadeite Jade crafted with God of Fortune as Pendant, certificate weighs 24.19 grams, measurement 48.8 * 27.3 * 10 mm (pendant274)"},"content":{"rendered":"<p>Enhance your style with this exquisite High Quality Icy Translucent Natural Type A Jadeite Jade pendant featuring the auspicious God of Fortune.<\/p>\n<p>Certificate numbers: GD2110H018184<\/p>\n<p><img fetchpriority=\"high\" decoding=\"async\" height=\"1080\" src=\"https:\/\/shop.yipinqian.com\/wp-content\/uploads\/2024\/10\/bcbd576bbd72ec14abe3a1048ea5f463.jpg?from=476444299\" width=\"1080\"><\/p>\n<ul>\n<li>Divine Craftsmanship: This pendant is intricately crafted from genuine Type A Jadeite Jade, showcasing a stunning icy translucent quality.<\/li>\n<li>Precise Measurements: Weighing 24.19 grams and measuring 48.8 * 27.3 * 10 mm, this pendant (pendant274) is a unique and eye-catching piece of jewelry.<\/li>\n<li>Auspicious Symbolism:The God of Fortune design adds an element of luck and prosperity to your accessory collection, perfect for any occasion<\/li>\n<\/ul>\n<p>Yi Pin Qian \u2013 Um negociante de pedras preciosas e metais preciosos em Cingapura \u2013 N\u00famero de licen\u00e7a PS20190000031<\/p>\n<p>*Todos os Jadeites comprados de Yi Pin Qian em Cingapura, os clientes podem reservar hor\u00e1rios para polimento ou pequenos reparos por manuseio incorreto - taxas se aplicam e somente para clientes de Yi Pin Qian em Cingapura*<\/p>\n<p><strong>**Tipos de Certificados**<\/strong><\/p>\n<p><strong>NGI (Nan Yang Gemol\u00f3gico)<\/strong><\/p>\n<p>ou <strong>Certificados no exterior <\/strong>(Yi Pin Qian usa apenas certificados aut\u00eanticos de laborat\u00f3rios estrangeiros e tamb\u00e9m controla a qualidade de cada um dos nossos produtos antes de coloc\u00e1-los \u00e0 venda em Cingapura)<\/p>\n<p>Cada produto no TikTok ter\u00e1 o tipo de certificado fornecido indicado na descri\u00e7\u00e3o. Para qualquer cliente que deseje enviar seu pedido para a NGI Singapore, haver\u00e1 um tempo de espera para entrega do pedido estimado em torno de 4 semanas para receber seu pedido. <strong>As solicita\u00e7\u00f5es de relat\u00f3rios da NGI Gemstone precisam ser feitas por mensagem para a loja Yi Pin Qian TikTok.<\/strong> Obrigado, <strong><u>taxas extras se aplicam<\/u><\/strong>.<\/p>\n<p><strong>A jade\u00edta natural n\u00e3o \u00e9 perfeita, apenas um lembrete gentil, nossa jade\u00edta natural, como todas as coisas bonitas da natureza, vem com suas caracter\u00edsticas e varia\u00e7\u00f5es \u00fanicas. Convidamos nossos valiosos clientes a abra\u00e7ar essas varia\u00e7\u00f5es naturais. Boas compras!<\/strong><\/p>","protected":false},"excerpt":{"rendered":"<p>Melhore seu estilo com este requintado pingente de Jade\u00edta Natural Tipo A Transl\u00facido Gelado de Alta Qualidade, apresentando o auspicioso Deus da Fortuna. N\u00fameros de certificado: GD2110H018184 Artesanato Divino: Este pingente \u00e9 intrincadamente trabalhado a partir de Jade\u00edta Tipo A genu\u00edno, exibindo uma qualidade transl\u00facida gelada impressionante. Medidas precisas: Pesando 24,19 gramas e medindo 48,8 * 27,3 * [\u2026]<\/p>","protected":false},"featured_media":4459,"comment_status":"open","ping_status":"closed","template":"","meta":[],"product_brand":[],"product_cat":[195],"product_tag":[],"class_list":{"0":"post-1422","1":"product","2":"type-product","3":"status-publish","4":"has-post-thumbnail","6":"product_cat-heirloom-grade","8":"first","9":"instock","10":"sale","11":"shipping-taxable","12":"purchasable","13":"product-type-simple"},"_links":{"self":[{"href":"https:\/\/shop.yipinqian.com\/pt\/wp-json\/wp\/v2\/product\/1422","targetHints":{"allow":["GET"]}}],"collection":[{"href":"https:\/\/shop.yipinqian.com\/pt\/wp-json\/wp\/v2\/product"}],"about":[{"href":"https:\/\/shop.yipinqian.com\/pt\/wp-json\/wp\/v2\/types\/product"}],"replies":[{"embeddable":true,"href":"https:\/\/shop.yipinqian.com\/pt\/wp-json\/wp\/v2\/comments?post=1422"}],"version-history":[{"count":0,"href":"https:\/\/shop.yipinqian.com\/pt\/wp-json\/wp\/v2\/product\/1422\/revisions"}],"wp:featuredmedia":[{"embeddable":true,"href":"https:\/\/shop.yipinqian.com\/pt\/wp-json\/wp\/v2\/media\/4459"}],"wp:attachment":[{"href":"https:\/\/shop.yipinqian.com\/pt\/wp-json\/wp\/v2\/media?parent=1422"}],"wp:term":[{"taxonomy":"product_brand","embeddable":true,"href":"https:\/\/shop.yipinqian.com\/pt\/wp-json\/wp\/v2\/product_brand?post=1422"},{"taxonomy":"product_cat","embeddable":true,"href":"https:\/\/shop.yipinqian.com\/pt\/wp-json\/wp\/v2\/product_cat?post=1422"},{"taxonomy":"product_tag","embeddable":true,"href":"https:\/\/shop.yipinqian.com\/pt\/wp-json\/wp\/v2\/product_tag?post=1422"}],"curies":[{"name":"wp","href":"https:\/\/api.w.org\/{rel}","templated":true}]}}