{"id":1421,"date":"2024-10-24T23:19:05","date_gmt":"2024-10-24T15:19:05","guid":{"rendered":"https:\/\/shop.yipinqian.com\/product\/high-quality-icy-translucent-natural-type-a-jadeite-jade-crafted-with-flowers-added-apple-green-cabochon-set-on-18k-gold-as-pendant-certificate-weighs-8-53-grams-measurement-47-3-20-5-8-mm-18kp55\/"},"modified":"2025-01-10T05:59:50","modified_gmt":"2025-01-09T21:59:50","slug":"high-quality-icy-translucent-natural-type-a-jadeite-jade-crafted-with-flowers-added-apple-green-cabochon-set-on-18k-gold-as-pendant-certificate-weighs-8-53-grams-measurement-47-3-20-5-8-mm-18kp55","status":"publish","type":"product","link":"https:\/\/shop.yipinqian.com\/pt\/produto\/high-quality-icy-translucent-natural-type-a-jadeite-jade-crafted-with-flowers-added-apple-green-cabochon-set-on-18k-gold-as-pendant-certificate-weighs-8-53-grams-measurement-47-3-20-5-8-mm-18kp55\/","title":{"rendered":"Jade\u00edte natural transl\u00facida gelada de alta qualidade tipo A, trabalhada com flores adicionadas, caboch\u00e3o verde-ma\u00e7\u00e3 em ouro 18k como pingente, o certificado pesa 8,53 gramas, medindo 47,3 * 20 * 5,8 mm (18kp55)"},"content":{"rendered":"<p>Este requintado pingente de colar de jade apresenta uma jade\u00edte natural transl\u00facida gelada de alta qualidade tipo A em um deslumbrante cen\u00e1rio caboch\u00e3o verde-ma\u00e7\u00e3, trabalhado com detalhes florais intrincados. S\u00edmbolos de flores florescem e riqueza<\/p>\n<p>\u00a0<\/p>\n<p>N\u00fameros de certificado: GD2110H012006<\/p>\n<p>Ouro 18k: 1,5 gramas<\/p>\n<p>Diamantes: 19 *<em> 0,003 quilates e 1 * <\/em>0,005 quilates<\/p>\n<p>Medidas da jade\u00edta: 37,1 * 20 * 5,8 mm<\/p>\n<p><img fetchpriority=\"high\" decoding=\"async\" height=\"1080\" src=\"https:\/\/shop.yipinqian.com\/wp-content\/uploads\/2024\/10\/18b088a232aff2c29f39cb5cccdcc539.jpg?from=476444299\" width=\"1080\"><\/p>\n<ul>\n<li>\n<strong>Material:<\/strong> Ouro 18k<\/li>\n<li>\n<strong>Certificado:<\/strong> Sim<\/li>\n<li>\n<strong>Pesa:<\/strong> 8,53 gramas<\/li>\n<li>\n<strong>Medidas gerais:<\/strong> 47,3 * 20 * 5,8 mm (18kp55)<\/li>\n<li>Este pingente unissex \u00e9 perfeito para uso di\u00e1rio, adicionando um toque de eleg\u00e2ncia a qualquer roupa.<\/li>\n<\/ul>\n<p>O material secund\u00e1rio deste pingente \u00e9 o diamante, complementando a beleza lustrosa do jade. O material de fixa\u00e7\u00e3o \u00e9 PT\/Carat Gold de Myanmar.<\/p>\n<ul>\n<li>\n<strong>Tipo de Jade: <\/strong>Jade\u00edta<\/li>\n<li>\n<strong>Estilo de colar: <\/strong>Elegante.<\/li>\n<\/ul>\n<p>Yi Pin Qian \u2013 Um negociante de pedras preciosas e metais preciosos em Cingapura \u2013 N\u00famero de licen\u00e7a PS20190000031<\/p>\n<p>\u00a0<\/p>\n<p>*Todos os Jadeites comprados de Yi Pin Qian em Cingapura, os clientes podem reservar hor\u00e1rios para polimento ou pequenos reparos por manuseio incorreto - taxas se aplicam e somente para clientes de Yi Pin Qian em Cingapura*<\/p>\n<p>\u00a0<\/p>\n<p><strong>**Tipos de Certificados**<\/strong><\/p>\n<p>\u00a0<\/p>\n<p><strong>NGI (Nan Yang Gemol\u00f3gico)<\/strong><\/p>\n<p>ou <strong>Certificados no exterior <\/strong>(Yi Pin Qian usa apenas certificados aut\u00eanticos de laborat\u00f3rios estrangeiros e tamb\u00e9m controla a qualidade de cada um dos nossos produtos antes de coloc\u00e1-los \u00e0 venda em Cingapura)<\/p>\n<p>\u00a0<\/p>\n<p>Cada produto no TikTok ter\u00e1 o tipo de certificado fornecido indicado na descri\u00e7\u00e3o. Para qualquer cliente que deseje enviar seu pedido para a NGI Singapore, haver\u00e1 um tempo de espera para entrega do pedido estimado em torno de 4 semanas para receber seu pedido. <strong>As solicita\u00e7\u00f5es de relat\u00f3rios da NGI Gemstone precisam ser feitas por mensagem para a loja Yi Pin Qian TikTok.<\/strong> Obrigado, <strong><u>taxas extras se aplicam<\/u><\/strong>.<\/p>\n<p>\u00a0<\/p>\n<p><strong>A jade\u00edta natural n\u00e3o \u00e9 perfeita, apenas um lembrete gentil, nossa jade\u00edta natural, como todas as coisas bonitas da natureza, vem com suas caracter\u00edsticas e varia\u00e7\u00f5es \u00fanicas. Convidamos nossos valiosos clientes a abra\u00e7ar essas varia\u00e7\u00f5es naturais. Boas compras!<\/strong><\/p>\n<p>\u00a0<\/p>\n<p><strong><u>Nenhuma das fotos e filmagens de v\u00eddeo foram filtradas. Incentivamos nossos clientes a tamb\u00e9m assistirem aos v\u00eddeos que os acompanham para uma vis\u00e3o mais abrangente de nossos produtos<\/u><\/strong><\/p>","protected":false},"excerpt":{"rendered":"<p>Este requintado pingente de colar de jade apresenta uma jade\u00edte natural transl\u00facida gelada de alta qualidade tipo A em uma deslumbrante configura\u00e7\u00e3o de caboch\u00e3o verde-ma\u00e7\u00e3, trabalhada com detalhes florais intrincados. S\u00edmbolos de flores florescem e riqueza N\u00fameros do certificado: GD2110H012006 Ouro 18k: 1,5 gramas Diamantes: 19 * 0,003 quilates e 1 * 0,005 quilates Medida da jade\u00edte: 37,1 [\u2026]<\/p>","protected":false},"featured_media":4439,"comment_status":"open","ping_status":"closed","template":"","meta":[],"product_brand":[],"product_cat":[120,48],"product_tag":[50,52,88,53,70,54,55,56,73,59,60,61,62],"class_list":{"0":"post-1421","1":"product","2":"type-product","3":"status-publish","4":"has-post-thumbnail","6":"product_cat-18k-gold-setting-pendants","7":"product_cat-pendants","8":"product_tag-18k-gold","9":"product_tag-certified","10":"product_tag-diamonds","11":"product_tag-fine-quality","12":"product_tag-green","13":"product_tag-icy","14":"product_tag-jadeite","15":"product_tag-limited-editions","16":"product_tag-pendant","17":"product_tag-translucent","18":"product_tag-type-a-jadeite","19":"product_tag-unisex","20":"product_tag-yi-pin-qian-exclusive","22":"first","23":"instock","24":"sale","25":"shipping-taxable","26":"purchasable","27":"product-type-simple"},"_links":{"self":[{"href":"https:\/\/shop.yipinqian.com\/pt\/wp-json\/wp\/v2\/product\/1421","targetHints":{"allow":["GET"]}}],"collection":[{"href":"https:\/\/shop.yipinqian.com\/pt\/wp-json\/wp\/v2\/product"}],"about":[{"href":"https:\/\/shop.yipinqian.com\/pt\/wp-json\/wp\/v2\/types\/product"}],"replies":[{"embeddable":true,"href":"https:\/\/shop.yipinqian.com\/pt\/wp-json\/wp\/v2\/comments?post=1421"}],"version-history":[{"count":0,"href":"https:\/\/shop.yipinqian.com\/pt\/wp-json\/wp\/v2\/product\/1421\/revisions"}],"wp:featuredmedia":[{"embeddable":true,"href":"https:\/\/shop.yipinqian.com\/pt\/wp-json\/wp\/v2\/media\/4439"}],"wp:attachment":[{"href":"https:\/\/shop.yipinqian.com\/pt\/wp-json\/wp\/v2\/media?parent=1421"}],"wp:term":[{"taxonomy":"product_brand","embeddable":true,"href":"https:\/\/shop.yipinqian.com\/pt\/wp-json\/wp\/v2\/product_brand?post=1421"},{"taxonomy":"product_cat","embeddable":true,"href":"https:\/\/shop.yipinqian.com\/pt\/wp-json\/wp\/v2\/product_cat?post=1421"},{"taxonomy":"product_tag","embeddable":true,"href":"https:\/\/shop.yipinqian.com\/pt\/wp-json\/wp\/v2\/product_tag?post=1421"}],"curies":[{"name":"wp","href":"https:\/\/api.w.org\/{rel}","templated":true}]}}