{"id":14200,"date":"2024-12-01T14:03:34","date_gmt":"2024-12-01T06:03:34","guid":{"rendered":"https:\/\/shop.yipinqian.com\/hugh-dragon-2-crafted-on-natural-type-a-jadeite-jade-as-pendant-certificate-weighs-88-3-grams-measurement-74-44-2-17-mm-pendant365\/"},"modified":"2025-02-24T01:17:23","modified_gmt":"2025-02-23T17:17:23","slug":"hugh-dragon-2-crafted-on-natural-type-a-jadeite-jade-as-pendant-certificate-weighs-88-3-grams-measurement-74-44-2-17-mm-pendant365","status":"publish","type":"product","link":"https:\/\/shop.yipinqian.com\/pt\/produto\/hugh-dragon-2-crafted-on-natural-type-a-jadeite-jade-as-pendant-certificate-weighs-88-3-grams-measurement-74-44-2-17-mm-pendant365\/","title":{"rendered":"Pingente Hugh Dragon #2 feito em jade natural tipo A como pingente, certificado pesa 88,3 gramas, medida 74 * 44,2 * 17 mm (pendant365)"},"content":{"rendered":"<p>This Hugh Dragon #2 necklace pendant is crafted on natural Type A Jadeite Jade, originating from Myanmar. It weighs 88.3 grams and measures 74 * 44.2 * 17 mm, making it a stunning accessory for any auspicious occasion.<\/p>\n<p><\/p>\n<p>Certificate numbers: 920250003675<\/p>\n<p><img fetchpriority=\"high\" decoding=\"async\" src=\"https:\/\/shop.yipinqian.com\/wp-content\/uploads\/2024\/12\/f06b33edca3d4871844f8e70a870cf78tplv-aphluv4xwc-origin-jpeg.jpeg?dr=15568&#038;nonce=70706&#038;refresh_token=185d887384cf7835c09d6b5627bb5b86&#038;from=476444299&#038;idc=my2&#038;ps=933b5bde&#038;shcp=9b759fb9&#038;shp=1c65f68b&#038;t=555f072d\" width=\"1080\" height=\"1080\"><\/p>\n<ul>\n<li>\n<strong>Material:<\/strong> Jade\u00edta Natural Tipo A Jade<\/li>\n<li>\n<strong>Peso:<\/strong> 88.3 grams<\/li>\n<li>\n<strong>Medi\u00e7\u00e3o:<\/strong> 74 * 44.2 *17 mm<\/li>\n<li>\n<strong>Certificado inclu\u00eddo:<\/strong> Sim<\/li>\n<li><strong>Tipo de Jade:<\/strong><\/li>\n<\/ul>\n<p><img decoding=\"async\" src=\"https:\/\/shop.yipinqian.com\/wp-content\/uploads\/2024\/12\/06aa81b46b46462ab102a80451e6d335tplv-aphluv4xwc-origin-jpeg.jpeg?dr=15568&#038;nonce=70771&#038;refresh_token=d367c5df14d4c0ed8565165dec654ab5&#038;from=476444299&#038;idc=my2&#038;ps=933b5bde&#038;shcp=9b759fb9&#038;shp=1c65f68b&#038;t=555f072d\" width=\"1080\" height=\"1080\"><img decoding=\"async\" src=\"https:\/\/shop.yipinqian.com\/wp-content\/uploads\/2024\/12\/8fafa78a3781488083e7ff8a166de663tplv-aphluv4xwc-origin-jpeg.jpeg?dr=15568&#038;nonce=19693&#038;refresh_token=5f2f896c4c59a097a9ca1cae816eaba0&#038;from=476444299&#038;idc=my2&#038;ps=933b5bde&#038;shcp=9b759fb9&#038;shp=1c65f68b&#038;t=555f072d\" width=\"1080\" height=\"1080\"><\/p>\n<p><strong>This exquisite pendant features intricate detailing of a dragon design, symbolizing power and strength while exuding elegance.<\/strong><\/p>\n<ul>\n<li><strong>The dragon symbolizes power and strength.<\/strong><\/li>\n<\/ul>\n<p><strong>Suitable for both men and women, this unisex necklace style is perfect for casual wear or special occasions where you want to make a statement with unique jewelry.<\/strong><\/p>\n<ul>\n<li><strong>Suitable for both men and women (Unisex)<\/strong><\/li>\n<\/ul>\n<p>Yi Pin Qian \u2013 Um negociante de pedras preciosas e metais preciosos em Cingapura \u2013 N\u00famero de licen\u00e7a PS20190000031<\/p>\n<p><\/p>\n<p>*Todos os Jadeites comprados de Yi Pin Qian em Cingapura, os clientes podem reservar hor\u00e1rios para polimento ou pequenos reparos por manuseio incorreto - taxas se aplicam e somente para clientes de Yi Pin Qian em Cingapura*<\/p>\n<p><\/p>\n<p><strong>**Tipos de Certificados**<\/strong><\/p>\n<p><\/p>\n<p><strong>NGI (Nan Yang Gemol\u00f3gico)<\/strong><\/p>\n<p>ou <strong>Certificados no exterior <\/strong>(Yi Pin Qian usa apenas certificados aut\u00eanticos de laborat\u00f3rios estrangeiros e tamb\u00e9m controla a qualidade de cada um dos nossos produtos antes de coloc\u00e1-los \u00e0 venda em Cingapura)<\/p>\n<p><\/p>\n<p>Cada produto no TikTok ter\u00e1 o tipo de certificado fornecido indicado na descri\u00e7\u00e3o. Para qualquer cliente que deseje enviar seu pedido para a NGI Singapore, haver\u00e1 um tempo de espera para entrega do pedido estimado em torno de 4 semanas para receber seu pedido. <strong>As solicita\u00e7\u00f5es de relat\u00f3rios de pedras preciosas da NGI precisam ser feitas por mensagem.<\/strong> Obrigado, <strong><u>taxas extras se aplicam<\/u><\/strong>.<\/p>\n<p><\/p>\n<p><strong>A jade\u00edta natural n\u00e3o \u00e9 perfeita, apenas um lembrete gentil, nossa jade\u00edta natural, como todas as coisas bonitas da natureza, vem com suas caracter\u00edsticas e varia\u00e7\u00f5es \u00fanicas. Convidamos nossos valiosos clientes a abra\u00e7ar essas varia\u00e7\u00f5es naturais. Boas compras!<\/strong><\/p>\n<p><\/p>\n<p><strong><u>Nenhuma das fotos e filmagens de v\u00eddeo foram filtradas. Incentivamos nossos clientes a tamb\u00e9m assistirem aos v\u00eddeos que os acompanham para uma vis\u00e3o mais abrangente de nossos produtos<\/u><\/strong><\/p>\n<p><\/p>\n<ul>\n<li>Diferentes plataformas s\u00f3 podem visualizar v\u00eddeos por meio do Desktop<\/li>\n<\/ul>","protected":false},"excerpt":{"rendered":"<p>This Hugh Dragon #2 necklace pendant is crafted on natural Type A Jadeite Jade, originating from Myanmar. It weighs 88.3 grams and measures 74 * 44.2 * 17 mm, making it a stunning accessory for any auspicious occasion. Certificate numbers: 920250003675 Material: Natural Type A Jadeite Jade Weight: 88.3 grams Measurement: 74 * 44.2 *17 [&hellip;]<\/p>","protected":false},"featured_media":14263,"comment_status":"open","ping_status":"closed","template":"","meta":[],"product_brand":[],"product_cat":[195],"product_tag":[52,78,65,56,58,73,75,60,61,62],"class_list":{"0":"post-14200","1":"product","2":"type-product","3":"status-publish","4":"has-post-thumbnail","6":"product_cat-heirloom-grade","7":"product_tag-certified","8":"product_tag-dragon","9":"product_tag-high-quality","10":"product_tag-limited-editions","11":"product_tag-new-arrivals","12":"product_tag-pendant","13":"product_tag-traditional","14":"product_tag-type-a-jadeite","15":"product_tag-unisex","16":"product_tag-yi-pin-qian-exclusive","18":"first","19":"instock","20":"sale","21":"shipping-taxable","22":"purchasable","23":"product-type-simple"},"_links":{"self":[{"href":"https:\/\/shop.yipinqian.com\/pt\/wp-json\/wp\/v2\/product\/14200","targetHints":{"allow":["GET"]}}],"collection":[{"href":"https:\/\/shop.yipinqian.com\/pt\/wp-json\/wp\/v2\/product"}],"about":[{"href":"https:\/\/shop.yipinqian.com\/pt\/wp-json\/wp\/v2\/types\/product"}],"replies":[{"embeddable":true,"href":"https:\/\/shop.yipinqian.com\/pt\/wp-json\/wp\/v2\/comments?post=14200"}],"version-history":[{"count":0,"href":"https:\/\/shop.yipinqian.com\/pt\/wp-json\/wp\/v2\/product\/14200\/revisions"}],"wp:featuredmedia":[{"embeddable":true,"href":"https:\/\/shop.yipinqian.com\/pt\/wp-json\/wp\/v2\/media\/14263"}],"wp:attachment":[{"href":"https:\/\/shop.yipinqian.com\/pt\/wp-json\/wp\/v2\/media?parent=14200"}],"wp:term":[{"taxonomy":"product_brand","embeddable":true,"href":"https:\/\/shop.yipinqian.com\/pt\/wp-json\/wp\/v2\/product_brand?post=14200"},{"taxonomy":"product_cat","embeddable":true,"href":"https:\/\/shop.yipinqian.com\/pt\/wp-json\/wp\/v2\/product_cat?post=14200"},{"taxonomy":"product_tag","embeddable":true,"href":"https:\/\/shop.yipinqian.com\/pt\/wp-json\/wp\/v2\/product_tag?post=14200"}],"curies":[{"name":"wp","href":"https:\/\/api.w.org\/{rel}","templated":true}]}}