{"id":1420,"date":"2024-10-24T23:19:05","date_gmt":"2024-10-24T15:19:05","guid":{"rendered":"https:\/\/shop.yipinqian.com\/product\/high-quality-icy-translucent-natural-type-a-jadeite-jade-crafted-as-standing-guanyin-s925-clasp-added-as-pendant-certificate-weighs-7-79-grams-measurement-45-7-14-8-6-3-mm-pendant269\/"},"modified":"2025-02-17T00:01:38","modified_gmt":"2025-02-16T16:01:38","slug":"high-quality-icy-translucent-natural-type-a-jadeite-jade-crafted-as-standing-guanyin-s925-clasp-added-as-pendant-certificate-weighs-7-79-grams-measurement-45-7-14-8-6-3-mm-pendant269","status":"publish","type":"product","link":"https:\/\/shop.yipinqian.com\/pt\/produto\/high-quality-icy-translucent-natural-type-a-jadeite-jade-crafted-as-standing-guanyin-s925-clasp-added-as-pendant-certificate-weighs-7-79-grams-measurement-45-7-14-8-6-3-mm-pendant269\/","title":{"rendered":"Jade\u00edte natural transl\u00facida gelada de alta qualidade tipo A, trabalhada como Guanyin em p\u00e9, fecho S925 adicionado como pingente, certificado pesa 7,79 gramas, medida 45,7 * 14,8 * 6,3 mm (pendant269)"},"content":{"rendered":"<p>This exquisite pendant features a High Quality Icy Translucent Natural Type A Jadeite Jade crafted as Standing Guanyin, exuding elegance and spirituality.<\/p>\n<p>\u00a0<\/p>\n<p>*S925 Silver Clasp added with a little DIY on the wrapping into the jadeite&#8217;s hole*<\/p>\n<p>\u00a0<\/p>\n<p>Certificate numbers: GD2109H018434<\/p>\n<p><img fetchpriority=\"high\" decoding=\"async\" height=\"1080\" src=\"https:\/\/shop.yipinqian.com\/wp-content\/uploads\/2024\/10\/c4ff0c3fe0f6c324f7eec5c77c4f5cb2.jpg?from=476444299\" width=\"1080\"><\/p>\n<ul>\n<li>\n<strong>Material:<\/strong> Crafted with S925 clasp for durability and shine.<\/li>\n<li>\n<strong>Peso:<\/strong> Weighing 7.79 grams, it is lightweight and comfortable to wear.<\/li>\n<li>\n<strong>Medi\u00e7\u00e3o:<\/strong> With dimensions of 45.7 * 14.8 * 6.3 mm (pendant269), it is a statement piece that captures attention.<\/li>\n<\/ul>\n<p>The icy translucent jadeite jade adds a touch of sophistication to the design, making it perfect for any occasion, especially auspicious ones.<\/p>\n<ul>\n<li>\n<strong>Certificado:<\/strong> Comes with a certificate ensuring the authenticity of the jadeite jade used in the pendant.<\/li>\n<li>\n<strong>Tipo de Jade:<\/strong>Type A Jadeite<\/li>\n<\/ul>\n<p>.<\/p>\n<p>This unisex necklace style is versatile and can be worn casually or dressed up for a special event, making it an ideal addition to any jewelry collection from Myanmar origin.<\/p>\n<p>\u00a0<\/p>\n<p>Yi Pin Qian \u2013 Um negociante de pedras preciosas e metais preciosos em Cingapura \u2013 N\u00famero de licen\u00e7a PS20190000031<\/p>\n<p>\u00a0<\/p>\n<p>*Todos os Jadeites comprados de Yi Pin Qian em Cingapura, os clientes podem reservar hor\u00e1rios para polimento ou pequenos reparos por manuseio incorreto - taxas se aplicam e somente para clientes de Yi Pin Qian em Cingapura*<\/p>\n<p>\u00a0<\/p>\n<p><strong>**Tipos de Certificados**<\/strong><\/p>\n<p>\u00a0<\/p>\n<p><strong>NGI (Nan Yang Gemol\u00f3gico)<\/strong><\/p>\n<p>ou <strong>Certificados no exterior <\/strong>(Yi Pin Qian usa apenas certificados aut\u00eanticos de laborat\u00f3rios estrangeiros e tamb\u00e9m controla a qualidade de cada um dos nossos produtos antes de coloc\u00e1-los \u00e0 venda em Cingapura)<\/p>\n<p>\u00a0<\/p>\n<p>Cada produto no TikTok ter\u00e1 o tipo de certificado fornecido indicado na descri\u00e7\u00e3o. Para qualquer cliente que deseje enviar seu pedido para a NGI Singapore, haver\u00e1 um tempo de espera para entrega do pedido estimado em torno de 4 semanas para receber seu pedido. <strong>As solicita\u00e7\u00f5es de relat\u00f3rios da NGI Gemstone precisam ser feitas por mensagem para a loja Yi Pin Qian TikTok.<\/strong> Obrigado, <strong><u>taxas extras se aplicam<\/u><\/strong>.<\/p>\n<p>\u00a0<\/p>\n<p><strong>A jade\u00edta natural n\u00e3o \u00e9 perfeita, apenas um lembrete gentil, nossa jade\u00edta natural, como todas as coisas bonitas da natureza, vem com suas caracter\u00edsticas e varia\u00e7\u00f5es \u00fanicas. Convidamos nossos valiosos clientes a abra\u00e7ar essas varia\u00e7\u00f5es naturais. Boas compras!<\/strong><\/p>\n<p>\u00a0<\/p>\n<p><strong><u>Nenhuma das fotos e filmagens de v\u00eddeo foram filtradas. Incentivamos nossos clientes a tamb\u00e9m assistirem aos v\u00eddeos que os acompanham para uma vis\u00e3o mais abrangente de nossos produtos<\/u><\/strong><\/p>\n<p>\u00a0<\/p>\n<p>.<\/p>","protected":false},"excerpt":{"rendered":"<p>Este requintado pingente apresenta uma Jade\u00edta Natural Tipo A Transl\u00facida Gelada de Alta Qualidade trabalhada como Guanyin em P\u00e9, exalando eleg\u00e2ncia e espiritualidade. *Fecho de Prata S925 adicionado com um pequeno DIY no embrulho no furo da jade\u00edta* N\u00fameros de certificado: GD2109H018434 Material: Trabalhado com fecho S925 para durabilidade e brilho. Peso: Pesando 7,79 gramas, [\u2026]<\/p>","protected":false},"featured_media":4419,"comment_status":"open","ping_status":"closed","template":"","meta":[],"product_brand":[],"product_cat":[48,125],"product_tag":[],"class_list":{"0":"post-1420","1":"product","2":"type-product","3":"status-publish","4":"has-post-thumbnail","6":"product_cat-pendants","7":"product_cat-s925-settings-jadeites","9":"first","10":"instock","11":"sale","12":"shipping-taxable","13":"purchasable","14":"product-type-simple"},"_links":{"self":[{"href":"https:\/\/shop.yipinqian.com\/pt\/wp-json\/wp\/v2\/product\/1420","targetHints":{"allow":["GET"]}}],"collection":[{"href":"https:\/\/shop.yipinqian.com\/pt\/wp-json\/wp\/v2\/product"}],"about":[{"href":"https:\/\/shop.yipinqian.com\/pt\/wp-json\/wp\/v2\/types\/product"}],"replies":[{"embeddable":true,"href":"https:\/\/shop.yipinqian.com\/pt\/wp-json\/wp\/v2\/comments?post=1420"}],"version-history":[{"count":0,"href":"https:\/\/shop.yipinqian.com\/pt\/wp-json\/wp\/v2\/product\/1420\/revisions"}],"wp:featuredmedia":[{"embeddable":true,"href":"https:\/\/shop.yipinqian.com\/pt\/wp-json\/wp\/v2\/media\/4419"}],"wp:attachment":[{"href":"https:\/\/shop.yipinqian.com\/pt\/wp-json\/wp\/v2\/media?parent=1420"}],"wp:term":[{"taxonomy":"product_brand","embeddable":true,"href":"https:\/\/shop.yipinqian.com\/pt\/wp-json\/wp\/v2\/product_brand?post=1420"},{"taxonomy":"product_cat","embeddable":true,"href":"https:\/\/shop.yipinqian.com\/pt\/wp-json\/wp\/v2\/product_cat?post=1420"},{"taxonomy":"product_tag","embeddable":true,"href":"https:\/\/shop.yipinqian.com\/pt\/wp-json\/wp\/v2\/product_tag?post=1420"}],"curies":[{"name":"wp","href":"https:\/\/api.w.org\/{rel}","templated":true}]}}