{"id":14194,"date":"2024-12-01T14:03:17","date_gmt":"2024-12-01T06:03:17","guid":{"rendered":"https:\/\/shop.yipinqian.com\/crafted-as-mystic-beast-pendant-on-high-quality-natural-type-a-jadeite-jade-certificate-weighs-9-38-grams-measurement-48-8-12-7-8-8-mm-pendant371\/"},"modified":"2025-02-24T01:34:16","modified_gmt":"2025-02-23T17:34:16","slug":"crafted-as-mystic-beast-pendant-on-high-quality-natural-type-a-jadeite-jade-certificate-weighs-9-38-grams-measurement-48-8-12-7-8-8-mm-pendant371","status":"publish","type":"product","link":"https:\/\/shop.yipinqian.com\/pt\/produto\/crafted-as-mystic-beast-pendant-on-high-quality-natural-type-a-jadeite-jade-certificate-weighs-9-38-grams-measurement-48-8-12-7-8-8-mm-pendant371\/","title":{"rendered":"Feito como pingente de Besta M\u00edstica em Jade\u00edta Natural de Alta Qualidade Tipo A, o certificado pesa 9,38 gramas, medindo 48,8 * 12,7 * 8,8 mm (pendant371)"},"content":{"rendered":"<p>Este Pingente Besta M\u00edstica \u00e9 primorosamente trabalhado em Jade\u00edta Tipo A natural de alta qualidade, pesando 9,38 gramas. O pingente mede 48,8 * 12,7 * 8,8 mm, adicionando um toque de m\u00edstica e eleg\u00e2ncia ao seu conjunto.<\/p>\n<p>N\u00fameros de certificado: 920460015445<\/p>\n<p>Este pingente \u00e9 bom para usar como est\u00e1 ou enviar para um ourives para fazer uma configura\u00e7\u00e3o de ouro 18k com diamantes para real\u00e7ar a beleza deste pingente de besta m\u00edstica de alta qualidade<\/p>\n<p><img fetchpriority=\"high\" decoding=\"async\" src=\"https:\/\/shop.yipinqian.com\/wp-content\/uploads\/2024\/12\/74f683727d5148debd2814cf6e44c47ctplv-aphluv4xwc-origin-jpeg.jpeg?dr=15568&#038;nonce=21268&#038;refresh_token=ec5b9569d60b6fcc2e515251d3d898ec&#038;from=476444299&#038;idc=my2&#038;ps=933b5bde&#038;shcp=9b759fb9&#038;shp=1c65f68b&#038;t=555f072d\" width=\"1080\" height=\"1080\"><img decoding=\"async\" src=\"https:\/\/shop.yipinqian.com\/wp-content\/uploads\/2024\/12\/59715367965242a6b94e3bcc50f0fee9tplv-aphluv4xwc-origin-jpeg.jpeg?dr=15568&#038;nonce=93016&#038;refresh_token=8fe2f8076a6959ab7fe6e075116f5068&#038;from=476444299&#038;idc=my2&#038;ps=933b5bde&#038;shcp=9b759fb9&#038;shp=1c65f68b&#038;t=555f072d\" width=\"1080\" height=\"1080\"><\/p>\n<ul>\n<li>\n<strong>Com Certificado:<\/strong> Sim<\/li>\n<li>\n<strong>Regi\u00e3o de origem:<\/strong> Mianmar<\/li>\n<li>\n<strong>Ocasi\u00e3o:<\/strong> Auspicioso<\/li>\n<li>\n<strong>Tipo de Jade:<\/strong> Jade\u00edta<\/li>\n<li>\n<strong>Estilo do pingente:<\/strong>Design unissex elegante.<\/li>\n<\/ul>\n<p>Este pingente n\u00e3o \u00e9 apenas um lindo acess\u00f3rio, mas tamb\u00e9m tem significado cultural por sua origem em Mianmar, o que o torna perfeito para ocasi\u00f5es especiais e adiciona um toque de sofistica\u00e7\u00e3o a qualquer roupa.<\/p>\n<p>.<\/p>\n<p>Yi Pin Qian \u2013 Um negociante de pedras preciosas e metais preciosos em Cingapura \u2013 N\u00famero de licen\u00e7a PS20190000031<\/p>\n<p><\/p>\n<p>*Todos os Jadeites comprados de Yi Pin Qian em Cingapura, os clientes podem reservar hor\u00e1rios para polimento ou pequenos reparos por manuseio incorreto - taxas se aplicam e somente para clientes de Yi Pin Qian em Cingapura*<\/p>\n<p><\/p>\n<p><strong>**Tipos de Certificados**<\/strong><\/p>\n<p><\/p>\n<p><strong>NGI (Nan Yang Gemol\u00f3gico)<\/strong><\/p>\n<p>ou <strong>Certificados no exterior <\/strong>(Yi Pin Qian usa apenas certificados aut\u00eanticos de laborat\u00f3rios estrangeiros e tamb\u00e9m controla a qualidade de cada um dos nossos produtos antes de coloc\u00e1-los \u00e0 venda em Cingapura)<\/p>\n<p><\/p>\n<p>Cada produto no TikTok ter\u00e1 o tipo de certificado fornecido indicado na descri\u00e7\u00e3o. Para qualquer cliente que deseje enviar seu pedido para a NGI Singapore, haver\u00e1 um tempo de espera para entrega do pedido estimado em torno de 4 semanas para receber seu pedido. <strong>As solicita\u00e7\u00f5es de relat\u00f3rios de pedras preciosas da NGI precisam ser feitas por mensagem.<\/strong> Obrigado, <strong><u>taxas extras se aplicam<\/u><\/strong>.<\/p>\n<p><\/p>\n<p><strong>A jade\u00edta natural n\u00e3o \u00e9 perfeita, apenas um lembrete gentil, nossa jade\u00edta natural, como todas as coisas bonitas da natureza, vem com suas caracter\u00edsticas e varia\u00e7\u00f5es \u00fanicas. Convidamos nossos valiosos clientes a abra\u00e7ar essas varia\u00e7\u00f5es naturais. Boas compras!<\/strong><\/p>\n<p><\/p>\n<p><strong><u>Nenhuma das fotos e filmagens de v\u00eddeo foram filtradas. Incentivamos nossos clientes a tamb\u00e9m assistirem aos v\u00eddeos que os acompanham para uma vis\u00e3o mais abrangente de nossos produtos<\/u><\/strong><\/p>\n<p><\/p>\n<ul>\n<li>Diferentes plataformas s\u00f3 podem visualizar v\u00eddeos por meio do Desktop<\/li>\n<\/ul>","protected":false},"excerpt":{"rendered":"<p>This Mystic Beast Pendant is exquisitely crafted on high-quality natural Type A Jadeite Jade, weighing 9.38 grams. The pendant measures 48.8 * 12.7 * 8.8 mm, adding a touch of mystique and elegance to your ensemble. Certificate numbers: 920460015445 This pendant is good to wear as it is or send to goldsmith to do 18k [&hellip;]<\/p>","protected":false},"featured_media":14247,"comment_status":"open","ping_status":"closed","template":"","meta":[],"product_brand":[],"product_cat":[196],"product_tag":[52,53,65,54,56,58,73,75,59,60,61,62],"class_list":{"0":"post-14194","1":"product","2":"type-product","3":"status-publish","4":"has-post-thumbnail","6":"product_cat-vault-collection","7":"product_tag-certified","8":"product_tag-fine-quality","9":"product_tag-high-quality","10":"product_tag-icy","11":"product_tag-limited-editions","12":"product_tag-new-arrivals","13":"product_tag-pendant","14":"product_tag-traditional","15":"product_tag-translucent","16":"product_tag-type-a-jadeite","17":"product_tag-unisex","18":"product_tag-yi-pin-qian-exclusive","20":"first","21":"instock","22":"sale","23":"shipping-taxable","24":"purchasable","25":"product-type-simple"},"_links":{"self":[{"href":"https:\/\/shop.yipinqian.com\/pt\/wp-json\/wp\/v2\/product\/14194","targetHints":{"allow":["GET"]}}],"collection":[{"href":"https:\/\/shop.yipinqian.com\/pt\/wp-json\/wp\/v2\/product"}],"about":[{"href":"https:\/\/shop.yipinqian.com\/pt\/wp-json\/wp\/v2\/types\/product"}],"replies":[{"embeddable":true,"href":"https:\/\/shop.yipinqian.com\/pt\/wp-json\/wp\/v2\/comments?post=14194"}],"version-history":[{"count":0,"href":"https:\/\/shop.yipinqian.com\/pt\/wp-json\/wp\/v2\/product\/14194\/revisions"}],"wp:featuredmedia":[{"embeddable":true,"href":"https:\/\/shop.yipinqian.com\/pt\/wp-json\/wp\/v2\/media\/14247"}],"wp:attachment":[{"href":"https:\/\/shop.yipinqian.com\/pt\/wp-json\/wp\/v2\/media?parent=14194"}],"wp:term":[{"taxonomy":"product_brand","embeddable":true,"href":"https:\/\/shop.yipinqian.com\/pt\/wp-json\/wp\/v2\/product_brand?post=14194"},{"taxonomy":"product_cat","embeddable":true,"href":"https:\/\/shop.yipinqian.com\/pt\/wp-json\/wp\/v2\/product_cat?post=14194"},{"taxonomy":"product_tag","embeddable":true,"href":"https:\/\/shop.yipinqian.com\/pt\/wp-json\/wp\/v2\/product_tag?post=14194"}],"curies":[{"name":"wp","href":"https:\/\/api.w.org\/{rel}","templated":true}]}}