{"id":14191,"date":"2024-12-01T14:03:15","date_gmt":"2024-12-01T06:03:15","guid":{"rendered":"https:\/\/shop.yipinqian.com\/crafted-as-bean-6-pendant-on-high-quality-natural-type-a-jadeite-jade-certificate-weighs-8-5-grams-measurement-43-8-17-6-9-mm-pendant368\/"},"modified":"2025-02-24T01:17:23","modified_gmt":"2025-02-23T17:17:23","slug":"crafted-as-bean-6-pendant-on-high-quality-natural-type-a-jadeite-jade-certificate-weighs-8-5-grams-measurement-43-8-17-6-9-mm-pendant368","status":"publish","type":"product","link":"https:\/\/shop.yipinqian.com\/pt\/produto\/crafted-as-bean-6-pendant-on-high-quality-natural-type-a-jadeite-jade-certificate-weighs-8-5-grams-measurement-43-8-17-6-9-mm-pendant368\/","title":{"rendered":"Feito como pingente Bean #6 em pingente Bean de alta qualidade Jade\u00edte natural tipo A O certificado pesa 8,5 gramas, medindo 43,8 * 17 * 6,9 mm (pendant368)"},"content":{"rendered":"<p>This Bean Pendant necklace is crafted from high-quality natural Type A Jadeite Jade, originating from Myanmar. It features a unique bean design, making it a perfect accessory for daily wear.<\/p>\n<p><\/p>\n<p>Certificate numbers:  GD2204H002694<\/p>\n<p><img fetchpriority=\"high\" decoding=\"async\" src=\"https:\/\/shop.yipinqian.com\/wp-content\/uploads\/2024\/12\/5ec3f1c8ebea4b3c9a1e9a006c0c52d2tplv-aphluv4xwc-origin-jpeg.jpeg?dr=15568&#038;nonce=41197&#038;refresh_token=6e6bb9fb40c10c0bb3576841c1298218&#038;from=476444299&#038;idc=my2&#038;ps=933b5bde&#038;shcp=9b759fb9&#038;shp=1c65f68b&#038;t=555f072d\" width=\"1080\" height=\"1080\"><\/p>\n<ul>\n<li>Weighing 8.5 grams<\/li>\n<li>Measurements: 43.8 * 17 * 6.9 mm<\/li>\n<li>Tipo de Jade: Jade\u00edta<\/li>\n<li>Estilo de colar: Casual<\/li>\n<li>G\u00eanero: Unissex<\/li>\n<li>Certificado inclu\u00eddo: Sim (com certificado)<\/li>\n<li>Tipo de garantia: Sem garantia<\/li>\n<li>Add a touch of elegance to your outfit with this stunning jade pendant, showcasing the beauty of natural jadeite in a versatile and stylish design.<\/li>\n<\/ul>\n<p><img decoding=\"async\" src=\"https:\/\/shop.yipinqian.com\/wp-content\/uploads\/2024\/12\/01a497e798864ef6881ed211e3623b9btplv-aphluv4xwc-origin-jpeg.jpeg?dr=15568&#038;nonce=44428&#038;refresh_token=dc710f9a1a4b6794366b6372516af1e3&#038;from=476444299&#038;idc=my2&#038;ps=933b5bde&#038;shcp=9b759fb9&#038;shp=1c65f68b&#038;t=555f072d\" width=\"1080\" height=\"1080\"><img decoding=\"async\" src=\"https:\/\/shop.yipinqian.com\/wp-content\/uploads\/2024\/12\/dac1ec74d4004256ae4336d01909882btplv-aphluv4xwc-origin-jpeg.jpeg?dr=15568&#038;nonce=99871&#038;refresh_token=8f501db9a513230bbd2b17e4fc5e7922&#038;from=476444299&#038;idc=my2&#038;ps=933b5bde&#038;shcp=9b759fb9&#038;shp=1c65f68b&#038;t=555f072d\" width=\"1080\" height=\"1080\"><\/p>\n<p>Yi Pin Qian \u2013 Um negociante de pedras preciosas e metais preciosos em Cingapura \u2013 N\u00famero de licen\u00e7a PS20190000031<\/p>\n<p><\/p>\n<p>*Todos os Jadeites comprados de Yi Pin Qian em Cingapura, os clientes podem reservar hor\u00e1rios para polimento ou pequenos reparos por manuseio incorreto - taxas se aplicam e somente para clientes de Yi Pin Qian em Cingapura*<\/p>\n<p><\/p>\n<p><strong>**Tipos de Certificados**<\/strong><\/p>\n<p><\/p>\n<p><strong>NGI (Nan Yang Gemol\u00f3gico)<\/strong><\/p>\n<p>ou <strong>Certificados no exterior <\/strong>(Yi Pin Qian usa apenas certificados aut\u00eanticos de laborat\u00f3rios estrangeiros e tamb\u00e9m controla a qualidade de cada um dos nossos produtos antes de coloc\u00e1-los \u00e0 venda em Cingapura)<\/p>\n<p><\/p>\n<p>Cada produto no TikTok ter\u00e1 o tipo de certificado fornecido indicado na descri\u00e7\u00e3o. Para qualquer cliente que deseje enviar seu pedido para a NGI Singapore, haver\u00e1 um tempo de espera para entrega do pedido estimado em torno de 4 semanas para receber seu pedido. <strong>As solicita\u00e7\u00f5es de relat\u00f3rios de pedras preciosas da NGI precisam ser feitas por mensagem.<\/strong> Obrigado, <strong><u>taxas extras se aplicam<\/u><\/strong>.<\/p>\n<p><\/p>\n<p><strong>A jade\u00edta natural n\u00e3o \u00e9 perfeita, apenas um lembrete gentil, nossa jade\u00edta natural, como todas as coisas bonitas da natureza, vem com suas caracter\u00edsticas e varia\u00e7\u00f5es \u00fanicas. Convidamos nossos valiosos clientes a abra\u00e7ar essas varia\u00e7\u00f5es naturais. Boas compras!<\/strong><\/p>\n<p><\/p>\n<p><strong><u>Nenhuma das fotos e filmagens de v\u00eddeo foram filtradas. Incentivamos nossos clientes a tamb\u00e9m assistirem aos v\u00eddeos que os acompanham para uma vis\u00e3o mais abrangente de nossos produtos<\/u><\/strong><\/p>\n<p><\/p>\n<ul>\n<li>Diferentes plataformas s\u00f3 podem visualizar v\u00eddeos por meio do Desktop<\/li>\n<\/ul>","protected":false},"excerpt":{"rendered":"<p>This Bean Pendant necklace is crafted from high-quality natural Type A Jadeite Jade, originating from Myanmar. It features a unique bean design, making it a perfect accessory for daily wear. Certificate numbers: GD2204H002694 Weighing 8.5 grams Measurements: 43.8 * 17 * 6.9 mm Jade Type: Jadeite Necklace Style: Casual Gender: Unisex Certificate Included: Yes (With [&hellip;]<\/p>","protected":false},"featured_media":14233,"comment_status":"open","ping_status":"closed","template":"","meta":[],"product_brand":[],"product_cat":[195],"product_tag":[52,65,56,58,73,75,59,60,61,62],"class_list":{"0":"post-14191","1":"product","2":"type-product","3":"status-publish","4":"has-post-thumbnail","6":"product_cat-heirloom-grade","7":"product_tag-certified","8":"product_tag-high-quality","9":"product_tag-limited-editions","10":"product_tag-new-arrivals","11":"product_tag-pendant","12":"product_tag-traditional","13":"product_tag-translucent","14":"product_tag-type-a-jadeite","15":"product_tag-unisex","16":"product_tag-yi-pin-qian-exclusive","18":"first","19":"instock","20":"sale","21":"shipping-taxable","22":"purchasable","23":"product-type-simple"},"_links":{"self":[{"href":"https:\/\/shop.yipinqian.com\/pt\/wp-json\/wp\/v2\/product\/14191","targetHints":{"allow":["GET"]}}],"collection":[{"href":"https:\/\/shop.yipinqian.com\/pt\/wp-json\/wp\/v2\/product"}],"about":[{"href":"https:\/\/shop.yipinqian.com\/pt\/wp-json\/wp\/v2\/types\/product"}],"replies":[{"embeddable":true,"href":"https:\/\/shop.yipinqian.com\/pt\/wp-json\/wp\/v2\/comments?post=14191"}],"version-history":[{"count":0,"href":"https:\/\/shop.yipinqian.com\/pt\/wp-json\/wp\/v2\/product\/14191\/revisions"}],"wp:featuredmedia":[{"embeddable":true,"href":"https:\/\/shop.yipinqian.com\/pt\/wp-json\/wp\/v2\/media\/14233"}],"wp:attachment":[{"href":"https:\/\/shop.yipinqian.com\/pt\/wp-json\/wp\/v2\/media?parent=14191"}],"wp:term":[{"taxonomy":"product_brand","embeddable":true,"href":"https:\/\/shop.yipinqian.com\/pt\/wp-json\/wp\/v2\/product_brand?post=14191"},{"taxonomy":"product_cat","embeddable":true,"href":"https:\/\/shop.yipinqian.com\/pt\/wp-json\/wp\/v2\/product_cat?post=14191"},{"taxonomy":"product_tag","embeddable":true,"href":"https:\/\/shop.yipinqian.com\/pt\/wp-json\/wp\/v2\/product_tag?post=14191"}],"curies":[{"name":"wp","href":"https:\/\/api.w.org\/{rel}","templated":true}]}}