{"id":1419,"date":"2024-10-24T23:19:04","date_gmt":"2024-10-24T15:19:04","guid":{"rendered":"https:\/\/shop.yipinqian.com\/product\/high-quality-icy-translucent-natural-type-a-jadeite-jade-crafted-as-pixiu-set-with-18k-gold-clasp-as-pendant-certificate-weighs-6-18-grams-measurement-22-3-14-3-10-7-mm-18kp57\/"},"modified":"2025-02-24T00:49:55","modified_gmt":"2025-02-23T16:49:55","slug":"high-quality-icy-translucent-natural-type-a-jadeite-jade-crafted-as-pixiu-set-with-18k-gold-clasp-as-pendant-certificate-weighs-6-18-grams-measurement-22-3-14-3-10-7-mm-18kp57","status":"publish","type":"product","link":"https:\/\/shop.yipinqian.com\/pt\/produto\/high-quality-icy-translucent-natural-type-a-jadeite-jade-crafted-as-pixiu-set-with-18k-gold-clasp-as-pendant-certificate-weighs-6-18-grams-measurement-22-3-14-3-10-7-mm-18kp57\/","title":{"rendered":"High Quality Icy Translucent Natural Type A Jadeite Jade crafted as Pixiu set with 18k Gold Clasp as Pendant, certificate weighs 6.18 grams, measurement 22.3 * 14.3 * 10.7 mm (18kp57)"},"content":{"rendered":"<p>This exquisite pendant features a High Quality Icy Translucent Natural Type A Jadeite Jade crafted as a Pixiu, set with an elegant 18k Gold Clasp. The pendant comes with a certificate and weighs 6.18 grams, with measurements of 22.3 * 14.3 * 10.7 mm.<\/p>\n<p><\/p>\n<p>Certificate numbers: GD2111H006116<\/p>\n<p>18k Gold: 0.45 grams<\/p>\n<ul>\n<li>\n<strong>Material:<\/strong> PT\/Ouro Quilate<\/li>\n<li>\n<strong>Tipo de Jade:<\/strong> Jade\u00edta<\/li>\n<li>\n<strong>Pa\u00eds de origem:<\/strong> Mianmar<\/li>\n<li>\n<strong>Ocasi\u00e3o:<\/strong> Di\u00e1rio<\/li>\n<li>\n<strong>G\u00eanero:<\/strong> Unissex<\/li>\n<li>\n<strong>Necklace Style<\/strong>: Casual<\/li>\n<li>Add a touch of elegance and mystique to your daily attire with this unique piece that showcases the beauty of natural jadeite jade.<\/li>\n<\/ul>\n<p>Yi Pin Qian \u2013 Um negociante de pedras preciosas e metais preciosos em Cingapura \u2013 N\u00famero de licen\u00e7a PS20190000031<\/p>\n<p><\/p>\n<p>*Todos os Jadeites comprados de Yi Pin Qian em Cingapura, os clientes podem reservar hor\u00e1rios para polimento ou pequenos reparos por manuseio incorreto - taxas se aplicam e somente para clientes de Yi Pin Qian em Cingapura*<\/p>\n<p><\/p>\n<p><strong>**Tipos de Certificados**<\/strong><\/p>\n<p><\/p>\n<p><strong>NGI (Nan Yang Gemol\u00f3gico)<\/strong><\/p>\n<p>ou <strong>Certificados no exterior <\/strong>(Yi Pin Qian usa apenas certificados aut\u00eanticos de laborat\u00f3rios estrangeiros e tamb\u00e9m controla a qualidade de cada um dos nossos produtos antes de coloc\u00e1-los \u00e0 venda em Cingapura)<\/p>\n<p><\/p>\n<p>Cada produto no TikTok ter\u00e1 o tipo de certificado fornecido indicado na descri\u00e7\u00e3o. Para qualquer cliente que deseje enviar seu pedido para a NGI Singapore, haver\u00e1 um tempo de espera para entrega do pedido estimado em torno de 4 semanas para receber seu pedido. <strong>As solicita\u00e7\u00f5es de relat\u00f3rios da NGI Gemstone precisam ser feitas por mensagem para a loja Yi Pin Qian TikTok.<\/strong> Obrigado, <strong><u>taxas extras se aplicam<\/u><\/strong>.<\/p>\n<p><\/p>\n<p><strong>A jade\u00edta natural n\u00e3o \u00e9 perfeita, apenas um lembrete gentil, nossa jade\u00edta natural, como todas as coisas bonitas da natureza, vem com suas caracter\u00edsticas e varia\u00e7\u00f5es \u00fanicas. Convidamos nossos valiosos clientes a abra\u00e7ar essas varia\u00e7\u00f5es naturais. Boas compras!<\/strong><\/p>\n<p><\/p>\n<p><strong><u>Nenhuma das fotos e filmagens de v\u00eddeo foram filtradas. Incentivamos nossos clientes a tamb\u00e9m assistirem aos v\u00eddeos que os acompanham para uma vis\u00e3o mais abrangente de nossos produtos<\/u><\/strong><\/p>","protected":false},"excerpt":{"rendered":"<p>This exquisite pendant features a High Quality Icy Translucent Natural Type A Jadeite Jade crafted as a Pixiu, set with an elegant 18k Gold Clasp. The pendant comes with a certificate and weighs 6.18 grams, with measurements of 22.3 * 14.3 * 10.7 mm. Certificate numbers: GD2111H006116 18k Gold: 0.45 grams Material: PT\/Carat Gold Jade [&hellip;]<\/p>","protected":false},"featured_media":4400,"comment_status":"open","ping_status":"closed","template":"","meta":[],"product_brand":[],"product_cat":[194],"product_tag":[50,52,69,65,55,59,60,61,62],"class_list":{"0":"post-1419","1":"product","2":"type-product","3":"status-publish","4":"has-post-thumbnail","6":"product_cat-value-picks","7":"product_tag-18k-gold","8":"product_tag-certified","9":"product_tag-clasp","10":"product_tag-high-quality","11":"product_tag-jadeite","12":"product_tag-translucent","13":"product_tag-type-a-jadeite","14":"product_tag-unisex","15":"product_tag-yi-pin-qian-exclusive","17":"first","18":"instock","19":"sale","20":"shipping-taxable","21":"purchasable","22":"product-type-simple"},"_links":{"self":[{"href":"https:\/\/shop.yipinqian.com\/pt\/wp-json\/wp\/v2\/product\/1419","targetHints":{"allow":["GET"]}}],"collection":[{"href":"https:\/\/shop.yipinqian.com\/pt\/wp-json\/wp\/v2\/product"}],"about":[{"href":"https:\/\/shop.yipinqian.com\/pt\/wp-json\/wp\/v2\/types\/product"}],"replies":[{"embeddable":true,"href":"https:\/\/shop.yipinqian.com\/pt\/wp-json\/wp\/v2\/comments?post=1419"}],"version-history":[{"count":0,"href":"https:\/\/shop.yipinqian.com\/pt\/wp-json\/wp\/v2\/product\/1419\/revisions"}],"wp:featuredmedia":[{"embeddable":true,"href":"https:\/\/shop.yipinqian.com\/pt\/wp-json\/wp\/v2\/media\/4400"}],"wp:attachment":[{"href":"https:\/\/shop.yipinqian.com\/pt\/wp-json\/wp\/v2\/media?parent=1419"}],"wp:term":[{"taxonomy":"product_brand","embeddable":true,"href":"https:\/\/shop.yipinqian.com\/pt\/wp-json\/wp\/v2\/product_brand?post=1419"},{"taxonomy":"product_cat","embeddable":true,"href":"https:\/\/shop.yipinqian.com\/pt\/wp-json\/wp\/v2\/product_cat?post=1419"},{"taxonomy":"product_tag","embeddable":true,"href":"https:\/\/shop.yipinqian.com\/pt\/wp-json\/wp\/v2\/product_tag?post=1419"}],"curies":[{"name":"wp","href":"https:\/\/api.w.org\/{rel}","templated":true}]}}