{"id":14184,"date":"2024-12-01T14:03:06","date_gmt":"2024-12-01T06:03:06","guid":{"rendered":"https:\/\/shop.yipinqian.com\/57-mm-peace-bangle-sg-local-seller-natural-type-a-jadeite-jade-certificate-weighs-64-36-grams-width-13-1-mm-thickness-8-5-mm-bangle25\/"},"modified":"2025-02-24T01:17:24","modified_gmt":"2025-02-23T17:17:24","slug":"57-mm-peace-bangle-sg-local-seller-natural-type-a-jadeite-jade-certificate-weighs-64-36-grams-width-13-1-mm-thickness-8-5-mm-bangle25","status":"publish","type":"product","link":"https:\/\/shop.yipinqian.com\/pt\/produto\/57-mm-peace-bangle-sg-local-seller-natural-type-a-jadeite-jade-certificate-weighs-64-36-grams-width-13-1-mm-thickness-8-5-mm-bangle25\/","title":{"rendered":"Pulseira Peace Bangle SG de 57 mm Vendedor local Jade\u00edta natural tipo A O certificado de Jade pesa 64,36 gramas, Largura: 13,1 mm Espessura: 8,5 mm (bangle25)"},"content":{"rendered":"<p>Este Peace Bangle de 57 mm apresenta Jade\u00edte Natural Tipo A proveniente de Mianmar, oferecido por um vendedor local em Cingapura. Ele vem com um certificado garantindo sua autenticidade e pesa 64,36 gramas.<\/p>\n<p><\/p>\n<p>N\u00fameros de certificado: GD2110H014375<\/p>\n<p><img fetchpriority=\"high\" decoding=\"async\" src=\"https:\/\/shop.yipinqian.com\/wp-content\/uploads\/2024\/12\/916b9d573167491e9b820b1fd2b0285btplv-aphluv4xwc-origin-jpeg.jpeg?dr=15568&#038;nonce=24632&#038;refresh_token=93753bb1fdff91c9cdff0e4ffd8dc705&#038;from=476444299&#038;idc=my2&#038;ps=933b5bde&#038;shcp=9b759fb9&#038;shp=1c65f68b&#038;t=555f072d\" width=\"1536\" height=\"2048\"><\/p>\n<ul>\n<li><strong>Principais caracter\u00edsticas:<\/strong><\/li>\n<li>Largura: 13,1 mm<\/li>\n<li>Espessura: 8,5 mm<\/li>\n<li>Tipo de pulseira: Bracelete<\/li>\n<li>Sexo: Feminino<\/li>\n<li>Tipo de Jade: Jade\u00edta<\/li>\n<li>Esta elegante pulseira \u00e9 perfeita para uso di\u00e1rio e acrescenta um toque de paz e serenidade ao seu conjunto. A requintada pedra de jade \u00e9 conhecida por sua beleza e simbolismo, tornando-a um acess\u00f3rio significativo para estimar.<\/li>\n<li><strong>Observe:<\/strong><\/li>\n<li>Esta pulseira n\u00e3o vem com nenhuma garantia, mas sua qualidade \u00e9 assegurada pelo certificado de autenticidade que a acompanha.<\/li>\n<\/ul>\n<p><img decoding=\"async\" src=\"https:\/\/shop.yipinqian.com\/wp-content\/uploads\/2024\/12\/db7cdddfc87045a3a7c1da247ed13dd8tplv-aphluv4xwc-origin-jpeg.jpeg?dr=15568&#038;nonce=40293&#038;refresh_token=7356b87bdacb8a8f65c431f1202a2d8f&#038;from=476444299&#038;idc=my2&#038;ps=933b5bde&#038;shcp=9b759fb9&#038;shp=1c65f68b&#038;t=555f072d\" width=\"526\" height=\"362\"><img decoding=\"async\" src=\"https:\/\/shop.yipinqian.com\/wp-content\/uploads\/2024\/12\/82c0e52da8eb426f921730cba909b59etplv-aphluv4xwc-origin-jpeg.jpeg?dr=15568&#038;nonce=25722&#038;refresh_token=3d5beee8501415f5bbeb73140322ff1e&#038;from=476444299&#038;idc=my2&#038;ps=933b5bde&#038;shcp=9b759fb9&#038;shp=1c65f68b&#038;t=555f072d\" width=\"1080\" height=\"1080\"><\/p>\n<p>Yi Pin Qian \u2013 Um negociante de pedras preciosas e metais preciosos em Cingapura \u2013 N\u00famero de licen\u00e7a PS20190000031<\/p>\n<p><\/p>\n<p>*Todos os Jadeites comprados de Yi Pin Qian em Cingapura, os clientes podem reservar hor\u00e1rios para polimento ou pequenos reparos por manuseio incorreto - taxas se aplicam e somente para clientes de Yi Pin Qian em Cingapura*<\/p>\n<p><\/p>\n<p><strong>**Tipos de Certificados**<\/strong><\/p>\n<p><\/p>\n<p><strong>NGI (Nan Yang Gemol\u00f3gico)<\/strong><\/p>\n<p>ou <strong>Certificados no exterior <\/strong>(Yi Pin Qian usa apenas certificados aut\u00eanticos de laborat\u00f3rios estrangeiros e tamb\u00e9m controla a qualidade de cada um dos nossos produtos antes de coloc\u00e1-los \u00e0 venda em Cingapura)<\/p>\n<p><\/p>\n<p>Cada produto no TikTok ter\u00e1 o tipo de certificado fornecido indicado na descri\u00e7\u00e3o. Para qualquer cliente que deseje enviar seu pedido para a NGI Singapore, haver\u00e1 um tempo de espera para entrega do pedido estimado em torno de 4 semanas para receber seu pedido. <strong>As solicita\u00e7\u00f5es de relat\u00f3rios de pedras preciosas da NGI precisam ser feitas por mensagem.<\/strong> Obrigado, <strong><u>taxas extras se aplicam<\/u><\/strong>.<\/p>\n<p><\/p>\n<p><strong>A jade\u00edta natural n\u00e3o \u00e9 perfeita, apenas um lembrete gentil, nossa jade\u00edta natural, como todas as coisas bonitas da natureza, vem com suas caracter\u00edsticas e varia\u00e7\u00f5es \u00fanicas. Convidamos nossos valiosos clientes a abra\u00e7ar essas varia\u00e7\u00f5es naturais. Boas compras!<\/strong><\/p>\n<p><\/p>\n<p><strong><u>Nenhuma das fotos e filmagens de v\u00eddeo foram filtradas. Incentivamos nossos clientes a tamb\u00e9m assistirem aos v\u00eddeos que os acompanham para uma vis\u00e3o mais abrangente de nossos produtos<\/u><\/strong><\/p>\n<p><\/p>\n<ul>\n<li>Diferentes plataformas s\u00f3 podem visualizar v\u00eddeos por meio do Desktop<\/li>\n<\/ul>","protected":false},"excerpt":{"rendered":"<p>This 57 mm Peace Bangle features Natural Type A Jadeite Jade sourced from Myanmar, offered by a local seller in Singapore. It comes with a certificate guaranteeing its authenticity and weighs 64.36 grams. Certificate numbers: GD2110H014375 Key Features: Width: 13.1 mm Thickness: 8.5 mm Bracelet Type: Bangle Gender: Female Jade Type: Jadeite This elegant bangle [&hellip;]<\/p>","protected":false},"featured_media":14193,"comment_status":"open","ping_status":"closed","template":"","meta":[],"product_brand":[],"product_cat":[195],"product_tag":[],"class_list":{"0":"post-14184","1":"product","2":"type-product","3":"status-publish","4":"has-post-thumbnail","6":"product_cat-heirloom-grade","8":"first","9":"instock","10":"sale","11":"shipping-taxable","12":"purchasable","13":"product-type-simple"},"_links":{"self":[{"href":"https:\/\/shop.yipinqian.com\/pt\/wp-json\/wp\/v2\/product\/14184","targetHints":{"allow":["GET"]}}],"collection":[{"href":"https:\/\/shop.yipinqian.com\/pt\/wp-json\/wp\/v2\/product"}],"about":[{"href":"https:\/\/shop.yipinqian.com\/pt\/wp-json\/wp\/v2\/types\/product"}],"replies":[{"embeddable":true,"href":"https:\/\/shop.yipinqian.com\/pt\/wp-json\/wp\/v2\/comments?post=14184"}],"version-history":[{"count":0,"href":"https:\/\/shop.yipinqian.com\/pt\/wp-json\/wp\/v2\/product\/14184\/revisions"}],"wp:featuredmedia":[{"embeddable":true,"href":"https:\/\/shop.yipinqian.com\/pt\/wp-json\/wp\/v2\/media\/14193"}],"wp:attachment":[{"href":"https:\/\/shop.yipinqian.com\/pt\/wp-json\/wp\/v2\/media?parent=14184"}],"wp:term":[{"taxonomy":"product_brand","embeddable":true,"href":"https:\/\/shop.yipinqian.com\/pt\/wp-json\/wp\/v2\/product_brand?post=14184"},{"taxonomy":"product_cat","embeddable":true,"href":"https:\/\/shop.yipinqian.com\/pt\/wp-json\/wp\/v2\/product_cat?post=14184"},{"taxonomy":"product_tag","embeddable":true,"href":"https:\/\/shop.yipinqian.com\/pt\/wp-json\/wp\/v2\/product_tag?post=14184"}],"curies":[{"name":"wp","href":"https:\/\/api.w.org\/{rel}","templated":true}]}}