{"id":1417,"date":"2024-10-24T23:19:04","date_gmt":"2024-10-24T15:19:04","guid":{"rendered":"https:\/\/shop.yipinqian.com\/product\/high-quality-icy-translucent-natural-type-a-jadeite-jade-crafted-as-goat-set-with-18k-gold-as-pendant-certificate-weighs-2-99-grams-measurement-23-20-5-7-6-mm-18kp56\/"},"modified":"2025-01-10T06:00:05","modified_gmt":"2025-01-09T22:00:05","slug":"high-quality-icy-translucent-natural-type-a-jadeite-jade-crafted-as-goat-set-with-18k-gold-as-pendant-certificate-weighs-2-99-grams-measurement-23-20-5-7-6-mm-18kp56","status":"publish","type":"product","link":"https:\/\/shop.yipinqian.com\/pt\/produto\/high-quality-icy-translucent-natural-type-a-jadeite-jade-crafted-as-goat-set-with-18k-gold-as-pendant-certificate-weighs-2-99-grams-measurement-23-20-5-7-6-mm-18kp56\/","title":{"rendered":"Jade\u00edte natural transl\u00facida gelada de alta qualidade tipo A, trabalhada como cabra com pingente de ouro 18k, o certificado pesa 2,99 gramas, medindo 23 * 20,5 * 7,6 mm (18kp56)"},"content":{"rendered":"<p>This High Quality Icy Translucent Natural Type A Jadeite Jade pendant features a Goat design crafted with 18k Gold, exuding elegance and sophistication.<\/p>\n<p>\u00a0<\/p>\n<p>N\u00fameros de certificado: <strong>GD2110H010556<\/strong><\/p>\n<p>Medidas da Jade\u00edta: <strong>12.1 * 18.7 * 3.7 mm<\/strong><\/p>\n<p>Ouro 18k: <strong>1.73 grams<\/strong><\/p>\n<p>Diamantes: <strong>35 * 0.003 Carats<\/strong><\/p>\n<p>\u00a0<\/p>\n<ul>\n<li>\n<strong>Material:<\/strong> Made of stunning Type A Jadeite Jade and 18k Gold<\/li>\n<li>\n<strong>Weight &#038; Overall Measurement:<\/strong> Pesa <strong>2,99 gramas<\/strong> with dimensions of <strong>23 * 20.5 * 7.6 mm<\/strong>\n<\/li>\n<li>\n<strong>Certificado:<\/strong> Vem com um certificado que garante a autenticidade<\/li>\n<li>\n<strong>Estilo de joias:<\/strong> Elegant necklace style suitable for daily wear<\/li>\n<li>The pendant is designed for both men and women, making it a versatile accessory to add to your collection.<\/li>\n<\/ul>\n<p>Elevate your style with this exquisite piece that combines the beauty of jadeite jade and the luxury of gold, perfect for any occasion.<\/p>\n<p>\u00a0<\/p>\n<p>Yi Pin Qian \u2013 Um negociante de pedras preciosas e metais preciosos em Cingapura \u2013 N\u00famero de licen\u00e7a PS20190000031<\/p>\n<p>\u00a0<\/p>\n<p>*Todos os Jadeites comprados de Yi Pin Qian em Cingapura, os clientes podem reservar hor\u00e1rios para polimento ou pequenos reparos por manuseio incorreto - taxas se aplicam e somente para clientes de Yi Pin Qian em Cingapura*<\/p>\n<p>\u00a0<\/p>\n<p><strong>**Tipos de Certificados**<\/strong><\/p>\n<p>\u00a0<\/p>\n<p><strong>NGI (Nan Yang Gemol\u00f3gico)<\/strong><\/p>\n<p>ou <strong>Certificados no exterior <\/strong>(Yi Pin Qian usa apenas certificados aut\u00eanticos de laborat\u00f3rios estrangeiros e tamb\u00e9m controla a qualidade de cada um dos nossos produtos antes de coloc\u00e1-los \u00e0 venda em Cingapura)<\/p>\n<p>\u00a0<\/p>\n<p>Cada produto no TikTok ter\u00e1 o tipo de certificado fornecido indicado na descri\u00e7\u00e3o. Para qualquer cliente que deseje enviar seu pedido para a NGI Singapore, haver\u00e1 um tempo de espera para entrega do pedido estimado em torno de 4 semanas para receber seu pedido. <strong>As solicita\u00e7\u00f5es de relat\u00f3rios da NGI Gemstone precisam ser feitas por mensagem para a loja Yi Pin Qian TikTok.<\/strong> Obrigado, <strong><u>taxas extras se aplicam<\/u><\/strong>.<\/p>\n<p>\u00a0<\/p>\n<p><strong>A jade\u00edta natural n\u00e3o \u00e9 perfeita, apenas um lembrete gentil, nossa jade\u00edta natural, como todas as coisas bonitas da natureza, vem com suas caracter\u00edsticas e varia\u00e7\u00f5es \u00fanicas. Convidamos nossos valiosos clientes a abra\u00e7ar essas varia\u00e7\u00f5es naturais. Boas compras!<\/strong><\/p>\n<p>\u00a0<\/p>\n<p><strong><u>Nenhuma das fotos e filmagens de v\u00eddeo foram filtradas. Incentivamos nossos clientes a tamb\u00e9m assistirem aos v\u00eddeos que os acompanham para uma vis\u00e3o mais abrangente de nossos produtos<\/u><\/strong><\/p>","protected":false},"excerpt":{"rendered":"<p>This High Quality Icy Translucent Natural Type A Jadeite Jade pendant features a Goat design crafted with 18k Gold, exuding elegance and sophistication. \u00a0 Certificate numbers: GD2110H010556 Jadeite measurement: 12.1 * 18.7 * 3.7 mm 18k Gold: 1.73 grams Diamonds: 35 * 0.003 Carats \u00a0 Material: Made of stunning Type A Jadeite Jade and 18k [&hellip;]<\/p>","protected":false},"featured_media":4383,"comment_status":"open","ping_status":"closed","template":"","meta":[],"product_brand":[],"product_cat":[120,48],"product_tag":[50,52,88,53,70,54,55,73,59,60,61,62],"class_list":{"0":"post-1417","1":"product","2":"type-product","3":"status-publish","4":"has-post-thumbnail","6":"product_cat-18k-gold-setting-pendants","7":"product_cat-pendants","8":"product_tag-18k-gold","9":"product_tag-certified","10":"product_tag-diamonds","11":"product_tag-fine-quality","12":"product_tag-green","13":"product_tag-icy","14":"product_tag-jadeite","15":"product_tag-pendant","16":"product_tag-translucent","17":"product_tag-type-a-jadeite","18":"product_tag-unisex","19":"product_tag-yi-pin-qian-exclusive","21":"first","22":"instock","23":"sale","24":"shipping-taxable","25":"purchasable","26":"product-type-simple"},"_links":{"self":[{"href":"https:\/\/shop.yipinqian.com\/pt\/wp-json\/wp\/v2\/product\/1417","targetHints":{"allow":["GET"]}}],"collection":[{"href":"https:\/\/shop.yipinqian.com\/pt\/wp-json\/wp\/v2\/product"}],"about":[{"href":"https:\/\/shop.yipinqian.com\/pt\/wp-json\/wp\/v2\/types\/product"}],"replies":[{"embeddable":true,"href":"https:\/\/shop.yipinqian.com\/pt\/wp-json\/wp\/v2\/comments?post=1417"}],"version-history":[{"count":0,"href":"https:\/\/shop.yipinqian.com\/pt\/wp-json\/wp\/v2\/product\/1417\/revisions"}],"wp:featuredmedia":[{"embeddable":true,"href":"https:\/\/shop.yipinqian.com\/pt\/wp-json\/wp\/v2\/media\/4383"}],"wp:attachment":[{"href":"https:\/\/shop.yipinqian.com\/pt\/wp-json\/wp\/v2\/media?parent=1417"}],"wp:term":[{"taxonomy":"product_brand","embeddable":true,"href":"https:\/\/shop.yipinqian.com\/pt\/wp-json\/wp\/v2\/product_brand?post=1417"},{"taxonomy":"product_cat","embeddable":true,"href":"https:\/\/shop.yipinqian.com\/pt\/wp-json\/wp\/v2\/product_cat?post=1417"},{"taxonomy":"product_tag","embeddable":true,"href":"https:\/\/shop.yipinqian.com\/pt\/wp-json\/wp\/v2\/product_tag?post=1417"}],"curies":[{"name":"wp","href":"https:\/\/api.w.org\/{rel}","templated":true}]}}