{"id":14127,"date":"2024-11-28T09:34:55","date_gmt":"2024-11-28T01:34:55","guid":{"rendered":"https:\/\/shop.yipinqian.com\/crafted-as-coin-pendant-on-natural-type-a-jadeite-jade-certificate-weighs-10-22-grams-measurement-26-8-26-4-6-5-pendant362\/"},"modified":"2025-01-09T00:42:30","modified_gmt":"2025-01-08T16:42:30","slug":"crafted-as-coin-pendant-on-natural-type-a-jadeite-jade-certificate-weighs-10-22-grams-measurement-26-8-26-4-6-5-pendant362","status":"publish","type":"product","link":"https:\/\/shop.yipinqian.com\/pt\/produto\/crafted-as-coin-pendant-on-natural-type-a-jadeite-jade-certificate-weighs-10-22-grams-measurement-26-8-26-4-6-5-pendant362\/","title":{"rendered":"Feito como pingente de moeda em certificado de Jade\u00edta Natural Tipo A, pesa 10,22 gramas, medindo 26,8 * 26,4 * 6,5 (pendant362)"},"content":{"rendered":"<p>Este colar requintado apresenta um pingente de moeda feito de jade\u00edta natural tipo A, pesando 10,22 gramas e medindo 26,8 * 26,4 * 6,5 (pendant362).<\/p>\n<p><\/p>\n<p>N\u00fameros de certificado: 911089016100<\/p>\n<p><img fetchpriority=\"high\" decoding=\"async\" src=\"https:\/\/shop.yipinqian.com\/wp-content\/uploads\/2024\/11\/3d0b2a3276ed4aea99b6bd790220b543tplv-aphluv4xwc-origin-jpeg.jpeg?dr=15568&#038;nonce=18591&#038;refresh_token=4e29d5af2d3b39b9216759d8dc48f72f&#038;from=476444299&#038;idc=my2&#038;ps=933b5bde&#038;shcp=9b759fb9&#038;shp=1c65f68b&#038;t=555f072d\" width=\"1200\" height=\"1600\"><\/p>\n<ul>\n<li>\n<strong>Com Certificado:<\/strong> Sim<\/li>\n<li>\n<strong>Regi\u00e3o de origem:<\/strong> Mianmar<\/li>\n<li>\n<strong>Ocasi\u00e3o:<\/strong> Auspicioso<\/li>\n<li>\n<strong>Tipo de Jade:<\/strong> Jade\u00edta<\/li>\n<li><strong>Estilo de colar: Casual<\/strong><\/li>\n<\/ul>\n<p><img decoding=\"async\" src=\"https:\/\/shop.yipinqian.com\/wp-content\/uploads\/2024\/11\/8e611c2104f44532905f00163fa4d651tplv-aphluv4xwc-origin-jpeg.jpeg?dr=15568&#038;nonce=72730&#038;refresh_token=e14847b73c2f788bb18036788399c92d&#038;from=476444299&#038;idc=my2&#038;ps=933b5bde&#038;shcp=9b759fb9&#038;shp=1c65f68b&#038;t=555f072d\" width=\"1080\" height=\"1080\"><\/p>\n<p><strong>Este colar unissex \u00e9 uma pe\u00e7a deslumbrante que combina a beleza do jade com o artesanato do design do pingente de moeda.<\/strong><\/p>\n<ul>\n<li><strong>Um acess\u00f3rio perfeito para uso casual ou ocasi\u00f5es especiais.<\/strong><\/li>\n<\/ul>\n<p><strong>A jade\u00edta natural n\u00e3o \u00e9 perfeita, apenas um lembrete gentil, nossa jade\u00edta natural, como todas as coisas bonitas da natureza, vem com suas caracter\u00edsticas e varia\u00e7\u00f5es \u00fanicas. Convidamos nossos valiosos clientes a abra\u00e7ar essas varia\u00e7\u00f5es naturais. Boas compras!<\/strong><\/p>\n<p><\/p>\n<p><strong><u>Nenhuma das fotos e filmagens de v\u00eddeo foram filtradas. Incentivamos nossos clientes a tamb\u00e9m assistirem aos v\u00eddeos que os acompanham para uma vis\u00e3o mais abrangente de nossos produtos<\/u><\/strong><\/p>\n<p><\/p>\n<ul>\n<li>Diferentes plataformas s\u00f3 podem visualizar v\u00eddeos por meio do Desktop<\/li>\n<\/ul>","protected":false},"excerpt":{"rendered":"<p>Este colar requintado apresenta um pingente de moeda feito de Jade\u00edta Natural Tipo A, pesando 10,22 gramas e medindo 26,8 * 26,4 * 6,5 (pendant362). N\u00fameros de certificado: 911089016100 Com certificado: Sim Regi\u00e3o de origem: Mianmar Ocasi\u00e3o: Auspicioso Tipo de jade: Jade\u00edta Estilo do colar: Casual Este colar unissex \u00e9 uma pe\u00e7a deslumbrante que combina a beleza de [\u2026]<\/p>","protected":false},"featured_media":14148,"comment_status":"open","ping_status":"closed","template":"","meta":[],"product_brand":[],"product_cat":[83,126,48],"product_tag":[52,65,55,58,73,75,60,61],"class_list":{"0":"post-14127","1":"product","2":"type-product","3":"status-publish","4":"has-post-thumbnail","6":"product_cat-jade-necklaces-pendants","7":"product_cat-new-arrivals","8":"product_cat-pendants","9":"product_tag-certified","10":"product_tag-high-quality","11":"product_tag-jadeite","12":"product_tag-new-arrivals","13":"product_tag-pendant","14":"product_tag-traditional","15":"product_tag-type-a-jadeite","16":"product_tag-unisex","18":"first","19":"instock","20":"sale","21":"shipping-taxable","22":"purchasable","23":"product-type-simple"},"_links":{"self":[{"href":"https:\/\/shop.yipinqian.com\/pt\/wp-json\/wp\/v2\/product\/14127","targetHints":{"allow":["GET"]}}],"collection":[{"href":"https:\/\/shop.yipinqian.com\/pt\/wp-json\/wp\/v2\/product"}],"about":[{"href":"https:\/\/shop.yipinqian.com\/pt\/wp-json\/wp\/v2\/types\/product"}],"replies":[{"embeddable":true,"href":"https:\/\/shop.yipinqian.com\/pt\/wp-json\/wp\/v2\/comments?post=14127"}],"version-history":[{"count":0,"href":"https:\/\/shop.yipinqian.com\/pt\/wp-json\/wp\/v2\/product\/14127\/revisions"}],"wp:featuredmedia":[{"embeddable":true,"href":"https:\/\/shop.yipinqian.com\/pt\/wp-json\/wp\/v2\/media\/14148"}],"wp:attachment":[{"href":"https:\/\/shop.yipinqian.com\/pt\/wp-json\/wp\/v2\/media?parent=14127"}],"wp:term":[{"taxonomy":"product_brand","embeddable":true,"href":"https:\/\/shop.yipinqian.com\/pt\/wp-json\/wp\/v2\/product_brand?post=14127"},{"taxonomy":"product_cat","embeddable":true,"href":"https:\/\/shop.yipinqian.com\/pt\/wp-json\/wp\/v2\/product_cat?post=14127"},{"taxonomy":"product_tag","embeddable":true,"href":"https:\/\/shop.yipinqian.com\/pt\/wp-json\/wp\/v2\/product_tag?post=14127"}],"curies":[{"name":"wp","href":"https:\/\/api.w.org\/{rel}","templated":true}]}}