{"id":14124,"date":"2024-11-28T09:34:53","date_gmt":"2024-11-28T01:34:53","guid":{"rendered":"https:\/\/shop.yipinqian.com\/crafted-as-179-5-8-mm-beads-on-light-lavender-yellow-green-and-white-natural-type-a-jadeite-jade-as-bracelet-certificate-weighs-42-43-grams-bracelet31\/"},"modified":"2025-02-24T00:49:47","modified_gmt":"2025-02-23T16:49:47","slug":"crafted-as-179-5-8-mm-beads-on-light-lavender-yellow-green-and-white-natural-type-a-jadeite-jade-as-bracelet-certificate-weighs-42-43-grams-bracelet31","status":"publish","type":"product","link":"https:\/\/shop.yipinqian.com\/pt\/produto\/crafted-as-179-5-8-mm-beads-on-light-lavender-yellow-green-and-white-natural-type-a-jadeite-jade-as-bracelet-certificate-weighs-42-43-grams-bracelet31\/","title":{"rendered":"Feito com 179 * 5,8 mm de contas em Jade\u00edte Natural Tipo A Lavanda Claro, Amarelo, Verde e Branco como pulseira, o certificado pesa 42,43 gramas (bracelet31)"},"content":{"rendered":"<p>Esta pulseira requintada \u00e9 trabalhada com 179 contas medindo 5,8 mm cada, feitas de Jade\u00edte Natural Tipo A Lavanda Claro, Amarelo, Verde e Branco. Uma pe\u00e7a deslumbrante que exala eleg\u00e2ncia e charme.<\/p>\n<p><\/p>\n<p><strong>*Pode ser usado como pulseira no pulso ou como colar para pingentes*<\/strong><\/p>\n<p><\/p>\n<p><strong>N\u00fameros de certificado: 920660041692<\/strong><\/p>\n<ul>\n<li>\n<strong>Com Certificado:<\/strong> Sim<\/li>\n<li>\n<strong>Regi\u00e3o de origem:<\/strong> Mianmar<\/li>\n<li>\n<strong>Ocasi\u00e3o:<\/strong> Di\u00e1rio<\/li>\n<li><strong>Tipo de garantia: Sem garantia<\/strong><\/li>\n<li><strong>Esta pulseira pesa 42,43 gramas e \u00e9 um s\u00edmbolo de beleza e sofistica\u00e7\u00e3o atemporais. Perfeita para uso di\u00e1rio ou ocasi\u00f5es especiais.<\/strong><\/li>\n<\/ul>\n<p><strong>A jade\u00edta natural n\u00e3o \u00e9 perfeita, apenas um lembrete gentil, nossa jade\u00edta natural, como todas as coisas bonitas da natureza, vem com suas caracter\u00edsticas e varia\u00e7\u00f5es \u00fanicas. Convidamos nossos valiosos clientes a abra\u00e7ar essas varia\u00e7\u00f5es naturais. Boas compras!<\/strong><\/p>\n<p><\/p>\n<p><strong><u>Nenhuma das fotos e filmagens de v\u00eddeo foram filtradas. Incentivamos nossos clientes a tamb\u00e9m assistirem aos v\u00eddeos que os acompanham para uma vis\u00e3o mais abrangente de nossos produtos<\/u><\/strong><\/p>\n<p><\/p>\n<ul>\n<li>Diferentes plataformas s\u00f3 podem visualizar v\u00eddeos por meio do Desktop<\/li>\n<\/ul>","protected":false},"excerpt":{"rendered":"<p>Esta pulseira requintada \u00e9 trabalhada com 179 contas medindo 5,8 mm cada, feitas de Jade\u00edta Natural Tipo A Lavanda Claro, Amarela, Verde e Branca. Uma pe\u00e7a deslumbrante que exala eleg\u00e2ncia e charme. *Pode ser usada para pulseira no pulso ou como colar para pingentes * N\u00fameros de certificado: 920660041692 Com certificado: Sim Regi\u00e3o de [\u2026]<\/p>","protected":false},"featured_media":14136,"comment_status":"open","ping_status":"closed","template":"","meta":[],"product_brand":[],"product_cat":[194],"product_tag":[102,52,65,55,108,98,58,60,61],"class_list":{"0":"post-14124","1":"product","2":"type-product","3":"status-publish","4":"has-post-thumbnail","6":"product_cat-value-picks","7":"product_tag-bracelet","8":"product_tag-certified","9":"product_tag-high-quality","10":"product_tag-jadeite","11":"product_tag-light-lavender","12":"product_tag-necklace","13":"product_tag-new-arrivals","14":"product_tag-type-a-jadeite","15":"product_tag-unisex","17":"first","18":"instock","19":"sale","20":"shipping-taxable","21":"purchasable","22":"product-type-simple"},"_links":{"self":[{"href":"https:\/\/shop.yipinqian.com\/pt\/wp-json\/wp\/v2\/product\/14124","targetHints":{"allow":["GET"]}}],"collection":[{"href":"https:\/\/shop.yipinqian.com\/pt\/wp-json\/wp\/v2\/product"}],"about":[{"href":"https:\/\/shop.yipinqian.com\/pt\/wp-json\/wp\/v2\/types\/product"}],"replies":[{"embeddable":true,"href":"https:\/\/shop.yipinqian.com\/pt\/wp-json\/wp\/v2\/comments?post=14124"}],"version-history":[{"count":0,"href":"https:\/\/shop.yipinqian.com\/pt\/wp-json\/wp\/v2\/product\/14124\/revisions"}],"wp:featuredmedia":[{"embeddable":true,"href":"https:\/\/shop.yipinqian.com\/pt\/wp-json\/wp\/v2\/media\/14136"}],"wp:attachment":[{"href":"https:\/\/shop.yipinqian.com\/pt\/wp-json\/wp\/v2\/media?parent=14124"}],"wp:term":[{"taxonomy":"product_brand","embeddable":true,"href":"https:\/\/shop.yipinqian.com\/pt\/wp-json\/wp\/v2\/product_brand?post=14124"},{"taxonomy":"product_cat","embeddable":true,"href":"https:\/\/shop.yipinqian.com\/pt\/wp-json\/wp\/v2\/product_cat?post=14124"},{"taxonomy":"product_tag","embeddable":true,"href":"https:\/\/shop.yipinqian.com\/pt\/wp-json\/wp\/v2\/product_tag?post=14124"}],"curies":[{"name":"wp","href":"https:\/\/api.w.org\/{rel}","templated":true}]}}