{"id":14120,"date":"2024-11-28T09:34:47","date_gmt":"2024-11-28T01:34:47","guid":{"rendered":"https:\/\/shop.yipinqian.com\/an-old-collection-crafted-with-milo-buddha-on-natural-type-a-jadeite-jade-as-pendant-certificate-weighs-5-6-grams-measurement-36-5-18-2-4-7-mm-pendant361\/"},"modified":"2025-01-26T00:00:49","modified_gmt":"2025-01-25T16:00:49","slug":"an-old-collection-crafted-with-milo-buddha-on-natural-type-a-jadeite-jade-as-pendant-certificate-weighs-5-6-grams-measurement-36-5-18-2-4-7-mm-pendant361","status":"publish","type":"product","link":"https:\/\/shop.yipinqian.com\/pt\/produto\/an-old-collection-crafted-with-milo-buddha-on-natural-type-a-jadeite-jade-as-pendant-certificate-weighs-5-6-grams-measurement-36-5-18-2-4-7-mm-pendant361\/","title":{"rendered":"Uma cole\u00e7\u00e3o antiga trabalhada com Milo Buddha em jade natural tipo A como pingente, certificado pesa 5,6 gramas, medida 36,5 * 18,2 * 4,7 mm (pendant361)"},"content":{"rendered":"<p>Este colar requintado apresenta uma cole\u00e7\u00e3o antiga trabalhada com Milo Buddha em jade\u00edta natural Tipo A, criando um pingente deslumbrante e \u00fanico.<\/p>\n<p><\/p>\n<p>N\u00fameros de certificado: 920460037789<\/p>\n<p><img fetchpriority=\"high\" decoding=\"async\" src=\"https:\/\/shop.yipinqian.com\/wp-content\/uploads\/2024\/11\/88426a9ddf134e9cad2223997df7ee6etplv-aphluv4xwc-origin-jpeg.jpeg?dr=15568&#038;nonce=1003&#038;refresh_token=5c9edb0bcac3f25d12920c19dc51d87e&#038;from=476444299&#038;idc=my2&#038;ps=933b5bde&#038;shcp=9b759fb9&#038;shp=1c65f68b&#038;t=555f072d\" width=\"1080\" height=\"1080\"><\/p>\n<ul>\n<li>\n<strong>Peso:<\/strong> 5,6 gramas<\/li>\n<li>\n<strong>Medi\u00e7\u00e3o:<\/strong> 36,5 * 18,2 * 4,7 mm (pendente361)<\/li>\n<\/ul>\n<p><img decoding=\"async\" src=\"https:\/\/shop.yipinqian.com\/wp-content\/uploads\/2024\/11\/32fcc31678d946d3be29faeda4a37f0btplv-aphluv4xwc-origin-jpeg.jpeg?dr=15568&#038;nonce=5984&#038;refresh_token=b58297fb3aa113efd8d60bb55299a88e&#038;from=476444299&#038;idc=my2&#038;ps=933b5bde&#038;shcp=9b759fb9&#038;shp=1c65f68b&#038;t=555f072d\" width=\"1080\" height=\"1080\"><\/p>\n<p>O pingente vem com um certificado, garantindo sua autenticidade e qualidade.<\/p>\n<ul>\n<li>\n<strong>Certificado inclu\u00eddo:<\/strong> Sim<\/li>\n<li>\n<strong>Regi\u00e3o de origem:<\/strong> Mianmar<\/li>\n<li>O colar \u00e9 adequado tanto para homens quanto para mulheres, o que o torna um acess\u00f3rio vers\u00e1til para qualquer ocasi\u00e3o.<\/li>\n<\/ul>\n<ul>\n<li>A jade\u00edta natural Tipo A acrescenta um toque auspicioso \u00e0 pe\u00e7a, tornando-a uma adi\u00e7\u00e3o significativa \u00e0 sua cole\u00e7\u00e3o de joias.<\/li>\n<\/ul>\n<p>Este colar casual combina artesanato tradicional com estilo atemporal, perfeito para adicionar um toque de eleg\u00e2ncia a qualquer roupa.<\/p>\n<p><\/p>\n<p>Yi Pin Qian \u2013 Um negociante de pedras preciosas e metais preciosos em Cingapura \u2013 N\u00famero de licen\u00e7a PS20190000031<\/p>\n<p><\/p>\n<p>*Todos os Jadeites comprados de Yi Pin Qian em Cingapura, os clientes podem reservar hor\u00e1rios para polimento ou pequenos reparos por manuseio incorreto - taxas se aplicam e somente para clientes de Yi Pin Qian em Cingapura*<\/p>\n<p><\/p>\n<p><strong>**Tipos de Certificados**<\/strong><\/p>\n<p><\/p>\n<p><strong>NGI (Nan Yang Gemol\u00f3gico)<\/strong><\/p>\n<p>ou <strong>Certificados no exterior <\/strong>(Yi Pin Qian usa apenas certificados aut\u00eanticos de laborat\u00f3rios estrangeiros e tamb\u00e9m controla a qualidade de cada um dos nossos produtos antes de coloc\u00e1-los \u00e0 venda em Cingapura)<\/p>\n<p><\/p>\n<p>Cada produto no TikTok ter\u00e1 o tipo de certificado fornecido indicado na descri\u00e7\u00e3o. Para qualquer cliente que deseje enviar seu pedido para a NGI Singapore, haver\u00e1 um tempo de espera para entrega do pedido estimado em torno de 4 semanas para receber seu pedido. <strong>As solicita\u00e7\u00f5es de relat\u00f3rios de pedras preciosas da NGI precisam ser feitas por mensagem.<\/strong> Obrigado, <strong><u>taxas extras se aplicam<\/u><\/strong>.<\/p>\n<p><\/p>\n<p><strong>A jade\u00edta natural n\u00e3o \u00e9 perfeita, apenas um lembrete gentil, nossa jade\u00edta natural, como todas as coisas bonitas da natureza, vem com suas caracter\u00edsticas e varia\u00e7\u00f5es \u00fanicas. Convidamos nossos valiosos clientes a abra\u00e7ar essas varia\u00e7\u00f5es naturais. Boas compras!<\/strong><\/p>\n<p><\/p>\n<p><strong><u>Nenhuma das fotos e filmagens de v\u00eddeo foram filtradas. Incentivamos nossos clientes a tamb\u00e9m assistirem aos v\u00eddeos que os acompanham para uma vis\u00e3o mais abrangente de nossos produtos<\/u><\/strong><\/p>\n<p><\/p>\n<ul>\n<li>Diferentes plataformas s\u00f3 podem visualizar v\u00eddeos por meio do Desktop<\/li>\n<\/ul>","protected":false},"excerpt":{"rendered":"<p>This exquisite necklace features an old collection crafted with Milo Buddha on natural Type A Jadeite Jade, creating a stunning and unique pendant. Certificate numbers: 920460037789 Weight: 5.6 grams Measurement: 36.5 * 18.2 * 4.7 mm (pendant361) The pendant comes with a certificate, ensuring its authenticity and quality. Certificate Included: Yes Region of Origin: Myanmar [&hellip;]<\/p>","protected":false},"featured_media":14126,"comment_status":"open","ping_status":"closed","template":"","meta":[],"product_brand":[],"product_cat":[83,126,48],"product_tag":[52,70,96,65,55,56,57,58,75,59,60,61,62],"class_list":{"0":"post-14120","1":"product","2":"type-product","3":"status-publish","4":"has-post-thumbnail","6":"product_cat-jade-necklaces-pendants","7":"product_cat-new-arrivals","8":"product_cat-pendants","9":"product_tag-certified","10":"product_tag-green","11":"product_tag-green-patches","12":"product_tag-high-quality","13":"product_tag-jadeite","14":"product_tag-limited-editions","15":"product_tag-milo-buddha","16":"product_tag-new-arrivals","17":"product_tag-traditional","18":"product_tag-translucent","19":"product_tag-type-a-jadeite","20":"product_tag-unisex","21":"product_tag-yi-pin-qian-exclusive","23":"first","24":"instock","25":"sale","26":"shipping-taxable","27":"purchasable","28":"product-type-simple"},"_links":{"self":[{"href":"https:\/\/shop.yipinqian.com\/pt\/wp-json\/wp\/v2\/product\/14120","targetHints":{"allow":["GET"]}}],"collection":[{"href":"https:\/\/shop.yipinqian.com\/pt\/wp-json\/wp\/v2\/product"}],"about":[{"href":"https:\/\/shop.yipinqian.com\/pt\/wp-json\/wp\/v2\/types\/product"}],"replies":[{"embeddable":true,"href":"https:\/\/shop.yipinqian.com\/pt\/wp-json\/wp\/v2\/comments?post=14120"}],"version-history":[{"count":0,"href":"https:\/\/shop.yipinqian.com\/pt\/wp-json\/wp\/v2\/product\/14120\/revisions"}],"wp:featuredmedia":[{"embeddable":true,"href":"https:\/\/shop.yipinqian.com\/pt\/wp-json\/wp\/v2\/media\/14126"}],"wp:attachment":[{"href":"https:\/\/shop.yipinqian.com\/pt\/wp-json\/wp\/v2\/media?parent=14120"}],"wp:term":[{"taxonomy":"product_brand","embeddable":true,"href":"https:\/\/shop.yipinqian.com\/pt\/wp-json\/wp\/v2\/product_brand?post=14120"},{"taxonomy":"product_cat","embeddable":true,"href":"https:\/\/shop.yipinqian.com\/pt\/wp-json\/wp\/v2\/product_cat?post=14120"},{"taxonomy":"product_tag","embeddable":true,"href":"https:\/\/shop.yipinqian.com\/pt\/wp-json\/wp\/v2\/product_tag?post=14120"}],"curies":[{"name":"wp","href":"https:\/\/api.w.org\/{rel}","templated":true}]}}