{"id":1409,"date":"2024-10-24T23:19:00","date_gmt":"2024-10-24T15:19:00","guid":{"rendered":"https:\/\/shop.yipinqian.com\/product\/high-quality-brownish-yellow-icy-translucent-natural-type-a-jadeite-jade-crafted-with-monkey-as-pendant-certificate-weighs-31-67-grams-measurement-53-23-6-13-mm-pendant295\/"},"modified":"2025-02-17T00:01:37","modified_gmt":"2025-02-16T16:01:37","slug":"high-quality-brownish-yellow-icy-translucent-natural-type-a-jadeite-jade-crafted-with-monkey-as-pendant-certificate-weighs-31-67-grams-measurement-53-23-6-13-mm-pendant295","status":"publish","type":"product","link":"https:\/\/shop.yipinqian.com\/pt\/produto\/high-quality-brownish-yellow-icy-translucent-natural-type-a-jadeite-jade-crafted-with-monkey-as-pendant-certificate-weighs-31-67-grams-measurement-53-23-6-13-mm-pendant295\/","title":{"rendered":"Jade\u00edta natural transl\u00facida amarela acastanhada de alta qualidade, tipo A, trabalhada com macaco como pingente, o certificado pesa 31,67 gramas, medindo 53 * 23,6 * 13 mm (pendant295)"},"content":{"rendered":"<p>This High Quality Brownish Yellow Icy Translucent Natural Type A Jadeite Jade pendant features a beautifully crafted Monkey design, making it a unique and eye-catching piece of jewelry.<\/p>\n<p><\/p>\n<p>Certificate numbers: GD2202H004469<\/p>\n<p><img fetchpriority=\"high\" decoding=\"async\" src=\"https:\/\/shop.yipinqian.com\/wp-content\/uploads\/2024\/10\/57be3b54ebeb4298a368e4a13d78a2f3tplv-aphluv4xwc-origin-jpeg.jpeg?from=476444299\" width=\"1080\" height=\"1080\"><\/p>\n<ul>\n<li>Exquisite Craftsmanship: The pendant is meticulously carved from genuine Type A Jadeite Jade, showcasing its natural beauty and elegance.<\/li>\n<li>Certificate Included: This piece comes with a certificate verifying its authenticity and quality, providing assurance to the buyer.<\/li>\n<li>Unisex Design: Suitable for both men and women, this pendant can be worn on any occasion, adding a touch of sophistication to your outfit.<\/li>\n<\/ul>\n<p>Weighing 31.67 grams with dimensions of 53 * 23.6 * 13 mm (pendant295), this necklace is not only stylish but also substantial in size, making it a statement accessory for daily wear.<\/p>\n<ul>\n<li>Origin: Originating from Myanmar, this piece carries the cultural heritage of jade craftsmanship in the region.<\/li>\n<li>Necklace Style: The casual style of this necklace makes it versatile for everyday use or special events where you want to stand out with elegance.<\/li>\n<\/ul>\n<p>Yi Pin Qian \u2013 Um negociante de pedras preciosas e metais preciosos em Cingapura \u2013 N\u00famero de licen\u00e7a PS20190000031<\/p>\n<p><\/p>\n<p>*Todos os Jadeites comprados de Yi Pin Qian em Cingapura, os clientes podem reservar hor\u00e1rios para polimento ou pequenos reparos por manuseio incorreto - taxas se aplicam e somente para clientes de Yi Pin Qian em Cingapura*<\/p>\n<p><\/p>\n<p><strong>**Tipos de Certificados**<\/strong><\/p>\n<p><\/p>\n<p><strong>NGI (Nan Yang Gemol\u00f3gico)<\/strong><\/p>\n<p>ou <strong>Certificados no exterior <\/strong>(Yi Pin Qian usa apenas certificados aut\u00eanticos de laborat\u00f3rios estrangeiros e tamb\u00e9m controla a qualidade de cada um dos nossos produtos antes de coloc\u00e1-los \u00e0 venda em Cingapura)<\/p>\n<p><\/p>\n<p>Cada produto no TikTok ter\u00e1 o tipo de certificado fornecido indicado na descri\u00e7\u00e3o. Para qualquer cliente que deseje enviar seu pedido para a NGI Singapore, haver\u00e1 um tempo de espera para entrega do pedido estimado em torno de 4 semanas para receber seu pedido. <strong>As solicita\u00e7\u00f5es de relat\u00f3rios de pedras preciosas da NGI precisam ser feitas por mensagem.<\/strong> Obrigado, <strong><u>taxas extras se aplicam<\/u><\/strong>.<\/p>\n<p><\/p>\n<p><strong>A jade\u00edta natural n\u00e3o \u00e9 perfeita, apenas um lembrete gentil, nossa jade\u00edta natural, como todas as coisas bonitas da natureza, vem com suas caracter\u00edsticas e varia\u00e7\u00f5es \u00fanicas. Convidamos nossos valiosos clientes a abra\u00e7ar essas varia\u00e7\u00f5es naturais. Boas compras!<\/strong><\/p>\n<p><\/p>\n<p><strong><u>Nenhuma das fotos e filmagens de v\u00eddeo foram filtradas. Incentivamos nossos clientes a tamb\u00e9m assistirem aos v\u00eddeos que os acompanham para uma vis\u00e3o mais abrangente de nossos produtos<\/u><\/strong><\/p>\n<p><\/p>\n<ul>\n<li>Diferentes plataformas s\u00f3 podem visualizar v\u00eddeos por meio do Desktop<\/li>\n<\/ul>","protected":false},"excerpt":{"rendered":"<p>This High Quality Brownish Yellow Icy Translucent Natural Type A Jadeite Jade pendant features a beautifully crafted Monkey design, making it a unique and eye-catching piece of jewelry. Certificate numbers: GD2202H004469 Exquisite Craftsmanship: The pendant is meticulously carved from genuine Type A Jadeite Jade, showcasing its natural beauty and elegance. Certificate Included: This piece comes [&hellip;]<\/p>","protected":false},"featured_media":4248,"comment_status":"open","ping_status":"closed","template":"","meta":[],"product_brand":[],"product_cat":[83,48],"product_tag":[],"class_list":{"0":"post-1409","1":"product","2":"type-product","3":"status-publish","4":"has-post-thumbnail","6":"product_cat-jade-necklaces-pendants","7":"product_cat-pendants","9":"first","10":"instock","11":"sale","12":"shipping-taxable","13":"purchasable","14":"product-type-simple"},"_links":{"self":[{"href":"https:\/\/shop.yipinqian.com\/pt\/wp-json\/wp\/v2\/product\/1409","targetHints":{"allow":["GET"]}}],"collection":[{"href":"https:\/\/shop.yipinqian.com\/pt\/wp-json\/wp\/v2\/product"}],"about":[{"href":"https:\/\/shop.yipinqian.com\/pt\/wp-json\/wp\/v2\/types\/product"}],"replies":[{"embeddable":true,"href":"https:\/\/shop.yipinqian.com\/pt\/wp-json\/wp\/v2\/comments?post=1409"}],"version-history":[{"count":0,"href":"https:\/\/shop.yipinqian.com\/pt\/wp-json\/wp\/v2\/product\/1409\/revisions"}],"wp:featuredmedia":[{"embeddable":true,"href":"https:\/\/shop.yipinqian.com\/pt\/wp-json\/wp\/v2\/media\/4248"}],"wp:attachment":[{"href":"https:\/\/shop.yipinqian.com\/pt\/wp-json\/wp\/v2\/media?parent=1409"}],"wp:term":[{"taxonomy":"product_brand","embeddable":true,"href":"https:\/\/shop.yipinqian.com\/pt\/wp-json\/wp\/v2\/product_brand?post=1409"},{"taxonomy":"product_cat","embeddable":true,"href":"https:\/\/shop.yipinqian.com\/pt\/wp-json\/wp\/v2\/product_cat?post=1409"},{"taxonomy":"product_tag","embeddable":true,"href":"https:\/\/shop.yipinqian.com\/pt\/wp-json\/wp\/v2\/product_tag?post=1409"}],"curies":[{"name":"wp","href":"https:\/\/api.w.org\/{rel}","templated":true}]}}