{"id":1408,"date":"2024-10-24T23:19:00","date_gmt":"2024-10-24T15:19:00","guid":{"rendered":"https:\/\/shop.yipinqian.com\/product\/high-quality-bluish-green-hue-natural-type-a-jadeite-jade-crafted-with-sceneries-as-pendant-certificatependant294\/"},"modified":"2025-02-17T00:01:37","modified_gmt":"2025-02-16T16:01:37","slug":"high-quality-bluish-green-hue-natural-type-a-jadeite-jade-crafted-with-sceneries-as-pendant-certificatependant294","status":"publish","type":"product","link":"https:\/\/shop.yipinqian.com\/pt\/produto\/high-quality-bluish-green-hue-natural-type-a-jadeite-jade-crafted-with-sceneries-as-pendant-certificatependant294\/","title":{"rendered":"Jade\u00edte natural tipo A de alta qualidade em tom verde azulado, trabalhada com paisagens como pingente, certificado (pendant294)"},"content":{"rendered":"<p>This high-quality bluish green hue natural Type A Jadeite Jade pendant is a stunning piece crafted with beautiful sceneries.<\/p>\n<p>Certificate numbers: GD2201H013236<\/p>\n<p>\u2022 Material: Natural Type A Jadeite Jade <br \/>\u2022 Weight: 40.34 grams <br \/>\u2022 Measurement: 59.5 * 35 * 11.6 mm <br \/>\u2022 Certificate: Yes<\/p>\n<p>The pendant features exquisite craftsmanship and a unique design that makes it perfect for daily wear.<br \/>\u2022 .<br \/>Yi Pin Qian \u2013 Um negociante de pedras preciosas e metais preciosos em Cingapura \u2013 N\u00famero de licen\u00e7a PS20190000031<br \/>*Todos os Jadeites comprados de Yi Pin Qian em Cingapura, os clientes podem reservar hor\u00e1rios para polimento ou pequenos reparos por manuseio incorreto - taxas se aplicam e somente para clientes de Yi Pin Qian em Cingapura*<\/p>\n<p>**Tipos de Certificados**<br \/>NGI (Nan Yang Gemol\u00f3gico)<br \/>ou certificados estrangeiros (Yi Pin Qian usa apenas certificados aut\u00eanticos de laborat\u00f3rios estrangeiros e tamb\u00e9m controla a qualidade de cada um dos nossos produtos antes de coloc\u00e1-los \u00e0 venda em Cingapura)<\/p>\n<p>Every product on TikTok will have the type of certificate provided indicated in the description. For any customer that wishes to send their order to NGI Singapore, there will be a waiting time for order delivery estimated around 4 weeks to receive your order. NGI Gemstone report requests need to be done by messaging us. <\/p>\n<p>Obrigado, taxas extras ser\u00e3o aplicadas.<\/p>\n<p>A jade\u00edta natural n\u00e3o \u00e9 perfeita, apenas um lembrete gentil, nossa jade\u00edta natural, como todas as coisas bonitas da natureza, vem com suas caracter\u00edsticas e varia\u00e7\u00f5es \u00fanicas. Convidamos nossos valiosos clientes a abra\u00e7ar essas varia\u00e7\u00f5es naturais. Boas compras!<\/p>\n<p>Nenhuma das fotos e filmagens de v\u00eddeo foram filtradas. Incentivamos nossos clientes a tamb\u00e9m assistirem aos v\u00eddeos que os acompanham para uma vis\u00e3o mais abrangente de nossos produtos<\/p>\n<p>Diferentes plataformas s\u00f3 podem visualizar v\u00eddeos por meio do Desktop<\/p>","protected":false},"excerpt":{"rendered":"<p>This high-quality bluish green hue natural Type A Jadeite Jade pendant is a stunning piece crafted with beautiful sceneries. Certificate numbers: GD2201H013236 \u2022 Material: Natural Type A Jadeite Jade \u2022 Weight: 40.34 grams \u2022 Measurement: 59.5 * 35 * 11.6 mm \u2022 Certificate: Yes The pendant features exquisite craftsmanship and a unique design that makes [&hellip;]<\/p>","protected":false},"featured_media":4237,"comment_status":"open","ping_status":"closed","template":"","meta":[],"product_brand":[],"product_cat":[63,48],"product_tag":[],"class_list":{"0":"post-1408","1":"product","2":"type-product","3":"status-publish","4":"has-post-thumbnail","6":"product_cat-charms-pendants-ornaments","7":"product_cat-pendants","9":"first","10":"instock","11":"sale","12":"shipping-taxable","13":"purchasable","14":"product-type-simple"},"_links":{"self":[{"href":"https:\/\/shop.yipinqian.com\/pt\/wp-json\/wp\/v2\/product\/1408","targetHints":{"allow":["GET"]}}],"collection":[{"href":"https:\/\/shop.yipinqian.com\/pt\/wp-json\/wp\/v2\/product"}],"about":[{"href":"https:\/\/shop.yipinqian.com\/pt\/wp-json\/wp\/v2\/types\/product"}],"replies":[{"embeddable":true,"href":"https:\/\/shop.yipinqian.com\/pt\/wp-json\/wp\/v2\/comments?post=1408"}],"version-history":[{"count":0,"href":"https:\/\/shop.yipinqian.com\/pt\/wp-json\/wp\/v2\/product\/1408\/revisions"}],"wp:featuredmedia":[{"embeddable":true,"href":"https:\/\/shop.yipinqian.com\/pt\/wp-json\/wp\/v2\/media\/4237"}],"wp:attachment":[{"href":"https:\/\/shop.yipinqian.com\/pt\/wp-json\/wp\/v2\/media?parent=1408"}],"wp:term":[{"taxonomy":"product_brand","embeddable":true,"href":"https:\/\/shop.yipinqian.com\/pt\/wp-json\/wp\/v2\/product_brand?post=1408"},{"taxonomy":"product_cat","embeddable":true,"href":"https:\/\/shop.yipinqian.com\/pt\/wp-json\/wp\/v2\/product_cat?post=1408"},{"taxonomy":"product_tag","embeddable":true,"href":"https:\/\/shop.yipinqian.com\/pt\/wp-json\/wp\/v2\/product_tag?post=1408"}],"curies":[{"name":"wp","href":"https:\/\/api.w.org\/{rel}","templated":true}]}}