{"id":1404,"date":"2024-10-24T23:18:58","date_gmt":"2024-10-24T15:18:58","guid":{"rendered":"https:\/\/shop.yipinqian.com\/product\/high-premium-quality-natural-type-a-jadeite-jade-with-3-cabochons-set-on-18k-gold-with-diamonds-as-wrist-bracelet-or-pendant-certificate-weigh-4-39-grams-18kpw4\/"},"modified":"2025-02-24T01:17:31","modified_gmt":"2025-02-23T17:17:31","slug":"high-premium-quality-natural-type-a-jadeite-jade-with-3-cabochons-set-on-18k-gold-with-diamonds-as-wrist-bracelet-or-pendant-certificate-weigh-4-39-grams-18kpw4","status":"publish","type":"product","link":"https:\/\/shop.yipinqian.com\/pt\/produto\/high-premium-quality-natural-type-a-jadeite-jade-with-3-cabochons-set-on-18k-gold-with-diamonds-as-wrist-bracelet-or-pendant-certificate-weigh-4-39-grams-18kpw4\/","title":{"rendered":"Jade\u00edte natural tipo A de alta qualidade premium com 3 caboch\u00f5es cravejados em ouro 18k com diamantes como pulseira ou pingente, certificado pesa 4,39 gramas (18kpw4)"},"content":{"rendered":"<p>This High Premium Quality Natural Type A Jadeite Jade bracelet or pendant is an exquisite addition to any jewelry collection. The 3 cabochons set on 18k gold with diamonds showcase the beauty of the natural jade and add an elegant touch to your everyday look.<\/p>\n<p>\u00a0<\/p>\n<p><strong><u>This piece of jewellery can be used as a pendant by adding your own gold chain<\/u><\/strong><\/p>\n<p>\u00a0<\/p>\n<p>N\u00fameros de certificado: <strong>GD2201H013003<\/strong><\/p>\n<p>\u00a0<\/p>\n<p><strong>18k Gold Weigh: 2.22 grams<\/strong><\/p>\n<p><strong>Diamonds 58 * 0.003 = 0.174 carats<\/strong><\/p>\n<p><strong>Light Green Hue Icy Translucent Cabochon: 20.5 *<em> 10 *<\/em> 4.5 mm<\/strong><\/p>\n<p><strong>Icy Green cabochons: 4.3 * 3.3 * 2 mm, 4.3 * 3.2 * 2 mm<\/strong><\/p>\n<p>\u00a0<\/p>\n<p><strong>*<em>Please note that the set come with PU Leather as our company is dedicated to cruelty-free and vegan-friendly practices and it&#8217;s a compassionate fashion<\/em>*<\/strong><\/p>\n<p>\u00a0<\/p>\n<ul>\n<li>\n<strong>Jade\u00edta Natural Tipo A:<\/strong> This bracelet or pendant features natural Type A jadeite jade from Myanmar, known for its vibrant green color and high quality.<\/li>\n<li>\n<strong>18k Gold with Diamonds:<\/strong> The cabochons are set on 18k gold with diamonds, adding a luxurious element to this piece of jewelry.<\/li>\n<li>\n<strong>Dual Use:<\/strong> This piece can be worn as a wrist bracelet or as a pendant on your favorite necklace. Versatile for any occasion!<\/li>\n<\/ul>\n<p>The certificate that comes with this product ensures that you are receiving genuine, high-quality materials. While this product does not come with a warranty, you can trust in the expert craftsmanship and durability of this beautiful piece.<\/p>\n<ul>\n<li>\n<strong>Gorgeous Gift Idea:<\/strong> Looking for the perfect gift? This stunning bracelet\/pendant is perfect as a special occasion gift for someone you love!<\/li>\n<li>\n<strong>Feminine and Dainty Design:<\/strong>This beautiful accessory has been designed keeping in mind feminine traits like delicacy,daintiness etc Add this High Premium Quality Natural Type A Jadeite Jade Bracelet\/Pendant to your accessory collection today!<\/li>\n<\/ul>\n<p>Yi Pin Qian \u2013 Um negociante de pedras preciosas e metais preciosos em Cingapura \u2013 N\u00famero de licen\u00e7a PS20190000031<\/p>\n<p>\u00a0<\/p>\n<p>*Todos os Jadeites comprados de Yi Pin Qian em Cingapura, os clientes podem reservar hor\u00e1rios para polimento ou pequenos reparos por manuseio incorreto - taxas se aplicam e somente para clientes de Yi Pin Qian em Cingapura*<\/p>\n<p>\u00a0<\/p>\n<p><strong>**Tipos de Certificados**<\/strong><\/p>\n<p>\u00a0<\/p>\n<p><strong>NGI (Nan Yang Gemol\u00f3gico)<\/strong><\/p>\n<p>ou <strong>Certificados no exterior <\/strong>(Yi Pin Qian usa apenas certificados aut\u00eanticos de laborat\u00f3rios estrangeiros e tamb\u00e9m controla a qualidade de cada um dos nossos produtos antes de coloc\u00e1-los \u00e0 venda em Cingapura)<\/p>\n<p>\u00a0<\/p>\n<p>Cada produto no TikTok ter\u00e1 o tipo de certificado fornecido indicado na descri\u00e7\u00e3o. Para qualquer cliente que deseje enviar seu pedido para a NGI Singapore, haver\u00e1 um tempo de espera para entrega do pedido estimado em torno de 4 semanas para receber seu pedido. <strong>As solicita\u00e7\u00f5es de relat\u00f3rios da NGI Gemstone precisam ser feitas por mensagem para a loja Yi Pin Qian TikTok.<\/strong> Obrigado, <strong><u>taxas extras se aplicam<\/u><\/strong>.<\/p>\n<p>\u00a0<\/p>\n<p><strong>A jade\u00edta natural n\u00e3o \u00e9 perfeita, apenas um lembrete gentil, nossa jade\u00edta natural, como todas as coisas bonitas da natureza, vem com suas caracter\u00edsticas e varia\u00e7\u00f5es \u00fanicas. Convidamos nossos valiosos clientes a abra\u00e7ar essas varia\u00e7\u00f5es naturais. Boas compras!<\/strong><\/p>\n<p>\u00a0<\/p>\n<p><strong><u>Nenhuma das fotos e filmagens de v\u00eddeo foram filtradas. Incentivamos nossos clientes a tamb\u00e9m assistirem aos v\u00eddeos que os acompanham para uma vis\u00e3o mais abrangente de nossos produtos<\/u><\/strong><\/p>","protected":false},"excerpt":{"rendered":"<p>Esta pulseira ou pingente de jade\u00edte natural tipo A de alta qualidade premium \u00e9 uma adi\u00e7\u00e3o requintada a qualquer cole\u00e7\u00e3o de joias. Os 3 caboch\u00f5es cravejados em ouro 18k com diamantes mostram a beleza do jade natural e adicionam um toque elegante ao seu visual di\u00e1rio. Esta pe\u00e7a de joalheria pode ser usada como [\u2026]<\/p>","protected":false},"featured_media":4180,"comment_status":"open","ping_status":"closed","template":"","meta":[],"product_brand":[],"product_cat":[195],"product_tag":[50,101,102,52,88,72,53,70,54,55,59,60,62],"class_list":{"0":"post-1404","1":"product","2":"type-product","3":"status-publish","4":"has-post-thumbnail","6":"product_cat-heirloom-grade","7":"product_tag-18k-gold","8":"product_tag-adjustable","9":"product_tag-bracelet","10":"product_tag-certified","11":"product_tag-diamonds","12":"product_tag-female","13":"product_tag-fine-quality","14":"product_tag-green","15":"product_tag-icy","16":"product_tag-jadeite","17":"product_tag-translucent","18":"product_tag-type-a-jadeite","19":"product_tag-yi-pin-qian-exclusive","21":"first","22":"instock","23":"sale","24":"shipping-taxable","25":"purchasable","26":"product-type-simple"},"_links":{"self":[{"href":"https:\/\/shop.yipinqian.com\/pt\/wp-json\/wp\/v2\/product\/1404","targetHints":{"allow":["GET"]}}],"collection":[{"href":"https:\/\/shop.yipinqian.com\/pt\/wp-json\/wp\/v2\/product"}],"about":[{"href":"https:\/\/shop.yipinqian.com\/pt\/wp-json\/wp\/v2\/types\/product"}],"replies":[{"embeddable":true,"href":"https:\/\/shop.yipinqian.com\/pt\/wp-json\/wp\/v2\/comments?post=1404"}],"version-history":[{"count":0,"href":"https:\/\/shop.yipinqian.com\/pt\/wp-json\/wp\/v2\/product\/1404\/revisions"}],"wp:featuredmedia":[{"embeddable":true,"href":"https:\/\/shop.yipinqian.com\/pt\/wp-json\/wp\/v2\/media\/4180"}],"wp:attachment":[{"href":"https:\/\/shop.yipinqian.com\/pt\/wp-json\/wp\/v2\/media?parent=1404"}],"wp:term":[{"taxonomy":"product_brand","embeddable":true,"href":"https:\/\/shop.yipinqian.com\/pt\/wp-json\/wp\/v2\/product_brand?post=1404"},{"taxonomy":"product_cat","embeddable":true,"href":"https:\/\/shop.yipinqian.com\/pt\/wp-json\/wp\/v2\/product_cat?post=1404"},{"taxonomy":"product_tag","embeddable":true,"href":"https:\/\/shop.yipinqian.com\/pt\/wp-json\/wp\/v2\/product_tag?post=1404"}],"curies":[{"name":"wp","href":"https:\/\/api.w.org\/{rel}","templated":true}]}}