{"id":1403,"date":"2024-10-24T23:18:58","date_gmt":"2024-10-24T15:18:58","guid":{"rendered":"https:\/\/shop.yipinqian.com\/product\/high-premium-quality-icy-green-natural-type-a-jadeite-jade-pendant-necklace-crafted-with-bird-flower-and-tree-trunk-certificate-included-weigh-11-70-grams-measurement-40-23-6-3-mm-pendant187\/"},"modified":"2025-02-24T01:17:31","modified_gmt":"2025-02-23T17:17:31","slug":"high-premium-quality-icy-green-natural-type-a-jadeite-jade-pendant-necklace-crafted-with-bird-flower-and-tree-trunk-certificate-included-weigh-11-70-grams-measurement-40-23-6-3-mm-pendant187","status":"publish","type":"product","link":"https:\/\/shop.yipinqian.com\/pt\/produto\/high-premium-quality-icy-green-natural-type-a-jadeite-jade-pendant-necklace-crafted-with-bird-flower-and-tree-trunk-certificate-included-weigh-11-70-grams-measurement-40-23-6-3-mm-pendant187\/","title":{"rendered":"Colar com pingente de jade\u00edte natural tipo A verde gelo de alta qualidade premium, feito com p\u00e1ssaro, flor e tronco de \u00e1rvore, certificado incluso, pesa 11,70 gramas, mede 40 * 23 * 6,3 mm (pendant187)"},"content":{"rendered":"<p>Este colar com pingente de jade\u00edte natural tipo A verde gelo de alta qualidade premium \u00e9 uma pe\u00e7a impressionante de acess\u00f3rios e derivados de joias que deixar\u00e1 voc\u00ea hipnotizado. Feito em Mianmar, este colar pesa 11,70 gramas e mede 40 * 23 * 6,3 mm (pendant187).<\/p>\n<p>\u00a0<\/p>\n<p><strong>N\u00fameros de certificado: GD2112H011122<\/strong><\/p>\n<ul>\n<li>\n<strong>Design requintado:<\/strong> Este colar com pingente \u00e9 feito com p\u00e1ssaros, flores e troncos de \u00e1rvores para dar um visual elegante que far\u00e1 voc\u00ea se destacar da multid\u00e3o.<\/li>\n<li>\n<strong>Jade\u00edta natural tipo A:<\/strong> Este colar \u00e9 feito de jade\u00edta natural tipo A de alta qualidade, o que o torna dur\u00e1vel e duradouro.<\/li>\n<li>\n<strong>Certificado inclu\u00eddo:<\/strong> O pingente vem com um certificado de autenticidade para garantir sua qualidade.<\/li>\n<\/ul>\n<p>O estilo elegante deste colar unissex o torna perfeito para uso di\u00e1rio ou ocasi\u00f5es especiais. Pe\u00e7a o seu agora!<\/p>\n<p>\u00a0<\/p>\n<p>Yi Pin Qian \u2013 Um negociante de pedras preciosas e metais preciosos em Cingapura \u2013 N\u00famero de licen\u00e7a PS20190000031<\/p>\n<p>\u00a0<\/p>\n<p>*Todos os Jadeites comprados de Yi Pin Qian em Cingapura, os clientes podem reservar hor\u00e1rios para polimento ou pequenos reparos por manuseio incorreto - taxas se aplicam e somente para clientes de Yi Pin Qian em Cingapura*<\/p>\n<p>\u00a0<\/p>\n<p><strong>**Tipos de Certificados**<\/strong><\/p>\n<p>\u00a0<\/p>\n<p><strong>NGI (Nan Yang Gemol\u00f3gico)<\/strong><\/p>\n<p>ou <strong>Certificados no exterior <\/strong>(Yi Pin Qian usa apenas certificados aut\u00eanticos de laborat\u00f3rios estrangeiros e tamb\u00e9m controla a qualidade de cada um dos nossos produtos antes de coloc\u00e1-los \u00e0 venda em Cingapura)<\/p>\n<p>\u00a0<\/p>\n<p>Cada produto no TikTok ter\u00e1 o tipo de certificado fornecido indicado na descri\u00e7\u00e3o. Para qualquer cliente que deseje enviar seu pedido para a NGI Singapore, haver\u00e1 um tempo de espera para entrega do pedido estimado em torno de 4 semanas para receber seu pedido. <strong>As solicita\u00e7\u00f5es de relat\u00f3rios da NGI Gemstone precisam ser feitas por mensagem para a loja Yi Pin Qian TikTok.<\/strong> Obrigado, <strong><u>taxas extras se aplicam<\/u><\/strong>.<\/p>\n<p>\u00a0<\/p>\n<p><strong>A jade\u00edta natural n\u00e3o \u00e9 perfeita, apenas um lembrete gentil, nossa jade\u00edta natural, como todas as coisas bonitas da natureza, vem com suas caracter\u00edsticas e varia\u00e7\u00f5es \u00fanicas. Convidamos nossos valiosos clientes a abra\u00e7ar essas varia\u00e7\u00f5es naturais. Boas compras!<\/strong><\/p>\n<p>\u00a0<\/p>\n<p><strong><u>Nenhuma das fotos e filmagens de v\u00eddeo foram filtradas. Incentivamos nossos clientes a tamb\u00e9m assistirem aos v\u00eddeos que os acompanham para uma vis\u00e3o mais abrangente de nossos produtos<\/u><\/strong><\/p>","protected":false},"excerpt":{"rendered":"<p>This High Premium Quality Icy Green Natural Type A Jadeite Jade Pendant Necklace is a stunning piece of Jewelry Accessories &#038; Derivatives that will leave you mesmerized. Made in Myanmar, this necklace weighs 11.70 grams and measures 40 * 23 * 6.3 mm (pendant187). \u00a0 Certificate numbers: GD2112H011122 Exquisite Design: This pendant necklace is crafted [&hellip;]<\/p>","protected":false},"featured_media":4172,"comment_status":"open","ping_status":"closed","template":"","meta":[],"product_brand":[],"product_cat":[195],"product_tag":[],"class_list":{"0":"post-1403","1":"product","2":"type-product","3":"status-publish","4":"has-post-thumbnail","6":"product_cat-heirloom-grade","8":"first","9":"instock","10":"sale","11":"shipping-taxable","12":"purchasable","13":"product-type-simple"},"_links":{"self":[{"href":"https:\/\/shop.yipinqian.com\/pt\/wp-json\/wp\/v2\/product\/1403","targetHints":{"allow":["GET"]}}],"collection":[{"href":"https:\/\/shop.yipinqian.com\/pt\/wp-json\/wp\/v2\/product"}],"about":[{"href":"https:\/\/shop.yipinqian.com\/pt\/wp-json\/wp\/v2\/types\/product"}],"replies":[{"embeddable":true,"href":"https:\/\/shop.yipinqian.com\/pt\/wp-json\/wp\/v2\/comments?post=1403"}],"version-history":[{"count":0,"href":"https:\/\/shop.yipinqian.com\/pt\/wp-json\/wp\/v2\/product\/1403\/revisions"}],"wp:featuredmedia":[{"embeddable":true,"href":"https:\/\/shop.yipinqian.com\/pt\/wp-json\/wp\/v2\/media\/4172"}],"wp:attachment":[{"href":"https:\/\/shop.yipinqian.com\/pt\/wp-json\/wp\/v2\/media?parent=1403"}],"wp:term":[{"taxonomy":"product_brand","embeddable":true,"href":"https:\/\/shop.yipinqian.com\/pt\/wp-json\/wp\/v2\/product_brand?post=1403"},{"taxonomy":"product_cat","embeddable":true,"href":"https:\/\/shop.yipinqian.com\/pt\/wp-json\/wp\/v2\/product_cat?post=1403"},{"taxonomy":"product_tag","embeddable":true,"href":"https:\/\/shop.yipinqian.com\/pt\/wp-json\/wp\/v2\/product_tag?post=1403"}],"curies":[{"name":"wp","href":"https:\/\/api.w.org\/{rel}","templated":true}]}}