{"id":1402,"date":"2024-10-24T23:18:58","date_gmt":"2024-10-24T15:18:58","guid":{"rendered":"https:\/\/shop.yipinqian.com\/product\/high-premium-light-lavender-and-yellow-natural-type-a-jadeite-jade-crafted-with-milo-buddha-as-pendant-certificate-weighs-49-13-grams-measurement-58-6-39-5-18-7-mm-pendant284\/"},"modified":"2025-02-24T01:34:19","modified_gmt":"2025-02-23T17:34:19","slug":"high-premium-light-lavender-and-yellow-natural-type-a-jadeite-jade-crafted-with-milo-buddha-as-pendant-certificate-weighs-49-13-grams-measurement-58-6-39-5-18-7-mm-pendant284","status":"publish","type":"product","link":"https:\/\/shop.yipinqian.com\/pt\/produto\/high-premium-light-lavender-and-yellow-natural-type-a-jadeite-jade-crafted-with-milo-buddha-as-pendant-certificate-weighs-49-13-grams-measurement-58-6-39-5-18-7-mm-pendant284\/","title":{"rendered":"High Premium Light Lavender and Yellow Natural Type A Jadeite Jade crafted with Milo Buddha as Pendant, certificate weighs 49.13 grams, measurement 58.6 * 39.5 * 18.7 mm (pendant284)"},"content":{"rendered":"<p>This High Premium Light Lavender and Yellow Natural Type A Jadeite Jade necklace features a Milo Buddha pendant, exuding elegance and spirituality.<\/p>\n<p>\u00a0<\/p>\n<p>Certificate numbers: 920560002560<\/p>\n<p><img fetchpriority=\"high\" decoding=\"async\" height=\"1080\" src=\"https:\/\/shop.yipinqian.com\/wp-content\/uploads\/2024\/10\/625172f4b9c394892491076ef711c623.jpg?from=476444299\" width=\"1080\"><\/p>\n<ul>\n<li>\n<strong>Material:<\/strong> Crafted from natural Type A Jadeite Jade<\/li>\n<li>\n<strong>Peso:<\/strong> Weighs 49.13 grams<\/li>\n<li>\n<strong>Medidas:<\/strong> 58.6 * 39.5 * 18.7 mm<\/li>\n<li>\n<strong>Certificado:<\/strong> Vem com um certificado de autenticidade<\/li>\n<li><strong>Milo Buddha Pendant: This pendant adds an auspicious touch to the piece.<\/strong><\/li>\n<li><strong>The necklace is perfect for both men and women, making it a versatile accessory for any occasion.<\/strong><\/li>\n<li><strong>Jade Type: Jadeite this piece originates from Myanmar, a country known for its rich jade heritage. No warranty is provided with this product, but its timeless design ensures long-lasting beauty.<\/strong><\/li>\n<\/ul>\n<p>Yi Pin Qian \u2013 Um negociante de pedras preciosas e metais preciosos em Cingapura \u2013 N\u00famero de licen\u00e7a PS20190000031<\/p>\n<p>\u00a0<\/p>\n<p>*Todos os Jadeites comprados de Yi Pin Qian em Cingapura, os clientes podem reservar hor\u00e1rios para polimento ou pequenos reparos por manuseio incorreto - taxas se aplicam e somente para clientes de Yi Pin Qian em Cingapura*<\/p>\n<p>\u00a0<\/p>\n<p><strong>**Tipos de Certificados**<\/strong><\/p>\n<p>\u00a0<\/p>\n<p><strong>NGI (Nan Yang Gemol\u00f3gico)<\/strong><\/p>\n<p>ou <strong>Certificados no exterior <\/strong>(Yi Pin Qian usa apenas certificados aut\u00eanticos de laborat\u00f3rios estrangeiros e tamb\u00e9m controla a qualidade de cada um dos nossos produtos antes de coloc\u00e1-los \u00e0 venda em Cingapura)<\/p>\n<p>\u00a0<\/p>\n<p>Cada produto no TikTok ter\u00e1 o tipo de certificado fornecido indicado na descri\u00e7\u00e3o. Para qualquer cliente que deseje enviar seu pedido para a NGI Singapore, haver\u00e1 um tempo de espera para entrega do pedido estimado em torno de 4 semanas para receber seu pedido. <strong>As solicita\u00e7\u00f5es de relat\u00f3rios da NGI Gemstone precisam ser feitas por mensagem para a loja Yi Pin Qian TikTok.<\/strong> Obrigado, <strong><u>taxas extras se aplicam<\/u><\/strong>.<\/p>\n<p>\u00a0<\/p>\n<p><strong>A jade\u00edta natural n\u00e3o \u00e9 perfeita, apenas um lembrete gentil, nossa jade\u00edta natural, como todas as coisas bonitas da natureza, vem com suas caracter\u00edsticas e varia\u00e7\u00f5es \u00fanicas. Convidamos nossos valiosos clientes a abra\u00e7ar essas varia\u00e7\u00f5es naturais. Boas compras!<\/strong><\/p>\n<p>\u00a0<\/p>\n<p><strong><u>Nenhuma das fotos e filmagens de v\u00eddeo foram filtradas. Incentivamos nossos clientes a tamb\u00e9m assistirem aos v\u00eddeos que os acompanham para uma vis\u00e3o mais abrangente de nossos produtos<\/u><\/strong><\/p>\n<p>\u00a0<\/p>\n<ul>\n<li>Diferentes plataformas s\u00f3 podem visualizar v\u00eddeos por meio do Desktop<\/li>\n<\/ul>","protected":false},"excerpt":{"rendered":"<p>This High Premium Light Lavender and Yellow Natural Type A Jadeite Jade necklace features a Milo Buddha pendant, exuding elegance and spirituality. \u00a0 Certificate numbers: 920560002560 Material: Crafted from natural Type A Jadeite Jade Weight: Weighs 49.13 grams Measurements: 58.6 * 39.5 * 18.7 mm Certificate: Comes with a certificate of authenticity Milo Buddha Pendant: [&hellip;]<\/p>","protected":false},"featured_media":4154,"comment_status":"open","ping_status":"closed","template":"","meta":[],"product_brand":[],"product_cat":[196],"product_tag":[],"class_list":{"0":"post-1402","1":"product","2":"type-product","3":"status-publish","4":"has-post-thumbnail","6":"product_cat-vault-collection","8":"first","9":"instock","10":"sale","11":"shipping-taxable","12":"purchasable","13":"product-type-simple"},"_links":{"self":[{"href":"https:\/\/shop.yipinqian.com\/pt\/wp-json\/wp\/v2\/product\/1402","targetHints":{"allow":["GET"]}}],"collection":[{"href":"https:\/\/shop.yipinqian.com\/pt\/wp-json\/wp\/v2\/product"}],"about":[{"href":"https:\/\/shop.yipinqian.com\/pt\/wp-json\/wp\/v2\/types\/product"}],"replies":[{"embeddable":true,"href":"https:\/\/shop.yipinqian.com\/pt\/wp-json\/wp\/v2\/comments?post=1402"}],"version-history":[{"count":0,"href":"https:\/\/shop.yipinqian.com\/pt\/wp-json\/wp\/v2\/product\/1402\/revisions"}],"wp:featuredmedia":[{"embeddable":true,"href":"https:\/\/shop.yipinqian.com\/pt\/wp-json\/wp\/v2\/media\/4154"}],"wp:attachment":[{"href":"https:\/\/shop.yipinqian.com\/pt\/wp-json\/wp\/v2\/media?parent=1402"}],"wp:term":[{"taxonomy":"product_brand","embeddable":true,"href":"https:\/\/shop.yipinqian.com\/pt\/wp-json\/wp\/v2\/product_brand?post=1402"},{"taxonomy":"product_cat","embeddable":true,"href":"https:\/\/shop.yipinqian.com\/pt\/wp-json\/wp\/v2\/product_cat?post=1402"},{"taxonomy":"product_tag","embeddable":true,"href":"https:\/\/shop.yipinqian.com\/pt\/wp-json\/wp\/v2\/product_tag?post=1402"}],"curies":[{"name":"wp","href":"https:\/\/api.w.org\/{rel}","templated":true}]}}