{"id":1398,"date":"2024-10-24T23:18:55","date_gmt":"2024-10-24T15:18:55","guid":{"rendered":"https:\/\/shop.yipinqian.com\/product\/green-bluish-green-brown-natural-type-a-jadeite-pendant-necklace-crafted-as-nine-tails-fox-symbols-increase-the-relationship-with-the-opposite-sex-and-enhance-personal-charm-plus-good-luck-certificate\/"},"modified":"2025-02-17T00:01:37","modified_gmt":"2025-02-16T16:01:37","slug":"green-bluish-green-brown-natural-type-a-jadeite-pendant-necklace-crafted-as-nine-tails-fox-symbols-increase-the-relationship-with-the-opposite-sex-and-enhance-personal-charm-plus-good-luck-certificate","status":"publish","type":"product","link":"https:\/\/shop.yipinqian.com\/pt\/produto\/green-bluish-green-brown-natural-type-a-jadeite-pendant-necklace-crafted-as-nine-tails-fox-symbols-increase-the-relationship-with-the-opposite-sex-and-enhance-personal-charm-plus-good-luck-certificate\/","title":{"rendered":"Green, Bluish Green, Brown Natural Type A Jadeite Pendant Necklace crafted as Nine Tails Fox symbols, Increase the relationship with the opposite sex and enhance personal charm plus good luck, certificate weigh 30 grams, 57 * 29.3 * 9.3 mm (pendant50)"},"content":{"rendered":"<p>Elevate your personal charm and enhance your luck with this stunning Green, Brown and Bluish Hue Natural Type A Jadeite Pendant Necklace. Crafted in the shape of the Nine Tails Fox symbols, this accessory is designed to increase the relationship with the opposite sex.<\/p>\n<ul>\n<li>\n<strong>Design simb\u00f3lico:<\/strong> The Nine Tails Fox design is intricately carved into this jadeite pendant to enhance your personal charm and luck.<\/li>\n<li>\n<strong>Natural Jade:<\/strong> This necklace features Natural Type A Jadeite that comes from Myanmar, ensuring its authenticity.<\/li>\n<li>\n<strong>Certificado inclu\u00eddo:<\/strong> With a certificate included, you can be confident that you are purchasing a genuine product.<\/li>\n<\/ul>\n<p><strong>Certificate numbers: GD2110H012853<\/strong><\/p>\n<p><img fetchpriority=\"high\" decoding=\"async\" height=\"1080\" src=\"https:\/\/shop.yipinqian.com\/wp-content\/uploads\/2024\/10\/17b9747705a7ae5e64ded24535f253aa.jpg?from=476444299\" width=\"1072\"><\/p>\n<p>The Green, Brown and Bluish Hue of this necklace adds an exotic touch to any casual outfit. At 30 grams weighing 57 * 29.3 * 9.3 mm in size, it sits perfectly around any neck for daily wear.<\/p>\n<ul>\n<li>\n<strong>Estilo casual:<\/strong>The casual style of this necklace makes it perfect for daily wear or as an everyday accessory.<\/li>\n<\/ul>\n<p>Elevate your style statement by adding a touch of mystique with Nine Tails Fox symbols around your neck every day!<\/p>\n<p>\u00a0<\/p>\n<p>Yi Pin Qian \u2013 Um negociante de pedras preciosas e metais preciosos em Cingapura \u2013 N\u00famero de licen\u00e7a PS20190000031<\/p>\n<p>\u00a0<\/p>\n<p>*Todos os Jadeites comprados de Yi Pin Qian em Cingapura, os clientes podem reservar hor\u00e1rios para polimento ou pequenos reparos por manuseio incorreto - taxas se aplicam e somente para clientes de Yi Pin Qian em Cingapura*<\/p>\n<p>\u00a0<\/p>\n<p><strong>**Tipos de Certificados**<\/strong><\/p>\n<p>\u00a0<\/p>\n<p><strong>NGI (Nan Yang Gemol\u00f3gico)<\/strong><\/p>\n<p>ou <strong>Certificados no exterior <\/strong>(Yi Pin Qian usa apenas certificados aut\u00eanticos de laborat\u00f3rios estrangeiros e tamb\u00e9m controla a qualidade de cada um dos nossos produtos antes de coloc\u00e1-los \u00e0 venda em Cingapura)<\/p>\n<p>\u00a0<\/p>\n<p>Cada produto no TikTok ter\u00e1 o tipo de certificado fornecido indicado na descri\u00e7\u00e3o. Para qualquer cliente que deseje enviar seu pedido para a NGI Singapore, haver\u00e1 um tempo de espera para entrega do pedido estimado em torno de 4 semanas para receber seu pedido. <strong>As solicita\u00e7\u00f5es de relat\u00f3rios da NGI Gemstone precisam ser feitas por mensagem para a loja Yi Pin Qian TikTok.<\/strong> Obrigado, <strong><u>taxas extras se aplicam<\/u><\/strong>.<\/p>\n<p>\u00a0<\/p>\n<p><strong>A jade\u00edta natural n\u00e3o \u00e9 perfeita, apenas um lembrete gentil, nossa jade\u00edta natural, como todas as coisas bonitas da natureza, vem com suas caracter\u00edsticas e varia\u00e7\u00f5es \u00fanicas. Convidamos nossos valiosos clientes a abra\u00e7ar essas varia\u00e7\u00f5es naturais. Boas compras!<\/strong><\/p>\n<p>\u00a0<\/p>\n<p><strong><u>Nenhuma das fotos e filmagens de v\u00eddeo foram filtradas. Incentivamos nossos clientes a tamb\u00e9m assistirem aos v\u00eddeos que os acompanham para uma vis\u00e3o mais abrangente de nossos produtos<\/u><\/strong><\/p>","protected":false},"excerpt":{"rendered":"<p>Elevate your personal charm and enhance your luck with this stunning Green, Brown and Bluish Hue Natural Type A Jadeite Pendant Necklace. Crafted in the shape of the Nine Tails Fox symbols, this accessory is designed to increase the relationship with the opposite sex. Symbolic Design: The Nine Tails Fox design is intricately carved into [&hellip;]<\/p>","protected":false},"featured_media":4127,"comment_status":"open","ping_status":"closed","template":"","meta":[],"product_brand":[],"product_cat":[48],"product_tag":[],"class_list":{"0":"post-1398","1":"product","2":"type-product","3":"status-publish","4":"has-post-thumbnail","6":"product_cat-pendants","8":"first","9":"instock","10":"sale","11":"shipping-taxable","12":"purchasable","13":"product-type-simple"},"_links":{"self":[{"href":"https:\/\/shop.yipinqian.com\/pt\/wp-json\/wp\/v2\/product\/1398","targetHints":{"allow":["GET"]}}],"collection":[{"href":"https:\/\/shop.yipinqian.com\/pt\/wp-json\/wp\/v2\/product"}],"about":[{"href":"https:\/\/shop.yipinqian.com\/pt\/wp-json\/wp\/v2\/types\/product"}],"replies":[{"embeddable":true,"href":"https:\/\/shop.yipinqian.com\/pt\/wp-json\/wp\/v2\/comments?post=1398"}],"version-history":[{"count":0,"href":"https:\/\/shop.yipinqian.com\/pt\/wp-json\/wp\/v2\/product\/1398\/revisions"}],"wp:featuredmedia":[{"embeddable":true,"href":"https:\/\/shop.yipinqian.com\/pt\/wp-json\/wp\/v2\/media\/4127"}],"wp:attachment":[{"href":"https:\/\/shop.yipinqian.com\/pt\/wp-json\/wp\/v2\/media?parent=1398"}],"wp:term":[{"taxonomy":"product_brand","embeddable":true,"href":"https:\/\/shop.yipinqian.com\/pt\/wp-json\/wp\/v2\/product_brand?post=1398"},{"taxonomy":"product_cat","embeddable":true,"href":"https:\/\/shop.yipinqian.com\/pt\/wp-json\/wp\/v2\/product_cat?post=1398"},{"taxonomy":"product_tag","embeddable":true,"href":"https:\/\/shop.yipinqian.com\/pt\/wp-json\/wp\/v2\/product_tag?post=1398"}],"curies":[{"name":"wp","href":"https:\/\/api.w.org\/{rel}","templated":true}]}}