{"id":1396,"date":"2024-10-24T23:18:54","date_gmt":"2024-10-24T15:18:54","guid":{"rendered":"https:\/\/shop.yipinqian.com\/product\/green-with-yellow-patches-natural-type-a-jadeite-jade-crafted-as-bamboo-with-pixiu-as-pendant-certificate-weigh-35-85-grams-measurement-52-3-31-12-2-mm-pendant223\/"},"modified":"2025-02-24T00:49:55","modified_gmt":"2025-02-23T16:49:55","slug":"green-with-yellow-patches-natural-type-a-jadeite-jade-crafted-as-bamboo-with-pixiu-as-pendant-certificate-weigh-35-85-grams-measurement-52-3-31-12-2-mm-pendant223","status":"publish","type":"product","link":"https:\/\/shop.yipinqian.com\/pt\/produto\/green-with-yellow-patches-natural-type-a-jadeite-jade-crafted-as-bamboo-with-pixiu-as-pendant-certificate-weigh-35-85-grams-measurement-52-3-31-12-2-mm-pendant223\/","title":{"rendered":"Jade\u00edta natural tipo A verde com manchas amarelas, trabalhada como bambu com pingente Pixiu, certificado pesa 35,85 gramas, medida 52,3 * 31 * 12,2 mm (pendant223)"},"content":{"rendered":"<p>Eleve sua cole\u00e7\u00e3o de joias com este deslumbrante pingente de Jade\u00edte Natural Tipo A verde e amarelo, habilmente trabalhado no formato de bambu com Pixiu. Pesando 35,85 gramas e medindo 52,3 * 31 * 12,2 mm, este pingente (pendant223) \u00e9 perfeito para uso di\u00e1rio ou ocasi\u00f5es especiais.<\/p>\n<p><\/p>\n<p>N\u00fameros de certificado: ZS23020101101<\/p>\n<ul>\n<li>\n<strong>Autenticidade garantida:<\/strong> Este pingente de jade vem com um certificado de autenticidade para garantir sua qualidade.<\/li>\n<li>\n<strong>Feito em Mianmar:<\/strong> Este requintado acess\u00f3rio de joia foi criado no lindo pa\u00eds de Mianmar.<\/li>\n<\/ul>\n<p>O jade natural tipo A usado para fazer esta pe\u00e7a \u00e9 conhecido por sua cor verde deslumbrante e durabilidade, o que a torna uma escolha ideal para uso casual ou para complementar uma roupa para uma sa\u00edda \u00e0 noite na cidade.<\/p>\n<ul>\n<li>\n<strong>Sem garantia:<\/strong> Observe que n\u00e3o h\u00e1 garantia oferecida para este produto.<\/li>\n<\/ul>\n<p>Adicione um toque de eleg\u00e2ncia ao seu guarda-roupa com este colar de estilo casual que certamente chamar\u00e1 a aten\u00e7\u00e3o por onde voc\u00ea passar!<\/p>\n<p><\/p>\n<p><strong>A jade\u00edta natural n\u00e3o \u00e9 perfeita, apenas um lembrete gentil, nossa jade\u00edta natural, como todas as coisas bonitas da natureza, vem com suas caracter\u00edsticas e varia\u00e7\u00f5es \u00fanicas. Convidamos nossos valiosos clientes a abra\u00e7ar essas varia\u00e7\u00f5es naturais. Boas compras!<\/strong><\/p>\n<p><\/p>\n<p><strong><u>Nenhuma das fotos e filmagens de v\u00eddeo foram filtradas. Incentivamos nossos clientes a tamb\u00e9m assistirem aos v\u00eddeos que os acompanham para uma vis\u00e3o mais abrangente de nossos produtos<\/u><\/strong><\/p>","protected":false},"excerpt":{"rendered":"<p>Elevate your jewelry collection with this stunning green and yellow Natural Type A Jadeite Jade pendant, expertly crafted in the shape of bamboo with Pixiu. Weighing 35.85 grams and measuring 52.3 * 31 * 12.2 mm, this pendant (pendant223) is perfect for everyday wear or special occasions. Certificate numbers: ZS23020101101 Authenticity Guaranteed: This jade pendant [&hellip;]<\/p>","protected":false},"featured_media":4105,"comment_status":"open","ping_status":"closed","template":"","meta":[],"product_brand":[],"product_cat":[194],"product_tag":[],"class_list":{"0":"post-1396","1":"product","2":"type-product","3":"status-publish","4":"has-post-thumbnail","6":"product_cat-value-picks","8":"first","9":"instock","10":"sale","11":"shipping-taxable","12":"purchasable","13":"product-type-simple"},"_links":{"self":[{"href":"https:\/\/shop.yipinqian.com\/pt\/wp-json\/wp\/v2\/product\/1396","targetHints":{"allow":["GET"]}}],"collection":[{"href":"https:\/\/shop.yipinqian.com\/pt\/wp-json\/wp\/v2\/product"}],"about":[{"href":"https:\/\/shop.yipinqian.com\/pt\/wp-json\/wp\/v2\/types\/product"}],"replies":[{"embeddable":true,"href":"https:\/\/shop.yipinqian.com\/pt\/wp-json\/wp\/v2\/comments?post=1396"}],"version-history":[{"count":0,"href":"https:\/\/shop.yipinqian.com\/pt\/wp-json\/wp\/v2\/product\/1396\/revisions"}],"wp:featuredmedia":[{"embeddable":true,"href":"https:\/\/shop.yipinqian.com\/pt\/wp-json\/wp\/v2\/media\/4105"}],"wp:attachment":[{"href":"https:\/\/shop.yipinqian.com\/pt\/wp-json\/wp\/v2\/media?parent=1396"}],"wp:term":[{"taxonomy":"product_brand","embeddable":true,"href":"https:\/\/shop.yipinqian.com\/pt\/wp-json\/wp\/v2\/product_brand?post=1396"},{"taxonomy":"product_cat","embeddable":true,"href":"https:\/\/shop.yipinqian.com\/pt\/wp-json\/wp\/v2\/product_cat?post=1396"},{"taxonomy":"product_tag","embeddable":true,"href":"https:\/\/shop.yipinqian.com\/pt\/wp-json\/wp\/v2\/product_tag?post=1396"}],"curies":[{"name":"wp","href":"https:\/\/api.w.org\/{rel}","templated":true}]}}