{"id":13895,"date":"2024-11-26T21:07:22","date_gmt":"2024-11-26T13:07:22","guid":{"rendered":"https:\/\/shop.yipinqian.com\/new-arrival-sg-local-seller-natural-type-a-jadeite-jade-crafted-as-milo-buddha-pendant-certificate-weighs-3-76-grams-measurement-18-6-22-3-6-2-mm-pendant352\/"},"modified":"2025-02-24T00:49:47","modified_gmt":"2025-02-23T16:49:47","slug":"new-arrival-sg-local-seller-natural-type-a-jadeite-jade-crafted-as-milo-buddha-pendant-certificate-weighs-3-76-grams-measurement-18-6-22-3-6-2-mm-pendant352","status":"publish","type":"product","link":"https:\/\/shop.yipinqian.com\/pt\/produto\/new-arrival-sg-local-seller-natural-type-a-jadeite-jade-crafted-as-milo-buddha-pendant-certificate-weighs-3-76-grams-measurement-18-6-22-3-6-2-mm-pendant352\/","title":{"rendered":"Jade\u00edta natural tipo A, trabalhada como pingente de Buda Milo, pesa 3,76 gramas, medindo 18,6 * 22,3 * 6,2 mm (pendant352)"},"content":{"rendered":"<p>Este pingente requintado apresenta um design de Buda de Milo feito de jade\u00edta natural Tipo A, proveniente de Mianmar.<\/p>\n<p><\/p>\n<p>N\u00fameros de certificado: GD2204H002645<\/p>\n<p><img fetchpriority=\"high\" decoding=\"async\" src=\"https:\/\/shop.yipinqian.com\/wp-content\/uploads\/2024\/11\/a81f3d12d12f4801aef469e39f076eb3tplv-aphluv4xwc-origin-jpeg.jpeg?dr=15568&#038;nonce=59001&#038;refresh_token=eebd6a55992bbf9bdb65f1defb0470a3&#038;from=476444299&#038;idc=my2&#038;ps=933b5bde&#038;shcp=9b759fb9&#038;shp=1c65f68b&#038;t=555f072d\" width=\"1080\" height=\"1080\"><\/p>\n<ul>\n<li>\n<strong>Peso:<\/strong> 3,76 gramas<\/li>\n<li>\n<strong>Medidas:<\/strong> 18,6 * 22,3 * 6,2 mil\u00edmetros<\/li>\n<li>\n<strong>Certificado:<\/strong> Inclu\u00eddo<\/li>\n<\/ul>\n<p><img decoding=\"async\" src=\"https:\/\/shop.yipinqian.com\/wp-content\/uploads\/2024\/11\/e2f41c30f0cf47aba0066bca34a2df5dtplv-aphluv4xwc-origin-jpeg.jpeg?dr=15568&#038;nonce=79291&#038;refresh_token=92994c749e21935d84c832e0f8b32c3d&#038;from=476444299&#038;idc=my2&#038;ps=933b5bde&#038;shcp=9b759fb9&#038;shp=1c65f68b&#038;t=555f072d\" width=\"1080\" height=\"1080\"><img decoding=\"async\" src=\"https:\/\/shop.yipinqian.com\/wp-content\/uploads\/2024\/11\/e841ec06958846d4aa9b4289097da089tplv-aphluv4xwc-origin-jpeg.jpeg?dr=15568&#038;nonce=32955&#038;refresh_token=93de49ea91e22f4f09d078640cab06b3&#038;from=476444299&#038;idc=my2&#038;ps=933b5bde&#038;shcp=9b759fb9&#038;shp=1c65f68b&#038;t=555f072d\" width=\"1080\" height=\"1080\"><\/p>\n<p>Adequado para uso di\u00e1rio, este pingente unissex \u00e9 um s\u00edmbolo de paz e tranquilidade, o que o torna um complemento perfeito para qualquer cole\u00e7\u00e3o de colares casuais.<\/p>\n<p><\/p>\n<p><strong>A jade\u00edta natural n\u00e3o \u00e9 perfeita, apenas um lembrete gentil, nossa jade\u00edta natural, como todas as coisas bonitas da natureza, vem com suas caracter\u00edsticas e varia\u00e7\u00f5es \u00fanicas. Convidamos nossos valiosos clientes a abra\u00e7ar essas varia\u00e7\u00f5es naturais. Boas compras!<\/strong><\/p>\n<p><\/p>\n<p><strong><u>Nenhuma das fotos e filmagens de v\u00eddeo foram filtradas. Incentivamos nossos clientes a tamb\u00e9m assistirem aos v\u00eddeos que os acompanham para uma vis\u00e3o mais abrangente de nossos produtos<\/u><\/strong><\/p>\n<p><\/p>\n<ul>\n<li>Diferentes plataformas s\u00f3 podem visualizar v\u00eddeos por meio do Desktop<\/li>\n<\/ul>","protected":false},"excerpt":{"rendered":"<p>This exquisite pendant features a Milo Buddha design crafted from natural Type A Jadeite Jade, sourced from Myanmar. Certificate numbers: GD2204H002645 Weight: 3.76 grams Measurements: 18.6 * 22.3 * 6.2 mm Certificate: Included Suitable for daily wear, this unisex pendant is a symbol of peace and tranquility, making it a perfect addition to any casual [&hellip;]<\/p>","protected":false},"featured_media":14101,"comment_status":"open","ping_status":"closed","template":"","meta":[],"product_brand":[],"product_cat":[194],"product_tag":[51,52,65,55,57,58,73,75,59,60,61,62],"class_list":{"0":"post-13895","1":"product","2":"type-product","3":"status-publish","4":"has-post-thumbnail","6":"product_cat-value-picks","7":"product_tag-buddha","8":"product_tag-certified","9":"product_tag-high-quality","10":"product_tag-jadeite","11":"product_tag-milo-buddha","12":"product_tag-new-arrivals","13":"product_tag-pendant","14":"product_tag-traditional","15":"product_tag-translucent","16":"product_tag-type-a-jadeite","17":"product_tag-unisex","18":"product_tag-yi-pin-qian-exclusive","20":"first","21":"instock","22":"sale","23":"shipping-taxable","24":"purchasable","25":"product-type-simple"},"_links":{"self":[{"href":"https:\/\/shop.yipinqian.com\/pt\/wp-json\/wp\/v2\/product\/13895","targetHints":{"allow":["GET"]}}],"collection":[{"href":"https:\/\/shop.yipinqian.com\/pt\/wp-json\/wp\/v2\/product"}],"about":[{"href":"https:\/\/shop.yipinqian.com\/pt\/wp-json\/wp\/v2\/types\/product"}],"replies":[{"embeddable":true,"href":"https:\/\/shop.yipinqian.com\/pt\/wp-json\/wp\/v2\/comments?post=13895"}],"version-history":[{"count":0,"href":"https:\/\/shop.yipinqian.com\/pt\/wp-json\/wp\/v2\/product\/13895\/revisions"}],"wp:featuredmedia":[{"embeddable":true,"href":"https:\/\/shop.yipinqian.com\/pt\/wp-json\/wp\/v2\/media\/14101"}],"wp:attachment":[{"href":"https:\/\/shop.yipinqian.com\/pt\/wp-json\/wp\/v2\/media?parent=13895"}],"wp:term":[{"taxonomy":"product_brand","embeddable":true,"href":"https:\/\/shop.yipinqian.com\/pt\/wp-json\/wp\/v2\/product_brand?post=13895"},{"taxonomy":"product_cat","embeddable":true,"href":"https:\/\/shop.yipinqian.com\/pt\/wp-json\/wp\/v2\/product_cat?post=13895"},{"taxonomy":"product_tag","embeddable":true,"href":"https:\/\/shop.yipinqian.com\/pt\/wp-json\/wp\/v2\/product_tag?post=13895"}],"curies":[{"name":"wp","href":"https:\/\/api.w.org\/{rel}","templated":true}]}}