{"id":13892,"date":"2024-11-26T21:07:18","date_gmt":"2024-11-26T13:07:18","guid":{"rendered":"https:\/\/shop.yipinqian.com\/new-arrival-crafted-as-pixiu-on-natural-type-a-jadeite-jade-as-s925-ring-certificate-weighs-3-55-grams-measurement-15-9-11-6-6-7-mm-s925ring25\/"},"modified":"2025-01-26T00:00:49","modified_gmt":"2025-01-25T16:00:49","slug":"new-arrival-crafted-as-pixiu-on-natural-type-a-jadeite-jade-as-s925-ring-certificate-weighs-3-55-grams-measurement-15-9-11-6-6-7-mm-s925ring25","status":"publish","type":"product","link":"https:\/\/shop.yipinqian.com\/pt\/produto\/new-arrival-crafted-as-pixiu-on-natural-type-a-jadeite-jade-as-s925-ring-certificate-weighs-3-55-grams-measurement-15-9-11-6-6-7-mm-s925ring25\/","title":{"rendered":"Nova chegada trabalhada como Pixiu em Jade\u00edte Natural Tipo A como certificado de anel S925 pesa 3,55 gramas, medida 15,9 * 11,6 * 6,7 mm (s925ring25)"},"content":{"rendered":"<p>Descubra nossa Nova Chegada trabalhada como Pixiu em Jade\u00edte Tipo A natural, apresentada como um elegante anel S925. Esta pe\u00e7a requintada \u00e9 acompanhada de um certificado, garantindo sua autenticidade e qualidade.<\/p>\n<p><\/p>\n<p>N\u00fameros de certificado: GD2111H017523 <u>Tamanho livre ajust\u00e1vel<\/u><\/p>\n<p><img fetchpriority=\"high\" decoding=\"async\" src=\"https:\/\/shop.yipinqian.com\/wp-content\/uploads\/2024\/11\/31ab397e00af467bbbaadc822a72d562tplv-aphluv4xwc-origin-jpeg.jpeg?dr=15568&#038;nonce=39625&#038;refresh_token=9eedc2310cd3dc984297c3e9dcb8bec2&#038;from=476444299&#038;idc=my2&#038;ps=933b5bde&#038;shcp=9b759fb9&#038;shp=1c65f68b&#038;t=555f072d\" width=\"1080\" height=\"1080\"><\/p>\n<ul>\n<li>\n<strong>Peso e Medidas:<\/strong> Pesando 3,55 gramas, este anel deslumbrante mede 15,9 * 11,6 * 6,7 mm.<\/li>\n<li>\n<strong>Tipo de Jade:<\/strong> Feito de Jade\u00edta genu\u00edna, conhecida por sua beleza e durabilidade.<\/li>\n<li>\n<strong>Material de configura\u00e7\u00e3o:<\/strong> O anel \u00e9 feito com material S925 para um design elegante e moderno.<\/li>\n<li>\n<strong>Origem:<\/strong> Esta linda pe\u00e7a \u00e9 origin\u00e1ria de Mianmar, acrescentando um toque de riqueza cultural \u00e0 sua cole\u00e7\u00e3o.<\/li>\n<\/ul>\n<p><img decoding=\"async\" src=\"https:\/\/shop.yipinqian.com\/wp-content\/uploads\/2024\/11\/d4214f52b28d45a087ef019f32c0f494tplv-aphluv4xwc-origin-jpeg.jpeg?dr=15568&#038;nonce=52771&#038;refresh_token=041ef7427163b3714e720bfc81d42bd2&#038;from=476444299&#038;idc=my2&#038;ps=933b5bde&#038;shcp=9b759fb9&#038;shp=1c65f68b&#038;t=555f072d\" width=\"1080\" height=\"1080\"><\/p>\n<p>Ideal para homens e mulheres, este anel de jade Pixiu \u00e9 perfeito para ocasi\u00f5es especiais ou como um acess\u00f3rio \u00fanico para o dia a dia para complementar seu estilo individual com um toque de eleg\u00e2ncia.<\/p>\n<ul>\n<li><strong>Sem garantia: Este produto n\u00e3o vem com cobertura de garantia; no entanto, seu acabamento de qualidade garante uma beleza duradoura ao longo do tempo.<\/strong><\/li>\n<\/ul>\n<p><strong>.<\/strong><\/p>\n<p><strong>A jade\u00edta natural n\u00e3o \u00e9 perfeita, apenas um lembrete gentil, nossa jade\u00edta natural, como todas as coisas bonitas da natureza, vem com suas caracter\u00edsticas e varia\u00e7\u00f5es \u00fanicas. Convidamos nossos valiosos clientes a abra\u00e7ar essas varia\u00e7\u00f5es naturais. Boas compras!<\/strong><\/p>\n<p><\/p>\n<p><strong><u>Nenhuma das fotos e filmagens de v\u00eddeo foram filtradas. Incentivamos nossos clientes a tamb\u00e9m assistirem aos v\u00eddeos que os acompanham para uma vis\u00e3o mais abrangente de nossos produtos<\/u><\/strong><\/p>\n<p><\/p>\n<ul>\n<li>Diferentes plataformas s\u00f3 podem visualizar v\u00eddeos por meio do Desktop<\/li>\n<\/ul>","protected":false},"excerpt":{"rendered":"<p>Descubra nossa Nova Chegada trabalhada como Pixiu em Jade\u00edte Tipo A natural, apresentada como um elegante anel S925. Esta pe\u00e7a requintada \u00e9 acompanhada por um certificado, garantindo sua autenticidade e qualidade. N\u00fameros de certificado: GD2111H017523 Tamanho livre ajust\u00e1vel Peso e Medida: Pesando 3,55 gramas, este anel deslumbrante mede 15,9 * 11,6 * 6,7 mm. Jade [\u2026]<\/p>","protected":false},"featured_media":14073,"comment_status":"open","ping_status":"closed","template":"","meta":[],"product_brand":[],"product_cat":[80,122,126,125],"product_tag":[64,92,66,55,58,85,60,61,62],"class_list":{"0":"post-13892","1":"product","2":"type-product","3":"status-publish","4":"has-post-thumbnail","6":"product_cat-jade-rings","7":"product_cat-jadeite-rings","8":"product_cat-new-arrivals","9":"product_cat-s925-settings-jadeites","10":"product_tag-cabochon","11":"product_tag-free-size","12":"product_tag-jade-ring","13":"product_tag-jadeite","14":"product_tag-new-arrivals","15":"product_tag-pixiu","16":"product_tag-type-a-jadeite","17":"product_tag-unisex","18":"product_tag-yi-pin-qian-exclusive","20":"first","21":"instock","22":"sale","23":"shipping-taxable","24":"purchasable","25":"product-type-simple"},"_links":{"self":[{"href":"https:\/\/shop.yipinqian.com\/pt\/wp-json\/wp\/v2\/product\/13892","targetHints":{"allow":["GET"]}}],"collection":[{"href":"https:\/\/shop.yipinqian.com\/pt\/wp-json\/wp\/v2\/product"}],"about":[{"href":"https:\/\/shop.yipinqian.com\/pt\/wp-json\/wp\/v2\/types\/product"}],"replies":[{"embeddable":true,"href":"https:\/\/shop.yipinqian.com\/pt\/wp-json\/wp\/v2\/comments?post=13892"}],"version-history":[{"count":0,"href":"https:\/\/shop.yipinqian.com\/pt\/wp-json\/wp\/v2\/product\/13892\/revisions"}],"wp:featuredmedia":[{"embeddable":true,"href":"https:\/\/shop.yipinqian.com\/pt\/wp-json\/wp\/v2\/media\/14073"}],"wp:attachment":[{"href":"https:\/\/shop.yipinqian.com\/pt\/wp-json\/wp\/v2\/media?parent=13892"}],"wp:term":[{"taxonomy":"product_brand","embeddable":true,"href":"https:\/\/shop.yipinqian.com\/pt\/wp-json\/wp\/v2\/product_brand?post=13892"},{"taxonomy":"product_cat","embeddable":true,"href":"https:\/\/shop.yipinqian.com\/pt\/wp-json\/wp\/v2\/product_cat?post=13892"},{"taxonomy":"product_tag","embeddable":true,"href":"https:\/\/shop.yipinqian.com\/pt\/wp-json\/wp\/v2\/product_tag?post=13892"}],"curies":[{"name":"wp","href":"https:\/\/api.w.org\/{rel}","templated":true}]}}