{"id":13883,"date":"2024-11-26T21:07:04","date_gmt":"2024-11-26T13:07:04","guid":{"rendered":"https:\/\/shop.yipinqian.com\/latest-arrival-sg-local-seller-crafted-as-sceneries-pendant-light-green-hue-green-and-white-natural-type-a-jadeite-jade-certificate-weighs-21-24-grams-measurement-47-26-9-7-5-mm-pendant353\/"},"modified":"2025-02-24T00:49:47","modified_gmt":"2025-02-23T16:49:47","slug":"latest-arrival-sg-local-seller-crafted-as-sceneries-pendant-light-green-hue-green-and-white-natural-type-a-jadeite-jade-certificate-weighs-21-24-grams-measurement-47-26-9-7-5-mm-pendant353","status":"publish","type":"product","link":"https:\/\/shop.yipinqian.com\/pt\/produto\/latest-arrival-sg-local-seller-crafted-as-sceneries-pendant-light-green-hue-green-and-white-natural-type-a-jadeite-jade-certificate-weighs-21-24-grams-measurement-47-26-9-7-5-mm-pendant353\/","title":{"rendered":"\u00daltima chegada SG Vendedor local criado como pingente de paisagens Tonalidade verde claro, verde e branco Jade\u00edte natural tipo A, certificado pesa 21,24 gramas, medida 47 * 26,9 * 7,5 mm (pendant353)"},"content":{"rendered":"<p>Este pingente deslumbrante apresenta um design de paisagens feito de jade\u00edta natural tipo A em um lindo tom verde claro com toques de verde e branco.<\/p>\n<p><\/p>\n<p>N\u00fameros de certificado: GD2110H011995<\/p>\n<p><img fetchpriority=\"high\" decoding=\"async\" src=\"https:\/\/shop.yipinqian.com\/wp-content\/uploads\/2024\/11\/3770a836f7b943d9abf9947f15a4f24etplv-aphluv4xwc-origin-jpeg.jpeg?dr=15568&#038;nonce=37052&#038;refresh_token=9c4edc514139f1851171ae24718fa2bb&#038;from=476444299&#038;idc=my2&#038;ps=933b5bde&#038;shcp=9b759fb9&#038;shp=1c65f68b&#038;t=555f072d\" width=\"1200\" height=\"1600\"><\/p>\n<ul>\n<li>\n<strong>Material:<\/strong> Jade\u00edte natural verde e branca tipo A Jade<\/li>\n<li>\n<strong>Peso:<\/strong> 21,24 gramas<\/li>\n<li>\n<strong>Medi\u00e7\u00e3o:<\/strong> 47 x 26,9 x 7,5 mm<\/li>\n<li>\n<strong>Certificado:<\/strong> Sim (inclu\u00eddo)<\/li>\n<li><strong>Tipo de Jade: Jade\u00edta<\/strong><\/li>\n<\/ul>\n<p><img decoding=\"async\" src=\"https:\/\/shop.yipinqian.com\/wp-content\/uploads\/2024\/11\/d30e73296a9b4946b2fdf3da9cc54cc6tplv-aphluv4xwc-origin-jpeg.jpeg?dr=15568&#038;nonce=83005&#038;refresh_token=6fee485d6534387dfecf1b76001dc9e8&#038;from=476444299&#038;idc=my2&#038;ps=933b5bde&#038;shcp=9b759fb9&#038;shp=1c65f68b&#038;t=555f072d\" width=\"1080\" height=\"1080\"><\/p>\n<p><strong>Este pingente requintado \u00e9 a mais recente chegada de um vendedor local de Cingapura, exibindo fino artesanato e aten\u00e7\u00e3o aos detalhes.<\/strong><\/p>\n<ul>\n<li><strong>Ocasi\u00e3o: Auspicioso (perfeito para qualquer ocasi\u00e3o especial)Gneder:<\/strong><\/li>\n<\/ul>\n<p><strong>A jade\u00edta natural n\u00e3o \u00e9 perfeita, apenas um lembrete gentil, nossa jade\u00edta natural, como todas as coisas bonitas da natureza, vem com suas caracter\u00edsticas e varia\u00e7\u00f5es \u00fanicas. Convidamos nossos valiosos clientes a abra\u00e7ar essas varia\u00e7\u00f5es naturais. Boas compras!<\/strong><\/p>\n<p><\/p>\n<p><strong><u>Nenhuma das fotos e filmagens de v\u00eddeo foram filtradas. Incentivamos nossos clientes a tamb\u00e9m assistirem aos v\u00eddeos que os acompanham para uma vis\u00e3o mais abrangente de nossos produtos<\/u><\/strong><\/p>\n<p><\/p>\n<ul>\n<li>Diferentes plataformas s\u00f3 podem visualizar v\u00eddeos por meio do Desktop<\/li>\n<\/ul>","protected":false},"excerpt":{"rendered":"<p>This stunning pendant features a sceneries design crafted from natural Type A Jadeite Jade in a beautiful light green hue with hints of green and white. Certificate numbers: GD2110H011995 Material: Green and white natural Type A Jadeite Jade Weight: 21.24 grams Measurement: 47 x 26.9 x 7.5 mm Certificate: Yes (included) Jade Type:Jadeite This exquisite [&hellip;]<\/p>","protected":false},"featured_media":14036,"comment_status":"open","ping_status":"closed","template":"","meta":[],"product_brand":[],"product_cat":[194],"product_tag":[52,70,65,55,82,58,73,75,60,61,62],"class_list":{"0":"post-13883","1":"product","2":"type-product","3":"status-publish","4":"has-post-thumbnail","6":"product_cat-value-picks","7":"product_tag-certified","8":"product_tag-green","9":"product_tag-high-quality","10":"product_tag-jadeite","11":"product_tag-light-green","12":"product_tag-new-arrivals","13":"product_tag-pendant","14":"product_tag-traditional","15":"product_tag-type-a-jadeite","16":"product_tag-unisex","17":"product_tag-yi-pin-qian-exclusive","19":"first","20":"instock","21":"sale","22":"shipping-taxable","23":"purchasable","24":"product-type-simple"},"_links":{"self":[{"href":"https:\/\/shop.yipinqian.com\/pt\/wp-json\/wp\/v2\/product\/13883","targetHints":{"allow":["GET"]}}],"collection":[{"href":"https:\/\/shop.yipinqian.com\/pt\/wp-json\/wp\/v2\/product"}],"about":[{"href":"https:\/\/shop.yipinqian.com\/pt\/wp-json\/wp\/v2\/types\/product"}],"replies":[{"embeddable":true,"href":"https:\/\/shop.yipinqian.com\/pt\/wp-json\/wp\/v2\/comments?post=13883"}],"version-history":[{"count":0,"href":"https:\/\/shop.yipinqian.com\/pt\/wp-json\/wp\/v2\/product\/13883\/revisions"}],"wp:featuredmedia":[{"embeddable":true,"href":"https:\/\/shop.yipinqian.com\/pt\/wp-json\/wp\/v2\/media\/14036"}],"wp:attachment":[{"href":"https:\/\/shop.yipinqian.com\/pt\/wp-json\/wp\/v2\/media?parent=13883"}],"wp:term":[{"taxonomy":"product_brand","embeddable":true,"href":"https:\/\/shop.yipinqian.com\/pt\/wp-json\/wp\/v2\/product_brand?post=13883"},{"taxonomy":"product_cat","embeddable":true,"href":"https:\/\/shop.yipinqian.com\/pt\/wp-json\/wp\/v2\/product_cat?post=13883"},{"taxonomy":"product_tag","embeddable":true,"href":"https:\/\/shop.yipinqian.com\/pt\/wp-json\/wp\/v2\/product_tag?post=13883"}],"curies":[{"name":"wp","href":"https:\/\/api.w.org\/{rel}","templated":true}]}}