{"id":13862,"date":"2024-11-26T21:06:28","date_gmt":"2024-11-26T13:06:28","guid":{"rendered":"https:\/\/shop.yipinqian.com\/crafted-as-crab-claws-pendant-on-premium-fine-quality-natural-type-a-jadeite-jade-certificate-weighs-14-16-grams-measurement-49-2-19-5-10-8-mm-pendant355\/"},"modified":"2025-02-24T01:34:16","modified_gmt":"2025-02-23T17:34:16","slug":"crafted-as-crab-claws-pendant-on-premium-fine-quality-natural-type-a-jadeite-jade-certificate-weighs-14-16-grams-measurement-49-2-19-5-10-8-mm-pendant355","status":"publish","type":"product","link":"https:\/\/shop.yipinqian.com\/pt\/produto\/crafted-as-crab-claws-pendant-on-premium-fine-quality-natural-type-a-jadeite-jade-certificate-weighs-14-16-grams-measurement-49-2-19-5-10-8-mm-pendant355\/","title":{"rendered":"Feito como pingente de garras de caranguejo em jade\u00edte natural tipo A de qualidade premium, o certificado pesa 14,16 gramas, medindo 49,2 * 19,5 * 10,8 mm (pendant355)"},"content":{"rendered":"<p>Este requintado pingente de garras de caranguejo \u00e9 meticulosamente trabalhado a partir de jade\u00edte natural de qualidade premium Tipo A, origin\u00e1ria de Mianmar. O pingente pesa 14,16 gramas e mede 49,2 * 19,5 * 10,8 mm, tornando-o uma pe\u00e7a \u00fanica e elegante.<\/p>\n<p><\/p>\n<p>N\u00fameros de certificado: GD2111H014911<\/p>\n<p>Tamanho da conta correspondente: 6,3 * 5,2 * 4,1 mm <\/p>\n<p><\/p>\n<ul>\n<li>\n<strong>Com Certificado:<\/strong> Sim<\/li>\n<li>\n<strong>Regi\u00e3o de origem:<\/strong> Mianmar<\/li>\n<li>\n<strong>Ocasi\u00e3o:<\/strong>Auspicioso<\/li>\n<li>\n<strong>Tipo de garantia:<\/strong>Sem garantia<\/li>\n<li>Gg\u00eanero: Unissex Tipo de Jade: Jade\u00edte Estilo do colar: Elegante<\/li>\n<\/ul>\n<p>Este pingente deslumbrante \u00e9 um s\u00edmbolo de sofistica\u00e7\u00e3o e estilo, perfeito para qualquer ocasi\u00e3o com suas vibra\u00e7\u00f5es auspiciosas.<\/p>\n<ul>\n<li>Uma pe\u00e7a perfeita para homens e mulheres. O design elegante faz dele um acess\u00f3rio ideal para elevar qualquer roupa ou para ser usado como uma pe\u00e7a de destaque por si s\u00f3.<\/li>\n<\/ul>\n<p>Yi Pin Qian \u2013 Um negociante de pedras preciosas e metais preciosos em Cingapura \u2013 N\u00famero de licen\u00e7a PS20190000031<\/p>\n<p><\/p>\n<p>*Todos os Jadeites comprados de Yi Pin Qian em Cingapura, os clientes podem reservar hor\u00e1rios para polimento ou pequenos reparos por manuseio incorreto - taxas se aplicam e somente para clientes de Yi Pin Qian em Cingapura*<\/p>\n<p><\/p>\n<p><strong>**Tipos de Certificados**<\/strong><\/p>\n<p><\/p>\n<p><strong>NGI (Nan Yang Gemol\u00f3gico)<\/strong><\/p>\n<p>ou <strong>Certificados no exterior <\/strong>(Yi Pin Qian usa apenas certificados aut\u00eanticos de laborat\u00f3rios estrangeiros e tamb\u00e9m controla a qualidade de cada um dos nossos produtos antes de coloc\u00e1-los \u00e0 venda em Cingapura)<\/p>\n<p><\/p>\n<p>Cada produto no TikTok ter\u00e1 o tipo de certificado fornecido indicado na descri\u00e7\u00e3o. Para qualquer cliente que deseje enviar seu pedido para a NGI Singapore, haver\u00e1 um tempo de espera para entrega do pedido estimado em torno de 4 semanas para receber seu pedido. <strong>As solicita\u00e7\u00f5es de relat\u00f3rios de pedras preciosas da NGI precisam ser feitas por mensagem.<\/strong> Obrigado, <strong><u>taxas extras se aplicam<\/u><\/strong>.<\/p>\n<p><\/p>\n<p><strong>A jade\u00edta natural n\u00e3o \u00e9 perfeita, apenas um lembrete gentil, nossa jade\u00edta natural, como todas as coisas bonitas da natureza, vem com suas caracter\u00edsticas e varia\u00e7\u00f5es \u00fanicas. Convidamos nossos valiosos clientes a abra\u00e7ar essas varia\u00e7\u00f5es naturais. Boas compras!<\/strong><\/p>\n<p><\/p>\n<p><strong><u>Nenhuma das fotos e filmagens de v\u00eddeo foram filtradas. Incentivamos nossos clientes a tamb\u00e9m assistirem aos v\u00eddeos que os acompanham para uma vis\u00e3o mais abrangente de nossos produtos<\/u><\/strong><\/p>\n<p><\/p>\n<ul>\n<li>Diferentes plataformas s\u00f3 podem visualizar v\u00eddeos por meio do Desktop<\/li>\n<\/ul>","protected":false},"excerpt":{"rendered":"<p>This exquisite Crab Claws Pendant is meticulously crafted from premium fine quality natural Type A Jadeite Jade, originating from Myanmar. The pendant weighs 14.16 grams and measures 49.2 * 19.5 * 10.8 mm, making it a unique and elegant piece. Certificate numbers: GD2111H014911 Matching Bead Size: 6.3 * 5.2 * 4.1 mm With Certificate: Yes [&hellip;]<\/p>","protected":false},"featured_media":13928,"comment_status":"open","ping_status":"closed","template":"","meta":[],"product_brand":[],"product_cat":[196],"product_tag":[52,53,54,55,56,58,73,59,60,61,62],"class_list":{"0":"post-13862","1":"product","2":"type-product","3":"status-publish","4":"has-post-thumbnail","6":"product_cat-vault-collection","7":"product_tag-certified","8":"product_tag-fine-quality","9":"product_tag-icy","10":"product_tag-jadeite","11":"product_tag-limited-editions","12":"product_tag-new-arrivals","13":"product_tag-pendant","14":"product_tag-translucent","15":"product_tag-type-a-jadeite","16":"product_tag-unisex","17":"product_tag-yi-pin-qian-exclusive","19":"first","20":"instock","21":"sale","22":"shipping-taxable","23":"purchasable","24":"product-type-simple"},"_links":{"self":[{"href":"https:\/\/shop.yipinqian.com\/pt\/wp-json\/wp\/v2\/product\/13862","targetHints":{"allow":["GET"]}}],"collection":[{"href":"https:\/\/shop.yipinqian.com\/pt\/wp-json\/wp\/v2\/product"}],"about":[{"href":"https:\/\/shop.yipinqian.com\/pt\/wp-json\/wp\/v2\/types\/product"}],"replies":[{"embeddable":true,"href":"https:\/\/shop.yipinqian.com\/pt\/wp-json\/wp\/v2\/comments?post=13862"}],"version-history":[{"count":0,"href":"https:\/\/shop.yipinqian.com\/pt\/wp-json\/wp\/v2\/product\/13862\/revisions"}],"wp:featuredmedia":[{"embeddable":true,"href":"https:\/\/shop.yipinqian.com\/pt\/wp-json\/wp\/v2\/media\/13928"}],"wp:attachment":[{"href":"https:\/\/shop.yipinqian.com\/pt\/wp-json\/wp\/v2\/media?parent=13862"}],"wp:term":[{"taxonomy":"product_brand","embeddable":true,"href":"https:\/\/shop.yipinqian.com\/pt\/wp-json\/wp\/v2\/product_brand?post=13862"},{"taxonomy":"product_cat","embeddable":true,"href":"https:\/\/shop.yipinqian.com\/pt\/wp-json\/wp\/v2\/product_cat?post=13862"},{"taxonomy":"product_tag","embeddable":true,"href":"https:\/\/shop.yipinqian.com\/pt\/wp-json\/wp\/v2\/product_tag?post=13862"}],"curies":[{"name":"wp","href":"https:\/\/api.w.org\/{rel}","templated":true}]}}