{"id":13859,"date":"2024-11-26T21:06:27","date_gmt":"2024-11-26T13:06:27","guid":{"rendered":"https:\/\/shop.yipinqian.com\/crafted-as-big-dragon-pendant-on-natural-type-a-jadeite-jade-certificate-weighs-72-71-grams-measurement-67-7-41-14-6-mm-pendant360\/"},"modified":"2025-02-24T01:17:24","modified_gmt":"2025-02-23T17:17:24","slug":"crafted-as-big-dragon-pendant-on-natural-type-a-jadeite-jade-certificate-weighs-72-71-grams-measurement-67-7-41-14-6-mm-pendant360","status":"publish","type":"product","link":"https:\/\/shop.yipinqian.com\/pt\/produto\/crafted-as-big-dragon-pendant-on-natural-type-a-jadeite-jade-certificate-weighs-72-71-grams-measurement-67-7-41-14-6-mm-pendant360\/","title":{"rendered":"Feito como Pingente de Drag\u00e3o Grande em Jade\u00edta Natural Tipo A, o certificado pesa 72,71 gramas, medindo 67,7 * 41 * 14,6 mm (pendant360)"},"content":{"rendered":"<p>Este requintado pingente de jade apresenta um design Big Dragon lindamente trabalhado, exibindo a eleg\u00e2ncia do Jadeite Jade natural Tipo A. Pesando 72,71 gramas e medindo 67,7 * 41 * 14,6 mm, este pingente \u00e9 uma joia deslumbrante.<\/p>\n<p>N\u00fameros de certificado: 920250003676<\/p>\n<p><img fetchpriority=\"high\" decoding=\"async\" src=\"https:\/\/shop.yipinqian.com\/wp-content\/uploads\/2024\/11\/d4684aa24510447aa4cdb8dca4cfd508tplv-aphluv4xwc-origin-jpeg.jpeg?dr=15568&#038;nonce=1192&#038;refresh_token=f86a87bb4602c0085fca75119da4d867&#038;from=476444299&#038;idc=my2&#038;ps=933b5bde&#038;shcp=9b759fb9&#038;shp=1c65f68b&#038;t=555f072d\" width=\"1080\" height=\"1080\"><\/p>\n<ul>\n<li><strong>Principais caracter\u00edsticas:<\/strong><\/li>\n<li>Design do Grande Drag\u00e3o<\/li>\n<li>Jade\u00edta Natural Tipo A Jade<\/li>\n<li>Pesa 72,71 gramas<\/li>\n<li>Medidas: 67,7 * 41 * 14,6 mm<\/li>\n<\/ul>\n<p><img decoding=\"async\" src=\"https:\/\/shop.yipinqian.com\/wp-content\/uploads\/2024\/11\/b123de0e866443f09123dd1d814248betplv-aphluv4xwc-origin-jpeg.jpeg?dr=15568&#038;nonce=69661&#038;refresh_token=617b31d79ec364ce13fa569a01a21b49&#038;from=476444299&#038;idc=my2&#038;ps=933b5bde&#038;shcp=9b759fb9&#038;shp=1c65f68b&#038;t=555f072d\" width=\"1080\" height=\"1080\"><\/p>\n<p>Origin\u00e1rio de Mianmar, este pingente vem com um certificado que garante sua autenticidade e qualidade, tornando-o perfeito para ocasi\u00f5es especiais.<\/p>\n<ul>\n<li><strong>Atributos do produto:<\/strong><\/li>\n<li>Certificado: Sim<\/li>\n<\/ul>\n<p><\/p>\n<p>Yi Pin Qian \u2013 Um negociante de pedras preciosas e metais preciosos em Cingapura \u2013 N\u00famero de licen\u00e7a PS20190000031<\/p>\n<p><\/p>\n<p>*Todos os Jadeites comprados de Yi Pin Qian em Cingapura, os clientes podem reservar hor\u00e1rios para polimento ou pequenos reparos por manuseio incorreto - taxas se aplicam e somente para clientes de Yi Pin Qian em Cingapura*<\/p>\n<p><\/p>\n<p><strong>**Tipos de Certificados**<\/strong><\/p>\n<p><\/p>\n<p><strong>NGI (Nan Yang Gemol\u00f3gico)<\/strong><\/p>\n<p>ou <strong>Certificados no exterior <\/strong>(Yi Pin Qian usa apenas certificados aut\u00eanticos de laborat\u00f3rios estrangeiros e tamb\u00e9m controla a qualidade de cada um dos nossos produtos antes de coloc\u00e1-los \u00e0 venda em Cingapura)<\/p>\n<p><\/p>\n<p>Cada produto no TikTok ter\u00e1 o tipo de certificado fornecido indicado na descri\u00e7\u00e3o. Para qualquer cliente que deseje enviar seu pedido para a NGI Singapore, haver\u00e1 um tempo de espera para entrega do pedido estimado em torno de 4 semanas para receber seu pedido. <strong>As solicita\u00e7\u00f5es de relat\u00f3rios de pedras preciosas da NGI precisam ser feitas por mensagem.<\/strong> Obrigado, <strong><u>taxas extras se aplicam<\/u><\/strong>.<\/p>\n<p><\/p>\n<p><strong>A jade\u00edta natural n\u00e3o \u00e9 perfeita, apenas um lembrete gentil, nossa jade\u00edta natural, como todas as coisas bonitas da natureza, vem com suas caracter\u00edsticas e varia\u00e7\u00f5es \u00fanicas. Convidamos nossos valiosos clientes a abra\u00e7ar essas varia\u00e7\u00f5es naturais. Boas compras!<\/strong><\/p>\n<p><\/p>\n<p><strong><u>Nenhuma das fotos e filmagens de v\u00eddeo foram filtradas. Incentivamos nossos clientes a tamb\u00e9m assistirem aos v\u00eddeos que os acompanham para uma vis\u00e3o mais abrangente de nossos produtos<\/u><\/strong><\/p>\n<p><\/p>\n<ul>\n<li>Diferentes plataformas s\u00f3 podem visualizar v\u00eddeos por meio do Desktop<\/li>\n<\/ul>","protected":false},"excerpt":{"rendered":"<p>This exquisite jade pendant features a beautifully crafted Big Dragon design, showcasing the elegance of natural Type A Jadeite Jade. Weighing 72.71 grams and measuring 67.7 * 41 * 14.6 mm, this pendant is a stunning piece of jewelry. Certificate numbers: 920250003676 Key Features: Big Dragon design Natural Type A Jadeite Jade Weighs 72.71 grams [&hellip;]<\/p>","protected":false},"featured_media":13919,"comment_status":"open","ping_status":"closed","template":"","meta":[],"product_brand":[],"product_cat":[195],"product_tag":[52,78,65,58,73,75,60,61,62],"class_list":{"0":"post-13859","1":"product","2":"type-product","3":"status-publish","4":"has-post-thumbnail","6":"product_cat-heirloom-grade","7":"product_tag-certified","8":"product_tag-dragon","9":"product_tag-high-quality","10":"product_tag-new-arrivals","11":"product_tag-pendant","12":"product_tag-traditional","13":"product_tag-type-a-jadeite","14":"product_tag-unisex","15":"product_tag-yi-pin-qian-exclusive","17":"first","18":"instock","19":"sale","20":"shipping-taxable","21":"purchasable","22":"product-type-simple"},"_links":{"self":[{"href":"https:\/\/shop.yipinqian.com\/pt\/wp-json\/wp\/v2\/product\/13859","targetHints":{"allow":["GET"]}}],"collection":[{"href":"https:\/\/shop.yipinqian.com\/pt\/wp-json\/wp\/v2\/product"}],"about":[{"href":"https:\/\/shop.yipinqian.com\/pt\/wp-json\/wp\/v2\/types\/product"}],"replies":[{"embeddable":true,"href":"https:\/\/shop.yipinqian.com\/pt\/wp-json\/wp\/v2\/comments?post=13859"}],"version-history":[{"count":0,"href":"https:\/\/shop.yipinqian.com\/pt\/wp-json\/wp\/v2\/product\/13859\/revisions"}],"wp:featuredmedia":[{"embeddable":true,"href":"https:\/\/shop.yipinqian.com\/pt\/wp-json\/wp\/v2\/media\/13919"}],"wp:attachment":[{"href":"https:\/\/shop.yipinqian.com\/pt\/wp-json\/wp\/v2\/media?parent=13859"}],"wp:term":[{"taxonomy":"product_brand","embeddable":true,"href":"https:\/\/shop.yipinqian.com\/pt\/wp-json\/wp\/v2\/product_brand?post=13859"},{"taxonomy":"product_cat","embeddable":true,"href":"https:\/\/shop.yipinqian.com\/pt\/wp-json\/wp\/v2\/product_cat?post=13859"},{"taxonomy":"product_tag","embeddable":true,"href":"https:\/\/shop.yipinqian.com\/pt\/wp-json\/wp\/v2\/product_tag?post=13859"}],"curies":[{"name":"wp","href":"https:\/\/api.w.org\/{rel}","templated":true}]}}