{"id":13854,"date":"2024-11-26T21:06:22","date_gmt":"2024-11-26T13:06:22","guid":{"rendered":"https:\/\/shop.yipinqian.com\/a-pair-of-high-quality-natural-type-a-jadeite-jade-crafted-as-crab-claws-set-with-18k-gold-as-stud-earrings-certificate-weighs-1-89-grams-18k05\/"},"modified":"2025-02-24T01:17:24","modified_gmt":"2025-02-23T17:17:24","slug":"a-pair-of-high-quality-natural-type-a-jadeite-jade-crafted-as-crab-claws-set-with-18k-gold-as-stud-earrings-certificate-weighs-1-89-grams-18k05","status":"publish","type":"product","link":"https:\/\/shop.yipinqian.com\/pt\/produto\/a-pair-of-high-quality-natural-type-a-jadeite-jade-crafted-as-crab-claws-set-with-18k-gold-as-stud-earrings-certificate-weighs-1-89-grams-18k05\/","title":{"rendered":"Um par de jade\u00edte natural tipo A de alta qualidade, trabalhada como garras de caranguejo, com brincos de pino de ouro 18k, certificado pesa 1,89 gramas (18k05)"},"content":{"rendered":"<p>Enhance your elegant look with this exquisite pair of Jadeite Jade stud earrings crafted as Crab Claws set with 18k gold, perfect for any auspicious occasion.<\/p>\n<p><\/p>\n<p>Certificate numbers: GD2107H013021<\/p>\n<p><\/p>\n<p>Crab Claws Jadeite sizes: 9.5 * 6.3 * 3.8 mm \/ 10.2 * 6.2 * 3.6 mm<\/p>\n<p>With setting sizes: 12.8 * 9.1 * 4.3 mm \/ 13.6 * 9.2 * 4.5 mm<\/p>\n<p>18k Gold: 1.17 grams<\/p>\n<p>Diamonds: 8 * 0.005 \/ 8 * 0.003<\/p>\n<p><img fetchpriority=\"high\" decoding=\"async\" src=\"https:\/\/shop.yipinqian.com\/wp-content\/uploads\/2024\/11\/0705c7f940fc4353adc59c03e4a082fatplv-aphluv4xwc-origin-jpeg.jpeg?dr=15568&#038;nonce=12719&#038;refresh_token=3105d06a87a793fd9b2cf05dbf14f537&#038;from=476444299&#038;idc=my2&#038;ps=933b5bde&#038;shcp=9b759fb9&#038;shp=1c65f68b&#038;t=555f072d\" width=\"1080\" height=\"1080\"><br \/><img decoding=\"async\" src=\"https:\/\/shop.yipinqian.com\/wp-content\/uploads\/2024\/11\/81916e4392224159bf2869dd139f0534tplv-aphluv4xwc-origin-jpeg.jpeg?dr=15568&#038;nonce=38897&#038;refresh_token=43403d75269e8586105d8c125699bca0&#038;from=476444299&#038;idc=my2&#038;ps=933b5bde&#038;shcp=9b759fb9&#038;shp=1c65f68b&#038;t=555f072d\" width=\"1536\" height=\"2048\"><br \/><img decoding=\"async\" src=\"https:\/\/shop.yipinqian.com\/wp-content\/uploads\/2024\/11\/105e293a0d174cdfb43c7821a77f7f10tplv-aphluv4xwc-origin-jpeg.jpeg?dr=15568&#038;nonce=43218&#038;refresh_token=17348f5f98f9b4a2ab26e307be172432&#038;from=476444299&#038;idc=my2&#038;ps=933b5bde&#038;shcp=9b759fb9&#038;shp=1c65f68b&#038;t=555f072d\" width=\"1080\" height=\"1080\"><\/p>\n<ul>\n<li>High-Quality Natural Type A Jadeite Jade<\/li>\n<li>Certified weight of 1.89 grams (18k05)<\/li>\n<li>Set in 18k gold<\/li>\n<li>Elegant stud earring style<\/li>\n<\/ul>\n<p>This pair features a beautiful design inspired by Crab Claws, adding a unique touch to your ensemble. The jade&#8217;s origin from Myanmar further adds to its allure, making it a truly special piece.<\/p>\n<ul>\n<li>Certificado inclu\u00eddo: Sim<\/li>\n<li>Secondary material: Diamond<\/li>\n<li>Setting material: PT\/Carat Gold<\/li>\n<li>No warranty provided for this high-quality piece.<\/li>\n<\/ul>\n<p>A perfect choice for females who appreciate fine jewelry and cherish the beauty of genuine jade. Elevate your style with these stunning Crab Claw earrings!<\/p>\n<p><\/p>\n<p>Yi Pin Qian \u2013 Um negociante de pedras preciosas e metais preciosos em Cingapura \u2013 N\u00famero de licen\u00e7a PS20190000031<\/p>\n<p><\/p>\n<p>*Todos os Jadeites comprados de Yi Pin Qian em Cingapura, os clientes podem reservar hor\u00e1rios para polimento ou pequenos reparos por manuseio incorreto - taxas se aplicam e somente para clientes de Yi Pin Qian em Cingapura*<\/p>\n<p><\/p>\n<p><strong>**Tipos de Certificados**<\/strong><\/p>\n<p><\/p>\n<p><strong>NGI (Nan Yang Gemol\u00f3gico)<\/strong><\/p>\n<p>ou <strong>Certificados no exterior <\/strong>(Yi Pin Qian usa apenas certificados aut\u00eanticos de laborat\u00f3rios estrangeiros e tamb\u00e9m controla a qualidade de cada um dos nossos produtos antes de coloc\u00e1-los \u00e0 venda em Cingapura)<\/p>\n<p><\/p>\n<p>Cada produto no TikTok ter\u00e1 o tipo de certificado fornecido indicado na descri\u00e7\u00e3o. Para qualquer cliente que deseje enviar seu pedido para a NGI Singapore, haver\u00e1 um tempo de espera para entrega do pedido estimado em torno de 4 semanas para receber seu pedido. <strong>As solicita\u00e7\u00f5es de relat\u00f3rios de pedras preciosas da NGI precisam ser feitas por mensagem.<\/strong> Obrigado, <strong><u>taxas extras se aplicam<\/u><\/strong>.<\/p>\n<p><\/p>\n<p><strong>A jade\u00edta natural n\u00e3o \u00e9 perfeita, apenas um lembrete gentil, nossa jade\u00edta natural, como todas as coisas bonitas da natureza, vem com suas caracter\u00edsticas e varia\u00e7\u00f5es \u00fanicas. Convidamos nossos valiosos clientes a abra\u00e7ar essas varia\u00e7\u00f5es naturais. Boas compras!<\/strong><\/p>\n<p><\/p>\n<p><strong><u>Nenhuma das fotos e filmagens de v\u00eddeo foram filtradas. Incentivamos nossos clientes a tamb\u00e9m assistirem aos v\u00eddeos que os acompanham para uma vis\u00e3o mais abrangente de nossos produtos<\/u><\/strong><\/p>\n<p><\/p>\n<ul>\n<li>Diferentes plataformas s\u00f3 podem visualizar v\u00eddeos por meio do Desktop<\/li>\n<\/ul>","protected":false},"excerpt":{"rendered":"<p>Enhance your elegant look with this exquisite pair of Jadeite Jade stud earrings crafted as Crab Claws set with 18k gold, perfect for any auspicious occasion. Certificate numbers: GD2107H013021 Crab Claws Jadeite sizes: 9.5 * 6.3 * 3.8 mm \/ 10.2 * 6.2 * 3.6 mm With setting sizes: 12.8 * 9.1 * 4.3 mm [&hellip;]<\/p>","protected":false},"featured_media":13906,"comment_status":"open","ping_status":"closed","template":"","meta":[],"product_brand":[],"product_cat":[195],"product_tag":[50,64,52,88,171,72,53,54,55,56,58,59,60,62],"class_list":{"0":"post-13854","1":"product","2":"type-product","3":"status-publish","4":"has-post-thumbnail","6":"product_cat-heirloom-grade","7":"product_tag-18k-gold","8":"product_tag-cabochon","9":"product_tag-certified","10":"product_tag-diamonds","11":"product_tag-earrings","12":"product_tag-female","13":"product_tag-fine-quality","14":"product_tag-icy","15":"product_tag-jadeite","16":"product_tag-limited-editions","17":"product_tag-new-arrivals","18":"product_tag-translucent","19":"product_tag-type-a-jadeite","20":"product_tag-yi-pin-qian-exclusive","22":"first","23":"instock","24":"sale","25":"shipping-taxable","26":"purchasable","27":"product-type-simple"},"_links":{"self":[{"href":"https:\/\/shop.yipinqian.com\/pt\/wp-json\/wp\/v2\/product\/13854","targetHints":{"allow":["GET"]}}],"collection":[{"href":"https:\/\/shop.yipinqian.com\/pt\/wp-json\/wp\/v2\/product"}],"about":[{"href":"https:\/\/shop.yipinqian.com\/pt\/wp-json\/wp\/v2\/types\/product"}],"replies":[{"embeddable":true,"href":"https:\/\/shop.yipinqian.com\/pt\/wp-json\/wp\/v2\/comments?post=13854"}],"version-history":[{"count":0,"href":"https:\/\/shop.yipinqian.com\/pt\/wp-json\/wp\/v2\/product\/13854\/revisions"}],"wp:featuredmedia":[{"embeddable":true,"href":"https:\/\/shop.yipinqian.com\/pt\/wp-json\/wp\/v2\/media\/13906"}],"wp:attachment":[{"href":"https:\/\/shop.yipinqian.com\/pt\/wp-json\/wp\/v2\/media?parent=13854"}],"wp:term":[{"taxonomy":"product_brand","embeddable":true,"href":"https:\/\/shop.yipinqian.com\/pt\/wp-json\/wp\/v2\/product_brand?post=13854"},{"taxonomy":"product_cat","embeddable":true,"href":"https:\/\/shop.yipinqian.com\/pt\/wp-json\/wp\/v2\/product_cat?post=13854"},{"taxonomy":"product_tag","embeddable":true,"href":"https:\/\/shop.yipinqian.com\/pt\/wp-json\/wp\/v2\/product_tag?post=13854"}],"curies":[{"name":"wp","href":"https:\/\/api.w.org\/{rel}","templated":true}]}}