{"id":1385,"date":"2024-10-24T23:18:50","date_gmt":"2024-10-24T15:18:50","guid":{"rendered":"https:\/\/shop.yipinqian.com\/product\/green-natural-type-a-jadeite-jade-crafted-with-milo-buddha-as-pendant-certificate-weigh-24-11-grams-measurement-51-2-31-10-5-mm-pendant239\/"},"modified":"2025-02-24T00:49:55","modified_gmt":"2025-02-23T16:49:55","slug":"green-natural-type-a-jadeite-jade-crafted-with-milo-buddha-as-pendant-certificate-weigh-24-11-grams-measurement-51-2-31-10-5-mm-pendant239","status":"publish","type":"product","link":"https:\/\/shop.yipinqian.com\/pt\/produto\/green-natural-type-a-jadeite-jade-crafted-with-milo-buddha-as-pendant-certificate-weigh-24-11-grams-measurement-51-2-31-10-5-mm-pendant239\/","title":{"rendered":"Green Natural Type A Jadeite Jade crafted with Milo Buddha as Pendant, certificate weigh 24.11 grams, measurement 51.2 * 31 * 10.5 mm (pendant239)"},"content":{"rendered":"<p>Adorn yourself with this exquisite Green Natural Type A Jadeite Jade necklace featuring a beautifully crafted Milo Buddha pendant. The pendant, weighing 24.11 grams and measuring 51.2 * 31 * 10.5 mm, exudes elegance and spirituality.<\/p>\n<p>\u00a0<\/p>\n<p>Certificate numbers: GD2111H016489<\/p>\n<ul>\n<li>\n<strong>Certificado inclu\u00eddo:<\/strong> Sim<\/li>\n<li>\n<strong>Pa\u00eds de origem:<\/strong> Mianmar<\/li>\n<li>\n<strong>Ocasi\u00e3o:<\/strong> Auspicioso<\/li>\n<li>\n<strong>Tipo de Jade:<\/strong> Jade\u00edta<\/li>\n<li>\u00a0<\/li>\n<\/ul>\n<p>This unisex piece is perfect for casual wear, adding a touch of sophistication to any outfit. Embrace the beauty and positive energy of jade with this unique necklace.<\/p>\n<p>\u00a0<\/p>\n<p><strong>A jade\u00edta natural n\u00e3o \u00e9 perfeita, apenas um lembrete gentil, nossa jade\u00edta natural, como todas as coisas bonitas da natureza, vem com suas caracter\u00edsticas e varia\u00e7\u00f5es \u00fanicas. Convidamos nossos valiosos clientes a abra\u00e7ar essas varia\u00e7\u00f5es naturais. Boas compras!<\/strong><\/p>\n<p>\u00a0<\/p>\n<p><strong><u>Nenhuma das fotos e filmagens de v\u00eddeo foram filtradas. Incentivamos nossos clientes a tamb\u00e9m assistirem aos v\u00eddeos que os acompanham para uma vis\u00e3o mais abrangente de nossos produtos<\/u><\/strong><\/p>","protected":false},"excerpt":{"rendered":"<p>Adorn yourself with this exquisite Green Natural Type A Jadeite Jade necklace featuring a beautifully crafted Milo Buddha pendant. The pendant, weighing 24.11 grams and measuring 51.2 * 31 * 10.5 mm, exudes elegance and spirituality. \u00a0 Certificate numbers: GD2111H016489 Certificate Included: Yes Country of Origin: Myanmar Occasion: Auspicious Jade Type: Jadeite \u00a0 This unisex [&hellip;]<\/p>","protected":false},"featured_media":4003,"comment_status":"open","ping_status":"closed","template":"","meta":[],"product_brand":[],"product_cat":[194],"product_tag":[],"class_list":{"0":"post-1385","1":"product","2":"type-product","3":"status-publish","4":"has-post-thumbnail","6":"product_cat-value-picks","8":"first","9":"instock","10":"sale","11":"shipping-taxable","12":"purchasable","13":"product-type-simple"},"_links":{"self":[{"href":"https:\/\/shop.yipinqian.com\/pt\/wp-json\/wp\/v2\/product\/1385","targetHints":{"allow":["GET"]}}],"collection":[{"href":"https:\/\/shop.yipinqian.com\/pt\/wp-json\/wp\/v2\/product"}],"about":[{"href":"https:\/\/shop.yipinqian.com\/pt\/wp-json\/wp\/v2\/types\/product"}],"replies":[{"embeddable":true,"href":"https:\/\/shop.yipinqian.com\/pt\/wp-json\/wp\/v2\/comments?post=1385"}],"version-history":[{"count":0,"href":"https:\/\/shop.yipinqian.com\/pt\/wp-json\/wp\/v2\/product\/1385\/revisions"}],"wp:featuredmedia":[{"embeddable":true,"href":"https:\/\/shop.yipinqian.com\/pt\/wp-json\/wp\/v2\/media\/4003"}],"wp:attachment":[{"href":"https:\/\/shop.yipinqian.com\/pt\/wp-json\/wp\/v2\/media?parent=1385"}],"wp:term":[{"taxonomy":"product_brand","embeddable":true,"href":"https:\/\/shop.yipinqian.com\/pt\/wp-json\/wp\/v2\/product_brand?post=1385"},{"taxonomy":"product_cat","embeddable":true,"href":"https:\/\/shop.yipinqian.com\/pt\/wp-json\/wp\/v2\/product_cat?post=1385"},{"taxonomy":"product_tag","embeddable":true,"href":"https:\/\/shop.yipinqian.com\/pt\/wp-json\/wp\/v2\/product_tag?post=1385"}],"curies":[{"name":"wp","href":"https:\/\/api.w.org\/{rel}","templated":true}]}}