{"id":1383,"date":"2024-10-24T23:18:49","date_gmt":"2024-10-24T15:18:49","guid":{"rendered":"https:\/\/shop.yipinqian.com\/product\/green-natural-type-a-jadeite-jade-cabochon-8-8-5-6-2-5-mm-crafted-with-oval-shape-set-on-18k-gold-as-ring-with-certificate-weighs-1-92-grams-18kring25\/"},"modified":"2025-02-24T01:17:31","modified_gmt":"2025-02-23T17:17:31","slug":"green-natural-type-a-jadeite-jade-cabochon-8-8-5-6-2-5-mm-crafted-with-oval-shape-set-on-18k-gold-as-ring-with-certificate-weighs-1-92-grams-18kring25","status":"publish","type":"product","link":"https:\/\/shop.yipinqian.com\/pt\/produto\/green-natural-type-a-jadeite-jade-cabochon-8-8-5-6-2-5-mm-crafted-with-oval-shape-set-on-18k-gold-as-ring-with-certificate-weighs-1-92-grams-18kring25\/","title":{"rendered":"Caboch\u00e3o de Jade\u00edte Natural Verde Tipo A 8,8 * 5,6 * 2,5 mm trabalhado com formato oval em ouro 18k como anel com certificado pesa 1,92 gramas (18kring25)"},"content":{"rendered":"<p>This exquisite Green Natural Type A Jadeite Jade Cabochon ring is a stunning piece of jewelry for the elegant woman.<\/p>\n<p>\u00a0<\/p>\n<p>Certificate numbers: GD2002H009128<\/p>\n<p>18k Gold Weighs 1.63 grams<\/p>\n<p>Diamonds 27 * 0.003 carats = 0.081<\/p>\n<p>Finger Size = #15 (17.3mm)<\/p>\n<ul>\n<li>Jade\u00edta Natural Verde Tipo A<\/li>\n<li>Oval shape set on 18k Gold<\/li>\n<li>Weighs 1.92 grams<\/li>\n<li>Vem com um certificado de autenticidade.<\/li>\n<\/ul>\n<p>Handcrafted with precision, the oval-shaped jade cabochon measures 8.8 * 5.6 * 2.5 mm, making it a unique and eye-catching accessory.<\/p>\n<ul>\n<li>Secondary Material: Diamond | Setting Material: PT\/Carat Gold<\/li>\n<\/ul>\n<p>\u00a0<\/p>\n<p>This luxurious ring is sourced from Myanmar and is designed specifically for females who appreciate fine craftsmanship and exquisite jade jewelry.<\/p>\n<ul>\n<li>Jade Type: Jadeite | Warranty Type: No<\/li>\n<\/ul>\n<p>Yi Pin Qian \u2013 Um negociante de pedras preciosas e metais preciosos em Cingapura \u2013 N\u00famero de licen\u00e7a PS20190000031<\/p>\n<p>\u00a0<\/p>\n<p>*Todos os Jadeites comprados de Yi Pin Qian em Cingapura, os clientes podem reservar hor\u00e1rios para polimento ou pequenos reparos por manuseio incorreto - taxas se aplicam e somente para clientes de Yi Pin Qian em Cingapura*<\/p>\n<p>\u00a0<\/p>\n<p><strong>**Tipos de Certificados**<\/strong><\/p>\n<p>\u00a0<\/p>\n<p><strong>NGI (Nan Yang Gemol\u00f3gico)<\/strong><\/p>\n<p>ou <strong>Certificados no exterior <\/strong>(Yi Pin Qian usa apenas certificados aut\u00eanticos de laborat\u00f3rios estrangeiros e tamb\u00e9m controla a qualidade de cada um dos nossos produtos antes de coloc\u00e1-los \u00e0 venda em Cingapura)<\/p>\n<p>\u00a0<\/p>\n<p>Cada produto no TikTok ter\u00e1 o tipo de certificado fornecido indicado na descri\u00e7\u00e3o. Para qualquer cliente que deseje enviar seu pedido para a NGI Singapore, haver\u00e1 um tempo de espera para entrega do pedido estimado em torno de 4 semanas para receber seu pedido. <strong>As solicita\u00e7\u00f5es de relat\u00f3rios da NGI Gemstone precisam ser feitas por mensagem para a loja Yi Pin Qian TikTok.<\/strong> Obrigado, <strong><u>taxas extras se aplicam<\/u><\/strong>.<\/p>\n<p>\u00a0<\/p>\n<p><strong>A jade\u00edta natural n\u00e3o \u00e9 perfeita, apenas um lembrete gentil, nossa jade\u00edta natural, como todas as coisas bonitas da natureza, vem com suas caracter\u00edsticas e varia\u00e7\u00f5es \u00fanicas. Convidamos nossos valiosos clientes a abra\u00e7ar essas varia\u00e7\u00f5es naturais. Boas compras!<\/strong><\/p>\n<p>\u00a0<\/p>\n<p><strong><u>Nenhuma das fotos e filmagens de v\u00eddeo foram filtradas. Incentivamos nossos clientes a tamb\u00e9m assistirem aos v\u00eddeos que os acompanham para uma vis\u00e3o mais abrangente de nossos produtos<\/u><\/strong><\/p>","protected":false},"excerpt":{"rendered":"<p>This exquisite Green Natural Type A Jadeite Jade Cabochon ring is a stunning piece of jewelry for the elegant woman. \u00a0 Certificate numbers: GD2002H009128 18k Gold Weighs 1.63 grams Diamonds 27 * 0.003 carats = 0.081 Finger Size = #15 (17.3mm) Green Natural Type A Jadeite Oval shape set on 18k Gold Weighs 1.92 grams [&hellip;]<\/p>","protected":false},"featured_media":3978,"comment_status":"open","ping_status":"closed","template":"","meta":[],"product_brand":[],"product_cat":[195],"product_tag":[],"class_list":{"0":"post-1383","1":"product","2":"type-product","3":"status-publish","4":"has-post-thumbnail","6":"product_cat-heirloom-grade","8":"first","9":"instock","10":"sale","11":"shipping-taxable","12":"purchasable","13":"product-type-simple"},"_links":{"self":[{"href":"https:\/\/shop.yipinqian.com\/pt\/wp-json\/wp\/v2\/product\/1383","targetHints":{"allow":["GET"]}}],"collection":[{"href":"https:\/\/shop.yipinqian.com\/pt\/wp-json\/wp\/v2\/product"}],"about":[{"href":"https:\/\/shop.yipinqian.com\/pt\/wp-json\/wp\/v2\/types\/product"}],"replies":[{"embeddable":true,"href":"https:\/\/shop.yipinqian.com\/pt\/wp-json\/wp\/v2\/comments?post=1383"}],"version-history":[{"count":0,"href":"https:\/\/shop.yipinqian.com\/pt\/wp-json\/wp\/v2\/product\/1383\/revisions"}],"wp:featuredmedia":[{"embeddable":true,"href":"https:\/\/shop.yipinqian.com\/pt\/wp-json\/wp\/v2\/media\/3978"}],"wp:attachment":[{"href":"https:\/\/shop.yipinqian.com\/pt\/wp-json\/wp\/v2\/media?parent=1383"}],"wp:term":[{"taxonomy":"product_brand","embeddable":true,"href":"https:\/\/shop.yipinqian.com\/pt\/wp-json\/wp\/v2\/product_brand?post=1383"},{"taxonomy":"product_cat","embeddable":true,"href":"https:\/\/shop.yipinqian.com\/pt\/wp-json\/wp\/v2\/product_cat?post=1383"},{"taxonomy":"product_tag","embeddable":true,"href":"https:\/\/shop.yipinqian.com\/pt\/wp-json\/wp\/v2\/product_tag?post=1383"}],"curies":[{"name":"wp","href":"https:\/\/api.w.org\/{rel}","templated":true}]}}