{"id":1378,"date":"2024-10-24T23:18:47","date_gmt":"2024-10-24T15:18:47","guid":{"rendered":"https:\/\/shop.yipinqian.com\/product\/green-floating-patches-rare-old-school-natural-type-a-jadeite-jade-crafted-with-traditional-dragon-as-pendant-certificate-weighs-34-91-grams-measurement-60-6-38-8-8-2-mm-pendant302\/"},"modified":"2025-01-10T06:13:13","modified_gmt":"2025-01-09T22:13:13","slug":"green-floating-patches-rare-old-school-natural-type-a-jadeite-jade-crafted-with-traditional-dragon-as-pendant-certificate-weighs-34-91-grams-measurement-60-6-38-8-8-2-mm-pendant302","status":"publish","type":"product","link":"https:\/\/shop.yipinqian.com\/pt\/produto\/green-floating-patches-rare-old-school-natural-type-a-jadeite-jade-crafted-with-traditional-dragon-as-pendant-certificate-weighs-34-91-grams-measurement-60-6-38-8-8-2-mm-pendant302\/","title":{"rendered":"Green Floating Patches raro Jade\u00edte-Jade Natural Tipo A da velha escola, trabalhado com Drag\u00e3o tradicional como Pingente, certificado pesa 34,91 gramas, medida 60,6 * 38,8 * 8,2 mm (pendant302)"},"content":{"rendered":"<p>This Green Floating Patches rare old-school Natural Type-A Jadeite-Jade necklace features a traditional Dragon pendant, exuding elegance and charm.<\/p>\n<p>Certificate numbers: 90159010972<\/p>\n<p><img fetchpriority=\"high\" decoding=\"async\" height=\"1080\" width=\"1080\" src=\"https:\/\/shop.yipinqian.com\/wp-content\/uploads\/2024\/10\/f3898ba8ebbe44988696ee7bede576b7tplv-aphluv4xwc-origin-jpeg.jpeg?from=476444299\"><\/p>\n<ul>\n<li>\n<strong>Material:<\/strong> Crafted with high-quality Type-A Jadeite-Jade<\/li>\n<li>\n<strong>Peso:<\/strong> Weighs 34.91 grams<\/li>\n<li>\n<strong>Medidas:<\/strong> Pendant size is 60.6 * 38.8 *8.2 mm (pendant302)<\/li>\n<\/ul>\n<p><img decoding=\"async\" height=\"1080\" width=\"1080\" src=\"https:\/\/shop.yipinqian.com\/wp-content\/uploads\/2024\/10\/ad48f0a40e6d4cec85c7c1f630dd18b9tplv-aphluv4xwc-origin-jpeg.jpeg?from=476444299\"><\/p>\n<p>The intricate design and vibrant green color make this necklace a standout piece suitable for various occasions.<\/p>\n<ul>\n<li>\n<strong>Certificado:<\/strong> Comes with a certificate ensuring authenticity This jade necklace is perfect for those looking to add an auspicious touch to their style, making it an ideal choice for casual wear. The traditional Dragon symbolizes strength, power, and good luck\u2014a meaningful addition to your jewelry collection.&#8221;<\/li>\n<\/ul>\n<p>Yi Pin Qian \u2013 Um negociante de pedras preciosas e metais preciosos em Cingapura \u2013 N\u00famero de licen\u00e7a PS20190000031<\/p>\n<p><\/p>\n<p>*Todos os Jadeites comprados de Yi Pin Qian em Cingapura, os clientes podem reservar hor\u00e1rios para polimento ou pequenos reparos por manuseio incorreto - taxas se aplicam e somente para clientes de Yi Pin Qian em Cingapura*<\/p>\n<p><\/p>\n<p><strong>**Tipos de Certificados**<\/strong><\/p>\n<p><\/p>\n<p><strong>NGI (Nan Yang Gemol\u00f3gico)<\/strong><\/p>\n<p>ou <strong>Certificados no exterior <\/strong>(Yi Pin Qian usa apenas certificados aut\u00eanticos de laborat\u00f3rios estrangeiros e tamb\u00e9m controla a qualidade de cada um dos nossos produtos antes de coloc\u00e1-los \u00e0 venda em Cingapura)<\/p>\n<p><\/p>\n<p>Cada produto no TikTok ter\u00e1 o tipo de certificado fornecido indicado na descri\u00e7\u00e3o. Para qualquer cliente que deseje enviar seu pedido para a NGI Singapore, haver\u00e1 um tempo de espera para entrega do pedido estimado em torno de 4 semanas para receber seu pedido. <strong>As solicita\u00e7\u00f5es de relat\u00f3rios de pedras preciosas da NGI precisam ser feitas por mensagem.<\/strong> Obrigado, <strong><u>taxas extras se aplicam<\/u><\/strong>.<\/p>\n<p><\/p>\n<p><strong>A jade\u00edta natural n\u00e3o \u00e9 perfeita, apenas um lembrete gentil, nossa jade\u00edta natural, como todas as coisas bonitas da natureza, vem com suas caracter\u00edsticas e varia\u00e7\u00f5es \u00fanicas. Convidamos nossos valiosos clientes a abra\u00e7ar essas varia\u00e7\u00f5es naturais. Boas compras!<\/strong><\/p>\n<p><\/p>\n<p><strong><u>Nenhuma das fotos e filmagens de v\u00eddeo foram filtradas. Incentivamos nossos clientes a tamb\u00e9m assistirem aos v\u00eddeos que os acompanham para uma vis\u00e3o mais abrangente de nossos produtos<\/u><\/strong><\/p>\n<p><\/p>\n<ul>\n<li>Diferentes plataformas s\u00f3 podem visualizar v\u00eddeos por meio do Desktop<\/li>\n<\/ul>","protected":false},"excerpt":{"rendered":"<p>This Green Floating Patches rare old-school Natural Type-A Jadeite-Jade necklace features a traditional Dragon pendant, exuding elegance and charm. Certificate numbers: 90159010972 Material: Crafted with high-quality Type-A Jadeite-Jade Weight: Weighs 34.91 grams Measurements: Pendant size is 60.6 * 38.8 *8.2 mm (pendant302) The intricate design and vibrant green color make this necklace a standout piece [&hellip;]<\/p>","protected":false},"featured_media":3929,"comment_status":"open","ping_status":"closed","template":"","meta":[],"product_brand":[],"product_cat":[83,126,48],"product_tag":[52,78,79,96,65,55,56,58,73,75,60,61,62],"class_list":{"0":"post-1378","1":"product","2":"type-product","3":"status-publish","4":"has-post-thumbnail","6":"product_cat-jade-necklaces-pendants","7":"product_cat-new-arrivals","8":"product_cat-pendants","9":"product_tag-certified","10":"product_tag-dragon","11":"product_tag-green-hue","12":"product_tag-green-patches","13":"product_tag-high-quality","14":"product_tag-jadeite","15":"product_tag-limited-editions","16":"product_tag-new-arrivals","17":"product_tag-pendant","18":"product_tag-traditional","19":"product_tag-type-a-jadeite","20":"product_tag-unisex","21":"product_tag-yi-pin-qian-exclusive","23":"first","24":"instock","25":"sale","26":"shipping-taxable","27":"purchasable","28":"product-type-simple"},"_links":{"self":[{"href":"https:\/\/shop.yipinqian.com\/pt\/wp-json\/wp\/v2\/product\/1378","targetHints":{"allow":["GET"]}}],"collection":[{"href":"https:\/\/shop.yipinqian.com\/pt\/wp-json\/wp\/v2\/product"}],"about":[{"href":"https:\/\/shop.yipinqian.com\/pt\/wp-json\/wp\/v2\/types\/product"}],"replies":[{"embeddable":true,"href":"https:\/\/shop.yipinqian.com\/pt\/wp-json\/wp\/v2\/comments?post=1378"}],"version-history":[{"count":0,"href":"https:\/\/shop.yipinqian.com\/pt\/wp-json\/wp\/v2\/product\/1378\/revisions"}],"wp:featuredmedia":[{"embeddable":true,"href":"https:\/\/shop.yipinqian.com\/pt\/wp-json\/wp\/v2\/media\/3929"}],"wp:attachment":[{"href":"https:\/\/shop.yipinqian.com\/pt\/wp-json\/wp\/v2\/media?parent=1378"}],"wp:term":[{"taxonomy":"product_brand","embeddable":true,"href":"https:\/\/shop.yipinqian.com\/pt\/wp-json\/wp\/v2\/product_brand?post=1378"},{"taxonomy":"product_cat","embeddable":true,"href":"https:\/\/shop.yipinqian.com\/pt\/wp-json\/wp\/v2\/product_cat?post=1378"},{"taxonomy":"product_tag","embeddable":true,"href":"https:\/\/shop.yipinqian.com\/pt\/wp-json\/wp\/v2\/product_tag?post=1378"}],"curies":[{"name":"wp","href":"https:\/\/api.w.org\/{rel}","templated":true}]}}