{"id":13749,"date":"2024-11-23T21:21:57","date_gmt":"2024-11-23T13:21:57","guid":{"rendered":"https:\/\/shop.yipinqian.com\/new-stock-sg-seller-crafted-as-standing-milo-buddha-natural-type-a-jadeite-jade-as-pendant-certificate-weighs-8-73-grams-measurement-38-21-3-7-6-mm-pendant351\/"},"modified":"2025-01-09T01:12:28","modified_gmt":"2025-01-08T17:12:28","slug":"new-stock-sg-seller-crafted-as-standing-milo-buddha-natural-type-a-jadeite-jade-as-pendant-certificate-weighs-8-73-grams-measurement-38-21-3-7-6-mm-pendant351","status":"publish","type":"product","link":"https:\/\/shop.yipinqian.com\/pt\/produto\/new-stock-sg-seller-crafted-as-standing-milo-buddha-natural-type-a-jadeite-jade-as-pendant-certificate-weighs-8-73-grams-measurement-38-21-3-7-6-mm-pendant351\/","title":{"rendered":"Novo estoque Sg Seller \u2013 Feito como Buda Milo em p\u00e9 Jade\u00edte Natural Tipo A Jade como certificado de pingente pesa 8,73 gramas, medida 38 * 21,3 * 7,6 mm (pendant351)"},"content":{"rendered":"<p>Este pingente exclusivo apresenta um Buda Milo em p\u00e9, feito de Jade\u00edta Tipo A natural, proveniente de Mianmar. O design intrincado e o simbolismo auspicioso fazem dele um acess\u00f3rio perfeito para qualquer ocasi\u00e3o.<\/p>\n<p>N\u00fameros de certificado: 911289015147<\/p>\n<p><img fetchpriority=\"high\" decoding=\"async\" src=\"https:\/\/shop.yipinqian.com\/wp-content\/uploads\/2024\/11\/48d14ae6eba74d20ad4d3eccdf16c1aftplv-aphluv4xwc-origin-jpeg.jpeg?dr=15568&#038;nonce=79650&#038;refresh_token=278305c77d154516c5f2dc60620a0f71&#038;from=476444299&#038;idc=my2&#038;ps=933b5bde&#038;shcp=9b759fb9&#038;shp=1c65f68b&#038;t=555f072d\" width=\"1080\" height=\"1080\"><\/p>\n<ul>\n<li>\n<strong>Material:<\/strong> Tipo A Jade\u00edta Jade<\/li>\n<li>\n<strong>Peso:<\/strong> 8,73 gramas<\/li>\n<li>\n<strong>Medi\u00e7\u00e3o:<\/strong> 38 * 21,3 * 7,6 mil\u00edmetros<\/li>\n<li>\n<strong>Certificado:<\/strong> Sim, vem com um certificado<\/li>\n<li><strong>Tipo de Jade: Jade\u00edta Tipo A<\/strong><\/li>\n<li><strong>Este pingente unissex exala eleg\u00e2ncia e charme, adicionando um toque de estilo casual a qualquer roupa. Ideal para entusiastas de jade que buscam adicionar uma pe\u00e7a significativa \u00e0 sua cole\u00e7\u00e3o.<\/strong><\/li>\n<\/ul>\n<p><img decoding=\"async\" src=\"https:\/\/shop.yipinqian.com\/wp-content\/uploads\/2024\/11\/59a3234deafe41f381e4aee1b45b10e3tplv-aphluv4xwc-origin-jpeg.jpeg?dr=15568&#038;nonce=71761&#038;refresh_token=13e73300965acc7d04396d2dc3b66260&#038;from=476444299&#038;idc=my2&#038;ps=933b5bde&#038;shcp=9b759fb9&#038;shp=1c65f68b&#038;t=555f072d\" width=\"1080\" height=\"1080\"><\/p>\n<p><strong>A jade\u00edta natural n\u00e3o \u00e9 perfeita, apenas um lembrete gentil, nossa jade\u00edta natural, como todas as coisas bonitas da natureza, vem com suas caracter\u00edsticas e varia\u00e7\u00f5es \u00fanicas. Convidamos nossos valiosos clientes a abra\u00e7ar essas varia\u00e7\u00f5es naturais. Boas compras!<\/strong><\/p>\n<p><\/p>\n<p><strong><u>Nenhuma das fotos e filmagens de v\u00eddeo foram filtradas. Incentivamos nossos clientes a tamb\u00e9m assistirem aos v\u00eddeos que os acompanham para uma vis\u00e3o mais abrangente de nossos produtos<\/u><\/strong><\/p>\n<p><\/p>\n<ul>\n<li>Diferentes plataformas s\u00f3 podem visualizar v\u00eddeos por meio do Desktop<\/li>\n<\/ul>","protected":false},"excerpt":{"rendered":"<p>Este pingente exclusivo apresenta um Buda Milo em p\u00e9, feito de Jade\u00edta Tipo A natural, proveniente de Mianmar. O design intrincado e o simbolismo auspicioso fazem dele um acess\u00f3rio perfeito para qualquer ocasi\u00e3o. N\u00fameros de certificado: 911289015147 Material: Jade\u00edta Tipo A Peso: 8,73 gramas Medida: 38 * 21,3 * 7,6 mm Certificado: Sim, vem com um [\u2026]<\/p>","protected":false},"featured_media":13825,"comment_status":"open","ping_status":"closed","template":"","meta":[],"product_brand":[],"product_cat":[83,126,48],"product_tag":[51,52,57,58,75,59,60,61],"class_list":{"0":"post-13749","1":"product","2":"type-product","3":"status-publish","4":"has-post-thumbnail","6":"product_cat-jade-necklaces-pendants","7":"product_cat-new-arrivals","8":"product_cat-pendants","9":"product_tag-buddha","10":"product_tag-certified","11":"product_tag-milo-buddha","12":"product_tag-new-arrivals","13":"product_tag-traditional","14":"product_tag-translucent","15":"product_tag-type-a-jadeite","16":"product_tag-unisex","18":"first","19":"instock","20":"sale","21":"shipping-taxable","22":"purchasable","23":"product-type-simple"},"_links":{"self":[{"href":"https:\/\/shop.yipinqian.com\/pt\/wp-json\/wp\/v2\/product\/13749","targetHints":{"allow":["GET"]}}],"collection":[{"href":"https:\/\/shop.yipinqian.com\/pt\/wp-json\/wp\/v2\/product"}],"about":[{"href":"https:\/\/shop.yipinqian.com\/pt\/wp-json\/wp\/v2\/types\/product"}],"replies":[{"embeddable":true,"href":"https:\/\/shop.yipinqian.com\/pt\/wp-json\/wp\/v2\/comments?post=13749"}],"version-history":[{"count":0,"href":"https:\/\/shop.yipinqian.com\/pt\/wp-json\/wp\/v2\/product\/13749\/revisions"}],"wp:featuredmedia":[{"embeddable":true,"href":"https:\/\/shop.yipinqian.com\/pt\/wp-json\/wp\/v2\/media\/13825"}],"wp:attachment":[{"href":"https:\/\/shop.yipinqian.com\/pt\/wp-json\/wp\/v2\/media?parent=13749"}],"wp:term":[{"taxonomy":"product_brand","embeddable":true,"href":"https:\/\/shop.yipinqian.com\/pt\/wp-json\/wp\/v2\/product_brand?post=13749"},{"taxonomy":"product_cat","embeddable":true,"href":"https:\/\/shop.yipinqian.com\/pt\/wp-json\/wp\/v2\/product_cat?post=13749"},{"taxonomy":"product_tag","embeddable":true,"href":"https:\/\/shop.yipinqian.com\/pt\/wp-json\/wp\/v2\/product_tag?post=13749"}],"curies":[{"name":"wp","href":"https:\/\/api.w.org\/{rel}","templated":true}]}}