{"id":13732,"date":"2024-11-23T21:21:24","date_gmt":"2024-11-23T13:21:24","guid":{"rendered":"https:\/\/shop.yipinqian.com\/crafted-with-sceneries-pendant-on-light-green-natural-type-a-jadeite-jade-certificate-weighs-63-08-grams-measurement-68-5-41-1-10-7-mm-pendant350\/"},"modified":"2025-02-24T01:17:24","modified_gmt":"2025-02-23T17:17:24","slug":"crafted-with-sceneries-pendant-on-light-green-natural-type-a-jadeite-jade-certificate-weighs-63-08-grams-measurement-68-5-41-1-10-7-mm-pendant350","status":"publish","type":"product","link":"https:\/\/shop.yipinqian.com\/pt\/produto\/crafted-with-sceneries-pendant-on-light-green-natural-type-a-jadeite-jade-certificate-weighs-63-08-grams-measurement-68-5-41-1-10-7-mm-pendant350\/","title":{"rendered":"Feito com pingente Sceneries em jade\u00edte natural verde claro tipo A, o certificado pesa 63,08 gramas, medida 68,5 * 41,1 * 10,7 mm (pendant350)"},"content":{"rendered":"<p>Este pingente apresenta um design deslumbrante feito em jade\u00edta natural verde-claro Tipo A.<\/p>\n<p><\/p>\n<p>N\u00fameros de certificado: GD2202H004475<\/p>\n<p><img fetchpriority=\"high\" decoding=\"async\" src=\"https:\/\/shop.yipinqian.com\/wp-content\/uploads\/2024\/11\/3744f84ecca248dd92ba098724706b82tplv-aphluv4xwc-origin-jpeg.jpeg?dr=15568&#038;nonce=32849&#038;refresh_token=7da14566481a0f6ad694ea91781e9560&#038;from=476444299&#038;idc=my2&#038;ps=933b5bde&#038;shcp=9b759fb9&#038;shp=1c65f68b&#038;t=555f072d\" width=\"1080\" height=\"1080\"><\/p>\n<ul>\n<li>Design exclusivo: o pingente \u00e9 elaborado com cen\u00e1rios, o que o torna uma pe\u00e7a \u00fanica e atraente.<\/li>\n<li>Alta qualidade: Feito com jade\u00edta natural Tipo A, garantindo qualidade e autenticidade.<\/li>\n<li>Peso do certificado: Pesando 63,08 gramas, o pingente \u00e9 substancial, mas confort\u00e1vel de usar.<\/li>\n<li>Medidas: O pingente mede 68,5 * 41,1 * 10,7 mm, o que o torna uma pe\u00e7a marcante que pode ser facilmente exibida.<\/li>\n<\/ul>\n<p><img decoding=\"async\" src=\"https:\/\/shop.yipinqian.com\/wp-content\/uploads\/2024\/11\/fb67056ced0141cb9cd1d4ab5da4f797tplv-aphluv4xwc-origin-jpeg.jpeg?dr=15568&#038;nonce=58158&#038;refresh_token=f306e1a676064ad36d59c0b61f2bc5f6&#038;from=476444299&#038;idc=my2&#038;ps=933b5bde&#038;shcp=9b759fb9&#038;shp=1c65f68b&#038;t=555f072d\" width=\"1080\" height=\"1080\"><\/p>\n<p>Yi Pin Qian \u2013 Um negociante de pedras preciosas e metais preciosos em Cingapura \u2013 N\u00famero de licen\u00e7a PS20190000031<\/p>\n<p><\/p>\n<p>*Todos os Jadeites comprados de Yi Pin Qian em Cingapura, os clientes podem reservar hor\u00e1rios para polimento ou pequenos reparos por manuseio incorreto - taxas se aplicam e somente para clientes de Yi Pin Qian em Cingapura*<\/p>\n<p><\/p>\n<p><strong>**Tipos de Certificados**<\/strong><\/p>\n<p><\/p>\n<p><strong>NGI (Nan Yang Gemol\u00f3gico)<\/strong><\/p>\n<p>ou <strong>Certificados no exterior <\/strong>(Yi Pin Qian usa apenas certificados aut\u00eanticos de laborat\u00f3rios estrangeiros e tamb\u00e9m controla a qualidade de cada um dos nossos produtos antes de coloc\u00e1-los \u00e0 venda em Cingapura)<\/p>\n<p><\/p>\n<p>Cada produto no TikTok ter\u00e1 o tipo de certificado fornecido indicado na descri\u00e7\u00e3o. Para qualquer cliente que deseje enviar seu pedido para a NGI Singapore, haver\u00e1 um tempo de espera para entrega do pedido estimado em torno de 4 semanas para receber seu pedido. <strong>As solicita\u00e7\u00f5es de relat\u00f3rios de pedras preciosas da NGI precisam ser feitas por mensagem.<\/strong> Obrigado, <strong><u>taxas extras se aplicam<\/u><\/strong>.<\/p>\n<p><\/p>\n<p><strong>A jade\u00edta natural n\u00e3o \u00e9 perfeita, apenas um lembrete gentil, nossa jade\u00edta natural, como todas as coisas bonitas da natureza, vem com suas caracter\u00edsticas e varia\u00e7\u00f5es \u00fanicas. Convidamos nossos valiosos clientes a abra\u00e7ar essas varia\u00e7\u00f5es naturais. Boas compras!<\/strong><\/p>\n<p><\/p>\n<p><strong><u>Nenhuma das fotos e filmagens de v\u00eddeo foram filtradas. Incentivamos nossos clientes a tamb\u00e9m assistirem aos v\u00eddeos que os acompanham para uma vis\u00e3o mais abrangente de nossos produtos<\/u><\/strong><\/p>\n<p><\/p>\n<ul>\n<li>Diferentes plataformas s\u00f3 podem visualizar v\u00eddeos por meio do Desktop<\/li>\n<\/ul>","protected":false},"excerpt":{"rendered":"<p>This pendant features a stunning design crafted on light green natural Type A jadeite jade. Certificate numbers: GD2202H004475 Unique Design: The pendant is intricately crafted with sceneries, making it a unique and eye-catching piece. High Quality: Made with natural Type A jadeite jade, ensuring quality and authenticity. Certificate Weight: Weighing 63.08 grams, the pendant is [&hellip;]<\/p>","protected":false},"featured_media":13800,"comment_status":"open","ping_status":"closed","template":"","meta":[],"product_brand":[],"product_cat":[195],"product_tag":[65,55,82,58,60,61,62],"class_list":{"0":"post-13732","1":"product","2":"type-product","3":"status-publish","4":"has-post-thumbnail","6":"product_cat-heirloom-grade","7":"product_tag-high-quality","8":"product_tag-jadeite","9":"product_tag-light-green","10":"product_tag-new-arrivals","11":"product_tag-type-a-jadeite","12":"product_tag-unisex","13":"product_tag-yi-pin-qian-exclusive","15":"first","16":"instock","17":"sale","18":"shipping-taxable","19":"purchasable","20":"product-type-simple"},"_links":{"self":[{"href":"https:\/\/shop.yipinqian.com\/pt\/wp-json\/wp\/v2\/product\/13732","targetHints":{"allow":["GET"]}}],"collection":[{"href":"https:\/\/shop.yipinqian.com\/pt\/wp-json\/wp\/v2\/product"}],"about":[{"href":"https:\/\/shop.yipinqian.com\/pt\/wp-json\/wp\/v2\/types\/product"}],"replies":[{"embeddable":true,"href":"https:\/\/shop.yipinqian.com\/pt\/wp-json\/wp\/v2\/comments?post=13732"}],"version-history":[{"count":0,"href":"https:\/\/shop.yipinqian.com\/pt\/wp-json\/wp\/v2\/product\/13732\/revisions"}],"wp:featuredmedia":[{"embeddable":true,"href":"https:\/\/shop.yipinqian.com\/pt\/wp-json\/wp\/v2\/media\/13800"}],"wp:attachment":[{"href":"https:\/\/shop.yipinqian.com\/pt\/wp-json\/wp\/v2\/media?parent=13732"}],"wp:term":[{"taxonomy":"product_brand","embeddable":true,"href":"https:\/\/shop.yipinqian.com\/pt\/wp-json\/wp\/v2\/product_brand?post=13732"},{"taxonomy":"product_cat","embeddable":true,"href":"https:\/\/shop.yipinqian.com\/pt\/wp-json\/wp\/v2\/product_cat?post=13732"},{"taxonomy":"product_tag","embeddable":true,"href":"https:\/\/shop.yipinqian.com\/pt\/wp-json\/wp\/v2\/product_tag?post=13732"}],"curies":[{"name":"wp","href":"https:\/\/api.w.org\/{rel}","templated":true}]}}